{"id":246,"date":"2022-10-22T21:27:46","date_gmt":"2022-10-22T19:27:46","guid":{"rendered":"https:\/\/people.unil.ch\/ingeborgschuessler\/?page_id=246"},"modified":"2022-11-14T18:56:33","modified_gmt":"2022-11-14T17:56:33","slug":"etudes","status":"publish","type":"page","link":"https:\/\/people.unil.ch\/ingeborgschuessler\/etudes\/","title":{"rendered":"Etudes"},"content":{"rendered":"\n<div class=\"wp-block-media-text alignwide is-stacked-on-mobile is-vertically-aligned-top\" style=\"grid-template-columns:30% auto\" id=\"Dasein-und-sein\"><figure class=\"wp-block-media-text__media\"><img alt=\"\" decoding=\"async\" src=\"https:\/\/people.unil.ch\/ingeborgschuessler\/files\/2022\/11\/ATH5839-1024x968.jpg\" alt=\"\" class=\"wp-image-513 size-full\" \/><\/figure><div class=\"wp-block-media-text__content\">\n<p><strong>1. Dasein und Sein bei Martin Heidegger : Zur Frage der Daseinsstrukturen nach der Kehre.<\/strong><br>a)\u00a0Dans\u00a0:\u00a0<em><strong>Daseinsanalyse<\/strong> (Ph\u00e4nomenologische Anthropologie und Psychotherapie).<\/em> R\u00e9daction\u00a0: C. Condrau, A. Hicklin. Verlag : S. KARGER AG. Basel (Suisse)\/New York (USA). 1989 (6\/4). pp. 278-313.<br>b) En langue italienne dans : <em>Heidegger e la Teologia<\/em>. A cura di Hugo Ott e Giorgio Penzo. Morcelliana. Brescia 1995. p.207-247.<br>c) En langue tch\u00e8que dans : <em>Reflexe-Filosoficky casopis<\/em>. Praha, ISE Oik\u00famen\u00e9. Traduit par Oldrich C\u00e1lek et Ivan Chvat\u00edk. Paru en deux parties : 1) c. 14, 1955, p. 1-14; 2) c 15, 1996, p. 1-23.<\/p>\n<\/div><\/div>\n\n\n\n<hr class=\"wp-block-separator has-alpha-channel-opacity\" \/>\n\n\n\n<div class=\"wp-block-media-text alignwide is-stacked-on-mobile is-vertically-aligned-top\" style=\"grid-template-columns:30% auto\" id=\"ethik-aristoteles\"><figure class=\"wp-block-media-text__media\"><img alt=\"\" decoding=\"async\" src=\"https:\/\/people.unil.ch\/ingeborgschuessler\/files\/2022\/11\/ATH5846-1024x858.jpg\" alt=\"\" class=\"wp-image-514 size-full\" \/><\/figure><div class=\"wp-block-media-text__content\">\n<p><strong>2.<strong> Die Frage der <strong>\u03b5\u1f50\u03b4\u03b1\u03b9\u03bc\u03bf\u03bd\u03af\u03b1<\/strong> in der <em>Nikomachischen Ethik<\/em> des Aristoteles.<\/strong><br><\/strong>a) Dans : <strong><em><strong>Perspektiven der Philosophie<\/strong><\/em>. <\/strong><em>Neues Jahrbuch<\/em>, hrsg. von R. Berlinger, E. Fink, T.\u00a0Imamichi, W. Schrader. Rodopi, Amsterdam.<br>1. Teil <em>: Neues Jahrbuch<\/em> Band 19. 1993, p. 257-296.<br>2. Teil : <em>Neues Jahrbuch<\/em> Band 20. 1994, p. 155-178.<br>b) En traduction fran\u00e7aise : La question de l\u2019\u03b5\u1f50\u03b4\u03b1\u03b9\u03bc\u03bf\u03bd\u03af\u03b1 dans l\u2019<em>\u00c9thique \u00e0 Nicomaque<\/em> d\u2019Aristote. Dans : <em>\u00c9tudes ph\u00e9nom\u00e9nologiques<\/em>. Aristote. \u00c9d. par P. Destr\u00e9e. OUSIA. Tome VIII. N\u00b0 16-17. Bruxelles\/Belgique 1992 \/ 93.<br><em>Premi\u00e8re partie<\/em> : N\u00b0 16. 1992, p. 79-102.<br><em>Seconde partie<\/em> : N\u00b0 17. 1993, p. 3-26.<\/p>\n<\/div><\/div>\n\n\n\n<hr class=\"wp-block-separator has-alpha-channel-opacity\" \/>\n\n\n\n<div class=\"wp-block-media-text alignwide is-stacked-on-mobile is-vertically-aligned-top\" style=\"grid-template-columns:30% auto\" id=\"archives-de-philo\"><figure class=\"wp-block-media-text__media\"><img alt=\"\" decoding=\"async\" src=\"https:\/\/people.unil.ch\/ingeborgschuessler\/files\/2022\/11\/ATH5849-1024x861.jpg\" alt=\"\" class=\"wp-image-515 size-full\" \/><\/figure><div class=\"wp-block-media-text__content\">\n<p><strong>3. Critique et refondation de la m\u00e9taphysique. Les \u00ab\u00a0progr\u00e8s de la m\u00e9taphysique\u00a0\u00bb chez Kant et la critique du syst\u00e8me leibniziano-wolffien<\/strong><br>Dans : <em><strong>Archives de philosophie<\/strong>, <\/em>r\u00e9dacteur\u00a0:\u00a0Guy Petitdemange. Revue \u00e9dit\u00e9e par le Centre S\u00e8vres, Facult\u00e9s j\u00e9suites de Paris, Tome 69 \u2013 Cahier 4, hiver 2006, p. 567-599.<\/p>\n<\/div><\/div>\n\n\n\n<hr class=\"wp-block-separator has-alpha-channel-opacity\" \/>\n\n\n\n<div class=\"wp-block-media-text alignwide is-stacked-on-mobile is-vertically-aligned-top\" style=\"grid-template-columns:30% auto\" id=\"dernier-dieu\"><figure class=\"wp-block-media-text__media\"><img alt=\"\" decoding=\"async\" src=\"https:\/\/people.unil.ch\/ingeborgschuessler\/files\/2022\/11\/ATH5854-1024x957.jpg\" alt=\"\" class=\"wp-image-516 size-full\" \/><\/figure><div class=\"wp-block-media-text__content\">\n<p><strong>4. \u00ab\u00a0Le dernier dieu\u00a0\u00bb et le d\u00e9laissement de l\u2019\u00eatre dans les <em>Apports \u00e0 la philosophie<\/em> de M. Heidegger<\/strong><br><em>Premi\u00e8re partie<\/em>\u00a0: <em><strong>Heidegger Studies<\/strong><\/em>, Duncker &amp; Humblot, Berlin, n\u00b0 25, 2009, p. 49-78.<br><em>Seconde partie\u00a0<\/em>: <em>Heidegger Studies<\/em>, Berlin, Duncker &amp; Humblot, n\u00b0 26, 2010, p. 125-164.<\/p>\n<\/div><\/div>\n","protected":false},"excerpt":{"rendered":"<p>1. Dasein und Sein bei Martin Heidegger : Zur Frage der Daseinsstrukturen nach der Kehre.a)\u00a0Dans\u00a0:\u00a0Daseinsanalyse (Ph\u00e4nomenologische Anthropologie und Psychotherapie). R\u00e9daction\u00a0: C. Condrau, A. Hicklin. Verlag : S. KARGER AG. Basel &hellip; <\/p>\n","protected":false},"author":1001081,"featured_media":0,"parent":0,"menu_order":0,"comment_status":"closed","ping_status":"closed","template":"","meta":{"_seopress_robots_primary_cat":"","_seopress_titles_title":"","_seopress_titles_desc":"","_seopress_robots_index":"","footnotes":""},"class_list":["post-246","page","type-page","status-publish"],"_links":{"self":[{"href":"https:\/\/people.unil.ch\/ingeborgschuessler\/wp-json\/wp\/v2\/pages\/246","targetHints":{"allow":["GET"]}}],"collection":[{"href":"https:\/\/people.unil.ch\/ingeborgschuessler\/wp-json\/wp\/v2\/pages"}],"about":[{"href":"https:\/\/people.unil.ch\/ingeborgschuessler\/wp-json\/wp\/v2\/types\/page"}],"author":[{"embeddable":true,"href":"https:\/\/people.unil.ch\/ingeborgschuessler\/wp-json\/wp\/v2\/users\/1001081"}],"replies":[{"embeddable":true,"href":"https:\/\/people.unil.ch\/ingeborgschuessler\/wp-json\/wp\/v2\/comments?post=246"}],"version-history":[{"count":0,"href":"https:\/\/people.unil.ch\/ingeborgschuessler\/wp-json\/wp\/v2\/pages\/246\/revisions"}],"wp:attachment":[{"href":"https:\/\/people.unil.ch\/ingeborgschuessler\/wp-json\/wp\/v2\/media?parent=246"}],"curies":[{"name":"wp","href":"https:\/\/api.w.org\/{rel}","templated":true}]}}