{"id":251,"date":"2022-10-23T08:57:50","date_gmt":"2022-10-23T06:57:50","guid":{"rendered":"https:\/\/people.unil.ch\/ingeborgschuessler\/?page_id=251"},"modified":"2022-11-13T09:38:07","modified_gmt":"2022-11-13T08:38:07","slug":"presentation","status":"publish","type":"page","link":"https:\/\/people.unil.ch\/ingeborgschuessler\/","title":{"rendered":"Pr\u00e9sentation"},"content":{"rendered":"\n<div class=\"wp-block-buttons is-content-justification-center is-layout-flex wp-container-core-buttons-is-layout-16018d1d wp-block-buttons-is-layout-flex\">\n<div class=\"wp-block-button is-style-outline is-style-outline--1\"><a class=\"wp-block-button__link wp-element-button\" href=\"https:\/\/people.unil.ch\/ingeborgschuessler\/presentation-new\/curriculum\/\">Curriculum<\/a><\/div>\n\n\n\n<div class=\"wp-block-button is-style-outline is-style-outline--2\"><a class=\"wp-block-button__link wp-element-button\" href=\"https:\/\/people.unil.ch\/ingeborgschuessler\/publication\/\">Publications<\/a><\/div>\n\n\n\n<div class=\"wp-block-button is-style-outline is-style-outline--3\"><a class=\"wp-block-button__link wp-element-button\" href=\"https:\/\/people.unil.ch\/ingeborgschuessler\/enseignements\/\">Enseignements<\/a><\/div>\n<\/div>\n\n\n\n<div style=\"height:50px\" aria-hidden=\"true\" class=\"wp-block-spacer\"><\/div>\n\n\n\n<div class=\"wp-block-media-text alignwide is-stacked-on-mobile is-vertically-aligned-top is-image-fill\" style=\"grid-template-columns:44% auto\"><figure class=\"wp-block-media-text__media\" style=\"background-image:url(https:\/\/people.unil.ch\/ingeborgschuessler\/files\/2022\/11\/DSC06124-2R-576x1024.jpg);background-position:50% 50%\"><img alt=\"\" loading=\"lazy\" decoding=\"async\" width=\"576\" height=\"1024\" src=\"https:\/\/people.unil.ch\/ingeborgschuessler\/files\/2022\/11\/DSC06124-2R-576x1024.jpg\" alt=\"\" class=\"wp-image-565 size-full\" srcset=\"https:\/\/people.unil.ch\/ingeborgschuessler\/files\/2022\/11\/DSC06124-2R-576x1024.jpg 576w, https:\/\/people.unil.ch\/ingeborgschuessler\/files\/2022\/11\/DSC06124-2R-169x300.jpg 169w, https:\/\/people.unil.ch\/ingeborgschuessler\/files\/2022\/11\/DSC06124-2R.jpg 675w\" sizes=\"auto, (max-width: 576px) 100vw, 576px\" \/><\/figure><div class=\"wp-block-media-text__content\">\n<p>N\u00e9e en 1938 \u00e0 Cologne, de nationalit\u00e9 suisse et allemande, Ingeborg Sch\u00fc\u00dfler passe son enfance dans l\u2019Allemagne en guer\u00adre et en reconstruction. Elle \u00e9tudie de 1959-1964 la romanistique, la germanistique et la philosophie \u00e0 l\u2019universit\u00e9 de Cologne et \u00e0 la Sorbonne \/ Paris. Obtenant en 1961 le \u00ab&nbsp;Dipl\u00f4me d\u2019\u00e9tudes fran\u00e7aises (2<sup>e<\/sup>&nbsp;degr\u00e9) \u00bb \u00e0 la Sorbonne, elle passe en 1964\/5 sa licence (<em>Staatsexamen<\/em>) en romanistique, germanistique et philosophie \u00e0 l\u2019universit\u00e9 de sa ville natale, y fait en 1969 son doctorat en philosophie et obtient en 1978 son habilitation (<em>venia legendi<\/em>) pour l\u2019int\u00e9gralit\u00e9 de cette discipline. D\u2019abord en 1964\/5 assistante dipl\u00f4m\u00e9e au d\u00e9partement de romanistique, puis depuis 1965 boursi\u00e8re, assistante dipl\u00f4m\u00e9e, \u00ab&nbsp;ma\u00eetre-assistante \u00bb, privat-docente et professeure au d\u00e9partement de philosophie, elle y enseigne de 1968 \u00e0 1981 la philosophie. Selon une tradition importante du d\u00e9partement de philosophie ainsi que des&nbsp;<em>Archives Husserl<\/em>&nbsp;(qui lui sont associ\u00e9es) de l\u2019Universit\u00e9 de Cologne, elle privil\u00e9gie dans son enseignement et dans sa recherche la philosophie gr\u00e9co-ancienne, moderne et contemporaine en l\u2019inscrivant dans l\u2019horizon de la ph\u00e9nom\u00e9nologie.<\/p>\n\n\n\n<p><\/p>\n<\/div><\/div>\n\n\n\n<div style=\"height:50px\" aria-hidden=\"true\" class=\"wp-block-spacer\"><\/div>\n\n\n\n<div class=\"wp-block-columns is-layout-flex wp-container-core-columns-is-layout-9d6595d7 wp-block-columns-is-layout-flex\">\n<div class=\"wp-block-column is-layout-flow wp-block-column-is-layout-flow\" style=\"flex-basis:100%\">\n<p>En 1981, elle devient professeure ordinaire \u00e0 l\u2019Universit\u00e9 de Lausanne o\u00f9 elle occupe la chaire intitul\u00e9e \u00abPhilosophie contemporaine et moderne. G\u00e9n\u00e9alogie de la pens\u00e9e occidentale\u00bb. Pendant sa carri\u00e8re lausannoise, elle est professeure invit\u00e9e \u00e0 plusieurs universit\u00e9s suisses et \u00e9trang\u00e8res, dirige des 3<sup>e<\/sup>&nbsp;cycles suisses romands et des colloques internationaux en philosophie, est coordinatrice des programmes Erasme \u00abPh\u00e9nom\u00e9nologie et herm\u00e9neutique\u00bb et \u00abPhilosophie g\u00e9n\u00e9rale\u00bb, collabore \u00e0 l\u2019\u00e9dition int\u00e9grale des \u0153uvres de M. Heidegger, est vice-pr\u00e9sidente de la&nbsp;<em>Soci\u00e9t\u00e9 d\u2019\u00e9tudes kantiennes de langue fran\u00e7aise<\/em>&nbsp;et cultive, en tant que pr\u00e9sidente du&nbsp;<em>groupe vaudois de la Soci\u00e9t\u00e9 romande de philosophie<\/em>, le rapport entre l\u2019universit\u00e9 et la ville de Lausanne. En 2004, elle obtient la m\u00e9daille d\u2019honneur de l\u2019Universit\u00e9 d\u2019Evora (Portugal). Dans cette m\u00eame ann\u00e9e, elle prend sa retraite pour poursuivre ses activit\u00e9s de recherche, de publication ainsi et de conf\u00e9renci\u00e8re en Suisse et \u00e0 l\u2019\u00e9tranger.<\/p>\n<\/div>\n<\/div>\n\n\n\n<p>Ses domaines historiques sont avant tout la philosophie gr\u00e9co-ancienne, l\u2019id\u00e9alisme critico-transcendantale et l\u2019id\u00e9alisme absolu, la phi\u00adlosophie \u00abpostid\u00e9aliste\u00bb, la philosophie de l\u2019existence et la ph\u00e9nom\u00e9nologie. Ses domaines syst\u00e9matiques sont surtout le rapport entre philosophie et science, la philosophie de l\u2019art, la question de la v\u00e9rit\u00e9 dans l\u2019histoire de la philosophie, la philosophie du langage et r\u00e9cemment la philosophie du vivant. Elle pratique une herm\u00e9neutique ph\u00e9nom\u00e9nologico-g\u00e9n\u00e9alogique des questions et positions philosophiques.<\/p>\n","protected":false},"excerpt":{"rendered":"<p>N\u00e9e en 1938 \u00e0 Cologne, de nationalit\u00e9 suisse et allemande, Ingeborg Sch\u00fc\u00dfler passe son enfance dans l\u2019Allemagne en guer\u00adre et en reconstruction. Elle \u00e9tudie de 1959-1964 la romanistique, la germanistique &hellip; <\/p>\n","protected":false},"author":1001081,"featured_media":0,"parent":0,"menu_order":0,"comment_status":"closed","ping_status":"closed","template":"","meta":{"_seopress_robots_primary_cat":"","_seopress_titles_title":"","_seopress_titles_desc":"","_seopress_robots_index":"","footnotes":""},"class_list":["post-251","page","type-page","status-publish"],"_links":{"self":[{"href":"https:\/\/people.unil.ch\/ingeborgschuessler\/wp-json\/wp\/v2\/pages\/251","targetHints":{"allow":["GET"]}}],"collection":[{"href":"https:\/\/people.unil.ch\/ingeborgschuessler\/wp-json\/wp\/v2\/pages"}],"about":[{"href":"https:\/\/people.unil.ch\/ingeborgschuessler\/wp-json\/wp\/v2\/types\/page"}],"author":[{"embeddable":true,"href":"https:\/\/people.unil.ch\/ingeborgschuessler\/wp-json\/wp\/v2\/users\/1001081"}],"replies":[{"embeddable":true,"href":"https:\/\/people.unil.ch\/ingeborgschuessler\/wp-json\/wp\/v2\/comments?post=251"}],"version-history":[{"count":0,"href":"https:\/\/people.unil.ch\/ingeborgschuessler\/wp-json\/wp\/v2\/pages\/251\/revisions"}],"wp:attachment":[{"href":"https:\/\/people.unil.ch\/ingeborgschuessler\/wp-json\/wp\/v2\/media?parent=251"}],"curies":[{"name":"wp","href":"https:\/\/api.w.org\/{rel}","templated":true}]}}