{"id":291,"date":"2022-10-23T12:10:30","date_gmt":"2022-10-23T10:10:30","guid":{"rendered":"https:\/\/people.unil.ch\/ingeborgschuessler\/?page_id=291"},"modified":"2022-11-14T20:16:28","modified_gmt":"2022-11-14T19:16:28","slug":"articles-de-journaux-necrologies","status":"publish","type":"page","link":"https:\/\/people.unil.ch\/ingeborgschuessler\/publications\/articles-de-journaux-necrologies\/","title":{"rendered":"Articles de journaux, n\u00e9crologies&#8230;"},"content":{"rendered":"\n<ol class=\"wp-block-list\">\n<li><strong>Der Denkweg Nietzsches.<br><\/strong>Karl-Heinz Volkmann-Schluck : <em>Die Philosophie Nietzsches. Der Untergang der abendl\u00e4ndischen Metaphysik.<\/em> W\u00fcrzburg 1991.<br>Dans&nbsp;: <em>Neue Z\u00fcricher Zeitung<\/em>. 11 August 1991, p.17, 2 halbe Spalten.<\/li>\n<\/ol>\n\n\n\n<ol class=\"wp-block-list\" start=\"2\">\n<li><strong>Warum eine Geschichte der Philosophie?<\/strong><br>Die Vorlesungen von Karl-Heinz Volkmann-Schluck.<br>Dans\u00a0: <em>Neue Z\u00fcricher Zeitung. <\/em>17. Mai 1995, p. 77, 1 1\/2 Spalten.<\/li>\n<\/ol>\n\n\n\n<ol class=\"wp-block-list\" start=\"3\">\n<li><strong>\u2020 Daniel Christoff (1912-2003).<\/strong><br>Dans&nbsp;: <em>Revue de th\u00e9ologie et de philosophie<\/em>, Gen\u00e8ve \u2013&nbsp; Lausanne \u2013 Neuch\u00e2tel, 2004\/I, vol. 136, p. 83-84.<\/li>\n<\/ol>\n\n\n\n<ol class=\"wp-block-list\" start=\"4\">\n<li>&nbsp;<strong>In memoriam Franco Volpi (1952-2009).<\/strong><br>Dans&nbsp;: <em>Heideggers <\/em>Beitr\u00e4ge zur Philosophie. Internationales Kolloquium vom 20.-22. Mai 2004 an der Universit\u00e4t Lausanne, hrsg. von E. Mejia und I. Sch\u00fc\u00dfler. V. Klostermann, Frankfurt a. M. 2009,&nbsp; p. 499-500.<\/li>\n<\/ol>\n","protected":false},"excerpt":{"rendered":"","protected":false},"author":1001081,"featured_media":0,"parent":308,"menu_order":0,"comment_status":"closed","ping_status":"closed","template":"","meta":{"_seopress_robots_primary_cat":"","_seopress_titles_title":"","_seopress_titles_desc":"","_seopress_robots_index":"","footnotes":""},"class_list":["post-291","page","type-page","status-publish"],"_links":{"self":[{"href":"https:\/\/people.unil.ch\/ingeborgschuessler\/wp-json\/wp\/v2\/pages\/291","targetHints":{"allow":["GET"]}}],"collection":[{"href":"https:\/\/people.unil.ch\/ingeborgschuessler\/wp-json\/wp\/v2\/pages"}],"about":[{"href":"https:\/\/people.unil.ch\/ingeborgschuessler\/wp-json\/wp\/v2\/types\/page"}],"author":[{"embeddable":true,"href":"https:\/\/people.unil.ch\/ingeborgschuessler\/wp-json\/wp\/v2\/users\/1001081"}],"replies":[{"embeddable":true,"href":"https:\/\/people.unil.ch\/ingeborgschuessler\/wp-json\/wp\/v2\/comments?post=291"}],"version-history":[{"count":0,"href":"https:\/\/people.unil.ch\/ingeborgschuessler\/wp-json\/wp\/v2\/pages\/291\/revisions"}],"up":[{"embeddable":true,"href":"https:\/\/people.unil.ch\/ingeborgschuessler\/wp-json\/wp\/v2\/pages\/308"}],"wp:attachment":[{"href":"https:\/\/people.unil.ch\/ingeborgschuessler\/wp-json\/wp\/v2\/media?parent=291"}],"curies":[{"name":"wp","href":"https:\/\/api.w.org\/{rel}","templated":true}]}}