{"id":295,"date":"2022-10-23T12:15:12","date_gmt":"2022-10-23T10:15:12","guid":{"rendered":"https:\/\/people.unil.ch\/ingeborgschuessler\/?page_id=295"},"modified":"2025-08-20T16:46:03","modified_gmt":"2025-08-20T14:46:03","slug":"sous-presse-et-pret-pour-la-publication","status":"publish","type":"page","link":"https:\/\/people.unil.ch\/ingeborgschuessler\/publications\/sous-presse-et-pret-pour-la-publication\/","title":{"rendered":"Sous presse et pr\u00eat pour la publication"},"content":{"rendered":"\n<h2 class=\"wp-block-heading\">Sous presse<\/h2>\n\n\n\n<p>Aucun \u00e9crit actuellement sous presse.<\/p>\n\n\n\n<h2 class=\"wp-block-heading\">Pr\u00eat pour la publication<\/h2>\n\n\n\n<h4 class=\"wp-block-heading\">Livre<\/h4>\n\n\n\n<ol start=\"1\" class=\"wp-block-list\">\n<li><strong><strong>La place de l&rsquo;\u00ab \u00e9l\u00e9ment juda\u00efque \u00bb dans la pens\u00e9e ontologico-destinale de M. Heidegger.<\/strong><br><\/strong>130 pages dactylographi\u00e9es.<\/li>\n<\/ol>\n\n\n\n<h4 class=\"wp-block-heading\">Articles<\/h4>\n\n\n\n<ol style=\"list-style-type:1\" class=\"wp-block-list\">\n<li><strong>Kausalit\u00e4t und Temporalit\u00e4t in Kants <em>Kritik der reinen Vernunft.<\/em><br><\/strong>(Deutsche Urfassung des auf franz\u00f6sisch ver\u00f6ffentlichten Artikels. Cf. la <a href=\"https:\/\/people.unil.ch\/ingeborgschuessler\/publications\/\" data-type=\"page\" data-id=\"308\">liste des publications, article<\/a> n\u00b0 8).<\/li>\n<\/ol>\n\n\n\n<ol start=\"2\" class=\"wp-block-list\">\n<li><strong>Die Vernunft in der Philosophie (Nietzsche , \u00ab G\u00f6tzend\u00e4mmerung \u00bb)<br><\/strong>(Deutsche Urfassung des Artikels \u00ab La raison dans la philosophie, Nietzsche &lt; Cr\u00e9puscule des idoles &gt; <strong>\u00bb<\/strong>. <em>Cf.<\/em> la <a href=\"https:\/\/people.unil.ch\/ingeborgschuessler\/publications\/articles\/\" data-type=\"link\" data-id=\"https:\/\/people.unil.ch\/ingeborgschuessler\/publications\/articles\/\">liste des publication, article<\/a> n\u00b0 11).<\/li>\n<\/ol>\n\n\n\n<ol start=\"3\" class=\"wp-block-list\">\n<li><strong>La motivaci\u00f3n de la filosof\u00eda. Asombro \u2014 duda \u2014 angustia.<\/strong><br>Traduction espagnole de l&rsquo;article r\u00e9dig\u00e9 en fran\u00e7ais et publi\u00e9, <em>cf<\/em>. la <a href=\"https:\/\/people.unil.ch\/ingeborgschuessler\/publications\/articles\/\" data-type=\"link\" data-id=\"https:\/\/people.unil.ch\/ingeborgschuessler\/publications\/articles\/\">liste des publications, article<\/a> n\u00b0 16.<br>Conf\u00e9rence donn\u00e9e en langue espagnole dans le cadre de \u00ab\u00a0Las pasiones en un mundo fr\u00edo\u00a0\u00bb, cycle des conf\u00e9rences, Universidad aut\u00f3noma de Madrid, 70.10.03.1994, sous la direction de F. Duque. Texte envoy\u00e9 \u00e0 <em>Contextos<\/em>.<\/li>\n<\/ol>\n\n\n\n<ol start=\"4\" class=\"wp-block-list\">\n<li><strong>Norm und Wahnsinn in der Geschichte der europ\u00e4ischen Philosophie. Plato \u2013 Descartes \u2013Nietzsche.<\/strong><br>Deutsche \u00dcbersetzung des auf franz\u00f6sisch ver\u00f6ffentlichten Artikels, <em>cf.<\/em> la <a href=\"https:\/\/people.unil.ch\/ingeborgschuessler\/publications\/articles\/\" data-type=\"link\" data-id=\"https:\/\/people.unil.ch\/ingeborgschuessler\/publications\/articles\/\">liste des publications, article <\/a>n\u00b0\u00a031.<\/li>\n<\/ol>\n\n\n\n<ol start=\"5\" class=\"wp-block-list\">\n<li><strong>El mal en Kant y Schelling.<\/strong><br>Traduction espagnole de l\u2019article <strong>\u00ab<\/strong> Le mal chez Kant et Schelling<strong> \u00bb<\/strong>, <em>cf. <\/em>la <a href=\"https:\/\/people.unil.ch\/ingeborgschuessler\/publications\/articles\/\" data-type=\"link\" data-id=\"https:\/\/people.unil.ch\/ingeborgschuessler\/publications\/articles\/\">liste des publications, article<\/a> n\u00b0 42.<\/li>\n<\/ol>\n\n\n\n<ol start=\"6\" style=\"list-style-type:1\" class=\"wp-block-list\">\n<li><strong>&nbsp;Heideggers Grundfrage und das \u00ab&nbsp;Sein zum Tode&nbsp;\u00bb.<\/strong><br>Bemerkungen zu Guntram von Schencks Ausf\u00fchrungen zu Heidegger. 7 pages dactylographi\u00e9es.<\/li>\n<\/ol>\n\n\n\n<ol start=\"7\" class=\"wp-block-list\">\n<li><strong>In memoriam Joachim Kopper (1925-2013). Das internationale Wirken von Person und Werk<\/strong><br>(Ansprache im Rahmen der Trauerfeier f\u00fcr Prof. Dr. Dr. h.c. Joachim Kopper am 22.11.2013 an der Johannes Gutenberg-Universit\u00e4t Mainz).&nbsp;4 pages dactylographi\u00e9es.<\/li>\n<\/ol>\n\n\n\n<ol start=\"10\" class=\"wp-block-list\">\n<li><strong>La question de la trinit\u00e9 \u00e0 l\u2019\u00e9poque actuelle.<br><\/strong>Version fran\u00e7aise de l&rsquo;\u00e9tude\u00a0: \u00ab\u00a0Zur Frage der Trinit\u00e4t im gegenw\u00e4rtigen Zeitalter.\u00a0\u00dcberlegungen im Ausgang von Martin\u00a0Heidegger\u00a0\u00bb <em>(cf. <\/em><a href=\"https:\/\/people.unil.ch\/ingeborgschuessler\/publications\/articles\/\" data-type=\"page\" data-id=\"308\">liste des publications, article<\/a><em> <\/em>n\u00b0 99). Environ 35 pages dactylographi\u00e9es.<\/li>\n<\/ol>\n\n\n\n<h4 class=\"wp-block-heading\">Traductions<\/h4>\n\n\n\n<ol style=\"list-style-type:1\" class=\"wp-block-list\">\n<li><strong>Wolfgang Janke, <em>La question de l\u2019\u00eatre dans un monde pr\u00e9cis.<\/em><br><\/strong><em>(\u00c0 propos d\u2019une philosophie apr\u00e8s Comte, Nietzsche, H\u00f6lderlin).<\/em><br>Traduit de l\u2019allemand par Ingeborg Sch\u00fcssler et Fran\u00e7ois Menoud.<br>Conf\u00e9rence donn\u00e9e par Wolfgang Janke le 14 juin 1989 \u00e0 l\u2019Universit\u00e9 de Lausanne.<br>(Unver\u00f6ffentlicht).<\/li>\n<\/ol>\n\n\n\n<ol start=\"2\" class=\"wp-block-list\">\n<li><strong>Friedrich-Wilhelm von Herrmann\u00a0: Pas de pi\u00e8ce syst\u00e9matique de la pens\u00e9e \u2013 philosophiquement sans importance.<br><\/strong>Deutsche Presseagentur Berlin \/ Wissenschaftsabteilung. 07.07.2014 (Unver\u00f6ffentlicht).<\/li>\n<\/ol>\n","protected":false},"excerpt":{"rendered":"<p>Sous presse Aucun \u00e9crit actuellement sous presse. Pr\u00eat pour la publication Livre Articles Traductions<\/p>\n","protected":false},"author":1001081,"featured_media":0,"parent":308,"menu_order":0,"comment_status":"closed","ping_status":"closed","template":"","meta":{"_seopress_robots_primary_cat":"","_seopress_titles_title":"","_seopress_titles_desc":"","_seopress_robots_index":"","footnotes":""},"class_list":["post-295","page","type-page","status-publish"],"_links":{"self":[{"href":"https:\/\/people.unil.ch\/ingeborgschuessler\/wp-json\/wp\/v2\/pages\/295","targetHints":{"allow":["GET"]}}],"collection":[{"href":"https:\/\/people.unil.ch\/ingeborgschuessler\/wp-json\/wp\/v2\/pages"}],"about":[{"href":"https:\/\/people.unil.ch\/ingeborgschuessler\/wp-json\/wp\/v2\/types\/page"}],"author":[{"embeddable":true,"href":"https:\/\/people.unil.ch\/ingeborgschuessler\/wp-json\/wp\/v2\/users\/1001081"}],"replies":[{"embeddable":true,"href":"https:\/\/people.unil.ch\/ingeborgschuessler\/wp-json\/wp\/v2\/comments?post=295"}],"version-history":[{"count":4,"href":"https:\/\/people.unil.ch\/ingeborgschuessler\/wp-json\/wp\/v2\/pages\/295\/revisions"}],"predecessor-version":[{"id":1066,"href":"https:\/\/people.unil.ch\/ingeborgschuessler\/wp-json\/wp\/v2\/pages\/295\/revisions\/1066"}],"up":[{"embeddable":true,"href":"https:\/\/people.unil.ch\/ingeborgschuessler\/wp-json\/wp\/v2\/pages\/308"}],"wp:attachment":[{"href":"https:\/\/people.unil.ch\/ingeborgschuessler\/wp-json\/wp\/v2\/media?parent=295"}],"curies":[{"name":"wp","href":"https:\/\/api.w.org\/{rel}","templated":true}]}}