{"id":353,"date":"2022-10-30T14:49:15","date_gmt":"2022-10-30T13:49:15","guid":{"rendered":"https:\/\/people.unil.ch\/ingeborgschuessler\/?page_id=353"},"modified":"2022-11-14T19:50:46","modified_gmt":"2022-11-14T18:50:46","slug":"editions","status":"publish","type":"page","link":"https:\/\/people.unil.ch\/ingeborgschuessler\/publications\/editions\/","title":{"rendered":"Editions"},"content":{"rendered":"\n<div class=\"wp-block-buttons is-content-justification-center is-layout-flex wp-container-core-buttons-is-layout-16018d1d wp-block-buttons-is-layout-flex\">\n<div class=\"wp-block-button is-style-outline is-style-outline--1\"><a class=\"wp-block-button__link wp-element-button\" href=\"#R\u00e9f\u00e9rences-compl\u00e8tes\"> R\u00e9f\u00e9rences compl\u00e8tes<\/a><\/div>\n<\/div>\n\n\n\n<p id=\"haut-page\">Cliquer sur l&rsquo;image de l&rsquo;ouvrage pour voir sa r\u00e9f\u00e9rence compl\u00e8te.<\/p>\n\n\n\n<div class=\"wp-block-columns is-layout-flex wp-container-core-columns-is-layout-9d6595d7 wp-block-columns-is-layout-flex\">\n<div class=\"wp-block-column is-layout-flow wp-block-column-is-layout-flow\">\n<figure class=\"wp-block-image size-large\"><a href=\"#GA-19\"><img alt=\"\" loading=\"lazy\" decoding=\"async\" width=\"1024\" height=\"1024\" src=\"https:\/\/people.unil.ch\/ingeborgschuessler\/files\/2022\/10\/DSC06058-1024x1024.jpg\" alt=\"\" class=\"wp-image-173\" srcset=\"https:\/\/people.unil.ch\/ingeborgschuessler\/files\/2022\/10\/DSC06058-1024x1024.jpg 1024w, https:\/\/people.unil.ch\/ingeborgschuessler\/files\/2022\/10\/DSC06058-300x300.jpg 300w, https:\/\/people.unil.ch\/ingeborgschuessler\/files\/2022\/10\/DSC06058-150x150.jpg 150w, https:\/\/people.unil.ch\/ingeborgschuessler\/files\/2022\/10\/DSC06058-768x768.jpg 768w, https:\/\/people.unil.ch\/ingeborgschuessler\/files\/2022\/10\/DSC06058.jpg 1200w\" sizes=\"auto, (max-width: 1024px) 100vw, 1024px\" \/><\/a><\/figure>\n<\/div>\n\n\n\n<div class=\"wp-block-column is-layout-flow wp-block-column-is-layout-flow\">\n<figure class=\"wp-block-image size-large\"><a href=\"#GA-78\"><img alt=\"\" loading=\"lazy\" decoding=\"async\" width=\"1024\" height=\"1024\" src=\"https:\/\/people.unil.ch\/ingeborgschuessler\/files\/2022\/10\/DSC06057-1024x1024.jpg\" alt=\"\" class=\"wp-image-172\" srcset=\"https:\/\/people.unil.ch\/ingeborgschuessler\/files\/2022\/10\/DSC06057-1024x1024.jpg 1024w, https:\/\/people.unil.ch\/ingeborgschuessler\/files\/2022\/10\/DSC06057-300x300.jpg 300w, https:\/\/people.unil.ch\/ingeborgschuessler\/files\/2022\/10\/DSC06057-150x150.jpg 150w, https:\/\/people.unil.ch\/ingeborgschuessler\/files\/2022\/10\/DSC06057-768x768.jpg 768w, https:\/\/people.unil.ch\/ingeborgschuessler\/files\/2022\/10\/DSC06057.jpg 1200w\" sizes=\"auto, (max-width: 1024px) 100vw, 1024px\" \/><\/a><\/figure>\n<\/div>\n\n\n\n<div class=\"wp-block-column is-layout-flow wp-block-column-is-layout-flow\"><\/div>\n<\/div>\n\n\n\n<h3 class=\"wp-block-heading\" id=\"R\u00e9f\u00e9rences-compl\u00e8tes\">R\u00e9f\u00e9rences compl\u00e8tes<\/h3>\n\n\n\n<div class=\"wp-block-media-text alignwide is-stacked-on-mobile is-vertically-aligned-top\" style=\"grid-template-columns:30% auto\" id=\"GA-19\"><figure class=\"wp-block-media-text__media\"><img alt=\"\" loading=\"lazy\" decoding=\"async\" width=\"1024\" height=\"1024\" src=\"https:\/\/people.unil.ch\/ingeborgschuessler\/files\/2022\/10\/DSC06058-1024x1024.jpg\" alt=\"\" class=\"wp-image-173 size-full\" srcset=\"https:\/\/people.unil.ch\/ingeborgschuessler\/files\/2022\/10\/DSC06058-1024x1024.jpg 1024w, https:\/\/people.unil.ch\/ingeborgschuessler\/files\/2022\/10\/DSC06058-300x300.jpg 300w, https:\/\/people.unil.ch\/ingeborgschuessler\/files\/2022\/10\/DSC06058-150x150.jpg 150w, https:\/\/people.unil.ch\/ingeborgschuessler\/files\/2022\/10\/DSC06058-768x768.jpg 768w, https:\/\/people.unil.ch\/ingeborgschuessler\/files\/2022\/10\/DSC06058.jpg 1200w\" sizes=\"auto, (max-width: 1024px) 100vw, 1024px\" \/><\/figure><div class=\"wp-block-media-text__content\">\n<p><strong>1.<\/strong> <strong><em>Martin Heidegger Gesamtausgabe<\/em>. II. Abteilung : Vorlesungen 1923-1944. Band 19. <em>Platon :<\/em> <em>Sophistes<\/em> Marburger Vorlesung Wintersemester 1924\/5. <\/strong><br>Hrsg. von I. Sch\u00fcssler. V.\u00a0Klostermann, Frankfurt a. M. 1992, 668 pages.<br>Recensions :<br>a) Potthoff. Dans : <em>Deutsche Zeitschrift f\u00fcr Philosophie.<\/em> Akademie Verlag, Berlin 41 (1993) 2, p. 413-414.<br>b) J. Philip Miller (Upper Montclair, N.J.). Dans : <em>The Review of Metaphysics,<\/em> Washington D.C.<br>c) Anonymos. Dans : <em>Theologie und Philosophie<\/em>, Heft 3 \/ 1993. Philosophiegeschichte, p. 439-443.<br>d) W. Patt. Dans : <em>Philosophisches Jahrbuch im Auftrag der G\u00f6rresgesellschaft,<\/em> M\u00fcnchen. Band 101 \/ 1994. Buchbesprechnugen, p. 414\u2013417.<br>e) Anonymos. Dans : <em>Di\u00e1logo Filos\u00f3fico.<\/em> A\u00f1o 9. Septiembre\/diciembre. III\/93. p. 423.<br>f)\u00a0C. von Wolzogen : Platon in Marburg. Dans : <em>Neue Z\u00fcricher Zeitung<\/em>. 20.10.1994. p. 48. <br>g) G. Figal\u00a0: Sein und Zeit der alten Griechen. Martin Heideggers \u00ab\u00a0fragmentarische Grundbegriffe der antiken Philosophie\u00a0\u00bb. Dans : <em>Frankfurter Allgemeine Zeitung.<\/em> 27.01.1994.<br>h) J. Grondin\u00a0: <em>Archives de philosophie<\/em>. Centre S\u00e8vre, vol. 59, cahier 2, avril-juin 1989, p.\u00a0290-291.<br>i) Dans : <em>INFORMATION Philosophie.<\/em> Hrsg. von Claudia Moser, 1993, L\u00f6rrach (Allemagne), p. 76-78.<\/p>\n\n\n\n<div class=\"wp-block-buttons is-content-justification-right is-layout-flex wp-container-core-buttons-is-layout-765c4724 wp-block-buttons-is-layout-flex\">\n<div class=\"wp-block-button has-custom-font-size is-style-outline is-style-outline--2\" style=\"font-size:12px\"><a class=\"wp-block-button__link wp-element-button\" href=\"#haut-page\">Retour aux livres<\/a><\/div>\n<\/div>\n<\/div><\/div>\n\n\n<div class=\"wp-block-image\">\n<figure class=\"alignleft size-medium is-resized\"><img alt=\"\" loading=\"lazy\" decoding=\"async\" src=\"https:\/\/people.unil.ch\/ingeborgschuessler\/files\/2022\/10\/DSC06072-2-300x225.jpg\" alt=\"\" class=\"wp-image-181\" width=\"336\" height=\"252\" srcset=\"https:\/\/people.unil.ch\/ingeborgschuessler\/files\/2022\/10\/DSC06072-2-300x225.jpg 300w, https:\/\/people.unil.ch\/ingeborgschuessler\/files\/2022\/10\/DSC06072-2-1024x768.jpg 1024w, https:\/\/people.unil.ch\/ingeborgschuessler\/files\/2022\/10\/DSC06072-2-768x576.jpg 768w, https:\/\/people.unil.ch\/ingeborgschuessler\/files\/2022\/10\/DSC06072-2-1536x1152.jpg 1536w, https:\/\/people.unil.ch\/ingeborgschuessler\/files\/2022\/10\/DSC06072-2.jpg 1600w\" sizes=\"auto, (max-width: 336px) 100vw, 336px\" \/><figcaption class=\"wp-element-caption\">B. Heimb\u00fcchel et I. Sch\u00fc\u00dfler en discussion sur <em>Le Sophiste<\/em>. <br>2007 \u00e0 Eyrague, France<\/figcaption><\/figure>\n<\/div>\n\n\n<div style=\"height:1px\" aria-hidden=\"true\" class=\"wp-block-spacer\"><\/div>\n\n\n\n<hr class=\"wp-block-separator has-alpha-channel-opacity\" \/>\n\n\n\n<div class=\"wp-block-media-text alignwide is-stacked-on-mobile is-vertically-aligned-top\" style=\"grid-template-columns:30% auto\" id=\"GA-78\"><figure class=\"wp-block-media-text__media\"><img alt=\"\" loading=\"lazy\" decoding=\"async\" width=\"1024\" height=\"1024\" src=\"https:\/\/people.unil.ch\/ingeborgschuessler\/files\/2022\/10\/DSC06057-1024x1024.jpg\" alt=\"\" class=\"wp-image-172 size-full\" srcset=\"https:\/\/people.unil.ch\/ingeborgschuessler\/files\/2022\/10\/DSC06057-1024x1024.jpg 1024w, https:\/\/people.unil.ch\/ingeborgschuessler\/files\/2022\/10\/DSC06057-300x300.jpg 300w, https:\/\/people.unil.ch\/ingeborgschuessler\/files\/2022\/10\/DSC06057-150x150.jpg 150w, https:\/\/people.unil.ch\/ingeborgschuessler\/files\/2022\/10\/DSC06057-768x768.jpg 768w, https:\/\/people.unil.ch\/ingeborgschuessler\/files\/2022\/10\/DSC06057.jpg 1200w\" sizes=\"auto, (max-width: 1024px) 100vw, 1024px\" \/><\/figure><div class=\"wp-block-media-text__content\">\n<p><strong>2. <em>Martin Heidegger Gesamtausgabe.<\/em> III. Abteilung : Unver\u00f6ffentlichte Abhandlungen, Vortr\u00e4ge \u2013 Gedachtes. Band 78<em>. Der Spruch des Anaximander.<\/em> Manuskript einer nicht vorgetragenen Vorlesung, geschrieben vermutlich Sommer\u00a0\/\u00a0Herbst 1942.<\/strong><br>Hrsg. von Ingeborg\u00a0Sch\u00fc\u00dfler. V.\u00a0Klostermann, Frankfurt a. M. 2010, 351 pages.<br>Recensions\u00a0:<br>a) Anonymos, dans\u00a0: <em>Di\u00e1logo Filos\u00f3fico<\/em>, Colmenar Viejo, Espa\u00f1a, A\u00f1o 28, Mayo\/Agosto, II \/ 12, p. 156 <em>sq.<\/em><\/p>\n\n\n\n<div class=\"wp-block-buttons is-content-justification-right is-layout-flex wp-container-core-buttons-is-layout-765c4724 wp-block-buttons-is-layout-flex\">\n<div class=\"wp-block-button alignright has-custom-font-size is-style-outline is-style-outline--3\" style=\"font-size:12px\"><a class=\"wp-block-button__link wp-element-button\" href=\"#haut-page\">Retour aux livres<\/a><\/div>\n<\/div>\n<\/div><\/div>\n","protected":false},"excerpt":{"rendered":"<p>Cliquer sur l&rsquo;image de l&rsquo;ouvrage pour voir sa r\u00e9f\u00e9rence compl\u00e8te. R\u00e9f\u00e9rences compl\u00e8tes<\/p>\n","protected":false},"author":1001081,"featured_media":0,"parent":308,"menu_order":0,"comment_status":"closed","ping_status":"closed","template":"","meta":{"_seopress_robots_primary_cat":"","_seopress_titles_title":"","_seopress_titles_desc":"","_seopress_robots_index":"","footnotes":""},"class_list":["post-353","page","type-page","status-publish"],"_links":{"self":[{"href":"https:\/\/people.unil.ch\/ingeborgschuessler\/wp-json\/wp\/v2\/pages\/353","targetHints":{"allow":["GET"]}}],"collection":[{"href":"https:\/\/people.unil.ch\/ingeborgschuessler\/wp-json\/wp\/v2\/pages"}],"about":[{"href":"https:\/\/people.unil.ch\/ingeborgschuessler\/wp-json\/wp\/v2\/types\/page"}],"author":[{"embeddable":true,"href":"https:\/\/people.unil.ch\/ingeborgschuessler\/wp-json\/wp\/v2\/users\/1001081"}],"replies":[{"embeddable":true,"href":"https:\/\/people.unil.ch\/ingeborgschuessler\/wp-json\/wp\/v2\/comments?post=353"}],"version-history":[{"count":0,"href":"https:\/\/people.unil.ch\/ingeborgschuessler\/wp-json\/wp\/v2\/pages\/353\/revisions"}],"up":[{"embeddable":true,"href":"https:\/\/people.unil.ch\/ingeborgschuessler\/wp-json\/wp\/v2\/pages\/308"}],"wp:attachment":[{"href":"https:\/\/people.unil.ch\/ingeborgschuessler\/wp-json\/wp\/v2\/media?parent=353"}],"curies":[{"name":"wp","href":"https:\/\/api.w.org\/{rel}","templated":true}]}}