{"id":359,"date":"2022-10-30T14:51:07","date_gmt":"2022-10-30T13:51:07","guid":{"rendered":"https:\/\/people.unil.ch\/ingeborgschuessler\/?page_id=359"},"modified":"2022-11-14T20:15:00","modified_gmt":"2022-11-14T19:15:00","slug":"collectifs","status":"publish","type":"page","link":"https:\/\/people.unil.ch\/ingeborgschuessler\/publications\/collectifs\/","title":{"rendered":"Collectifs"},"content":{"rendered":"\n<div class=\"wp-block-buttons is-content-justification-center is-layout-flex wp-container-core-buttons-is-layout-16018d1d wp-block-buttons-is-layout-flex\">\n<div class=\"wp-block-button is-style-outline is-style-outline--1\"><a class=\"wp-block-button__link wp-element-button\" href=\"#R\u00e9f\u00e9rences-compl\u00e8tes\"> R\u00e9f\u00e9rences compl\u00e8tes<\/a><\/div>\n<\/div>\n\n\n\n<p id=\"haut-page\">Cliquer sur l&rsquo;image de l&rsquo;ouvrage pour voir sa r\u00e9f\u00e9rence compl\u00e8te.<\/p>\n\n\n\n<div class=\"wp-block-columns is-layout-flex wp-container-core-columns-is-layout-9d6595d7 wp-block-columns-is-layout-flex\">\n<div class=\"wp-block-column is-layout-flow wp-block-column-is-layout-flow\">\n<figure class=\"wp-block-image size-large\"><a href=\"#art-et-verite\"><img alt=\"\" loading=\"lazy\" decoding=\"async\" width=\"1024\" height=\"1024\" src=\"https:\/\/people.unil.ch\/ingeborgschuessler\/files\/2022\/10\/DSC06054-1024x1024.jpg\" alt=\"\" class=\"wp-image-170\" srcset=\"https:\/\/people.unil.ch\/ingeborgschuessler\/files\/2022\/10\/DSC06054-1024x1024.jpg 1024w, https:\/\/people.unil.ch\/ingeborgschuessler\/files\/2022\/10\/DSC06054-300x300.jpg 300w, https:\/\/people.unil.ch\/ingeborgschuessler\/files\/2022\/10\/DSC06054-150x150.jpg 150w, https:\/\/people.unil.ch\/ingeborgschuessler\/files\/2022\/10\/DSC06054-768x768.jpg 768w, https:\/\/people.unil.ch\/ingeborgschuessler\/files\/2022\/10\/DSC06054.jpg 1200w\" sizes=\"auto, (max-width: 1024px) 100vw, 1024px\" \/><\/a><\/figure>\n<\/div>\n\n\n\n<div class=\"wp-block-column is-layout-flow wp-block-column-is-layout-flow\">\n<figure class=\"wp-block-image size-large\"><a href=\"#phenomenologie-hermeneutique1\"><img alt=\"\" loading=\"lazy\" decoding=\"async\" width=\"1024\" height=\"1024\" src=\"https:\/\/people.unil.ch\/ingeborgschuessler\/files\/2022\/10\/DSC06052-1024x1024.jpg\" alt=\"\" class=\"wp-image-169\" srcset=\"https:\/\/people.unil.ch\/ingeborgschuessler\/files\/2022\/10\/DSC06052-1024x1024.jpg 1024w, https:\/\/people.unil.ch\/ingeborgschuessler\/files\/2022\/10\/DSC06052-300x300.jpg 300w, https:\/\/people.unil.ch\/ingeborgschuessler\/files\/2022\/10\/DSC06052-150x150.jpg 150w, https:\/\/people.unil.ch\/ingeborgschuessler\/files\/2022\/10\/DSC06052-768x768.jpg 768w, https:\/\/people.unil.ch\/ingeborgschuessler\/files\/2022\/10\/DSC06052.jpg 1200w\" sizes=\"auto, (max-width: 1024px) 100vw, 1024px\" \/><\/a><\/figure>\n<\/div>\n\n\n\n<div class=\"wp-block-column is-layout-flow wp-block-column-is-layout-flow\">\n<figure class=\"wp-block-image size-large\"><a href=\"#histoire-avenir\"><img alt=\"\" loading=\"lazy\" decoding=\"async\" width=\"1024\" height=\"1024\" src=\"https:\/\/people.unil.ch\/ingeborgschuessler\/files\/2022\/10\/DSC06050-1024x1024.jpg\" alt=\"\" class=\"wp-image-168\" srcset=\"https:\/\/people.unil.ch\/ingeborgschuessler\/files\/2022\/10\/DSC06050-1024x1024.jpg 1024w, https:\/\/people.unil.ch\/ingeborgschuessler\/files\/2022\/10\/DSC06050-300x300.jpg 300w, https:\/\/people.unil.ch\/ingeborgschuessler\/files\/2022\/10\/DSC06050-150x150.jpg 150w, https:\/\/people.unil.ch\/ingeborgschuessler\/files\/2022\/10\/DSC06050-768x768.jpg 768w, https:\/\/people.unil.ch\/ingeborgschuessler\/files\/2022\/10\/DSC06050.jpg 1200w\" sizes=\"auto, (max-width: 1024px) 100vw, 1024px\" \/><\/a><\/figure>\n<\/div>\n<\/div>\n\n\n\n<div class=\"wp-block-columns is-layout-flex wp-container-core-columns-is-layout-9d6595d7 wp-block-columns-is-layout-flex\">\n<div class=\"wp-block-column is-layout-flow wp-block-column-is-layout-flow\">\n<figure class=\"wp-block-image size-large\"><a href=\"#opus-postumum\"><img alt=\"\" loading=\"lazy\" decoding=\"async\" width=\"1024\" height=\"1024\" src=\"https:\/\/people.unil.ch\/ingeborgschuessler\/files\/2022\/10\/DSC06048-1024x1024.jpg\" alt=\"\" class=\"wp-image-167\" srcset=\"https:\/\/people.unil.ch\/ingeborgschuessler\/files\/2022\/10\/DSC06048-1024x1024.jpg 1024w, https:\/\/people.unil.ch\/ingeborgschuessler\/files\/2022\/10\/DSC06048-300x300.jpg 300w, https:\/\/people.unil.ch\/ingeborgschuessler\/files\/2022\/10\/DSC06048-150x150.jpg 150w, https:\/\/people.unil.ch\/ingeborgschuessler\/files\/2022\/10\/DSC06048-768x768.jpg 768w, https:\/\/people.unil.ch\/ingeborgschuessler\/files\/2022\/10\/DSC06048.jpg 1200w\" sizes=\"auto, (max-width: 1024px) 100vw, 1024px\" \/><\/a><\/figure>\n<\/div>\n\n\n\n<div class=\"wp-block-column is-layout-flow wp-block-column-is-layout-flow\">\n<figure class=\"wp-block-image size-large\"><a href=\"#phenomenologie-hermeneutique2\"><img alt=\"\" loading=\"lazy\" decoding=\"async\" width=\"1024\" height=\"1024\" src=\"https:\/\/people.unil.ch\/ingeborgschuessler\/files\/2022\/10\/DSC06046-1024x1024.jpg\" alt=\"\" class=\"wp-image-166\" srcset=\"https:\/\/people.unil.ch\/ingeborgschuessler\/files\/2022\/10\/DSC06046-1024x1024.jpg 1024w, https:\/\/people.unil.ch\/ingeborgschuessler\/files\/2022\/10\/DSC06046-300x300.jpg 300w, https:\/\/people.unil.ch\/ingeborgschuessler\/files\/2022\/10\/DSC06046-150x150.jpg 150w, https:\/\/people.unil.ch\/ingeborgschuessler\/files\/2022\/10\/DSC06046-768x768.jpg 768w, https:\/\/people.unil.ch\/ingeborgschuessler\/files\/2022\/10\/DSC06046.jpg 1200w\" sizes=\"auto, (max-width: 1024px) 100vw, 1024px\" \/><\/a><\/figure>\n<\/div>\n\n\n\n<div class=\"wp-block-column is-layout-flow wp-block-column-is-layout-flow\">\n<figure class=\"wp-block-image size-large\"><a href=\"#verite\"><img alt=\"\" loading=\"lazy\" decoding=\"async\" width=\"1024\" height=\"1024\" src=\"https:\/\/people.unil.ch\/ingeborgschuessler\/files\/2022\/10\/DSC06045-1024x1024.jpg\" alt=\"\" class=\"wp-image-165\" srcset=\"https:\/\/people.unil.ch\/ingeborgschuessler\/files\/2022\/10\/DSC06045-1024x1024.jpg 1024w, https:\/\/people.unil.ch\/ingeborgschuessler\/files\/2022\/10\/DSC06045-300x300.jpg 300w, https:\/\/people.unil.ch\/ingeborgschuessler\/files\/2022\/10\/DSC06045-150x150.jpg 150w, https:\/\/people.unil.ch\/ingeborgschuessler\/files\/2022\/10\/DSC06045-768x768.jpg 768w, https:\/\/people.unil.ch\/ingeborgschuessler\/files\/2022\/10\/DSC06045.jpg 1200w\" sizes=\"auto, (max-width: 1024px) 100vw, 1024px\" \/><\/a><\/figure>\n<\/div>\n<\/div>\n\n\n\n<div class=\"wp-block-columns is-layout-flex wp-container-core-columns-is-layout-9d6595d7 wp-block-columns-is-layout-flex\">\n<div class=\"wp-block-column is-layout-flow wp-block-column-is-layout-flow\">\n<figure class=\"wp-block-image size-large\"><a href=\"#penser-la-vie\"><img alt=\"\" loading=\"lazy\" decoding=\"async\" width=\"1024\" height=\"1024\" src=\"https:\/\/people.unil.ch\/ingeborgschuessler\/files\/2022\/10\/DSC06044-1024x1024.jpg\" alt=\"\" class=\"wp-image-164\" srcset=\"https:\/\/people.unil.ch\/ingeborgschuessler\/files\/2022\/10\/DSC06044-1024x1024.jpg 1024w, https:\/\/people.unil.ch\/ingeborgschuessler\/files\/2022\/10\/DSC06044-300x300.jpg 300w, https:\/\/people.unil.ch\/ingeborgschuessler\/files\/2022\/10\/DSC06044-150x150.jpg 150w, https:\/\/people.unil.ch\/ingeborgschuessler\/files\/2022\/10\/DSC06044-768x768.jpg 768w, https:\/\/people.unil.ch\/ingeborgschuessler\/files\/2022\/10\/DSC06044.jpg 1200w\" sizes=\"auto, (max-width: 1024px) 100vw, 1024px\" \/><\/a><\/figure>\n<\/div>\n\n\n\n<div class=\"wp-block-column is-layout-flow wp-block-column-is-layout-flow\">\n<figure class=\"wp-block-image size-large\"><a href=\"#beitrage\"><img alt=\"\" loading=\"lazy\" decoding=\"async\" width=\"1024\" height=\"1024\" src=\"https:\/\/people.unil.ch\/ingeborgschuessler\/files\/2022\/10\/DSC06043-1024x1024.jpg\" alt=\"\" class=\"wp-image-158\" srcset=\"https:\/\/people.unil.ch\/ingeborgschuessler\/files\/2022\/10\/DSC06043-1024x1024.jpg 1024w, https:\/\/people.unil.ch\/ingeborgschuessler\/files\/2022\/10\/DSC06043-300x300.jpg 300w, https:\/\/people.unil.ch\/ingeborgschuessler\/files\/2022\/10\/DSC06043-150x150.jpg 150w, https:\/\/people.unil.ch\/ingeborgschuessler\/files\/2022\/10\/DSC06043-768x768.jpg 768w, https:\/\/people.unil.ch\/ingeborgschuessler\/files\/2022\/10\/DSC06043.jpg 1200w\" sizes=\"auto, (max-width: 1024px) 100vw, 1024px\" \/><\/a><\/figure>\n<\/div>\n\n\n\n<div class=\"wp-block-column is-layout-flow wp-block-column-is-layout-flow\"><\/div>\n<\/div>\n\n\n\n<hr class=\"wp-block-separator has-alpha-channel-opacity\" \/>\n\n\n\n<h3 class=\"wp-block-heading\" id=\"R\u00e9f\u00e9rences-compl\u00e8tes\">R\u00e9f\u00e9rences compl\u00e8tes<\/h3>\n\n\n\n<div class=\"wp-block-media-text alignwide is-stacked-on-mobile is-vertically-aligned-top\" style=\"grid-template-columns:30% auto\" id=\"art-et-verite\"><figure class=\"wp-block-media-text__media\"><img alt=\"\" loading=\"lazy\" decoding=\"async\" width=\"1024\" height=\"1024\" src=\"https:\/\/people.unil.ch\/ingeborgschuessler\/files\/2022\/10\/DSC06054-1024x1024.jpg\" alt=\"\" class=\"wp-image-170 size-full\" srcset=\"https:\/\/people.unil.ch\/ingeborgschuessler\/files\/2022\/10\/DSC06054-1024x1024.jpg 1024w, https:\/\/people.unil.ch\/ingeborgschuessler\/files\/2022\/10\/DSC06054-300x300.jpg 300w, https:\/\/people.unil.ch\/ingeborgschuessler\/files\/2022\/10\/DSC06054-150x150.jpg 150w, https:\/\/people.unil.ch\/ingeborgschuessler\/files\/2022\/10\/DSC06054-768x768.jpg 768w, https:\/\/people.unil.ch\/ingeborgschuessler\/files\/2022\/10\/DSC06054.jpg 1200w\" sizes=\"auto, (max-width: 1024px) 100vw, 1024px\" \/><\/figure><div class=\"wp-block-media-text__content\">\n<p><strong>1. Art et V\u00e9rit\u00e9.<\/strong><br>GENOS, Cahiers de philosophie, dirig\u00e9s par Alexandre Schild et Christophe Calame. Cahier n\u00b0 3, \u00e9dit\u00e9 par Ingeborg Sch\u00fcssler, Rapha\u00ebl C\u00e9lis et Alexandre Schild, Lausanne 1996. 443 pages.<\/p>\n\n\n\n<div class=\"wp-block-buttons is-content-justification-right is-layout-flex wp-container-core-buttons-is-layout-765c4724 wp-block-buttons-is-layout-flex\">\n<div class=\"wp-block-button has-custom-font-size is-style-outline is-style-outline--2\" style=\"font-size:12px\"><a class=\"wp-block-button__link wp-element-button\" href=\"#haut-page\">Retour aux livres<\/a><\/div>\n<\/div>\n<\/div><\/div>\n\n\n\n<hr class=\"wp-block-separator has-alpha-channel-opacity\" \/>\n\n\n\n<div class=\"wp-block-media-text alignwide is-stacked-on-mobile is-vertically-aligned-top\" style=\"grid-template-columns:30% auto\" id=\"phenomenologie-hermeneutique1\"><figure class=\"wp-block-media-text__media\"><img alt=\"\" loading=\"lazy\" decoding=\"async\" width=\"1024\" height=\"1024\" src=\"https:\/\/people.unil.ch\/ingeborgschuessler\/files\/2022\/10\/DSC06052-1024x1024.jpg\" alt=\"\" class=\"wp-image-169 size-full\" srcset=\"https:\/\/people.unil.ch\/ingeborgschuessler\/files\/2022\/10\/DSC06052-1024x1024.jpg 1024w, https:\/\/people.unil.ch\/ingeborgschuessler\/files\/2022\/10\/DSC06052-300x300.jpg 300w, https:\/\/people.unil.ch\/ingeborgschuessler\/files\/2022\/10\/DSC06052-150x150.jpg 150w, https:\/\/people.unil.ch\/ingeborgschuessler\/files\/2022\/10\/DSC06052-768x768.jpg 768w, https:\/\/people.unil.ch\/ingeborgschuessler\/files\/2022\/10\/DSC06052.jpg 1200w\" sizes=\"auto, (max-width: 1024px) 100vw, 1024px\" \/><\/figure><div class=\"wp-block-media-text__content\">\n<p><strong>2. Ph\u00e9nom\u00e9nologie et herm\u00e9neutique I. Colloque <em>Erasmus <\/em>1994 \u00e0 l\u2019Universit\u00e9 de Lausanne.<\/strong><br>Contributions r\u00e9unies et pr\u00e9sent\u00e9es par I. Sch\u00fcssler et A. Schild. GENOS, Cahiers de philosophie 4. Editions PAYOT-Lausanne, 2000, 214 pages.<\/p>\n\n\n\n<div class=\"wp-block-buttons is-content-justification-right is-layout-flex wp-container-core-buttons-is-layout-765c4724 wp-block-buttons-is-layout-flex\">\n<div class=\"wp-block-button has-custom-font-size is-style-outline is-style-outline--3\" style=\"font-size:12px\"><a class=\"wp-block-button__link wp-element-button\" href=\"#haut-page\">Retour aux livres<\/a><\/div>\n<\/div>\n<\/div><\/div>\n\n\n\n<hr class=\"wp-block-separator has-alpha-channel-opacity\" \/>\n\n\n\n<div class=\"wp-block-media-text alignwide is-stacked-on-mobile is-vertically-aligned-top\" style=\"grid-template-columns:30% auto\" id=\"histoire-avenir\"><figure class=\"wp-block-media-text__media\"><img alt=\"\" loading=\"lazy\" decoding=\"async\" width=\"1024\" height=\"1024\" src=\"https:\/\/people.unil.ch\/ingeborgschuessler\/files\/2022\/10\/DSC06050-1024x1024.jpg\" alt=\"\" class=\"wp-image-168 size-full\" srcset=\"https:\/\/people.unil.ch\/ingeborgschuessler\/files\/2022\/10\/DSC06050-1024x1024.jpg 1024w, https:\/\/people.unil.ch\/ingeborgschuessler\/files\/2022\/10\/DSC06050-300x300.jpg 300w, https:\/\/people.unil.ch\/ingeborgschuessler\/files\/2022\/10\/DSC06050-150x150.jpg 150w, https:\/\/people.unil.ch\/ingeborgschuessler\/files\/2022\/10\/DSC06050-768x768.jpg 768w, https:\/\/people.unil.ch\/ingeborgschuessler\/files\/2022\/10\/DSC06050.jpg 1200w\" sizes=\"auto, (max-width: 1024px) 100vw, 1024px\" \/><\/figure><div class=\"wp-block-media-text__content\">\n<p><strong>3. Histoire et avenir. Conceptions h\u00e9gelienne et posth\u00e9geliennes. Colloque Erasmus 1995 \u00e0 l\u2019Universit\u00e9 de Lausanne.<\/strong><br>Contributions r\u00e9unies par I. Sch\u00fcssler et A. Schild. GENOS, Cahiers de philosophie 5. Editions PAYOT-Lausanne, 2000, 247 pages.<\/p>\n\n\n\n<div class=\"wp-block-buttons is-content-justification-right is-layout-flex wp-container-core-buttons-is-layout-765c4724 wp-block-buttons-is-layout-flex\">\n<div class=\"wp-block-button has-custom-font-size is-style-outline is-style-outline--4\" style=\"font-size:12px\"><a class=\"wp-block-button__link wp-element-button\" href=\"#haut-page\">Retour aux livres<\/a><\/div>\n<\/div>\n<\/div><\/div>\n\n\n\n<hr class=\"wp-block-separator has-alpha-channel-opacity\" \/>\n\n\n\n<div class=\"wp-block-media-text alignwide is-stacked-on-mobile is-vertically-aligned-top\" style=\"grid-template-columns:30% auto\" id=\"opus-postumum\"><figure class=\"wp-block-media-text__media\"><img alt=\"\" loading=\"lazy\" decoding=\"async\" width=\"1024\" height=\"1024\" src=\"https:\/\/people.unil.ch\/ingeborgschuessler\/files\/2022\/10\/DSC06048-1024x1024.jpg\" alt=\"\" class=\"wp-image-167 size-full\" srcset=\"https:\/\/people.unil.ch\/ingeborgschuessler\/files\/2022\/10\/DSC06048-1024x1024.jpg 1024w, https:\/\/people.unil.ch\/ingeborgschuessler\/files\/2022\/10\/DSC06048-300x300.jpg 300w, https:\/\/people.unil.ch\/ingeborgschuessler\/files\/2022\/10\/DSC06048-150x150.jpg 150w, https:\/\/people.unil.ch\/ingeborgschuessler\/files\/2022\/10\/DSC06048-768x768.jpg 768w, https:\/\/people.unil.ch\/ingeborgschuessler\/files\/2022\/10\/DSC06048.jpg 1200w\" sizes=\"auto, (max-width: 1024px) 100vw, 1024px\" \/><\/figure><div class=\"wp-block-media-text__content\">\n<p><strong>4. ANN\u00c9ES 1796-1803. KANT. Opus postumum.<\/strong><br>Sous la direction de Ingeborg Sch\u00fcssler.<br>Actes du 4e Congr\u00e8s international de la Soci\u00e9t\u00e9 d\u2019\u00e9tudes kantiennes de langue fran\u00e7aise. Lausanne, 21-23. Octobre 1999. Edit\u00e9 par C. Erismann. Pr\u00e9face par Ingeborg Sch\u00fcssler (p. 7-18). Vrin \/ Paris. 2001, 256 pages.<\/p>\n\n\n\n<div class=\"wp-block-buttons is-content-justification-right is-layout-flex wp-container-core-buttons-is-layout-765c4724 wp-block-buttons-is-layout-flex\">\n<div class=\"wp-block-button has-custom-font-size is-style-outline is-style-outline--5\" style=\"font-size:12px\"><a class=\"wp-block-button__link wp-element-button\" href=\"#haut-page\">Retour aux livres<\/a><\/div>\n<\/div>\n<\/div><\/div>\n\n\n\n<hr class=\"wp-block-separator has-alpha-channel-opacity\" \/>\n\n\n\n<div class=\"wp-block-media-text alignwide is-stacked-on-mobile is-vertically-aligned-top\" style=\"grid-template-columns:30% auto\" id=\"phenomenologie-hermeneutique2\"><figure class=\"wp-block-media-text__media\"><img alt=\"\" loading=\"lazy\" decoding=\"async\" width=\"1024\" height=\"1024\" src=\"https:\/\/people.unil.ch\/ingeborgschuessler\/files\/2022\/10\/DSC06046-1024x1024.jpg\" alt=\"\" class=\"wp-image-166 size-full\" srcset=\"https:\/\/people.unil.ch\/ingeborgschuessler\/files\/2022\/10\/DSC06046-1024x1024.jpg 1024w, https:\/\/people.unil.ch\/ingeborgschuessler\/files\/2022\/10\/DSC06046-300x300.jpg 300w, https:\/\/people.unil.ch\/ingeborgschuessler\/files\/2022\/10\/DSC06046-150x150.jpg 150w, https:\/\/people.unil.ch\/ingeborgschuessler\/files\/2022\/10\/DSC06046-768x768.jpg 768w, https:\/\/people.unil.ch\/ingeborgschuessler\/files\/2022\/10\/DSC06046.jpg 1200w\" sizes=\"auto, (max-width: 1024px) 100vw, 1024px\" \/><\/figure><div class=\"wp-block-media-text__content\">\n<p><strong>5. Ph\u00e9nom\u00e9nologie et herm\u00e9neutique II. Colloque<em> Erasmus <\/em>1996.<\/strong><br>\u00c9dit\u00e9 par Emmanuel Mej\u00eda en collaboration avec Ingeborg Sch\u00fcssler. GENOS, Cahiers de philosophie 6, Editions PAYOT-Lausanne 2001, 190 pages.<\/p>\n\n\n\n<div class=\"wp-block-buttons is-content-justification-right is-layout-flex wp-container-core-buttons-is-layout-765c4724 wp-block-buttons-is-layout-flex\">\n<div class=\"wp-block-button has-custom-font-size is-style-outline is-style-outline--6\" style=\"font-size:12px\"><a class=\"wp-block-button__link wp-element-button\" href=\"#haut-page\">Retour aux livres<\/a><\/div>\n<\/div>\n<\/div><\/div>\n\n\n\n<hr class=\"wp-block-separator has-alpha-channel-opacity\" \/>\n\n\n\n<div class=\"wp-block-media-text alignwide is-stacked-on-mobile is-vertically-aligned-top\" style=\"grid-template-columns:30% auto\" id=\"verite\"><figure class=\"wp-block-media-text__media\"><img alt=\"\" loading=\"lazy\" decoding=\"async\" width=\"1024\" height=\"1024\" src=\"https:\/\/people.unil.ch\/ingeborgschuessler\/files\/2022\/10\/DSC06045-1024x1024.jpg\" alt=\"\" class=\"wp-image-165 size-full\" srcset=\"https:\/\/people.unil.ch\/ingeborgschuessler\/files\/2022\/10\/DSC06045-1024x1024.jpg 1024w, https:\/\/people.unil.ch\/ingeborgschuessler\/files\/2022\/10\/DSC06045-300x300.jpg 300w, https:\/\/people.unil.ch\/ingeborgschuessler\/files\/2022\/10\/DSC06045-150x150.jpg 150w, https:\/\/people.unil.ch\/ingeborgschuessler\/files\/2022\/10\/DSC06045-768x768.jpg 768w, https:\/\/people.unil.ch\/ingeborgschuessler\/files\/2022\/10\/DSC06045.jpg 1200w\" sizes=\"auto, (max-width: 1024px) 100vw, 1024px\" \/><\/figure><div class=\"wp-block-media-text__content\">\n<p><strong>6. La v\u00e9rit\u00e9. Antiquit\u00e9 \u2013 modernit\u00e9. 3e cycle Suisse romande.<\/strong><br>Edit\u00e9 par Jean-Fran\u00e7ois Aenishanslin sous la direction de D. O\u2019Meara, I. Sch\u00fcssler et A. Schild.<br>GENOS, Cahiers de philosophie 7. Editions PAYOT-Lausanne. F\u00e9vrier 2004, 312 pages.<\/p>\n\n\n\n<div class=\"wp-block-buttons is-content-justification-right is-layout-flex wp-container-core-buttons-is-layout-765c4724 wp-block-buttons-is-layout-flex\">\n<div class=\"wp-block-button has-custom-font-size is-style-outline is-style-outline--7\" style=\"font-size:12px\"><a class=\"wp-block-button__link wp-element-button\" href=\"#haut-page\">Retour aux livres<\/a><\/div>\n<\/div>\n<\/div><\/div>\n\n\n\n<hr class=\"wp-block-separator has-alpha-channel-opacity\" \/>\n\n\n\n<div class=\"wp-block-media-text alignwide is-stacked-on-mobile is-vertically-aligned-top\" style=\"grid-template-columns:30% auto\" id=\"penser-la-vie\"><figure class=\"wp-block-media-text__media\"><img alt=\"\" loading=\"lazy\" decoding=\"async\" width=\"1024\" height=\"1024\" src=\"https:\/\/people.unil.ch\/ingeborgschuessler\/files\/2022\/10\/DSC06044-1024x1024.jpg\" alt=\"\" class=\"wp-image-164 size-full\" srcset=\"https:\/\/people.unil.ch\/ingeborgschuessler\/files\/2022\/10\/DSC06044-1024x1024.jpg 1024w, https:\/\/people.unil.ch\/ingeborgschuessler\/files\/2022\/10\/DSC06044-300x300.jpg 300w, https:\/\/people.unil.ch\/ingeborgschuessler\/files\/2022\/10\/DSC06044-150x150.jpg 150w, https:\/\/people.unil.ch\/ingeborgschuessler\/files\/2022\/10\/DSC06044-768x768.jpg 768w, https:\/\/people.unil.ch\/ingeborgschuessler\/files\/2022\/10\/DSC06044.jpg 1200w\" sizes=\"auto, (max-width: 1024px) 100vw, 1024px\" \/><\/figure><div class=\"wp-block-media-text__content\">\n<p><strong>7. Penser la vie. Contributions de la philosophie. Colloques internationaux f\u00e9vrier et mai 2002 \u00e0 l\u2019Universit\u00e9 de Lausanne.<\/strong><br>\u00c9dit\u00e9 par Michel Herren et Ingeborg Sch\u00fcssler. <em>\u00c9tudes des Lettres.<\/em> Revue de la Facult\u00e9 des Lettres de l\u2019Universit\u00e9 de Lausanne. Sous la direction de A. Corbellari. N\u00b0 3 \/ 4 2008, 364 pages.<br>Recensions\u00a0:<br>a) Justino Lopez Santamar\u00eda, dans\u00a0: <em>Estudios filos\u00f3ficos<\/em>, n\u00b0 168 (2009), Espa\u00f1a, p. 376-378.<\/p>\n\n\n\n<div class=\"wp-block-buttons is-content-justification-right is-layout-flex wp-container-core-buttons-is-layout-765c4724 wp-block-buttons-is-layout-flex\">\n<div class=\"wp-block-button has-custom-font-size is-style-outline is-style-outline--8\" style=\"font-size:12px\"><a class=\"wp-block-button__link wp-element-button\" href=\"#haut-page\">Retour aux livres<\/a><\/div>\n<\/div>\n<\/div><\/div>\n\n\n\n<hr class=\"wp-block-separator has-alpha-channel-opacity\" \/>\n\n\n\n<div class=\"wp-block-media-text alignwide is-stacked-on-mobile is-vertically-aligned-top\" style=\"grid-template-columns:30% auto\" id=\"beitrage\"><figure class=\"wp-block-media-text__media\"><img alt=\"\" loading=\"lazy\" decoding=\"async\" width=\"1024\" height=\"1024\" src=\"https:\/\/people.unil.ch\/ingeborgschuessler\/files\/2022\/10\/DSC06043-1024x1024.jpg\" alt=\"\" class=\"wp-image-158 size-full\" srcset=\"https:\/\/people.unil.ch\/ingeborgschuessler\/files\/2022\/10\/DSC06043-1024x1024.jpg 1024w, https:\/\/people.unil.ch\/ingeborgschuessler\/files\/2022\/10\/DSC06043-300x300.jpg 300w, https:\/\/people.unil.ch\/ingeborgschuessler\/files\/2022\/10\/DSC06043-150x150.jpg 150w, https:\/\/people.unil.ch\/ingeborgschuessler\/files\/2022\/10\/DSC06043-768x768.jpg 768w, https:\/\/people.unil.ch\/ingeborgschuessler\/files\/2022\/10\/DSC06043.jpg 1200w\" sizes=\"auto, (max-width: 1024px) 100vw, 1024px\" \/><\/figure><div class=\"wp-block-media-text__content\">\n<p><strong>8. Heideggers <em>Beitr\u00e4ge zur Philosophie<\/em>. Internationales Kolloquiums vom 20.-22. Mai 2004 an der Universit\u00e4t Lausanne (Schweiz) \/ Les <em>Apports \u00e0 la philosophie<\/em> de Heidegger. Colloque international des 20-22 mai 2004 \u00e0 l\u2019Universit\u00e9 de Lausanne (Suisse).<\/strong><br>\u00c9dit\u00e9 par E. Mej\u00eda et I. Sch\u00fc\u00dfler. V. Klostermann, Francfort s. M. \/ Allemagne, 2009. 538 pages.<br>Recensions\u00a0:<br>a) Klaus Neugebauer, dans\u00a0: <em>Philosophischer Literaturanzeiger.<\/em> Ein Referatorgan f\u00fcr die Neuerscheinungen der Philosophie und ihrer gesamten Grenzgebiete. Hrsg. von Ulrike Bardt und\u00a0 Stephan Nachtsheim. Band 62 \/ Heft 4 \/ Jahrgang 2009. V. Klostermann, Frankfurt a. M., 2009, p. 326-336. <br>b) <em>Anonymos, <\/em>dans\u00a0:<em>\u00a0GNOSTIKA,<\/em> 45, August 2010, p. 94-95.<br>c) Till Kinzel, dans\u00a0:\u00a0<em>Informationsmittel f\u00fcr Bibliotheken (IFB).<\/em> Online-Zeitschrift.\u00a0<br>d) G\u00fcnter Kamm, dans\u00a0: <em>Perspektiven der Philosophie<\/em>,<em> Neues Jahrbuch<\/em>. Gegr\u00fcndet von Rudolph Berlinger (\u2020) und Eugen Fink (\u2020), herausgegeben von Wiebke Schrader (\u2020), Georges Goedert und Martina Scherbel, RODOPI, Amsterdam, N\u00b036, 2010, p. 393-404.<br>e) Kristien Justaert, dans\u00a0: <em>Tijdschrift voor Filosofie<\/em> 72 (2010), n\u00b0 3, p. 595-596.<br>f) Jorge P\u00e9rez de Tudela Velasco, dans\u00a0: <em>LOGOS. Anales del Seminario de Metaf\u00edsica.<\/em> Madrid. Vol. 44 (2010), p. 389-391.<\/p>\n\n\n\n<div class=\"wp-block-buttons is-content-justification-right is-layout-flex wp-container-core-buttons-is-layout-765c4724 wp-block-buttons-is-layout-flex\">\n<div class=\"wp-block-button has-custom-font-size is-style-outline is-style-outline--9\" style=\"font-size:12px\"><a class=\"wp-block-button__link wp-element-button\" href=\"#haut-page\">Retour aux livres<\/a><\/div>\n<\/div>\n<\/div><\/div>\n","protected":false},"excerpt":{"rendered":"<p>Cliquer sur l&rsquo;image de l&rsquo;ouvrage pour voir sa r\u00e9f\u00e9rence compl\u00e8te. R\u00e9f\u00e9rences compl\u00e8tes<\/p>\n","protected":false},"author":1001081,"featured_media":0,"parent":308,"menu_order":0,"comment_status":"closed","ping_status":"closed","template":"","meta":{"_seopress_robots_primary_cat":"","_seopress_titles_title":"","_seopress_titles_desc":"","_seopress_robots_index":"","footnotes":""},"class_list":["post-359","page","type-page","status-publish"],"_links":{"self":[{"href":"https:\/\/people.unil.ch\/ingeborgschuessler\/wp-json\/wp\/v2\/pages\/359","targetHints":{"allow":["GET"]}}],"collection":[{"href":"https:\/\/people.unil.ch\/ingeborgschuessler\/wp-json\/wp\/v2\/pages"}],"about":[{"href":"https:\/\/people.unil.ch\/ingeborgschuessler\/wp-json\/wp\/v2\/types\/page"}],"author":[{"embeddable":true,"href":"https:\/\/people.unil.ch\/ingeborgschuessler\/wp-json\/wp\/v2\/users\/1001081"}],"replies":[{"embeddable":true,"href":"https:\/\/people.unil.ch\/ingeborgschuessler\/wp-json\/wp\/v2\/comments?post=359"}],"version-history":[{"count":0,"href":"https:\/\/people.unil.ch\/ingeborgschuessler\/wp-json\/wp\/v2\/pages\/359\/revisions"}],"up":[{"embeddable":true,"href":"https:\/\/people.unil.ch\/ingeborgschuessler\/wp-json\/wp\/v2\/pages\/308"}],"wp:attachment":[{"href":"https:\/\/people.unil.ch\/ingeborgschuessler\/wp-json\/wp\/v2\/media?parent=359"}],"curies":[{"name":"wp","href":"https:\/\/api.w.org\/{rel}","templated":true}]}}