{"id":418,"date":"2022-10-30T21:02:15","date_gmt":"2022-10-30T20:02:15","guid":{"rendered":"https:\/\/people.unil.ch\/ingeborgschuessler\/?page_id=418"},"modified":"2022-11-14T20:43:44","modified_gmt":"2022-11-14T19:43:44","slug":"uni-koeln","status":"publish","type":"page","link":"https:\/\/people.unil.ch\/ingeborgschuessler\/enseignements\/uni-koeln\/","title":{"rendered":"Philosophisches Seminar der Universit\u00e4t zu K\u00f6ln"},"content":{"rendered":"\n<h3 class=\"wp-block-heading\" id=\"Uni-Koln\"><\/h3>\n\n\n\n<p><strong>SS 1968<\/strong><br>Kursorische Lekt\u00fcre<br>Aristoteles, <em>Physik<\/em>, Buch II.<\/p>\n\n\n\n<p><strong>WS 1968\/9<\/strong><br>Kursorische Lekt\u00fcre<br>Aristoteles, <em>Physik<\/em>, Buch III.<\/p>\n\n\n\n<p><strong>SS 1969<\/strong><br>Kursorische Lekt\u00fcre<br>Leibniz, <em>Discours de M\u00e9taphysique<\/em>.<\/p>\n\n\n\n<p><strong>WS 1969\/70<\/strong><br>Seminar<br>\u00dcbungen zum Problem des Nihilismus (Nietzsche, <em>Sp\u00e4te Fragmente<\/em>).<\/p>\n\n\n\n<p><strong>SS 1970<\/strong><br>Seminar<br>Das Wesen des Wissens (Aristoteles, <em>2. Analytik<\/em>, Buch I).<\/p>\n\n\n\n<p><strong>WS 1970\/1<\/strong><br>Seminar<br>\u00dcbungen zur Philosophie der Vorsokratiker : <em>Das Lehrgedicht des Parmenides<\/em>.<\/p>\n\n\n\n<p><strong>SS 1971<\/strong><br>Seminar<br>\u00dcbungen zur Dialektik Hegels (<em>Ph\u00e4nomenologie des Geistes<\/em> : \u00ab\u00a0Die sinnliche Gewissheit\u00a0\u00bb).<\/p>\n\n\n\n<p><strong>WS 1971\/2<\/strong><br>Seminar<\/p>\n\n\n\n<p><strong>SS 1972<\/strong><br>Seminar<br>Kants transzendentalphilosophische Begr\u00fcndung der mathematischen Naturwissenschaft.<\/p>\n\n\n\n<p><strong>WS 1972\/3<\/strong><br>Hauptseminar (gemeinsam mit K.-H. Volkmann-Schluck und z. T. in Vertretung desselben).<br>Der Satz vom Widerspruch (Aristoteles, <em>Metaphysik<\/em>, Buch IV)<\/p>\n\n\n\n<p><strong>SS 1973<\/strong><br>Seminar<br>Das Problem der objektiven G\u00fcltigkeit der mathematischen Naturerkenntnis (Kant, <em>KrV<\/em>, \u00ab\u00a0System der Grunds\u00e4tze, Axiome der Anschaung\u00a0\u00bb).<\/p>\n\n\n\n<p><strong>WS 1973\/4<\/strong><br>Seminar<br>Philosophie und Wissenschaft (Aristoteles, <em>2. Analytik<\/em>, Buch II).<\/p>\n\n\n\n<p><strong>SS 1974<\/strong><br>Seminar<br>Das Problem der Quantifizierung der Qualit\u00e4ten. (Kant, <em>KrV<\/em>, \u00ab\u00a0System der Grunds\u00e4tze. Antizipationen der Wahrnehmung\u00a0\u00bb).<\/p>\n\n\n\n<p><strong>WS 1974\/5<\/strong><br>Hauptseminar (gemeinsam mit K.-H. Volkmann-Schluck)<br>Die Wesensbestimmung der Kunst in Schellings <em>System des\u00a0transzendentalen Idealismus<\/em>.<\/p>\n\n\n\n<p><strong>SS 1975<\/strong><br>Hauptseminar (gemeinsam mit K.-H. Volkmann-Schluck)<br>Die Wesenslehre des Aristoteles (<em>Metaphysik<\/em>, Buch VII).<\/p>\n\n\n\n<p><strong>WS 1975\/76 (de facto SS 1975)<\/strong><br>Seminar<br>Einf\u00fchrung in die Philosophie M. Heideggers (<em>Sein und Zeit<\/em>. \u00ab\u00a0Einleitung\u00a0\u00bb) I.<\/p>\n\n\n\n<p><strong>SS 1976<\/strong><br>Seminar<br>Einf\u00fchrung in die Philosophie M. Heideggers (<em>Sein und Zeit<\/em>) II.<\/p>\n\n\n\n<p><strong>WS 1976\/7<\/strong><br>Seminar<br>\u00dcbungen zur Ethik des Aristoteles (<em>Nikomachische Ethik<\/em>, Buch VI).<\/p>\n\n\n\n<p><strong>SS 1977<\/strong><br>Seminar<br>\u00dcbung zur spekulativen Logik Hegels (<em>Enzyklop\u00e4die<\/em>. Erster Teil: <em>Die Wissenschaft der Logik<\/em>. Vorbegriff. \u00ab\u00a0Die Lehre vom Sein\u00a0\u00bb).<\/p>\n\n\n\n<p><strong>WS 1977\/8<\/strong><br>Seminar<br>Kants Lehre von der Substanz (<em>KrV<\/em>, \u00ab\u00a0System aller Grunds\u00e4tze des reinen Verstandes. Analogie der Substanz\u00a0\u00bb).<\/p>\n\n\n\n<p><strong>SS 1978<\/strong><br>Seminar<br>Die Endlichkeit der menschlichen Existenz in der Philosophie\u00a0M. Heideggers (<em>Sein und Zeit<\/em>, \u00a7\u00a7 50-53).<\/p>\n\n\n\n<p><strong>SS 1978<\/strong><br>Hauptseminar (gemeinsam mit K.-H. Volkmann-Schluck)<br>Die Herkunft des modernen Existenzbegriffes (Kierkegaard, <em>Die\u00a0Krankheit zum Tode<\/em>).<\/p>\n\n\n\n<p><strong>WS 1978\/9<\/strong><br>Vorlesung. 2 St.<br>Platons Ontologie (Philosophie und Sophistik) I.<\/p>\n\n\n\n<p><strong>WS 1978\/9<\/strong><br>Oberseminar (gemeinsam mit K.-H. Volkmann-Schluck)<br>Interpretationen einer Sp\u00e4tschrift Nietzsches.<\/p>\n\n\n\n<p><strong>SS 1979<\/strong><br>Vorlesung. 2 St.<br>Platons Ontologie (Philosophie und Sophistik) II.<\/p>\n\n\n\n<p><strong>SS 1979<\/strong><br>Kolloquium (f\u00fcr Fortgeschrittene). 2 St.<br>Probleme des Weltbegriffs I.<\/p>\n\n\n\n<p><strong>WS 1979\/80<\/strong><br>Vorlesung. 2 St.<br>Das Verh\u00e4ltnis von Theorie und Praxis in der Philosophie des Aristoteles.<\/p>\n\n\n\n<p><strong>WS 1979\/80<\/strong><br>Oberseminar<br>Probleme des Weltbegriffs II.<\/p>\n\n\n\n<p><strong>SS 1980<\/strong><br>Seminar<br>Die Kritik des Realismus in Hegels <em>Ph\u00e4nomenologie des Geistes <\/em>(\u00ab\u00a0Die Wahrnehmung; oder das Ding und die T\u00e4uschung\u00a0\u00bb).<\/p>\n\n\n\n<p><strong>SS 1980<\/strong><br>Hauptseminar<br>Kants transzendentale Begr\u00fcndung des Kausalit\u00e4tsgesetzes (<em>KrV<\/em>, \u00ab\u00a0Zweite Analogie\u00a0\u00bb).<\/p>\n\n\n\n<p><strong>SS 1980<\/strong><br>Oberseminar<br>Probleme des postmetaphysischen Denkens (M. Heidegger, <em>Zeit und Sein<\/em>) I.<\/p>\n\n\n\n<p><strong>WS 1980\/1<\/strong><br>Vorlesung. 2 St.<br>Kants transzendentale Ontologie.<\/p>\n\n\n\n<p><strong>WS 1980\/1<\/strong><br>Seminar<br>Der Begriff der entfremdeten Arbeit in der Philosophie von K. Marx. (<em>Pariser Manuskripte<\/em> III).<\/p>\n\n\n\n<p><strong>WS 1980\/1<\/strong><br>Oberseminar<br>Probleme des postmetaphysischen Denkens (M. Heidegger, <em>Zeit und Sein<\/em>) II.<\/p>\n\n\n\n<p><strong>SS 1981<\/strong><br>Seminar<br>Descartes. <em>Meditationen<\/em>.<\/p>\n\n\n\n<p><strong>SS 1981<\/strong><br>Oberseminar<br>Probleme des postmetaphysischen Denkens (M. Heidegger, \u00ab\u00a0Bauen, Wohnen, Denken\u00a0\u00bb).<\/p>\n","protected":false},"excerpt":{"rendered":"<p>SS 1968Kursorische Lekt\u00fcreAristoteles, Physik, Buch II. WS 1968\/9Kursorische Lekt\u00fcreAristoteles, Physik, Buch III. SS 1969Kursorische Lekt\u00fcreLeibniz, Discours de M\u00e9taphysique. WS 1969\/70Seminar\u00dcbungen zum Problem des Nihilismus (Nietzsche, Sp\u00e4te Fragmente). SS 1970SeminarDas Wesen &hellip; <\/p>\n","protected":false},"author":1001081,"featured_media":0,"parent":193,"menu_order":0,"comment_status":"closed","ping_status":"closed","template":"","meta":{"_seopress_robots_primary_cat":"","_seopress_titles_title":"","_seopress_titles_desc":"","_seopress_robots_index":"","footnotes":""},"class_list":["post-418","page","type-page","status-publish"],"_links":{"self":[{"href":"https:\/\/people.unil.ch\/ingeborgschuessler\/wp-json\/wp\/v2\/pages\/418","targetHints":{"allow":["GET"]}}],"collection":[{"href":"https:\/\/people.unil.ch\/ingeborgschuessler\/wp-json\/wp\/v2\/pages"}],"about":[{"href":"https:\/\/people.unil.ch\/ingeborgschuessler\/wp-json\/wp\/v2\/types\/page"}],"author":[{"embeddable":true,"href":"https:\/\/people.unil.ch\/ingeborgschuessler\/wp-json\/wp\/v2\/users\/1001081"}],"replies":[{"embeddable":true,"href":"https:\/\/people.unil.ch\/ingeborgschuessler\/wp-json\/wp\/v2\/comments?post=418"}],"version-history":[{"count":0,"href":"https:\/\/people.unil.ch\/ingeborgschuessler\/wp-json\/wp\/v2\/pages\/418\/revisions"}],"up":[{"embeddable":true,"href":"https:\/\/people.unil.ch\/ingeborgschuessler\/wp-json\/wp\/v2\/pages\/193"}],"wp:attachment":[{"href":"https:\/\/people.unil.ch\/ingeborgschuessler\/wp-json\/wp\/v2\/media?parent=418"}],"curies":[{"name":"wp","href":"https:\/\/api.w.org\/{rel}","templated":true}]}}