{"id":424,"date":"2022-10-30T21:04:57","date_gmt":"2022-10-30T20:04:57","guid":{"rendered":"https:\/\/people.unil.ch\/ingeborgschuessler\/?page_id=424"},"modified":"2022-11-14T20:58:39","modified_gmt":"2022-11-14T19:58:39","slug":"uni-lausanne","status":"publish","type":"page","link":"https:\/\/people.unil.ch\/ingeborgschuessler\/enseignements\/uni-lausanne\/","title":{"rendered":"Section de philosophie. Universit\u00e9 de Lausanne"},"content":{"rendered":"\n<h3 class=\"wp-block-heading\"><\/h3>\n\n\n\n<h5 class=\"wp-block-heading\">Ann\u00e9e universitaire 1981\/2<\/h5>\n\n\n\n<p><strong>1\/2. Hiver et \u00e9t\u00e9<\/strong><br>Cours g\u00e9n\u00e9ral. 2 heures. 1\u00e8re ann\u00e9e.<br>Qu&rsquo;est que la philosophie? (Introduction \u00e0 la syst\u00e9matique de la philosophie).<\/p>\n\n\n\n<p><strong>3\/4. Hiver et \u00e9t\u00e9<\/strong><br>Cours\/s\u00e9minaire. 2 heures. 2e partie.<br>Le probl\u00e8me de la nature organique chez Kant (<em>Critique de la facult\u00e9 de juger<\/em>. Seconde partie. \u00ab\u00a0Critique de la facult\u00e9 t\u00e9l\u00e9ologique\u00a0\u00bb).<\/p>\n\n\n\n<p><strong>5\/6. Hiver et \u00e9t\u00e9<\/strong><br>Cours\/s\u00e9minaire. 2 heures. 2e partie.<br>La question de la technique chez M. Heidegger.<\/p>\n\n\n\n<h5 class=\"wp-block-heading\">Ann\u00e9e universitaire 1982\/3<\/h5>\n\n\n\n<p><strong>7\/8. Hiver et \u00e9t\u00e9<\/strong><br>Cours g\u00e9n\u00e9ral. 2 heures. Toutes les ann\u00e9es.<br>Introduction \u00e0 la philosophie contemporaine :&nbsp;La philosophie \u00e0 l&rsquo;\u00e9poque de la \u00ab\u00a0rescendance\u00a0\u00bb de la M\u00e9taphysique I&nbsp;(Hegel \u2013 Schopenhauer \u2013 Nietzsche).<\/p>\n\n\n\n<p><strong>9\/10. Hiver et \u00e9t\u00e9<\/strong><br>Cours\/s\u00e9minaire. 2 heures. 2e partie.<br>L&rsquo;Id\u00e9e absolue dans la <em>Grande Logique<\/em> de Hegel.<\/p>\n\n\n\n<p><strong>11\/12. Hiver et \u00e9t\u00e9<\/strong><br>Cours\/s\u00e9minaire. 2 heures. 2e partie.<br>Le concept de travail dans les <em>Manuscrits de 44<\/em> de K. Marx.<\/p>\n\n\n\n<h5 class=\"wp-block-heading\">Ann\u00e9e universitaire 1983\/4<\/h5>\n\n\n\n<p><strong>13. Hiver<\/strong><br>Cours g\u00e9n\u00e9ral. 2 heures. Toutes les ann\u00e9es.<br>Introduction \u00e0 la philosophie contemporaine :&nbsp;La philosophie \u00e0 l&rsquo;\u00e9poque de la \u00ab\u00a0rescendance\u00a0\u00bb de la M\u00e9taphysique II&nbsp;(Hegel \u2013 Marx \u2013 Kierkegaard \u2013 Le Positivisme des sciences).<\/p>\n\n\n\n<p><strong>14\/15. Hiver et \u00e9t\u00e9<\/strong><br>Cours\/s\u00e9minaire. 2 heures. 2e partie.<br>La fondation de la science moderne chez Descartes\u00a0(<em>Regulae ad directionem ingenii<\/em>).<\/p>\n\n\n\n<p><strong>16\/17. Hiver et \u00e9t\u00e9<\/strong><br>Cours\/s\u00e9minaire. 2 heures. 2e partie.<br>Le nihilisme occidental\u00a0(Nietzsche, <em>Fragments postumes<\/em>).<\/p>\n\n\n\n<p><strong>18. Et\u00e9<\/strong><br>Cours g\u00e9n\u00e9ral. 2 heures. Toutes les ann\u00e9es.<br>Introduction \u00e0 la philosophie contemporaine : La ph\u00e9nom\u00e9nologie de Husserl.<\/p>\n\n\n\n<h5 class=\"wp-block-heading\">Ann\u00e9e universitaire 1984\/85<\/h5>\n\n\n\n<p><strong>19. Hiver<\/strong><br>Cours g\u00e9n\u00e9ral. 2 heures. Toutes les ann\u00e9es.<br>Introduction \u00e0 la philosophie contemporaine :\u00a0La pens\u00e9e postm\u00e9taphysique de Heidegger I\u00a0(L&rsquo;analytique existentiale dans <em>Etre et Temps<\/em>).<\/p>\n\n\n\n<p><strong>20. Hiver<\/strong><br>Cours\/s\u00e9minaire. 2 heures. 2e partie.<br>L&rsquo;Ontologie de Platon\u00a0(<em>Le Sophiste<\/em>, passages choisis).<\/p>\n\n\n\n<p><strong>21\/22. Hiver et \u00e9t\u00e9<\/strong><br>Cours\/s\u00e9minaire. 2 heures. 2e partie.<br>Le probl\u00e8me de la libert\u00e9 chez Schelling\u00a0(<em>Ecrit sur la libert\u00e9<\/em>).<\/p>\n\n\n\n<p>23. Et\u00e9<br>Cours\/s\u00e9minaire. 2 heures. 2e partie.<br>La philosophie pratique de Kant\u00a0(<em>Les fondements de la m\u00e9taphysique des m\u0153urs<\/em>).<\/p>\n\n\n\n<h5 class=\"wp-block-heading\">Ann\u00e9e universitaire 1985\/6<\/h5>\n\n\n\n<p><strong>24. Hiver<\/strong><br>Cours g\u00e9n\u00e9ral. 2 heures. Toutes les ann\u00e9es.<br>Introduction \u00e0 la philosophie contemporaine :&nbsp;La philosophie \u00e0 l&rsquo;\u00e9poque de la \u00ab\u00a0rescendance\u00a0\u00bb de la M\u00e9taphysique I&nbsp;(Hegel \u2013 Schopenhauer \u2013 Nietzsche).<\/p>\n\n\n\n<p><strong>25. Hiver<\/strong><br>Cours\/s\u00e9minaire. 2 heures. 2e partie.<br>La fondation de la m\u00e9taphysique moderne chez Descartes\u00a0(<em>Les M\u00e9ditations<\/em>).<\/p>\n\n\n\n<p><strong>26\/7. Hiver et \u00e9t\u00e9<\/strong><br>Cours\/s\u00e9minaire. 2 heures. 2e partie.<br>Ethique et Th\u00e9ologie dans la \u00ab\u00a03e Critique\u00a0\u00bb de Kant.\u00a0(<em>Critique de la facult\u00e9 de juger<\/em>. \u00ab\u00a0Annexe : La doctrine de la m\u00e9thode de la facult\u00e9 de juger t\u00e9l\u00e9ologique\u00a0\u00bb).<\/p>\n\n\n\n<p><strong>28. Et\u00e9<\/strong><br>Cours g\u00e9n\u00e9ral. 2 heures. Toutes les ann\u00e9es<br>Les philosophies de l&rsquo;existence du 20e si\u00e8cle I&nbsp;(Camus, Sartre).<\/p>\n\n\n\n<p><strong>29. Et\u00e9<\/strong><br>Cours\/s\u00e9minaire. 2 heures. 2e partie.<br>Le communisme positif dans les <em>Manuscrits de 44 <\/em>de K. Marx.<\/p>\n\n\n\n<h5 class=\"wp-block-heading\">Ann\u00e9e universitaire 1986\/7<\/h5>\n\n\n\n<p><strong>30. Hiver<\/strong><br>Cours g\u00e9n\u00e9ral. 2 heures. Toutes les ann\u00e9es.<br>Introduction \u00e0 la philosophie contemporaine :&nbsp;La philosophie \u00e0 l&rsquo;\u00e9poque de la \u00ab\u00a0rescendance\u00a0\u00bb de la M\u00e9taphysique II&nbsp;(Hegel \u2013 Marx \u2013 Kierkegaard \u2013 Le Positivisme des sciences).<\/p>\n\n\n\n<p><strong>31. Hiver<\/strong><br>Cours\/s\u00e9minaire. 2 heures. 2e partie.<br>La philosophie du langage chez E. Husserl\u00a0(<em>Recherches logiques<\/em>. \u00ab\u00a01\u00e8re Recherche : Expression et signification\u00a0\u00bb).<\/p>\n\n\n\n<p><strong>32. Hiver<\/strong><br>Cours\/s\u00e9minaire. 2 heures. 2e partie.<br>La dialectique du ma\u00eetre et de l&rsquo;esclave\u00a0(Hegel, <em>Ph\u00e9nom\u00e9nologie de l&rsquo;esprit<\/em>).<\/p>\n\n\n\n<p><strong>33. Et\u00e9<\/strong><br>Cours g\u00e9n\u00e9ral. 2 heures. Toutes les ann\u00e9es.<br>Introduction \u00e0 la philosophie contemporaine :&nbsp;Les philosophies de l&rsquo;existence du 20e si\u00e8cle II&nbsp;(Gabriel Marcel).<\/p>\n\n\n\n<p><strong>34. Et\u00e9<\/strong><br>Cours\/s\u00e9minaire. 2 heures. 2e partie.<br>J. Derrida, commentateur de E. Husserl\u00a0(<em>La voix et le ph\u00e9nom\u00e8ne<\/em>).<\/p>\n\n\n\n<p><strong>35. Et\u00e9<\/strong><br>Cours\/s\u00e9minaire. 2 heures. 2e partie.<br>La pens\u00e9e pr\u00e9socratique d&rsquo;H\u00e9raclite&nbsp;(Fragments choisis).<\/p>\n\n\n\n<h5 class=\"wp-block-heading\">Ann\u00e9e universitaire 1987\/8<\/h5>\n\n\n\n<p><strong>36. Hiver<\/strong><br>Cours g\u00e9n\u00e9ral. 2 heures. Toutes les ann\u00e9es.<br>Introduction \u00e0 la philosophie contemporaine :\u00a0La pens\u00e9e postm\u00e9taphysique de M. Heidegger I\u00a0(L&rsquo;analytique existentiale dans <em>Etre et Temps<\/em>).<\/p>\n\n\n\n<p><strong>37. Hiver<\/strong><br>Cours\/s\u00e9minaire. 2 heures. 2e partie.<br>La fondation de l&rsquo;Ontologie chez Aristote (<em>Les Cat\u00e9gories<\/em>).<\/p>\n\n\n\n<p><strong>38. Hiver<\/strong><br>Cours\/s\u00e9minaire. 2 heures. 2e partie.<br>Probl\u00e8mes de l&rsquo;interpr\u00e9tation de la conscience morale&nbsp;(L&rsquo;interpr\u00e9tration m\u00e9taphysique chez Kant. L&rsquo;interpr\u00e9tation postm\u00e9taphysique chez M. Heidegger).<\/p>\n\n\n\n<p><strong>39. Et\u00e9<\/strong><br>Cours g\u00e9n\u00e9ral. 2 heures. Toutes les ann\u00e9es.<br>Introduction \u00e0 la philosophie contemporaine :&nbsp;Les philosophies de l&rsquo;existence du 20e si\u00e8cle I&nbsp;(Camus \u2013 Sartre \u2013 Marcel \u2013 Jaspers)<\/p>\n\n\n\n<p><strong>40. Et\u00e9<\/strong><br>Cours\/s\u00e9minaire. 2 heures. 2e partie.<br>L&rsquo;Id\u00e9alisme transcendantal de J. G. Fichte&nbsp;(1\u00e8re Introduction \u00e0 la Doctrine de la science, 1797).<\/p>\n\n\n\n<p><strong>41. Et\u00e9<\/strong><br>Cours\/s\u00e9minaire. 2 heures. 2e partie.<br>L&rsquo;interpr\u00e9tation postm\u00e9taphysique de la conscience morale chez M. Heidegger (<em>Etre et Temps<\/em>, \u00a7\u00a7 54-60).<\/p>\n\n\n\n<h5 class=\"wp-block-heading\">Ann\u00e9e universitaire 1988\/9<\/h5>\n\n\n\n<p><strong>42\/3. Hiver et \u00e9t\u00e9<\/strong><br>Cours g\u00e9n\u00e9ral. 2 heures. Toutes les ann\u00e9es.<br>Introduction \u00e0 la philosophie contemporaine :&nbsp;Positions au sujet de la soci\u00e9t\u00e9 industrielle I :&nbsp;Marx et la fondation de la soci\u00e9t\u00e9 industrielle.<\/p>\n\n\n\n<p><strong>44. Hiver<\/strong><br>Cours\/s\u00e9minaire. 2 heures. A partir de la 2e ann\u00e9e et 2e partie.<br>Le probl\u00e8me des cat\u00e9gories chez Kant\u00a0(<em>Critique de la raison pure<\/em>, passages choisis).<\/p>\n\n\n\n<p><strong>45\/6. Hiver et \u00e9t\u00e9<\/strong><br>Cours\/s\u00e9minaire. 2 heures. 2e partie.<br>K. Marx, Le Capital (passages choisis).<\/p>\n\n\n\n<p><strong>47. Et\u00e9<\/strong><br>Cours\/s\u00e9minaire. 2 heures. 2e partie.<br>Probl\u00e8mes postm\u00e9taphysiques du d\u00e9but de la pens\u00e9e occidentale&nbsp;(M. Heidegger, \u00ab\u00a0Logos. H\u00e9raclite\u00a0\u00bb).<\/p>\n\n\n\n<h5 class=\"wp-block-heading\">Ann\u00e9e universitaire 1989\/90<\/h5>\n\n\n\n<p><strong>Hiver<\/strong><br>Semestre sabbatique.<\/p>\n\n\n\n<p><strong>48. Et\u00e9<\/strong><br>Cours g\u00e9n\u00e9ral. 2 heures. Toutes les ann\u00e9es.<br>La philosophie transcendantale de Kant.<\/p>\n\n\n\n<p><strong>49. Et\u00e9<\/strong><br>Cours\/s\u00e9minaire. A partir de la 2e ann\u00e9e et 2e partie.<br>Probl\u00e8mes de la notion de v\u00e9rit\u00e9\u00a0(Thomas d&rsquo;Aquin, <em>De veritate<\/em>. \u00ab\u00a0Quaestio I\u00a0\u00bb. Nietzsche , <em>Fragments tardifs.<\/em>)<\/p>\n\n\n\n<p><strong>50. Et\u00e9<\/strong><br>S\u00e9minaire de recherche. 2 heures. A partir de la 4e ann\u00e9e et \u00e9tudes postgradu\u00e9es.<br>La philosophie politique de J. G. Fichte I\u00a0(<em>Le fondement du droit naturel<\/em>, 1796\/7).<\/p>\n\n\n\n<h5 class=\"wp-block-heading\">Ann\u00e9e universitaire 1990\/1<\/h5>\n\n\n\n<p><strong>51\/2. Hiver et \u00e9t\u00e9<\/strong><br>Cours g\u00e9n\u00e9ral. 2 heures. Toutes les ann\u00e9es.<br>Introduction \u00e0 la pens\u00e9e contemporaine :\u00a0La pens\u00e9e postm\u00e9taphysique de M. Heidegger II.\u00a0(La diff\u00e9rence ontologique et le tournant).<\/p>\n\n\n\n<p><strong>53\/4. Hiver et \u00e9t\u00e9<\/strong><br>Cours\/s\u00e9minaire. 2 heures. A partir de la 2e ann\u00e9e et 2e partie.<br>La question de l&rsquo;art chez A. Schopenhauer\u00a0(<em>Le monde comme volont\u00e9 et repr\u00e9sentation<\/em>, livre III).<\/p>\n\n\n\n<p><strong>55\/6. Hiver et \u00e9t\u00e9<\/strong><br>S\u00e9minaire de recherche. 2 heures. A partir de la 4e ann\u00e9e et \u00e9tudes postgradu\u00e9es.<br>La philosophie politique de J. G. Fichte II\u00a0(<em>Le fondement du droit naturel<\/em>, 1796\/7).<\/p>\n\n\n\n<h5 class=\"wp-block-heading\">Ann\u00e9e universitaire 1991\/2<\/h5>\n\n\n\n<p><strong>57\/8. Hiver et \u00e9t\u00e9<\/strong><br>Cours g\u00e9n\u00e9ral. 2 heures. Toutes les ann\u00e9es.<br>La question de la v\u00e9rit\u00e9 dans l&rsquo;histoire de la philosophie occidentale&nbsp;(Thomas d&rsquo;Aquin \u2013 Nietzsche \u2013 Kant \u2013 Aristote).<\/p>\n\n\n\n<p><strong>59\/60. Hiver et \u00e9t\u00e9<\/strong><br>Cours\/s\u00e9minaire. 2 heures. A partir de la 2e ann\u00e9e et 2e partie.<br>La philosophie de l&rsquo;art chez Nietzsche\u00a0(<em>La naissance de la trag\u00e9die \u00e0 partir de l&rsquo;esprit de la musique<\/em> 1872 et <em>Fragments tardifs<\/em>).<\/p>\n\n\n\n<p><strong>61. Hiver<\/strong><br>S\u00e9minaire de recherche. 2 heures. A partir de la 4e ann\u00e9e et \u00e9tudes postgradu\u00e9es : en collaboration avec les professeurs R. C\u00e9lis, P. Gisel, D. Muller.<br>La libert\u00e9 et le mal chez Kant et Schelling\u00a0(Kant, <em>La religion \u00e0 l&rsquo;int\u00e9rieur des limites de la simple raison<\/em> 1793, passages choisis. Schelling, <em>Ecrit sur la libert\u00e9 <\/em>1809).<\/p>\n\n\n\n<p><strong>62. Et\u00e9<\/strong><br>S\u00e9minaire de recherche. 2 heures. A partir de la 4e ann\u00e9e et \u00e9tudes postgradu\u00e9es.<br>Questions fondamentales de la philosophie de l&rsquo;art I\u00a0(Platon et le probl\u00e8me de la beaut\u00e9. <em>R\u00e9publique<\/em>, livres II, III, X. <em>Le Banquet<\/em>, <em>Ph\u00e8dre<\/em>, passages choisis).<\/p>\n\n\n\n<h5 class=\"wp-block-heading\">Ann\u00e9e universitaire 1992\/3<\/h5>\n\n\n\n<p><strong>64\/65. Hiver et \u00e9t\u00e9<\/strong><br>Cours g\u00e9n\u00e9ral. 2 heures. Toutes les ann\u00e9es.<br>Art et Connaissance dans l\u2019histoire de pens\u00e9e occidentale I&nbsp;(La fondation de la philosophie de l\u2019art \u00e0 l\u2019antiquit\u00e9 grecque.&nbsp;Platon et Aristote)<\/p>\n\n\n\n<p><strong>66. Hiver<\/strong><br>Cours\/s\u00e9minaire. 2 heures. A partir de la 2e ann\u00e9e et 2e partie.<br>Introduction \u00e0 la philosophie de la Renaissance, passage du Moyen-Age aux Temps modernes\u00a0(Nicolas de Cues, <em>De mente<\/em>. Passages choisis).<\/p>\n\n\n\n<p><strong>67. Hiver<\/strong><br>3e cycle romand. 50 heures, En collaboration avec les professeurs R. C\u00e9lis (Lausanne), A. de Muralt (Gen\u00e8ve), et le privat-docent E. Marbach (Berne).<br>Art et Connaissance&nbsp;(Positions fondamentales au cours de l&rsquo;histoire de la pens\u00e9e occidentale).<\/p>\n\n\n\n<p><strong>68. Et\u00e9<\/strong><br>Cours\/s\u00e9minaire. 2 heures. A partir de la 2e ann\u00e9e et 2e partie.<br>L&rsquo;interpr\u00e9tation postm\u00e9taphysique de l&rsquo;art chez M. Heidegger&nbsp;(\u00ab\u00a0L&rsquo;origine de l&rsquo;oeuvre d&rsquo;art\u00a0\u00bb).<\/p>\n\n\n\n<p><strong>69. Et\u00e9<\/strong><br>Cours\/s\u00e9minaire. 2 heures. 2e partie.<br>La philosophie du langage \u00e0 l&rsquo;\u00e9poque de l&rsquo;Id\u00e9alisme allemand\u00a0(W. von Humboldt, <em>La diff\u00e9rence de la constitution du langage humain et son influence sur le d\u00e9veloppement spirituel du genre humain<\/em>, 1830-1835. Passages choisis).<\/p>\n\n\n\n<h5 class=\"wp-block-heading\">Ann\u00e9e universitaire 1993\/4<\/h5>\n\n\n\n<p><strong>70\/71. Hiver et \u00e9t\u00e9<\/strong><br>Cours g\u00e9n\u00e9ral. 2 heures. Toutes les ann\u00e9es.<br>Art et Connaissance dans l\u2019histoire de la philosophie occidentale.\u00a0La fondation de la philosophie de l\u2019art \u00e0 l\u2019Antiquit\u00e9 grecque et son d\u00e9ploiement aux temps modernes. Ebauche d\u2019une syst\u00e9matique des positions fondamentales : 2. Beaut\u00e9 et libert\u00e9 dans l\u2019Id\u00e9alisme transcendantal chez Kant.<\/p>\n\n\n\n<p><strong>72\/73. Hiver et \u00e9t\u00e9<\/strong><br>S\u00e9minaire de recherche. 2 heures. A partir de la 4e ann\u00e9e et \u00e9tudes postgradu\u00e9es.<br>Ph\u00e9nom\u00e9nologie et herm\u00e9neutique : M. Heidegger : <em>Contributions \u00e0 la philosophie. De l&rsquo;Appropriement<\/em>. Traduction et interpr\u00e9tation.<\/p>\n\n\n\n<p><strong>74\/5. Hiver et \u00e9t\u00e9<\/strong><br>Cours\/s\u00e9minaire. 2 heures. A partir de la 2e ann\u00e9e et 2e partie.<br>Introduction \u00e0 la philosophie du droit de Hegel\u00a0(<em>Les fondements de la philosophie du droit<\/em>, passages choisis).<\/p>\n\n\n\n<h5 class=\"wp-block-heading\">Ann\u00e9e universitaire 1994\/5<\/h5>\n\n\n\n<p><strong>76\/7. Hiver et \u00e9t\u00e9<\/strong><br>Cours g\u00e9n\u00e9ral. 2 heures. Toutes les ann\u00e9es.<br>Art et connaissance dans la philosophie moderne et contemporaine III&nbsp;(Kant \u2013 Schiller).<\/p>\n\n\n\n<p><strong>78\/9. Hiver et \u00e9t\u00e9<\/strong><br>S\u00e9minaire de recherche. 2 heures. A partir de la 4e ann\u00e9e et \u00e9tudes postgradu\u00e9es.<br>Ph\u00e9nom\u00e9nologie et herm\u00e9neutique : M. Heidegger : <em>Contributions \u00e0 la philosophie. De l&rsquo;Appropriement<\/em>. Traduction et interpr\u00e9tation. II.<\/p>\n\n\n\n<p><strong>80\/1. Hiver et \u00e9t\u00e9<\/strong><br>Cours\/s\u00e9minaire. 2 heures. 2e ann\u00e9e et 2e partie.<br>G\u00e9n\u00e9alogie de la philosophie du langage : Probl\u00e8mes de la fondation de la philosophie du langage (Heidegger, Platon, textes choisis).<\/p>\n\n\n\n<h5 class=\"wp-block-heading\">Ann\u00e9e universitaire 1995\/6<\/h5>\n\n\n\n<p><strong>82\/3. Hiver et \u00e9t\u00e9<\/strong><br>Cours g\u00e9n\u00e9ral. 2 heures. Toutes les ann\u00e9es.<br>Art et connaissance dans la philosophie moderne et contemporaine III&nbsp;(Kant \u2013 Schiller \u2013 Schelling).<\/p>\n\n\n\n<p><strong>84\/5. Hiver et \u00e9t\u00e9<\/strong><br>S\u00e9minaire de recherche. 2 heures. A partir de la 4e ann\u00e9e et \u00e9tudes postgradu\u00e9es.<br>Ph\u00e9nom\u00e9nologie et herm\u00e9neutique : M. Heidegger : <em>Contributions \u00e0 la philosophie. De l&rsquo;Appropriement<\/em>. Traduction et interpr\u00e9tation. Suite.<\/p>\n\n\n\n<p><strong>86. Hiver<\/strong><br>Cours\/s\u00e9minaire. 2 heures. 2e ann\u00e9e et 2e partie.<br>La fondation de l&rsquo;individualit\u00e9 chez Leibniz\u00a0(<em>Discours de m\u00e9taphysique<\/em>).<\/p>\n\n\n\n<p><strong>87. Et\u00e9<\/strong><br>Cours\/s\u00e9minaire. 2 heures. 2e ann\u00e9e et 2e partie.<br>Introduction \u00e0 la philosophie du droit de Hegel\u00a0(<em>Les fondements de la philosophie du droit<\/em>, passages choisis).<\/p>\n\n\n\n<h5 class=\"wp-block-heading\">Ann\u00e9e universitaire 1996\/7<\/h5>\n\n\n\n<p><strong>88\/9. Hiver et \u00e9t\u00e9<\/strong><br>Cours g\u00e9n\u00e9ral. 2 heures. Toutes les ann\u00e9es.<br>Art et v\u00e9rit\u00e9 dans la philosophie contemporaine IV.&nbsp;Introduction \u00e0 l\u2019esth\u00e9tique de Hegel I.<\/p>\n\n\n\n<p><strong>89\/90. Hiver et \u00e9t\u00e9<\/strong><br>S\u00e9minaire de recherche. 2 heures. 2e partie avanc\u00e9e et \u00e9tudes postgradu\u00e9es.<br>Ph\u00e9nom\u00e9nologie et herm\u00e9neutique : M. Heidegger : <em>Contributions \u00e0 la philosophie. De l&rsquo;Appropriement<\/em>. Traduction et interpr\u00e9tation. Suite.<\/p>\n\n\n\n<p><strong>91. Hiver<\/strong><br>Cours\/s\u00e9minaire. 2 heures. 2e ann\u00e9e et 2e partie.<br>La fondation de la philosophie du langage\u00a0(Platon, <em>Le Cratyle<\/em>)<\/p>\n\n\n\n<p><strong>92. Et\u00e9<\/strong><br>Cours\/s\u00e9minaire. 2 heures. 2e ann\u00e9e et 2e partie.<br>La volont\u00e9 et son apaisement chez Schopenhauer\u00a0(<em>Le monde comme volont\u00e9 et repr\u00e9sentation.<\/em> livre IV)<\/p>\n\n\n\n<h5 class=\"wp-block-heading\">Ann\u00e9e universitaire 1997\/8<\/h5>\n\n\n\n<p><strong>93. Hiver<\/strong><br>Cours g\u00e9n\u00e9ral. 2 heures. Toutes les ann\u00e9es.<br>Art et V\u00e9rit\u00e9 dans l\u2019esth\u00e9tique de Hegel II.<\/p>\n\n\n\n<p><strong>94. Hiver<\/strong><br>S\u00e9minaire de recherche. 2 heures. 2e partie avanc\u00e9e et \u00e9tudes postgradu\u00e9es.<br>Philosophie et sciences: Kant, <em>Opus posthumum<\/em>.<\/p>\n\n\n\n<p><strong>95. Hiver<\/strong><br>Cours\/s\u00e9minaire. 2 heures. 2e ann\u00e9e et 2e partie.<br>La volont\u00e9 et son apaisement chez Schopenhauer II\u00a0(<em>Le monde comme volont\u00e9 et repr\u00e9sentation<\/em>. Livre IV).<\/p>\n\n\n\n<p><strong>Et\u00e9<\/strong><br>Semestre sabbatique.<\/p>\n\n\n\n<h5 class=\"wp-block-heading\">Ann\u00e9e universitaire 1998\/9<\/h5>\n\n\n\n<p><strong>96\/7. Hiver et \u00e9t\u00e9<\/strong><br>Cours g\u00e9n\u00e9ral. 2 heures. Toutes les ann\u00e9es.<br>Philosophie et po\u00e9sie. Un dialogue actuel: Heidegger et H\u00f6lderlin.<\/p>\n\n\n\n<p><strong>97\/8. Hiver et \u00e9t\u00e9<\/strong><br>Cours\/s\u00e9minaire. 2 heures. 2e ann\u00e9e et 2e partie.<br>Philosophie et science chez Kant.<\/p>\n\n\n\n<p><strong>99. Hiver<\/strong><br>3e cycle 60h. (en collaboration avec D. Omeara\/Universit\u00e9 de Fribourg).<br>Conceptions de la v\u00e9rit\u00e9 dans la philosophie antique et dans les id\u00e9alismes modernes.<\/p>\n\n\n\n<p><strong>100. Et\u00e9<\/strong><br>S\u00e9minaire de recherche. 2 heures. 2e partie avanc\u00e9e et \u00e9tudes postgradu\u00e9es.<br>La question de la v\u00e9rit\u00e9 chez Nietzsche.<\/p>\n\n\n\n<h5 class=\"wp-block-heading\">Ann\u00e9e universitaire 1999\/2000<\/h5>\n\n\n\n<p><strong>101\/2. Hiver et \u00e9t\u00e9<\/strong><br>Cours g\u00e9n\u00e9ral. 2 heures. Toutes les ann\u00e9es.<br>La philosophie transcendantale de Kant I.<\/p>\n\n\n\n<p><strong>102\/3. Hiver et \u00e9t\u00e9<\/strong><br>Cours\/s\u00e9minaire. 2 heures. 2e ann\u00e9e et 2e partie.<br>Philosophie et pratique chez K. Marx (<em>L\u2019Id\u00e9ologie allemande<\/em>).<\/p>\n\n\n\n<p><strong>104. Hiver<\/strong><br>S\u00e9minaire de recherche. 2 heures. 2e partie avanc\u00e9e et \u00e9tudes postgradu\u00e9es.<br>Th\u00e9ories de la v\u00e9rit\u00e9 au 20e si\u00e8cle&nbsp;(Frege, James, Russel, Carnap, Popper, Tarski, Austin).<\/p>\n\n\n\n<p><strong>105. Et\u00e9<\/strong><br>S\u00e9minaire de recherche. 2 heures. 2e partie avanc\u00e9e et \u00e9tudes postgradu\u00e9es.<br>Le statut de la terre selon Husserl.<\/p>\n\n\n\n<h5 class=\"wp-block-heading\">Ann\u00e9e universitaire 2000\/01<\/h5>\n\n\n\n<p><strong>106\/7. Hiver et \u00e9t\u00e9<\/strong><br>Cours g\u00e9n\u00e9ral. 2 heures. Toutes les ann\u00e9es.<br>La philosophie transcendantale de Kant II.<\/p>\n\n\n\n<p><strong>108. Hiver<\/strong><br>Cours\/s\u00e9minaire. 2 heures. 2e ann\u00e9e et 2e partie.<br>La philosophie du langage chez Wilhelm von Humboldt.<\/p>\n\n\n\n<p><strong>109. Et\u00e9<\/strong><br>Cours\/s\u00e9minaire. 2 heures. 2e ann\u00e9e et 2e partie.<br>Probl\u00e8mes fondamentaux de la philosophie du vivant. Aristote, <em>De Anima<\/em>.<\/p>\n\n\n\n<p><strong>110\/11. Hiver et \u00e9t\u00e9<\/strong><br>S\u00e9minaire de recherche. 2 heures. 2e partie avanc\u00e9e et \u00e9tudes postgradu\u00e9es.<br>Certitude et v\u00e9rit\u00e9. Le tournant de la pens\u00e9e moderne vers l\u2019absolu chez J.-G. Fichte (<em>Doctrine de la science<\/em> 1801\/02).<\/p>\n\n\n\n<h5 class=\"wp-block-heading\">Ann\u00e9e universitaire 2001\/02<\/h5>\n\n\n\n<p><strong>112\/13. Hiver et \u00e9t\u00e9<\/strong><br>Cours g\u00e9n\u00e9ral. 2 heures. Toutes les ann\u00e9es.<br>La philosophie transcendantale de Kant III.<\/p>\n\n\n\n<p><strong>114\/15. Hiver et \u00e9t\u00e9<\/strong><br>Cours\/s\u00e9minaire. 2 heures. 2e ann\u00e9e et 2e partie.<br>L\u2019interpr\u00e9tation postm\u00e9taphysique du vivant chez M. Heidegger.<\/p>\n\n\n\n<p><strong>116\/17. Hiver et \u00e9t\u00e9<\/strong><br>2e partie et 3e cycle. 2 heures. S\u00e9minaire de recherche.<br>La question du vivant au d\u00e9but des temps modernes (Descartes et Leibniz).<\/p>\n\n\n\n<p>2 colloques :<br>31.01.\u2013 02.02.2002 (Modernit\u00e9) (dirig\u00e9 par R. C\u00e9lis et I. Sch\u00fcssler).<br>30.05.\u2013 01.05.2002 (Antiquit\u00e9 et Moyen-Age) (dirig\u00e9 par. A. Neschke et D. O\u2019Meara).<\/p>\n\n\n\n<p><strong>118.<\/strong><br>3e cycle.<br>Les conceptions du vivant et de la vie dans l\u2019histoire de la philosophie et dans la philosophie contemporaine.<\/p>\n\n\n\n<h5 class=\"wp-block-heading\">Ann\u00e9e universitaire 2002\/03<\/h5>\n\n\n\n<p><strong>119\/20. Hiver et \u00e9t\u00e9<\/strong><br>Cours\/s\u00e9minaire, 2 heures, 2e partie.<br>Les formes de l\u2019art. Hegel, Cours d\u2019esth\u00e9tique.<\/p>\n\n\n\n<p><strong>121\/22. Hiver et \u00e9t\u00e9<\/strong><br>Cours g\u00e9n\u00e9ral, 2 heures, toutes les ann\u00e9es.<br>Introduction \u00e0 la philosophie du langage I\u00a0(Le probl\u00e8me actuel du langage et la fondation de la philosophie du langage \u00e0 l\u2019antiquit\u00e9 grecque. H\u00e9raclite, Parm\u00e9nide, les Sophistes, Platon, Aristote).<\/p>\n\n\n\n<p><strong>122\/23.<\/strong><br>Cours\/s\u00e9minaire. 2 heures. 2e ann\u00e9e et 2e partie.<br>\u00c9closion ou fabrication ? Probl\u00e8mes fondamentaux du vivant dans la philosophie occidentale (Platon. <em>Le Tim\u00e9e<\/em>).<\/p>\n\n\n\n<h5 class=\"wp-block-heading\">Ann\u00e9e universitaire 2003\/04<\/h5>\n\n\n\n<p><strong>124\/25. Hiver et \u00e9t\u00e9<\/strong><br>Cours\/s\u00e9minaire, 2 heures, 2e partie.<br>Introduction \u00e0 la 2e \u0153uvre principale de M. Heidegger : <em>Apports \u00e0 la philosophie. De l&rsquo;Appropriement<\/em>.<\/p>\n\n\n\n<p><strong>125\/26. Hiver et \u00e9t\u00e9<\/strong><br>Cours g\u00e9n\u00e9ral, 2 h, toutes les ann\u00e9es.<br>Introduction \u00e0 la philosophie du langage II.<\/p>\n\n\n\n<p><strong>127\/128. Hiver et \u00e9t\u00e9<\/strong><br>Cours\/s\u00e9minaire, 2 heures, 2e-4e ann\u00e9e.<br>Le d\u00e9clin de la m\u00e9taphysique et ses potentialit\u00e9s.\u00a0Nietzsche, <em>Les Dithyrambes de Dionysos<\/em>.<\/p>\n","protected":false},"excerpt":{"rendered":"<p>Ann\u00e9e universitaire 1981\/2 1\/2. Hiver et \u00e9t\u00e9Cours g\u00e9n\u00e9ral. 2 heures. 1\u00e8re ann\u00e9e.Qu&rsquo;est que la philosophie? (Introduction \u00e0 la syst\u00e9matique de la philosophie). 3\/4. Hiver et \u00e9t\u00e9Cours\/s\u00e9minaire. 2 heures. 2e partie.Le &hellip; <\/p>\n","protected":false},"author":1001081,"featured_media":0,"parent":193,"menu_order":0,"comment_status":"closed","ping_status":"closed","template":"","meta":{"_seopress_robots_primary_cat":"","_seopress_titles_title":"","_seopress_titles_desc":"","_seopress_robots_index":"","footnotes":""},"class_list":["post-424","page","type-page","status-publish"],"_links":{"self":[{"href":"https:\/\/people.unil.ch\/ingeborgschuessler\/wp-json\/wp\/v2\/pages\/424","targetHints":{"allow":["GET"]}}],"collection":[{"href":"https:\/\/people.unil.ch\/ingeborgschuessler\/wp-json\/wp\/v2\/pages"}],"about":[{"href":"https:\/\/people.unil.ch\/ingeborgschuessler\/wp-json\/wp\/v2\/types\/page"}],"author":[{"embeddable":true,"href":"https:\/\/people.unil.ch\/ingeborgschuessler\/wp-json\/wp\/v2\/users\/1001081"}],"replies":[{"embeddable":true,"href":"https:\/\/people.unil.ch\/ingeborgschuessler\/wp-json\/wp\/v2\/comments?post=424"}],"version-history":[{"count":0,"href":"https:\/\/people.unil.ch\/ingeborgschuessler\/wp-json\/wp\/v2\/pages\/424\/revisions"}],"up":[{"embeddable":true,"href":"https:\/\/people.unil.ch\/ingeborgschuessler\/wp-json\/wp\/v2\/pages\/193"}],"wp:attachment":[{"href":"https:\/\/people.unil.ch\/ingeborgschuessler\/wp-json\/wp\/v2\/media?parent=424"}],"curies":[{"name":"wp","href":"https:\/\/api.w.org\/{rel}","templated":true}]}}