{"id":426,"date":"2022-10-30T21:05:43","date_gmt":"2022-10-30T20:05:43","guid":{"rendered":"https:\/\/people.unil.ch\/ingeborgschuessler\/?page_id=426"},"modified":"2022-11-14T20:59:44","modified_gmt":"2022-11-14T19:59:44","slug":"prof-invite","status":"publish","type":"page","link":"https:\/\/people.unil.ch\/ingeborgschuessler\/enseignements\/prof-invite\/","title":{"rendered":"Enseignements en qualit\u00e9 de professeur invit\u00e9 \/ Gastprofessuren"},"content":{"rendered":"\n<h3 class=\"wp-block-heading\"><\/h3>\n\n\n\n<h5 class=\"wp-block-heading\">Philosophisches Seminar der Universit\u00e4t Z\u00fcrich<\/h5>\n\n\n\n<p><strong>WS 1982\/3<\/strong><br>Vorlesung 2 Std.<br>Das Verh\u00e4ltnis von Theorie und Praxis in der Philosophie des Aristoteles.<br>Kolloquium zur Vorlesung 1 St.<\/p>\n\n\n\n<p><strong>WS 1985\/6<\/strong><br>Vorlesung 2 Std.<br>Sophistik und Politik in den Sp\u00e4tdialogen Platos.<br>Hauptseminar 2 Std.<br>Plato, <em>Politikos<\/em>.<\/p>\n\n\n\n<h5 class=\"wp-block-heading\">Section de philosophie de l&rsquo;Universit\u00e9 de Neuch\u00e2tel<\/h5>\n\n\n\n<p><strong>Semestre d&rsquo;hiver 1994\/5<br><\/strong>Cours g\u00e9n\u00e9ral. 2 heures. Toutes les ann\u00e9es.<br>Introduction \u00e0 la pens\u00e9e postm\u00e9taphysique de M. Heidegger.<br>Philosophisches Seminar der Hochschule Luzern.<\/p>\n\n\n\n<h5 class=\"wp-block-heading\">Philosophisches Seminar der Theologischen Hochschule Luzern<\/h5>\n\n\n\n<p><strong>Sommersemester 1995<br><\/strong>Vorlesung. 2 Std.<br>Einf\u00fchrung in die Philosophie der Kunst.<\/p>\n\n\n\n<h5 class=\"wp-block-heading\">Philosophisches Seminar der Universit\u00e4t Mainz\/BRD<\/h5>\n\n\n\n<p><strong>Sommersemester 1996<br><\/strong>Intensivkurs (20 Std.).<br>Einf\u00fchrung in Hegels Rechtsphilosophie.<\/p>\n\n\n\n<h5 class=\"wp-block-heading\">Universidad aut\u00f3noma de Chapingo\/Texcoco en colaboracion con la Universidad aut\u00f3noma de M\u00e9jico-City (M\u00e9jico)<\/h5>\n\n\n\n<p><strong>Agosto 1996<br><\/strong>Direcci\u00f3n de un curso de filosof\u00eda : <em>La tierra y lo sagrado<\/em>.<br>Ciclo de 6 conferencias incluso discusi\u00f3n : Parm\u00e9nides \u2013 Her\u00e1clito \u2013 Plat\u00f3n \u2013 Nietzsche \u2013 H\u00f6lderlin \u2013 Heidegger.<\/p>\n","protected":false},"excerpt":{"rendered":"<p>Philosophisches Seminar der Universit\u00e4t Z\u00fcrich WS 1982\/3Vorlesung 2 Std.Das Verh\u00e4ltnis von Theorie und Praxis in der Philosophie des Aristoteles.Kolloquium zur Vorlesung 1 St. WS 1985\/6Vorlesung 2 Std.Sophistik und Politik in &hellip; <\/p>\n","protected":false},"author":1001081,"featured_media":0,"parent":193,"menu_order":0,"comment_status":"closed","ping_status":"closed","template":"","meta":{"_seopress_robots_primary_cat":"","_seopress_titles_title":"","_seopress_titles_desc":"","_seopress_robots_index":"","footnotes":""},"class_list":["post-426","page","type-page","status-publish"],"_links":{"self":[{"href":"https:\/\/people.unil.ch\/ingeborgschuessler\/wp-json\/wp\/v2\/pages\/426","targetHints":{"allow":["GET"]}}],"collection":[{"href":"https:\/\/people.unil.ch\/ingeborgschuessler\/wp-json\/wp\/v2\/pages"}],"about":[{"href":"https:\/\/people.unil.ch\/ingeborgschuessler\/wp-json\/wp\/v2\/types\/page"}],"author":[{"embeddable":true,"href":"https:\/\/people.unil.ch\/ingeborgschuessler\/wp-json\/wp\/v2\/users\/1001081"}],"replies":[{"embeddable":true,"href":"https:\/\/people.unil.ch\/ingeborgschuessler\/wp-json\/wp\/v2\/comments?post=426"}],"version-history":[{"count":0,"href":"https:\/\/people.unil.ch\/ingeborgschuessler\/wp-json\/wp\/v2\/pages\/426\/revisions"}],"up":[{"embeddable":true,"href":"https:\/\/people.unil.ch\/ingeborgschuessler\/wp-json\/wp\/v2\/pages\/193"}],"wp:attachment":[{"href":"https:\/\/people.unil.ch\/ingeborgschuessler\/wp-json\/wp\/v2\/media?parent=426"}],"curies":[{"name":"wp","href":"https:\/\/api.w.org\/{rel}","templated":true}]}}