{"id":951,"date":"2023-07-22T18:58:31","date_gmt":"2023-07-22T16:58:31","guid":{"rendered":"https:\/\/people.unil.ch\/ingeborgschuessler\/?page_id=951"},"modified":"2023-07-22T19:01:26","modified_gmt":"2023-07-22T17:01:26","slug":"interviews-a-la-radio-suisse-romande","status":"publish","type":"page","link":"https:\/\/people.unil.ch\/ingeborgschuessler\/interviews-a-la-radio-suisse-romande\/","title":{"rendered":"Interviews \u00e0 la Radio suisse romande"},"content":{"rendered":"\n<p><strong>Qu&rsquo;est-ce que la m\u00e9taphysique ? <\/strong><br><strong>La m\u00e9taphysique aux Temps Modernes de Nicolas de Cues \u00e0 Martin Heidegger<\/strong><br>Sur Espace2, le 20 juin 2002<\/p>\n\n\n\n<figure class=\"wp-block-audio\"><audio controls src=\"https:\/\/people.unil.ch\/ingeborgschuessler\/files\/2023\/07\/3-Metaphysique-Schussler-Ingeborg.mp3\"><\/audio><\/figure>\n\n\n\n<p><strong>Art et libert\u00e9<\/strong><br>Sur Espace2, le 6 septembre 2006<\/p>\n\n\n\n<figure class=\"wp-block-audio\"><audio controls src=\"https:\/\/people.unil.ch\/ingeborgschuessler\/files\/2023\/07\/5-Art-et-Liberte-Schussler-Ingeborg1.mp3\"><\/audio><\/figure>\n","protected":false},"excerpt":{"rendered":"<p>Qu&rsquo;est-ce que la m\u00e9taphysique ? La m\u00e9taphysique aux Temps Modernes de Nicolas de Cues \u00e0 Martin HeideggerSur Espace2, le 20 juin 2002 Art et libert\u00e9Sur Espace2, le 6 septembre 2006<\/p>\n","protected":false},"author":1001081,"featured_media":0,"parent":0,"menu_order":0,"comment_status":"closed","ping_status":"closed","template":"","meta":{"_seopress_robots_primary_cat":"","_seopress_titles_title":"","_seopress_titles_desc":"","_seopress_robots_index":"","footnotes":""},"class_list":["post-951","page","type-page","status-publish"],"_links":{"self":[{"href":"https:\/\/people.unil.ch\/ingeborgschuessler\/wp-json\/wp\/v2\/pages\/951","targetHints":{"allow":["GET"]}}],"collection":[{"href":"https:\/\/people.unil.ch\/ingeborgschuessler\/wp-json\/wp\/v2\/pages"}],"about":[{"href":"https:\/\/people.unil.ch\/ingeborgschuessler\/wp-json\/wp\/v2\/types\/page"}],"author":[{"embeddable":true,"href":"https:\/\/people.unil.ch\/ingeborgschuessler\/wp-json\/wp\/v2\/users\/1001081"}],"replies":[{"embeddable":true,"href":"https:\/\/people.unil.ch\/ingeborgschuessler\/wp-json\/wp\/v2\/comments?post=951"}],"version-history":[{"count":0,"href":"https:\/\/people.unil.ch\/ingeborgschuessler\/wp-json\/wp\/v2\/pages\/951\/revisions"}],"wp:attachment":[{"href":"https:\/\/people.unil.ch\/ingeborgschuessler\/wp-json\/wp\/v2\/media?parent=951"}],"curies":[{"name":"wp","href":"https:\/\/api.w.org\/{rel}","templated":true}]}}