{"id":141,"date":"2023-01-25T13:34:25","date_gmt":"2023-01-25T12:34:25","guid":{"rendered":"https:\/\/people.unil.ch\/isabellezinn\/?page_id=141"},"modified":"2025-05-23T14:19:44","modified_gmt":"2025-05-23T12:19:44","slug":"contact","status":"publish","type":"page","link":"https:\/\/people.unil.ch\/isabellezinn\/contact\/","title":{"rendered":"contact"},"content":{"rendered":"\n<div class=\"wp-block-columns is-layout-flex wp-container-core-columns-is-layout-9d6595d7 wp-block-columns-is-layout-flex\">\n<div class=\"wp-block-column is-layout-flow wp-block-column-is-layout-flow\">\n<figure class=\"wp-block-image size-full is-resized\"><img alt=\"\" loading=\"lazy\" decoding=\"async\" width=\"640\" height=\"418\" src=\"https:\/\/people.unil.ch\/isabellezinn\/files\/2023\/01\/thumbnail_IMG_4604.jpg\" alt=\"\" class=\"wp-image-142\" style=\"width:306px;height:auto\" srcset=\"https:\/\/people.unil.ch\/isabellezinn\/files\/2023\/01\/thumbnail_IMG_4604.jpg 640w, https:\/\/people.unil.ch\/isabellezinn\/files\/2023\/01\/thumbnail_IMG_4604-300x196.jpg 300w\" sizes=\"auto, (max-width: 640px) 100vw, 640px\" \/><\/figure>\n<\/div>\n\n\n\n<div class=\"wp-block-column is-layout-flow wp-block-column-is-layout-flow\">\n<figure class=\"wp-block-image size-large is-resized\"><img alt=\"\" loading=\"lazy\" decoding=\"async\" width=\"1024\" height=\"757\" src=\"https:\/\/people.unil.ch\/isabellezinn\/files\/2023\/11\/WhatsApp-Image-2023-11-19-at-4.35.23-PM-1024x757.jpeg\" alt=\"\" class=\"wp-image-969\" style=\"width:239px;height:auto\" srcset=\"https:\/\/people.unil.ch\/isabellezinn\/files\/2023\/11\/WhatsApp-Image-2023-11-19-at-4.35.23-PM-1024x757.jpeg 1024w, https:\/\/people.unil.ch\/isabellezinn\/files\/2023\/11\/WhatsApp-Image-2023-11-19-at-4.35.23-PM-300x222.jpeg 300w, https:\/\/people.unil.ch\/isabellezinn\/files\/2023\/11\/WhatsApp-Image-2023-11-19-at-4.35.23-PM-768x568.jpeg 768w, https:\/\/people.unil.ch\/isabellezinn\/files\/2023\/11\/WhatsApp-Image-2023-11-19-at-4.35.23-PM-1536x1136.jpeg 1536w, https:\/\/people.unil.ch\/isabellezinn\/files\/2023\/11\/WhatsApp-Image-2023-11-19-at-4.35.23-PM-1200x887.jpeg 1200w, https:\/\/people.unil.ch\/isabellezinn\/files\/2023\/11\/WhatsApp-Image-2023-11-19-at-4.35.23-PM.jpeg 1623w\" sizes=\"auto, (max-width: 1024px) 100vw, 1024px\" \/><\/figure>\n<\/div>\n<\/div>\n\n\n\n<p><strong>Universit\u00e9 de Lausanne<\/strong>, Institut des sciences sociales (ISS), Facult\u00e9 des sciences sociales &amp; politiques, G\u00e9opolis &#8211; bureau 5608, 1015 Lausanne<\/p>\n\n\n\n<p>isabelle.zinn <em>at<\/em> unil.ch<\/p>\n\n\n\n<p><strong>Berner Fachhochschule<\/strong>, Wirtschaft, Institut New Work, B\u00fcro 117, Br\u00fcckenstrasse 73, 3005 Bern.  <\/p>\n\n\n\n<p>isabelle.zinn <em>at<\/em> bfh.ch <\/p>\n\n\n\n<p><a href=\"https:\/\/www.bfh.ch\/en\/about-bfh\/people\/vxysqpeekmgw\/\" data-type=\"link\" data-id=\"https:\/\/www.bfh.ch\/en\/about-bfh\/people\/vxysqpeekmgw\/\" target=\"_blank\" rel=\"noreferrer noopener\">My profile at BFH<\/a><\/p>\n\n\n\n<div class=\"wp-block-columns is-layout-flex wp-container-core-columns-is-layout-9d6595d7 wp-block-columns-is-layout-flex\">\n<div class=\"wp-block-column is-layout-flow wp-block-column-is-layout-flow\">\n<figure class=\"wp-block-image size-full is-resized\"><a href=\"https:\/\/orcid.org\/0000-0003-1272-5415\" target=\"_blank\" rel=\"noreferrer noopener\"><img alt=\"\" loading=\"lazy\" decoding=\"async\" width=\"128\" height=\"116\" src=\"https:\/\/people.unil.ch\/isabellezinn\/files\/2023\/11\/Capture-de\u0301cran-2023-11-19-a\u0300-16.22.40-1.png\" alt=\"\" class=\"wp-image-961\" style=\"width:44px;height:auto\" \/><\/a><\/figure>\n<\/div>\n\n\n\n<div class=\"wp-block-column is-layout-flow wp-block-column-is-layout-flow\">\n<figure class=\"wp-block-image size-full is-resized\"><a href=\"https:\/\/www.linkedin.com\/in\/isabelle-zinn-5184b529a\/\" target=\"_blank\" rel=\"noreferrer noopener\"><img alt=\"\" loading=\"lazy\" decoding=\"async\" width=\"94\" height=\"94\" src=\"https:\/\/people.unil.ch\/isabellezinn\/files\/2023\/11\/Capture-de\u0301cran-2023-11-19-a\u0300-16.23.10-1.png\" alt=\"\" class=\"wp-image-962\" style=\"width:42px;height:auto\" \/><\/a><\/figure>\n<\/div>\n\n\n\n<div class=\"wp-block-column is-layout-flow wp-block-column-is-layout-flow\">\n<figure class=\"wp-block-image size-full is-resized\"><a href=\"https:\/\/www.avisdexperts.ch\/fr\/user\/14529\" target=\"_blank\" rel=\"noreferrer noopener\"><img alt=\"\" loading=\"lazy\" decoding=\"async\" width=\"654\" height=\"180\" src=\"https:\/\/people.unil.ch\/isabellezinn\/files\/2023\/11\/Capture-de\u0301cran-2023-11-19-a\u0300-16.23.46-1.png\" alt=\"\" class=\"wp-image-963\" style=\"width:134px;height:auto\" srcset=\"https:\/\/people.unil.ch\/isabellezinn\/files\/2023\/11\/Capture-de\u0301cran-2023-11-19-a\u0300-16.23.46-1.png 654w, https:\/\/people.unil.ch\/isabellezinn\/files\/2023\/11\/Capture-de\u0301cran-2023-11-19-a\u0300-16.23.46-1-300x83.png 300w\" sizes=\"auto, (max-width: 654px) 100vw, 654px\" \/><\/a><\/figure>\n<\/div>\n<\/div>\n\n\n\n<p><\/p>\n","protected":false},"excerpt":{"rendered":"<p>Universit\u00e9 de Lausanne, Institut des sciences sociales (ISS), Facult\u00e9 des sciences sociales &amp; politiques, G\u00e9opolis &#8211; bureau 5608, 1015 Lausanne isabelle.zinn at unil.ch Berner Fachhochschule, Wirtschaft, Institut New Work, B\u00fcro 117, Br\u00fcckenstrasse 73, 3005 Bern. isabelle.zinn at bfh.ch My profile at BFH<\/p>\n","protected":false},"author":1001119,"featured_media":0,"parent":0,"menu_order":0,"comment_status":"closed","ping_status":"closed","template":"","meta":{"_seopress_robots_primary_cat":"","_seopress_titles_title":"","_seopress_titles_desc":"","_seopress_robots_index":"","footnotes":""},"class_list":["post-141","page","type-page","status-publish"],"_links":{"self":[{"href":"https:\/\/people.unil.ch\/isabellezinn\/wp-json\/wp\/v2\/pages\/141","targetHints":{"allow":["GET"]}}],"collection":[{"href":"https:\/\/people.unil.ch\/isabellezinn\/wp-json\/wp\/v2\/pages"}],"about":[{"href":"https:\/\/people.unil.ch\/isabellezinn\/wp-json\/wp\/v2\/types\/page"}],"author":[{"embeddable":true,"href":"https:\/\/people.unil.ch\/isabellezinn\/wp-json\/wp\/v2\/users\/1001119"}],"replies":[{"embeddable":true,"href":"https:\/\/people.unil.ch\/isabellezinn\/wp-json\/wp\/v2\/comments?post=141"}],"version-history":[{"count":2,"href":"https:\/\/people.unil.ch\/isabellezinn\/wp-json\/wp\/v2\/pages\/141\/revisions"}],"predecessor-version":[{"id":1260,"href":"https:\/\/people.unil.ch\/isabellezinn\/wp-json\/wp\/v2\/pages\/141\/revisions\/1260"}],"wp:attachment":[{"href":"https:\/\/people.unil.ch\/isabellezinn\/wp-json\/wp\/v2\/media?parent=141"}],"curies":[{"name":"wp","href":"https:\/\/api.w.org\/{rel}","templated":true}]}}