{"id":212,"date":"2023-01-25T18:52:32","date_gmt":"2023-01-25T17:52:32","guid":{"rendered":"https:\/\/people.unil.ch\/isabellezinn\/?page_id=212"},"modified":"2025-05-23T14:03:58","modified_gmt":"2025-05-23T12:03:58","slug":"refereed-conference-papers","status":"publish","type":"page","link":"https:\/\/people.unil.ch\/isabellezinn\/refereed-conference-papers\/","title":{"rendered":"refereed conference papers"},"content":{"rendered":"\n<p><\/p>\n\n\n\n<p><\/p>\n\n\n\n<figure class=\"wp-block-table is-style-stripes\"><table><tbody><tr><td>September 2025, Green New Work and Gender Justice: Exploring working time reduction, Panel \u00abGender &amp; Environment\u00bb, <strong><em>8. Konferenz der Schweizerischen Gesellschaft f\u00fcr Geschlechterforschung (SGGF<\/em><\/strong>).<\/td><\/tr><tr><td>June 2025, Beyond Tradition? How Gender Ideology Impacts Employment and Family Arrangements in Swiss Couples, <strong><em>25 Years of Longitudinal Surveys in Switzerland, <\/em><\/strong>with C. Bornatici.<\/td><\/tr><tr><td>September 2024, &#8220;Navigating Vulnerabilities: Menopause at Work&#8221; <strong><em>Congress of the Swiss Sociological Association. Vulnerable Societies: Risks and Responses<\/em><\/strong>, Basel, with N. Le Feuvre.<\/td><\/tr><tr><td>August 2024, &#8220;Beyond Tradition? How Gender Role Attitudes Impact Employment and Family Dynamics in Swiss Couples&#8221;, <strong><em>ESA Conference<\/em><\/strong>, Porto, with C. Bornatici (first author). <\/td><\/tr><tr><td>January 2024, &#8220;In the aftermath of the pandemic: towards more family-friendly working conditions and well-being. Evidence from employers, employees, and their relatives&#8221;, <strong><em>8. Internationale Konferenz \u00abArbeit und Gesundheit\u00bb<\/em><\/strong>, FHNW, with L. Lanfranconi.<\/td><\/tr><tr><td>November 2023, \u00ab Gendered experiences of ageing at work: exploring the \u2018menopause taboo\u2019 in the Swiss health-care sector\u00bb, <strong><em>LIVES International Conference<\/em><\/strong>, Lausanne, with N. Le Feuvre. <\/td><\/tr><tr><td>September 2023, \u00ab Beyond Tradition? How Gender Role Attitudes Impact Work and Family Dynamics in Swiss Couples \u00bb, <strong><em>SAGS Conference<\/em><\/strong>, Lausanne, with C. Bornatici.<\/td><\/tr><tr><td>September 2023, \u00ab The individualisation of health issues at work: an exploratory study of the experience of menopause at work in Switzerland \u00bb, <strong><em>SAGS Conference<\/em><\/strong>, Lausanne, with C. Clair &amp; N. Le Feuvre. <\/td><\/tr><tr><td>September 2023, \u00ab In the aftermath of the pandemic. Towards more family-friendly working conditions? \u00bb, <strong><em>Conference New Work \u2013 New Problems?<\/em><\/strong>, Lucerne, with<strong> <\/strong>L. Lanfranconi, E. Granwehr and G. Da Rui.<\/td><\/tr><tr><td>July 2023, \u00ab&nbsp;La r\u00e9forme du syst\u00e8me des retraites : un r\u00e9v\u00e9lateur du r\u00e9gime de genre en Suisse&nbsp;\u00bb, <em><strong>3e Congr\u00e8s Genre&nbsp;: No(s) Futur(s). Genre : bouleversements, utopies, impatiences<\/strong><\/em>, Toulouse, with N. Le Feuvre.<\/td><\/tr><tr><td>June 2023, \u00ab&nbsp;L\u2019individualisation des enjeux de sant\u00e9 en deuxi\u00e8me partie de carri\u00e8re&nbsp;: \u00e9tude exploratoire du v\u00e9cu de la m\u00e9nopause au travail en Suisse&nbsp;\u00bb, <strong><em>Colloque international sur la sant\u00e9 au travail&nbsp;: Le travail dans tous ses \u00e9tats : effets sur la <\/em>sant\u00e9<\/strong>, University of Fribourg, with C. Clair &amp; N. Le Feuvre.<\/td><\/tr><tr><td>February 2022, \u201cMeaningful work as an ongoing accomplishment in institutional care settings\u201d,<em> <strong>Internationale Konferenz \u201cArbeit und Gesundheit\u201d<\/strong><\/em>, Fachhochschule Nordwestschweiz (FHNW).<\/td><\/tr><tr><td>November 2021, \u201cFronti\u00e8res de m\u00e9tier et collaboration interprofessionnelle. Une enqu\u00eate ethnographique en maisons de retraite en Allemagne, <strong>JIST (<em>Journ\u00e9es internationales de la sociologie du travail)<\/em><\/strong><em>, <\/em>Universit\u00e9 de Lausanne.<\/td><\/tr><tr><td>August 2021, \u201cInterprofessional collaboration and boundary-work. Care support workers in residential homes for the elderly in Germany\u201d, <em><strong>16<sup>th<\/sup> ASA Virtual Annual meeting<\/strong><\/em>.<\/td><\/tr><tr><td>July 2021, \u201cTravailler avec la vieillesse&nbsp;: interactions, collaborations et professionnalisation\u201d, <em><strong>Congr\u00e8s de l\u2019Association fran\u00e7aise de sociologie<\/strong><\/em>.<\/td><\/tr><tr><td>June 2021, \u201cForging the body: doing ethnography in the butcher occupation\u201d, <em><strong>8th ethnography and qualitative research conference<\/strong><\/em>, Trento (via zoom).<\/td><\/tr><tr><td>March 2021, Travailler avec la vieillesse. Un enjeu de professionnalisation, <strong>Virtual Research Day<em> Travailler les \u00e2ges en professionnel.le&nbsp;: accompagnement et cat\u00e9gorisation<\/em><\/strong>, RT 7 and 25 from the Association Fran\u00e7aise de Sociologie. <\/td><\/tr><tr><td>September 2019, \u201cJurisdictional conflicts, interprofessional collaboration, and boundary-work. The case of nursing staff and social care laborers in residential homes for the elderly in Germany\u201d, <em><strong>Congr\u00e8s Suisse de sociologie<\/strong><\/em>, Neuchatel.<\/td><\/tr><tr><td>August 2019, \u201cJurisdictional conflicts, interprofessional collaboration, and boundary-work. The case of nursing staff and social workers in residential homes for the elderly in Germany\u201d, <em><strong>14<sup>th<\/sup> Conference of the European Sociological Association<\/strong><\/em>, Manchester (accepted, but cancelled due to maternity leave).<\/td><\/tr><tr><td>August 2018, \u201cL\u2019injonction \u00e0 l\u2019allaitement: un point focal de contradictions\u201d, <strong>CIRFF International conference <em>\u201cFrench Feminist Research\u201d<\/em><\/strong>, with M. Modak and B. Spencer.<\/td><\/tr><tr><td>August 2018, \u201cAllaitement maternel et promotion de la sant\u00e9: entre normativit\u00e9 sociale et l\u2019\u00e9galit\u00e9 des sexes\u201d, <strong>CIRFF International conference <em>\u201cFrench Feminist Research\u201d<\/em><\/strong>, with B. Spencer.<\/td><\/tr><tr><td>November 2017, \u00ab&nbsp;Understanding the impact of mothers\u2019 employment on breastfeeding duration. A qualitative methods approach&nbsp;\u00bb, <em><strong>Swiss Public Health Conference<\/strong><\/em>, Basel.<\/td><\/tr><tr><td>November 2017, \u00ab&nbsp;Quand la pratique ethnographique \u00ab&nbsp;engage&nbsp;\u00bb la chercheure. L\u2019\u00e9motion comme moteur de recherche&nbsp;et outil d\u2019investigation&nbsp;\u00bb, <em><strong>Ethnographies plurielles # 7&nbsp;&#8211; Ethnographies et&nbsp;Engagements<\/strong><\/em>, Rouen University.<\/td><\/tr><tr><td>August 2017, \u00ab&nbsp;Bodies in action. The Gender Order on the workplace and within sporting activities&nbsp;\u00bb, <strong><em>10th Conference of the European Sociological Association<\/em><\/strong>, Athens, with S. Froidevaux.<\/td><\/tr><tr><td>August 2017, \u00ab&nbsp;Floral Ethics:&nbsp; Understanding the meaning of \u201cwork well done\u201d&nbsp;\u00bb, <em><strong>Annual Meeting<\/strong><\/em> <strong><em>American Sociological Association<\/em>, Montr\u00e9al, Canada<\/strong> (accepted, but cancelled due to a leave of absence).<\/td><\/tr><tr><td>May 2016, \u00ab&nbsp;Comprendre l\u2019\u00ab&nbsp;\u00e9thique florale&nbsp;\u00bb: les enjeux du travail bien fait&nbsp;\u00bb, <em><strong>Conference on \u00ab&nbsp;Emotions&nbsp;\u00bb<\/strong><\/em>, EHESS, IMM, Paris.<\/td><\/tr><tr><td>July 2015, \u00ab&nbsp;Fragmented Gender Accountability: Male Florists in the Swiss Context&nbsp;\u00bb, <em><strong>Society for the Advancement of Socio-Economics (SASE)<\/strong><\/em>, London School of Economics (Panel: <em>Men in Predominately Female Occupations Part 2<\/em>, with N. Le Feuvre).<\/td><\/tr><tr><td>August 2015, \u00ab&nbsp;The Truly Creative Floral Designers? When Gender intersects with Vocational Work&nbsp;\u00bb, <em><strong>Annual Meeting American Sociological Association<\/strong><\/em> \u00ab&nbsp;Sexualities in the Social World&nbsp;\u00bb; Round Table: \u00ab&nbsp;Female dominated Occupations&nbsp;\u00bb, Chicago, USA.&nbsp;<\/td><\/tr><tr><td>June 2014, \u00ab Equally <em>florally creative<\/em>? What florists do and how they talk about it. \u00bb. <em><strong>8th Biennial International Interdisciplinary Conference: Gender, Work &amp; Organization<\/strong><\/em>; Panel: \u00ab Gendering the creative: creative work, creative industries, creative identities&nbsp;\u00bb, Keele University, UK.<\/td><\/tr><tr><td>March 2014, \u00ab&nbsp;What about Gender? The social organization of butchers\u2019 and florists\u2019 workplace activities.&nbsp;\u00bb, <strong><em>16th Annual Chicago Ethnography<\/em> <em>Conference<\/em><\/strong>, Northwestern University, Chicago.<\/td><\/tr><tr><td>November 2013, \u00ab\u00ab&nbsp;Getting into the Community \u00bb: Doing Participant Observation in \u00ab&nbsp;Manual&nbsp;\u00bb Occupations&nbsp;\u00bb. <em><strong>112th Annual Meeting of the American Anthropological Association<\/strong>: <\/em>\u201c<em>Future Publics, Current Engagements\u201d<\/em>; Panel: \u00ab&nbsp;The Legacy of the <em>Chicago School<\/em>: Doing fieldwork in occupational settings \u00bb, Chicago.<\/td><\/tr><tr><td>September 2013, \u00ab&nbsp;Mettre la main \u00e0 la p\u00e2te&nbsp;\u00bb: ethnographier un m\u00e9tier \u00ab&nbsp;manuel&nbsp;\u00bb, <em><strong>5\u00e8me Congr\u00e8s de l\u2019Association Fran\u00e7aise de Sociologie<\/strong>, <\/em>RT m\u00e9thodes, Nantes.<\/td><\/tr><tr><td>November 2012, \u00ab&nbsp;Male florists in Switzerland: how does gender matter in everyday activities? \u00bb. <strong><em>111th Annual Meeting of the AAA: <\/em>\u201c<em>Borders and Crossings\u201d<\/em><\/strong>; Panel: Crossing into the Digital Age: Workers redefined, San Francisco.<\/td><\/tr><tr><td>August 2012, \u00ab&nbsp;L\u2019imbrication du <em>sexe<\/em>, du <em>genre<\/em> et de <em>l\u2019orientation sexuelle<\/em> dans l\u2019\u00e9tude des \u00ab&nbsp;masculinit\u00e9s&nbsp;\u00bb&nbsp;au travail: le cas des fleuristes et des bouchers\/\u00e8res&nbsp;\u00bb. <em><strong>6\u00e8me Congr\u00e8s des recherches f\u00e9ministes francophones<\/strong><\/em>, Lausanne.<\/td><\/tr><tr><td>May 2012, \u00ab&nbsp;Butchers, florists and the workplace: when and how does gender matter? \u00bb. <em><strong>Second Global Conference on Femininities and Masculinities<\/strong><\/em>, \u00ab&nbsp;Doing and undoing masculinities at work and in the family: Between challenging and reconstructing the traditional gender order&nbsp;\u00bb, panel organized with M. Pajumets and D. Lengersdorf, Prague.<\/td><\/tr><tr><td>March 2012, \u00ab<strong>&nbsp;Le genre comme accomplissement pratique dans l\u2019interaction: quelle \u00e9criture pour le restituer?<\/strong>&nbsp;\u00bb. <em>Universit\u00e9 de Printemps Tunis: \u00c9crire en sciences sociales<\/em>, Hammamet (Tunisia).<\/td><\/tr><tr><td>September 2011, \u00ab&nbsp;Inverting, perverting or transcending gender affiliation? Doing research on men in gender segregated occupations&nbsp;\u00bb. <em><strong>10<sup>th<\/sup> Conference of the European Sociological Association<\/strong><\/em>, Geneva.<\/td><\/tr><tr><td>May 2011, \u00ab&nbsp;Between inverting or perverting gender affiliation? Doing research on men in female dominated professions \u00bb, <em><strong>1st Global Conference on Femininity and Masculinity<\/strong><\/em>, Warsaw.<\/td><\/tr><tr><td>December 2010,<strong> <\/strong>\u00ab Les sages-femmes hommes: Entre inversion et d\u00e9passement du genre? Enqu\u00eate sur les modalit\u00e9s d\u2019insertion des hommes dans un m\u00e9tier de femmes \u00bb, <strong>Conference <em>Quelle(s) m\u00e9thodologies(s) pour les recherches sur les rapports sociaux de sexe et le genre&nbsp;?<\/em><\/strong>, Bruxelles.<\/td><\/tr><\/tbody><\/table><\/figure>\n\n\n\n<div class=\"wp-block-columns is-layout-flex wp-container-core-columns-is-layout-9d6595d7 wp-block-columns-is-layout-flex\">\n<div class=\"wp-block-column is-layout-flow wp-block-column-is-layout-flow\"><\/div>\n\n\n\n<div class=\"wp-block-column is-layout-flow wp-block-column-is-layout-flow\"><\/div>\n<\/div>\n\n\n\n<div class=\"wp-block-columns is-layout-flex wp-container-core-columns-is-layout-9d6595d7 wp-block-columns-is-layout-flex\">\n<div class=\"wp-block-column is-layout-flow wp-block-column-is-layout-flow\" style=\"flex-basis:100%\"><\/div>\n<\/div>\n\n\n","protected":false},"excerpt":{"rendered":"<p>September 2025, Green New Work and Gender Justice: Exploring working time reduction, Panel \u00abGender &amp; Environment\u00bb, 8. Konferenz der Schweizerischen Gesellschaft f\u00fcr Geschlechterforschung (SGGF). June 2025, Beyond Tradition? How Gender Ideology Impacts Employment and Family Arrangements in Swiss Couples, 25 Years of Longitudinal Surveys in Switzerland, with C. Bornatici. September 2024, &#8220;Navigating Vulnerabilities: Menopause at [&hellip;]<\/p>\n","protected":false},"author":1001119,"featured_media":0,"parent":0,"menu_order":0,"comment_status":"closed","ping_status":"closed","template":"templates\/template-cover.php","meta":{"_seopress_robots_primary_cat":"","_seopress_titles_title":"","_seopress_titles_desc":"","_seopress_robots_index":"","footnotes":""},"class_list":["post-212","page","type-page","status-publish"],"_links":{"self":[{"href":"https:\/\/people.unil.ch\/isabellezinn\/wp-json\/wp\/v2\/pages\/212","targetHints":{"allow":["GET"]}}],"collection":[{"href":"https:\/\/people.unil.ch\/isabellezinn\/wp-json\/wp\/v2\/pages"}],"about":[{"href":"https:\/\/people.unil.ch\/isabellezinn\/wp-json\/wp\/v2\/types\/page"}],"author":[{"embeddable":true,"href":"https:\/\/people.unil.ch\/isabellezinn\/wp-json\/wp\/v2\/users\/1001119"}],"replies":[{"embeddable":true,"href":"https:\/\/people.unil.ch\/isabellezinn\/wp-json\/wp\/v2\/comments?post=212"}],"version-history":[{"count":5,"href":"https:\/\/people.unil.ch\/isabellezinn\/wp-json\/wp\/v2\/pages\/212\/revisions"}],"predecessor-version":[{"id":1244,"href":"https:\/\/people.unil.ch\/isabellezinn\/wp-json\/wp\/v2\/pages\/212\/revisions\/1244"}],"wp:attachment":[{"href":"https:\/\/people.unil.ch\/isabellezinn\/wp-json\/wp\/v2\/media?parent=212"}],"curies":[{"name":"wp","href":"https:\/\/api.w.org\/{rel}","templated":true}]}}