{"id":510,"date":"2023-01-28T20:44:28","date_gmt":"2023-01-28T19:44:28","guid":{"rendered":"https:\/\/people.unil.ch\/isabellezinn\/?page_id=510"},"modified":"2025-05-23T13:58:08","modified_gmt":"2025-05-23T11:58:08","slug":"outreach-activities","status":"publish","type":"page","link":"https:\/\/people.unil.ch\/isabellezinn\/outreach-activities\/","title":{"rendered":"outreach activities"},"content":{"rendered":"\n<p>June 2025, Stakeholder workshop &#8220;Endometriosis&#8221;, organized by the Federal Office of Public Health. <\/p>\n\n\n\n<p>May 2025, <a href=\"https:\/\/gendersociety.wordpress.com\/2025\/04\/30\/beyond-tradition-employment-and-family-arrangements-in-swiss-couples\/\"><em>Blog entry on Gender &amp; Society<\/em><\/a>, together with C. Bornatici. <\/p>\n\n\n\n<p>October 2024, <a href=\"https:\/\/www.sozialinfo.ch\/ueber-uns\/prix-sozialinfo\/jury\/\"><em>Member of the Jury Prix Sozialinfo<\/em><\/a><\/p>\n\n\n\n<p>June 2024, <em><a href=\"https:\/\/www.centre-lives.ch\/en\/agenda\/life-after-lives-alumni-projects-and-careers-and-outside-academia\" target=\"_blank\" rel=\"noreferrer noopener\">Round table Life after LIVES: Alumni projects and careers in and outside academia<\/a>,<\/em> LIVES, University of Lausanne. <\/p>\n\n\n\n<p>April 2024, Round table &#8220;Career Options &#8211; Do what you love&#8221;, <strong><em><a href=\"https:\/\/www.unifr.ch\/f-mentoring\/fr\/\" data-type=\"link\" data-id=\"https:\/\/www.unifr.ch\/f-mentoring\/fr\/\" target=\"_blank\" rel=\"noreferrer noopener\">R\u00e9seau romand de mentoring pour femmes<\/a><\/em><\/strong>, University of Neuch\u00e2tel.<\/p>\n\n\n\n<p>March 2024, Round table <em><a href=\"https:\/\/infomaniak.events\/shop\/QcbHjabfgo\/\" data-type=\"link\" data-id=\"https:\/\/infomaniak.events\/shop\/QcbHjabfgo\/\" target=\"_blank\" rel=\"noreferrer noopener\">Agir sur la sant\u00e9 des femmes au travail, quel impact pour les collaboratrices &amp; quels enjeux pour l&#8217;employeur ?<\/a><\/em>, CHUV, Lausanne. <\/p>\n\n\n\n<p>November 2023, <a href=\"https:\/\/www.hetsl.ch\/actualites\/detail\/webinaire-gerontologie-et-societe-fait-son-numero-diversification-des-metiers-de-laide-et-de-laccompagnement\/\" target=\"_blank\" rel=\"noreferrer noopener\">webinar &#8220;diversification des m\u00e9tiers&#8221;<\/a>, on the occasion of the special issue at <strong><em>G\u00e9rontologie et soci\u00e9t\u00e9<\/em><\/strong>, with V. Hugentobler. <\/p>\n\n\n\n<p>November 2022, Workshop with pupils on gender stereotypes \u00ab&nbsp;Le genre des m\u00e9tiers&nbsp;: repr\u00e9sentations et mani\u00e8res d\u2019\u00eatre&nbsp;\u00bb, <strong><em>Journ\u00e9e oser tous les m\u00e9tiers<\/em><\/strong>, Lausanne, \u00c9tablissement secondaire du Belv\u00e9d\u00e8re, Lausanne, with F. Leresche.<\/p>\n\n\n\n<p>March 2022, Participation as Co-Editor-in-Chief of TSANTSA in a roundtable on \u201cMultilingualism in publishing\u201d, <strong><em><a rel=\"noreferrer noopener\" href=\"https:\/\/eu-ssh-journals.sciencesconf.org\/\" target=\"_blank\">European Symposium of Social Science and Humanities Journal<\/a><\/em><\/strong>, together with M. Bolay.<\/p>\n\n\n\n<p>November 2021, Participation at <strong><em>Buch Basel<\/em><\/strong> for the promotion of our edited book at seismo Press (<a href=\"https:\/\/www.seismoverlag.ch\/en\/daten\/zeitdiagnose-mannlichkeiten-schweiz\/\" target=\"_blank\" rel=\"noreferrer noopener\">Zeitdiagnose M\u00e4nnlichkeiten Schweiz<\/a>).<\/p>\n\n\n\n<p>August 2021, Participation at <strong><em><a rel=\"noreferrer noopener\" href=\"https:\/\/www.rendez-vous-science.ch\/forschende\" target=\"_blank\">Rendez-vous Sciences et Soci\u00e9t\u00e9<\/a><\/em><\/strong>, roundtable &#8220;gender stereotypes&#8221;. <\/p>\n\n\n\n<p>October 2020, Roundtable discussion with the public after the projection of the film \u201cEntr\u00e9e du personnel\u201d (M. Fr\u00e9sil), <strong><em>\u201c<a href=\"https:\/\/www.malleyenquartiers.ch\/\" target=\"_blank\" rel=\"noreferrer noopener\">Malley en quartiers\u201d<\/a><\/em><\/strong>, Lausanne.<\/p>\n\n\n\n<p>March 2018, Roundtable discussion on the topic of female press cartoonists and gendered occupations, Maison du dessin de Presse, Morges.<\/p>\n\n\n\n<p>2013, <a href=\"https:\/\/www.reiso.org\/spip.php?article2903\" target=\"_blank\" rel=\"noreferrer noopener\">Les hommes&nbsp;: nouvel objet de recherche<\/a>. <strong><em>REISO &#8211; Revue d\u2019information sociale<\/em><\/strong>.<\/p>\n","protected":false},"excerpt":{"rendered":"<p>June 2025, Stakeholder workshop &#8220;Endometriosis&#8221;, organized by the Federal Office of Public Health. May 2025, Blog entry on Gender &amp; Society, together with C. Bornatici. October 2024, Member of the Jury Prix Sozialinfo June 2024, Round table Life after LIVES: Alumni projects and careers in and outside academia, LIVES, University of Lausanne. April 2024, Round [&hellip;]<\/p>\n","protected":false},"author":1001119,"featured_media":0,"parent":0,"menu_order":0,"comment_status":"closed","ping_status":"closed","template":"templates\/template-cover.php","meta":{"_seopress_robots_primary_cat":"","_seopress_titles_title":"","_seopress_titles_desc":"","_seopress_robots_index":"","footnotes":""},"class_list":["post-510","page","type-page","status-publish"],"_links":{"self":[{"href":"https:\/\/people.unil.ch\/isabellezinn\/wp-json\/wp\/v2\/pages\/510","targetHints":{"allow":["GET"]}}],"collection":[{"href":"https:\/\/people.unil.ch\/isabellezinn\/wp-json\/wp\/v2\/pages"}],"about":[{"href":"https:\/\/people.unil.ch\/isabellezinn\/wp-json\/wp\/v2\/types\/page"}],"author":[{"embeddable":true,"href":"https:\/\/people.unil.ch\/isabellezinn\/wp-json\/wp\/v2\/users\/1001119"}],"replies":[{"embeddable":true,"href":"https:\/\/people.unil.ch\/isabellezinn\/wp-json\/wp\/v2\/comments?post=510"}],"version-history":[{"count":5,"href":"https:\/\/people.unil.ch\/isabellezinn\/wp-json\/wp\/v2\/pages\/510\/revisions"}],"predecessor-version":[{"id":1241,"href":"https:\/\/people.unil.ch\/isabellezinn\/wp-json\/wp\/v2\/pages\/510\/revisions\/1241"}],"wp:attachment":[{"href":"https:\/\/people.unil.ch\/isabellezinn\/wp-json\/wp\/v2\/media?parent=510"}],"curies":[{"name":"wp","href":"https:\/\/api.w.org\/{rel}","templated":true}]}}