{"id":66,"date":"2023-01-25T10:09:56","date_gmt":"2023-01-25T09:09:56","guid":{"rendered":"https:\/\/people.unil.ch\/isabellezinn\/?page_id=66"},"modified":"2025-05-23T14:11:42","modified_gmt":"2025-05-23T12:11:42","slug":"cv","status":"publish","type":"page","link":"https:\/\/people.unil.ch\/isabellezinn\/cv\/","title":{"rendered":"cv"},"content":{"rendered":"\n<figure class=\"wp-block-image size-large\"><img alt=\"\" loading=\"lazy\" decoding=\"async\" width=\"1024\" height=\"242\" src=\"https:\/\/people.unil.ch\/isabellezinn\/files\/2023\/01\/2FAB01A2-ED49-40BF-BFCF-7C8863D62631-1024x242.jpeg\" alt=\"\" class=\"wp-image-121\" srcset=\"https:\/\/people.unil.ch\/isabellezinn\/files\/2023\/01\/2FAB01A2-ED49-40BF-BFCF-7C8863D62631-1024x242.jpeg 1024w, https:\/\/people.unil.ch\/isabellezinn\/files\/2023\/01\/2FAB01A2-ED49-40BF-BFCF-7C8863D62631-300x71.jpeg 300w, https:\/\/people.unil.ch\/isabellezinn\/files\/2023\/01\/2FAB01A2-ED49-40BF-BFCF-7C8863D62631-768x181.jpeg 768w, https:\/\/people.unil.ch\/isabellezinn\/files\/2023\/01\/2FAB01A2-ED49-40BF-BFCF-7C8863D62631-1536x363.jpeg 1536w, https:\/\/people.unil.ch\/isabellezinn\/files\/2023\/01\/2FAB01A2-ED49-40BF-BFCF-7C8863D62631-1200x284.jpeg 1200w, https:\/\/people.unil.ch\/isabellezinn\/files\/2023\/01\/2FAB01A2-ED49-40BF-BFCF-7C8863D62631.jpeg 1600w\" sizes=\"auto, (max-width: 1024px) 100vw, 1024px\" \/><\/figure>\n\n\n\n<figure class=\"wp-block-pullquote has-normal-font-size\"><blockquote><p><strong>education and qualification<\/strong><\/p><\/blockquote><\/figure>\n\n\n\n<p>Since 2019: Qualification for Senior Lecturer positions (ma\u00eetre de conf\u00e9rences), Section 19 (Sociology), Conseil national des universit\u00e9s (France).<\/p>\n\n\n\n<blockquote class=\"wp-block-quote is-layout-flow wp-block-quote-is-layout-flow\">\n<p>03.2017: <strong>PhD in Social Sciences<\/strong> (University of Lausanne) and Sociology (EHESS) (joint degree): <em>Les m\u00e9tiers de la viande et des fleurs. Ethnographier le genre au travail<\/em>.<\/p>\n<\/blockquote>\n\n\n\n<p style=\"font-size:17px\">Dissertation Committee: N. Le Feuvre (UNIL, co-supervisor), D. Cefa\u00ef (EHESS, co-supervisor), S. Chauvin (UNIL), G. Pruvost (EHESS), E. Hertz (UNINE), J. Katz (UCLA), (Chair: M. Santiago, UNIL).<\/p>\n\n\n\n<blockquote class=\"wp-block-quote is-layout-flow wp-block-quote-is-layout-flow\">\n<p>02.2010: <strong>Master of Arts in Sociology, Social Anthropology and Religious Studies<\/strong> (Bilingual French\/German). University of Fribourg, Faculty of Economics and Social Sciences.<\/p>\n<\/blockquote>\n\n\n\n<div class=\"wp-block-columns is-layout-flex wp-container-core-columns-is-layout-9d6595d7 wp-block-columns-is-layout-flex\">\n<div class=\"wp-block-column is-layout-flow wp-block-column-is-layout-flow\" style=\"flex-basis:100%\">\n<figure class=\"wp-block-pullquote has-normal-font-size\"><blockquote><p><strong>employment <\/strong><\/p><\/blockquote><\/figure>\n<\/div>\n<\/div>\n\n\n<div class=\"wp-block-image\">\n<figure class=\"aligncenter size-large is-resized\"><img alt=\"\" loading=\"lazy\" decoding=\"async\" width=\"1024\" height=\"666\" src=\"https:\/\/people.unil.ch\/isabellezinn\/files\/2023\/12\/WhatsApp-Image-2023-12-09-at-4.01.59-PM-1024x666.jpeg\" alt=\"\" class=\"wp-image-1037\" style=\"width:272px;height:auto\" srcset=\"https:\/\/people.unil.ch\/isabellezinn\/files\/2023\/12\/WhatsApp-Image-2023-12-09-at-4.01.59-PM-1024x666.jpeg 1024w, https:\/\/people.unil.ch\/isabellezinn\/files\/2023\/12\/WhatsApp-Image-2023-12-09-at-4.01.59-PM-300x195.jpeg 300w, https:\/\/people.unil.ch\/isabellezinn\/files\/2023\/12\/WhatsApp-Image-2023-12-09-at-4.01.59-PM-768x499.jpeg 768w, https:\/\/people.unil.ch\/isabellezinn\/files\/2023\/12\/WhatsApp-Image-2023-12-09-at-4.01.59-PM-1536x998.jpeg 1536w, https:\/\/people.unil.ch\/isabellezinn\/files\/2023\/12\/WhatsApp-Image-2023-12-09-at-4.01.59-PM-1200x780.jpeg 1200w, https:\/\/people.unil.ch\/isabellezinn\/files\/2023\/12\/WhatsApp-Image-2023-12-09-at-4.01.59-PM.jpeg 1846w\" sizes=\"auto, (max-width: 1024px) 100vw, 1024px\" \/><\/figure>\n<\/div>\n\n\n<div class=\"wp-block-columns is-layout-flex wp-container-core-columns-is-layout-9d6595d7 wp-block-columns-is-layout-flex\">\n<div class=\"wp-block-column is-layout-flow wp-block-column-is-layout-flow\" style=\"flex-basis:33.33%\">\n<p><\/p>\n\n\n\n<p>02.2024 \u2013 07.2024\/ 02.2025 \u2013 07.2025<\/p>\n\n\n\n<p><\/p>\n\n\n\n<p><\/p>\n<\/div>\n\n\n\n<div class=\"wp-block-column is-layout-flow wp-block-column-is-layout-flow\" style=\"flex-basis:66.66%\">\n<p>Visiting Professor (<em>professeure invit\u00e9e<\/em>), <strong>University of Lausanne, <\/strong>Institute for Social Sciences, Faculty of Social and Political Sciences.<\/p>\n\n\n\n<p><\/p>\n<\/div>\n<\/div>\n\n\n\n<div class=\"wp-block-columns is-layout-flex wp-container-core-columns-is-layout-9d6595d7 wp-block-columns-is-layout-flex\">\n<div class=\"wp-block-column is-layout-flow wp-block-column-is-layout-flow\" style=\"flex-basis:33.33%\">\n<p>11.2023 \u2013<\/p>\n\n\n\n<p><\/p>\n<\/div>\n\n\n\n<div class=\"wp-block-column is-layout-flow wp-block-column-is-layout-flow\" style=\"flex-basis:66.66%\">\n<p>Professor (<em>tenure track<\/em>), <strong>Bern University of Applied Sciences &#8211; Business School<\/strong>, Institute for New Work.<\/p>\n<\/div>\n<\/div>\n\n\n\n<div class=\"wp-block-columns is-layout-flex wp-container-core-columns-is-layout-9d6595d7 wp-block-columns-is-layout-flex\">\n<div class=\"wp-block-column is-layout-flow wp-block-column-is-layout-flow\" style=\"flex-basis:33.33%\">\n<p>09.2023 \u2013 10.2023<\/p>\n<\/div>\n\n\n\n<div class=\"wp-block-column is-layout-flow wp-block-column-is-layout-flow\" style=\"flex-basis:66.66%\">\n<p>Senior Lecturer (<em>Dozentin<\/em>), <strong>Bern University of Applied Sciences &#8211; Business School<\/strong>, Institute for New Work. <\/p>\n<\/div>\n<\/div>\n\n\n\n<div class=\"wp-block-columns is-layout-flex wp-container-core-columns-is-layout-9d6595d7 wp-block-columns-is-layout-flex\">\n<div class=\"wp-block-column is-layout-flow wp-block-column-is-layout-flow\" style=\"flex-basis:33.33%\">\n<p>02.2021 \u2013 01.2024<\/p>\n<\/div>\n\n\n\n<div class=\"wp-block-column is-layout-flow wp-block-column-is-layout-flow\" style=\"flex-basis:66.66%\">\n<p>Senior Researcher and Lecturer (<em>premi\u00e8re assistante \/ charg\u00e9e de cours<\/em>), <strong>University of Lausanne, <\/strong>Institute for Social Sciences, Faculty of Social and Political Sciences. <\/p>\n<\/div>\n<\/div>\n\n\n\n<div class=\"wp-block-columns is-layout-flex wp-container-core-columns-is-layout-9d6595d7 wp-block-columns-is-layout-flex\">\n<div class=\"wp-block-column is-layout-flow wp-block-column-is-layout-flow\" style=\"flex-basis:33.33%\">\n<p>08.2022 \u2013 01.2023<\/p>\n<\/div>\n\n\n\n<div class=\"wp-block-column is-layout-flow wp-block-column-is-layout-flow\" style=\"flex-basis:66.66%\">\n<p>Lecturer (charg\u00e9e de cours), <strong>EPFL<\/strong>, Coll\u00e8ge des Humanit\u00e9s.<\/p>\n<\/div>\n<\/div>\n\n\n\n<div class=\"wp-block-columns is-layout-flex wp-container-core-columns-is-layout-9d6595d7 wp-block-columns-is-layout-flex\">\n<div class=\"wp-block-column is-layout-flow wp-block-column-is-layout-flow\" style=\"flex-basis:33.33%\">\n<p>06.2020 \u2013 01.2021<\/p>\n<\/div>\n\n\n\n<div class=\"wp-block-column is-layout-flow wp-block-column-is-layout-flow\" style=\"flex-basis:66.66%\">\n<p>SNSF Postdoctoral Visiting Scholar (Postdoc.Mobility), <strong>University of Konstanz <\/strong>(Germany), Department of Sociology (Prof. C. Meyer) and <strong>Haute \u00e9cole de travail social et de la sant\u00e9 Lausanne (HETSL)<\/strong> (Prof. V. Hugentobler.<\/p>\n<\/div>\n<\/div>\n\n\n\n<div class=\"wp-block-columns is-layout-flex wp-container-core-columns-is-layout-9d6595d7 wp-block-columns-is-layout-flex\">\n<div class=\"wp-block-column is-layout-flow wp-block-column-is-layout-flow\" style=\"flex-basis:33.33%\">\n<p>02.2020 \u2013 06.2020<\/p>\n<\/div>\n\n\n\n<div class=\"wp-block-column is-layout-flow wp-block-column-is-layout-flow\" style=\"flex-basis:66.66%\">\n<p>Lecturer (charg\u00e9e de cours), <strong>University of Fribourg, <\/strong>Department of Social Sciences.<\/p>\n<\/div>\n<\/div>\n\n\n\n<div class=\"wp-block-columns is-layout-flex wp-container-core-columns-is-layout-9d6595d7 wp-block-columns-is-layout-flex\">\n<div class=\"wp-block-column is-layout-flow wp-block-column-is-layout-flow\" style=\"flex-basis:33.33%\">\n<p>03.2018 \u2013 02.2020<\/p>\n<\/div>\n\n\n\n<div class=\"wp-block-column is-layout-flow wp-block-column-is-layout-flow\" style=\"flex-basis:66.66%\">\n<p>SNSF Postdoctoral Visiting Scholar (Early.Postdoc.Mobility), <strong>Goethe<\/strong> <strong>University<\/strong> (Germany), Faculty of Social Sciences, Institute of Sociology (Prof. H. Hofmeister) and <strong>University of Chicago<\/strong>, Department of Sociology (Prof. K. Schilt). <\/p>\n<\/div>\n<\/div>\n\n\n\n<div class=\"wp-block-columns is-layout-flex wp-container-core-columns-is-layout-9d6595d7 wp-block-columns-is-layout-flex\">\n<div class=\"wp-block-column is-layout-flow wp-block-column-is-layout-flow\" style=\"flex-basis:33.33%\">\n<p>05.2017 \u2013 02.2018<\/p>\n<\/div>\n\n\n\n<div class=\"wp-block-column is-layout-flow wp-block-column-is-layout-flow\" style=\"flex-basis:66.66%\">\n<p>SNSF Postdoctoral Research Fellow, IUMSP (Institute of Social and Preventive Medicine), <strong>CHUV (Lausanne University Hospital)<\/strong>.<\/p>\n<\/div>\n<\/div>\n\n\n\n<div class=\"wp-block-columns is-layout-flex wp-container-core-columns-is-layout-9d6595d7 wp-block-columns-is-layout-flex\">\n<div class=\"wp-block-column is-layout-flow wp-block-column-is-layout-flow\" style=\"flex-basis:33.33%\">\n<p>04.2017 \u2013 05.2017<\/p>\n<\/div>\n\n\n\n<div class=\"wp-block-column is-layout-flow wp-block-column-is-layout-flow\" style=\"flex-basis:66.66%\">\n<p>Postdoctoral Research Fellow, Institute for Social Sciences, Faculty of Social and Political Sciences, <strong>University of Lausanne<\/strong>. <\/p>\n<\/div>\n<\/div>\n\n\n\n<div class=\"wp-block-columns is-layout-flex wp-container-core-columns-is-layout-9d6595d7 wp-block-columns-is-layout-flex\">\n<div class=\"wp-block-column is-layout-flow wp-block-column-is-layout-flow\" style=\"flex-basis:33.33%\">\n<p>09.2010 \u2013 08.2016<\/p>\n<\/div>\n\n\n\n<div class=\"wp-block-column is-layout-flow wp-block-column-is-layout-flow\" style=\"flex-basis:66.66%\">\n<p>Phd Student, Teaching &amp; Research Assistant, Institute for Social Sciences, Faculty of Social and Political Sciences, <strong>University of Lausanne<\/strong>. <\/p>\n<\/div>\n<\/div>\n\n\n\n<div class=\"wp-block-columns is-layout-flex wp-container-core-columns-is-layout-9d6595d7 wp-block-columns-is-layout-flex\">\n<div class=\"wp-block-column is-layout-flow wp-block-column-is-layout-flow\" style=\"flex-basis:33.33%\">\n<p>05.2010 \u2013 08.2010<\/p>\n<\/div>\n\n\n\n<div class=\"wp-block-column is-layout-flow wp-block-column-is-layout-flow\" style=\"flex-basis:66.66%\">\n<p>Research Assistant and Group Leader, Consortium on Gender, Security and Human Rights, <strong>University of Massachusetts<\/strong> <strong>Boston<\/strong>, USA. <\/p>\n<\/div>\n<\/div>\n\n\n\n<div class=\"wp-block-columns is-layout-flex wp-container-core-columns-is-layout-9d6595d7 wp-block-columns-is-layout-flex\">\n<div class=\"wp-block-column is-layout-flow wp-block-column-is-layout-flow\" style=\"flex-basis:33.33%\">\n<p>12.2009 \u2013 04.2010<\/p>\n<\/div>\n\n\n\n<div class=\"wp-block-column is-layout-flow wp-block-column-is-layout-flow\" style=\"flex-basis:66.66%\">\n<p>Scientific collaborator, Institute for Sociology, social politics and social work, <strong>University of Fribourg<\/strong>. <\/p>\n<\/div>\n<\/div>\n\n\n\n<div class=\"wp-block-columns is-layout-flex wp-container-core-columns-is-layout-9d6595d7 wp-block-columns-is-layout-flex\">\n<div class=\"wp-block-column is-layout-flow wp-block-column-is-layout-flow\" style=\"flex-basis:33.33%\">\n<p>08.2007 \u2013 03.2010<\/p>\n<\/div>\n\n\n\n<div class=\"wp-block-column is-layout-flow wp-block-column-is-layout-flow\" style=\"flex-basis:66.66%\">\n<p>Intern \/ Project manager, <strong>NGO Terre des femmes Schweiz<\/strong> (brava).  <\/p>\n<\/div>\n<\/div>\n\n\n\n\n\n\n\n\n\n\n\n\n\n\n\n\n\n\n\n\n","protected":false},"excerpt":{"rendered":"<p>education and qualification Since 2019: Qualification for Senior Lecturer positions (ma\u00eetre de conf\u00e9rences), Section 19 (Sociology), Conseil national des universit\u00e9s (France). 03.2017: PhD in Social Sciences (University of Lausanne) and Sociology (EHESS) (joint degree): Les m\u00e9tiers de la viande et des fleurs. Ethnographier le genre au travail. Dissertation Committee: N. Le Feuvre (UNIL, co-supervisor), D. [&hellip;]<\/p>\n","protected":false},"author":1001119,"featured_media":0,"parent":0,"menu_order":0,"comment_status":"closed","ping_status":"closed","template":"","meta":{"_seopress_robots_primary_cat":"","_seopress_titles_title":"","_seopress_titles_desc":"","_seopress_robots_index":"","footnotes":""},"class_list":["post-66","page","type-page","status-publish"],"_links":{"self":[{"href":"https:\/\/people.unil.ch\/isabellezinn\/wp-json\/wp\/v2\/pages\/66","targetHints":{"allow":["GET"]}}],"collection":[{"href":"https:\/\/people.unil.ch\/isabellezinn\/wp-json\/wp\/v2\/pages"}],"about":[{"href":"https:\/\/people.unil.ch\/isabellezinn\/wp-json\/wp\/v2\/types\/page"}],"author":[{"embeddable":true,"href":"https:\/\/people.unil.ch\/isabellezinn\/wp-json\/wp\/v2\/users\/1001119"}],"replies":[{"embeddable":true,"href":"https:\/\/people.unil.ch\/isabellezinn\/wp-json\/wp\/v2\/comments?post=66"}],"version-history":[{"count":5,"href":"https:\/\/people.unil.ch\/isabellezinn\/wp-json\/wp\/v2\/pages\/66\/revisions"}],"predecessor-version":[{"id":1254,"href":"https:\/\/people.unil.ch\/isabellezinn\/wp-json\/wp\/v2\/pages\/66\/revisions\/1254"}],"wp:attachment":[{"href":"https:\/\/people.unil.ch\/isabellezinn\/wp-json\/wp\/v2\/media?parent=66"}],"curies":[{"name":"wp","href":"https:\/\/api.w.org\/{rel}","templated":true}]}}