{"id":100,"date":"2022-10-27T11:00:09","date_gmt":"2022-10-27T09:00:09","guid":{"rendered":"https:\/\/people.unil.ch\/jeanclaudeusunier\/?page_id=100"},"modified":"2022-10-27T11:00:09","modified_gmt":"2022-10-27T09:00:09","slug":"conferences-recentes","status":"publish","type":"page","link":"https:\/\/people.unil.ch\/jeanclaudeusunier\/conferences-recentes\/","title":{"rendered":"Conf\u00e9rences R\u00e9centes"},"content":{"rendered":"\n<h3 class=\"wp-block-heading\"><strong>20<\/strong><strong>19<\/strong><\/h3>\n\n\n\n<p class=\"has-text-color\" style=\"color:#439642\">Keynote speech Atlas- AFMI conference, Universit\u00e9 de Fribourg, Suisse, \u00ab Environnement international: Le passage d\u2019un r\u00e9gime bipolaire-multilat\u00e9ral \u00e0 un monde multipolaire-bilat\u00e9ral\u00bb, 18 juin 2019.<\/p>\n\n\n\n<h3 class=\"wp-block-heading\"><strong>2020<\/strong><\/h3>\n\n\n\n<p>Conf\u00e9rence au Cercle Litt\u00e9raire de Lausanne le 1<sup>er<\/sup> f\u00e9vrier 2020 avec Lazare Benarroyo et Jacques Di\u00e9zi (UNIL-Facult\u00e9 de Biologie et de M\u00e9decine), \u00abUn chemin d\u2019interdisciplinarit\u00e9: Le Placebo.\u00bb<\/p>\n\n\n\n<h3 class=\"wp-block-heading\"><strong>2020<\/strong><\/h3>\n\n\n\n<p>Masterclass sur le th\u00e8me \u00abCross-Cultural and Intercultural Business Research\u00bb, University of Western Australia, Perth, Australie, F\u00e9vrier 2020.<\/p>\n\n\n\n<h3 class=\"wp-block-heading\"><strong>2022<\/strong><\/h3>\n\n\n\n<p>Keynote Speech \u2013 GEM&amp;L 2022 Conference, Universit\u00e4t Passau, Germany, \u00abConfession of a (frustrated) WhorfianConsequences for Management and Language\u00bb, May 19, 2022.<\/p>\n","protected":false},"excerpt":{"rendered":"<p>2019 Keynote speech Atlas- AFMI conference, Universit\u00e9 de Fribourg, Suisse, \u00ab Environnement international: Le passage d\u2019un r\u00e9gime bipolaire-multilat\u00e9ral \u00e0 un monde multipolaire-bilat\u00e9ral\u00bb, 18 juin 2019. 2020 Conf\u00e9rence au&hellip;<\/p>\n","protected":false},"author":1001133,"featured_media":0,"parent":0,"menu_order":0,"comment_status":"closed","ping_status":"closed","template":"","meta":{"_seopress_robots_primary_cat":"","_seopress_titles_title":"","_seopress_titles_desc":"","_seopress_robots_index":"","footnotes":""},"class_list":["post-100","page","type-page","status-publish","has-post-thumbnail"],"_links":{"self":[{"href":"https:\/\/people.unil.ch\/jeanclaudeusunier\/wp-json\/wp\/v2\/pages\/100","targetHints":{"allow":["GET"]}}],"collection":[{"href":"https:\/\/people.unil.ch\/jeanclaudeusunier\/wp-json\/wp\/v2\/pages"}],"about":[{"href":"https:\/\/people.unil.ch\/jeanclaudeusunier\/wp-json\/wp\/v2\/types\/page"}],"author":[{"embeddable":true,"href":"https:\/\/people.unil.ch\/jeanclaudeusunier\/wp-json\/wp\/v2\/users\/1001133"}],"replies":[{"embeddable":true,"href":"https:\/\/people.unil.ch\/jeanclaudeusunier\/wp-json\/wp\/v2\/comments?post=100"}],"version-history":[{"count":0,"href":"https:\/\/people.unil.ch\/jeanclaudeusunier\/wp-json\/wp\/v2\/pages\/100\/revisions"}],"wp:attachment":[{"href":"https:\/\/people.unil.ch\/jeanclaudeusunier\/wp-json\/wp\/v2\/media?parent=100"}],"curies":[{"name":"wp","href":"https:\/\/api.w.org\/{rel}","templated":true}]}}