{"id":25,"date":"2022-09-29T12:43:00","date_gmt":"2022-09-29T10:43:00","guid":{"rendered":"https:\/\/people.unil.ch\/jeanclaudeusunier\/?page_id=25"},"modified":"2022-09-29T12:46:33","modified_gmt":"2022-09-29T10:46:33","slug":"axes-de-recherches","status":"publish","type":"page","link":"https:\/\/people.unil.ch\/jeanclaudeusunier\/axes-de-recherches\/","title":{"rendered":"Axes de Recherches"},"content":{"rendered":"\n<h3 class=\"wp-block-heading\">Marketing International<\/h3>\n\n\n\n<p>La comp\u00e9tence de recherche porte sur les aspects culturels et comparatifs du marketing et du commerce international<\/p>\n\n\n\n<h3 class=\"wp-block-heading\">International Marketing<\/h3>\n\n\n\n<p>Research in this domain covers :<br>&#8211; Country of origin and country image issues<br>&#8211; cross-cultural consumer behavior<br>&#8211; cultural issues relating to international marketing behavior, especially as they refer to time and temporal cultures<\/p>\n\n\n\n<h3 class=\"wp-block-heading\">Management Compar\u00e9 et Cross-Culturel<\/h3>\n\n\n\n<p>La globalisation impose de comparer les modes de gestion \u00e0 travers diff\u00e9rents pays et cultures. Le domaine de recherche porte sur l&rsquo;\u00e9quivalence entre contextes nationaux, linguistiques, et\/ou culturesl sur diff\u00e9rents aspects de la recherche (conceptuel, fonctionnel, de collecte des donn\u00e9es, etc.) Il porte sur les conditions qui permettent de comparer entre cultures les donn\u00e9es d&rsquo;enqu\u00eate relatives au management<\/p>\n\n\n\n<h3 class=\"wp-block-heading\">Confiance et Commerce<\/h3>\n\n\n\n<p>La confiance entre acteurs \u00e9conomiques est un th\u00e8me qui devient central pour expliquer la formation d&rsquo;un capital social qui permet des relations commerciales \u00e0 faibles co\u00fbts de transaction. Cette piste de recherche comprend diff\u00e9rents travaux, articul\u00e9s sur le management compar\u00e9, relevant aussi bien d&rsquo;exp\u00e9riences de laboratoire li\u00e9es aux m\u00e9thodes d&rsquo;\u00e9conomie exp\u00e9rimentale, qu&rsquo;\u00e0 des enqu\u00eates par questionnaire.<\/p>\n\n\n\n<h3 class=\"wp-block-heading\">Confiance et Commerce<\/h3>\n\n\n\n<p>La confiance entre acteurs \u00e9conomiques est un th\u00e8me qui devient central pour expliquer la formation d&rsquo;un capital social qui permet des relations commerciales \u00e0 faibles co\u00fbts de transaction. Cette piste de recherche comprend diff\u00e9rents travaux, articul\u00e9s sur le management compar\u00e9, relevant aussi bien d&rsquo;exp\u00e9riences de laboratoire li\u00e9es aux m\u00e9thodes d&rsquo;\u00e9conomie exp\u00e9rimentale, qu&rsquo;\u00e0 des enqu\u00eates par questionnaire<\/p>\n\n\n\n<h3 class=\"wp-block-heading\">Cross-cultural \/ Comparative management<\/h3>\n\n\n\n<p>This research stream is mostly concerned with issues of equivalence across cultural contexts and measurement equivalence in international research in marketing and management. Particular emphasis is given to the role of languages in influencing mindsets, translation, and conceptual equivalence issues<\/p>\n\n\n\n<hr class=\"wp-block-separator has-alpha-channel-opacity\" \/>\n\n\n\n<p><em><a href=\"https:\/\/people.unil.ch\/jeanclaudeusunier\/collaborations\/\">Collaborations<\/a><\/em><\/p>\n\n\n\n<p><\/p>\n","protected":false},"excerpt":{"rendered":"<p>Marketing International La comp\u00e9tence de recherche porte sur les aspects culturels et comparatifs du marketing et du commerce international International Marketing Research in this domain covers :&#8211; Country&hellip;<\/p>\n","protected":false},"author":1001133,"featured_media":0,"parent":0,"menu_order":0,"comment_status":"closed","ping_status":"closed","template":"","meta":{"_seopress_robots_primary_cat":"","_seopress_titles_title":"","_seopress_titles_desc":"","_seopress_robots_index":"","footnotes":""},"class_list":["post-25","page","type-page","status-publish","has-post-thumbnail"],"_links":{"self":[{"href":"https:\/\/people.unil.ch\/jeanclaudeusunier\/wp-json\/wp\/v2\/pages\/25","targetHints":{"allow":["GET"]}}],"collection":[{"href":"https:\/\/people.unil.ch\/jeanclaudeusunier\/wp-json\/wp\/v2\/pages"}],"about":[{"href":"https:\/\/people.unil.ch\/jeanclaudeusunier\/wp-json\/wp\/v2\/types\/page"}],"author":[{"embeddable":true,"href":"https:\/\/people.unil.ch\/jeanclaudeusunier\/wp-json\/wp\/v2\/users\/1001133"}],"replies":[{"embeddable":true,"href":"https:\/\/people.unil.ch\/jeanclaudeusunier\/wp-json\/wp\/v2\/comments?post=25"}],"version-history":[{"count":0,"href":"https:\/\/people.unil.ch\/jeanclaudeusunier\/wp-json\/wp\/v2\/pages\/25\/revisions"}],"wp:attachment":[{"href":"https:\/\/people.unil.ch\/jeanclaudeusunier\/wp-json\/wp\/v2\/media?parent=25"}],"curies":[{"name":"wp","href":"https:\/\/api.w.org\/{rel}","templated":true}]}}