{"id":53,"date":"2022-09-29T12:46:37","date_gmt":"2022-09-29T10:46:37","guid":{"rendered":"https:\/\/people.unil.ch\/jeanclaudeusunier\/?page_id=53"},"modified":"2022-09-29T12:46:37","modified_gmt":"2022-09-29T10:46:37","slug":"coordonnees","status":"publish","type":"page","link":"https:\/\/people.unil.ch\/jeanclaudeusunier\/coordonnees\/","title":{"rendered":"Coordonn\u00e9es"},"content":{"rendered":"\n<div class=\"wp-block-columns has-background is-layout-flex wp-container-core-columns-is-layout-9d6595d7 wp-block-columns-is-layout-flex\" style=\"background-color:#e7e7e7\">\n<div class=\"wp-block-column is-layout-flow wp-block-column-is-layout-flow\" style=\"flex-basis:70%\">\n<div class=\"wp-block-group\"><div class=\"wp-block-group__inner-container is-layout-flow wp-block-group-is-layout-flow\">\n<p class=\"has-text-align-left\">e-mail : <a href=\"mailto:Jean-Claude.Usunier@unil.ch\">Jean-Claude.Usunier@unil.ch<\/a><\/p>\n\n\n\n<p class=\"has-text-align-left\">Facult\u00e9 des Hautes \u00c9tudes Commerciales<\/p>\n\n\n\n<p class=\"has-text-align-left\"><a href=\"https:\/\/www.unil.ch\/unisciences\/DMK\" data-type=\"URL\" data-id=\"https:\/\/www.unil.ch\/unisciences\/DMK\">D\u00e9partement de marketing (DMK)<\/a><br>Fonction: Professeur honoraire<\/p>\n<\/div><\/div>\n<\/div>\n\n\n\n<div class=\"wp-block-column is-layout-flow wp-block-column-is-layout-flow\" style=\"flex-basis:50%\">\n<figure class=\"wp-block-gallery aligncenter has-nested-images columns-default is-cropped wp-block-gallery-1 is-layout-flex wp-block-gallery-is-layout-flex\">\n<figure class=\"wp-block-image size-full is-style-default dontdisplay\"><img alt=\"\" loading=\"lazy\" decoding=\"async\" width=\"213\" height=\"264\" data-id=\"54\" src=\"https:\/\/people.unil.ch\/jeanclaudeusunier\/files\/2022\/09\/jcusunier.jpg\" alt=\"\" class=\"wp-image-54\" \/><\/figure>\n<\/figure>\n<\/div>\n<\/div>\n\n\n\n<h2 class=\"wp-block-heading\">Mots cl\u00e9s<\/h2>\n\n\n\n<p>Comparaisons internationales<br>Comportement du consommateur<br>Confiance et commerce<br>\u00c9tudes cross-culturelles en management<br>\u00c9tudes et enqu\u00eates comparatives internationales<br>Gestion des op\u00e9rations internationales<br>Globalisation des march\u00e9s<br>Management compar\u00e9<br>Marketing management<br>Services management<\/p>\n\n\n\n<h2 class=\"wp-block-heading\">Prix et distinctions scientifiques<\/h2>\n\n\n\n<h3 class=\"wp-block-heading\">Prix Harvard-L&rsquo;Expansion 1985<\/h3>\n\n\n\n<p>B\u00e9n\u00e9ficiaire : Jean-Claude Usunier<\/p>\n\n\n\n<h3 class=\"wp-block-heading\">Prix de l&rsquo;Acad\u00e9mie des Sciences Commerciales 1993<\/h3>\n\n\n\n<p>B\u00e9n\u00e9ficiaire : Jean-Claude Usunier<\/p>\n\n\n\n<h3 class=\"wp-block-heading\">Prix de l&rsquo;Acad\u00e9mie des Sciences Commerciales 2004<\/h3>\n\n\n\n<p>Pour leur ouvrage <em>Marketing International: D\u00e9veloppement des March\u00e9s et Management Multiculturel<\/em>, publi\u00e9 \u00e0 Paris aux <a href=\"https:\/\/www.vuibert.com\/cat147.html\" target=\"_blank\" rel=\"noreferrer noopener\">Editions Vuibert<\/a><br>B\u00e9n\u00e9ficiaire : Jean-Claude Usunier (UNIL\/HEC\/DEMA\/IUMI) et Nathalie Prime (ESCP-EAP, Paris Graduate School of Management)<\/p>\n","protected":false},"excerpt":{"rendered":"<p>e-mail : Jean-Claude.Usunier@unil.ch Facult\u00e9 des Hautes \u00c9tudes Commerciales D\u00e9partement de marketing (DMK)Fonction: Professeur honoraire Mots cl\u00e9s Comparaisons internationalesComportement du consommateurConfiance et commerce\u00c9tudes cross-culturelles en management\u00c9tudes et enqu\u00eates comparatives&hellip;<\/p>\n","protected":false},"author":1001133,"featured_media":0,"parent":0,"menu_order":0,"comment_status":"closed","ping_status":"closed","template":"","meta":{"_seopress_robots_primary_cat":"","_seopress_titles_title":"","_seopress_titles_desc":"","_seopress_robots_index":"","footnotes":""},"class_list":["post-53","page","type-page","status-publish","has-post-thumbnail"],"_links":{"self":[{"href":"https:\/\/people.unil.ch\/jeanclaudeusunier\/wp-json\/wp\/v2\/pages\/53","targetHints":{"allow":["GET"]}}],"collection":[{"href":"https:\/\/people.unil.ch\/jeanclaudeusunier\/wp-json\/wp\/v2\/pages"}],"about":[{"href":"https:\/\/people.unil.ch\/jeanclaudeusunier\/wp-json\/wp\/v2\/types\/page"}],"author":[{"embeddable":true,"href":"https:\/\/people.unil.ch\/jeanclaudeusunier\/wp-json\/wp\/v2\/users\/1001133"}],"replies":[{"embeddable":true,"href":"https:\/\/people.unil.ch\/jeanclaudeusunier\/wp-json\/wp\/v2\/comments?post=53"}],"version-history":[{"count":0,"href":"https:\/\/people.unil.ch\/jeanclaudeusunier\/wp-json\/wp\/v2\/pages\/53\/revisions"}],"wp:attachment":[{"href":"https:\/\/people.unil.ch\/jeanclaudeusunier\/wp-json\/wp\/v2\/media?parent=53"}],"curies":[{"name":"wp","href":"https:\/\/api.w.org\/{rel}","templated":true}]}}