{"id":166,"date":"2015-05-21T09:01:03","date_gmt":"2015-05-21T07:01:03","guid":{"rendered":"http:\/\/people.unil.ch\/joelwagner\/?page_id=166"},"modified":"2026-01-15T09:09:00","modified_gmt":"2026-01-15T08:09:00","slug":"teaching","status":"publish","type":"page","link":"https:\/\/people.unil.ch\/joelwagner\/teaching\/","title":{"rendered":"Teaching"},"content":{"rendered":"\n<h3 class=\"wp-block-heading\">Current University Teaching<\/h3>\n\n\n\n<ul class=\"wp-block-list\">\n<li><strong>Asset and Liability Management for Actuaries<\/strong> (lecture, ~30-40 students),<br>University of Lausanne, Master of Science in Actuarial Science,<br>Fall 2014-, 4hrs\/week<\/li>\n\n\n\n<li><strong>Insurance Economics<\/strong> (lecture, ~40-60 students),<br>University of Lausanne, Master of Science in Actuarial Science,<br>Fall 2014-2023,\u00a02hrs\/week<\/li>\n\n\n\n<li><strong>Risk Management<\/strong>\u00a0(lecture, 400+ students),<br>University of Lausanne, Bachelor of Science in Management \/ Economics,<br>Spring 2015-2024, Fall 2024-, 2x2hrs\/week<\/li>\n\n\n\n<li><strong>Simulation Methods in Finance and Insurance<\/strong>\u00a0(lecture, ~70-100 students),<br>University of Lausanne, Master of Science in Actuarial Science \/ Finance,<br>Spring\u00a02015-2017, 2hrs\/week<\/li>\n<\/ul>\n\n\n\n<hr class=\"wp-block-separator has-css-opacity\" \/>\n\n\n\n<h3 class=\"wp-block-heading\">Executive Education<\/h3>\n\n\n\n<ul class=\"wp-block-list\">\n<li><strong>Swiss Insurance Company Executive Management Training Program 2019,<br><\/strong>Executive Education, HEC Lausanne, Lausanne (academic director and module speaker)<\/li>\n\n\n\n<li><strong>Leadership Strat\u00e9gique \u2013 Consortium Assurances 2018\/2019,<\/strong><br>Executive Education, HEC Lausanne, Lausanne (academic director and module speaker)<\/li>\n\n\n\n<li><strong>Chinese Bank Training Program,<br><\/strong>Executive Education, HEC Lausanne, Lausanne (Risk Management, module speaker)<\/li>\n\n\n\n<li><strong>Tendances et enjeux strat\u00e9giques dans le march\u00e9 suisse (des assurances),<\/strong><br>\u201cLeadership Strat\u00e9gique\u201d Executive Education, HEC Lausanne<\/li>\n\n\n\n<li><strong>Insurance Management \u2013 Trends, Challenges and Solutions,<br><\/strong>30th International Summer School of the Swiss Association of Actuaries, Lausanne (academic director with A. Braun and H. Schmeiser and module speaker)<\/li>\n\n\n\n<li><strong>Risk Management, Executive MBA,<\/strong><br>University of Geneva, Geneva<\/li>\n\n\n\n<li><strong>\u201cInsurance Trends\u201d pour agents g\u00e9n\u00e9raux,<\/strong><br>Executive Education for a Swiss insurance company<\/li>\n\n\n\n<li><strong>\u201cInsurance Trends\u201d \u2013 D\u00e9fis actuels, pr\u00e9voyance, r\u00e9glementation and \u201cInsurance Trends\u201d \u2013 D\u00e9fis actuels, cyber risk, r\u00e9glementation,<\/strong><br>Executive Education for a Swiss insurance company<\/li>\n\n\n\n<li><strong>Pr\u00eat pour les assurances,<\/strong><br>Formation de base, Lausanne (2014)<\/li>\n\n\n\n<li><strong>Kernprozesse der Versicherung,<\/strong><br>Basisseminar \u201cFit for Insurance\u201d, St. Gallen (2010-2014)<\/li>\n\n\n\n<li><strong>Entwicklung des Privatkundengesch\u00e4fts in der Nichtleben-Versicherung: Wachstum oder Ertrag?,<br><\/strong>St. Galler AssekuranzForum, Bezau (2010-2014)<\/li>\n\n\n\n<li><strong>Die Zukunft des Versicherungsvertriebs,<br><\/strong>St.Galler AssekuranzForum, St.Gallen (2010-2014)<\/li>\n\n\n\n<li><strong>Various \u201cInhouse\u201d Insurance Tranings<\/strong><\/li>\n<\/ul>\n\n\n\n<hr class=\"wp-block-separator has-css-opacity\" \/>\n\n\n<div class=\"lightweight-accordion\"><details><summary class=\"lightweight-accordion-title\"><span>Former university teaching<\/span><\/summary><div class=\"lightweight-accordion-body\">\n\n<ul>\n<li><strong>Asset Liability Management for Insurance Companies<\/strong> (lecture),<br>University of St. Gallen, Master in Banking and Finance,<br>Spring 2011-2014, 4hrs\/week<\/li>\n<li><strong>Theory of Risk and Insurance<\/strong> (lecture),<br>University of St. Gallen, Master in Banking and Finance,<br>Fall 2011, 4hrs\/week<\/li>\n<li><strong>Research Seminar Insurance<\/strong> (research seminar),<br>University of St. Gallen, Master in Banking and Finance,<br>Fall 2012-2013, 3 credits<\/li>\n<li>Numerical Analysis (exercise sessions),<br>Teaching Assistant to M. Picasso, A. Quarteroni and J. Rappaz, EPFL, Bachelor level,<br>Spring 2000, Fall 2000, Spring 2001, Spring 2005, 1h\/week<\/li>\n<li>Analysis (exercise sessions),<br>Teaching Assistant to J. Rappaz, EPFL, Bachelor level,<br>Fall 2001, Fall 2002, Spring 2004, Fall 2004, Spring 2005, 4hrs\/week<\/li>\n<li>Mathematical Methods in Physics (exercise sessions),<br>Teaching Assistant to C. Pfister, EPFL, Master in Physics,<br>Fall 2002-2004, 2hrs\/week<\/li>\n<li>Analysis (exercise sessions),<br>Teaching Assistant to J. Douchet, EPFL, Bachelor level,<br>Spring 2003, 2hrs\/week<\/li>\n<li>Theoretical Physics (exercise sessions),<br>Teaching Assistant to N. Macris, EPFL, Master in Physics,<br>Spring 2001, 2hrs\/week<\/li>\n<li>General Physics (exercise sessions),<br>Teaching Assistant to J.-L. Martin and J. Buttet, EPFL, Bachelor level,<br>Fall 1998, Spring &amp; Fall 1999-2001, 4hrs\/week<\/li>\n<\/ul>\n\n<\/div><\/details><\/div>\n\n\n<hr class=\"wp-block-separator has-css-opacity\" \/>\n","protected":false},"excerpt":{"rendered":"<p>Current University Teaching Executive Education<\/p>\n","protected":false},"author":1001018,"featured_media":0,"parent":0,"menu_order":0,"comment_status":"closed","ping_status":"closed","template":"templates\/template-full-width.php","meta":{"_seopress_robots_primary_cat":"","_seopress_titles_title":"","_seopress_titles_desc":"","_seopress_robots_index":"","footnotes":""},"class_list":["post-166","page","type-page","status-publish"],"_links":{"self":[{"href":"https:\/\/people.unil.ch\/joelwagner\/wp-json\/wp\/v2\/pages\/166","targetHints":{"allow":["GET"]}}],"collection":[{"href":"https:\/\/people.unil.ch\/joelwagner\/wp-json\/wp\/v2\/pages"}],"about":[{"href":"https:\/\/people.unil.ch\/joelwagner\/wp-json\/wp\/v2\/types\/page"}],"author":[{"embeddable":true,"href":"https:\/\/people.unil.ch\/joelwagner\/wp-json\/wp\/v2\/users\/1001018"}],"replies":[{"embeddable":true,"href":"https:\/\/people.unil.ch\/joelwagner\/wp-json\/wp\/v2\/comments?post=166"}],"version-history":[{"count":1,"href":"https:\/\/people.unil.ch\/joelwagner\/wp-json\/wp\/v2\/pages\/166\/revisions"}],"predecessor-version":[{"id":1909,"href":"https:\/\/people.unil.ch\/joelwagner\/wp-json\/wp\/v2\/pages\/166\/revisions\/1909"}],"wp:attachment":[{"href":"https:\/\/people.unil.ch\/joelwagner\/wp-json\/wp\/v2\/media?parent=166"}],"curies":[{"name":"wp","href":"https:\/\/api.w.org\/{rel}","templated":true}]}}