{"id":211,"date":"2015-06-11T18:37:54","date_gmt":"2015-06-11T16:37:54","guid":{"rendered":"http:\/\/people.unil.ch\/joelwagner\/?page_id=211"},"modified":"2020-09-22T12:34:02","modified_gmt":"2020-09-22T10:34:02","slug":"studies-surveys","status":"publish","type":"page","link":"https:\/\/people.unil.ch\/joelwagner\/publications\/studies-surveys\/","title":{"rendered":"Studies and Surveys"},"content":{"rendered":"<h3><strong>Studies<\/strong><\/h3>\n<table>\n<tbody>\n<tr>\n<td style=\"width: 150px;vertical-align: top\"><img alt=\"\" loading=\"lazy\" decoding=\"async\" class=\"aligncenter wp-image-366\" src=\"https:\/\/people.unil.ch\/joelwagner\/files\/2015\/06\/Screen-Shot-2016-01-15-at-14.30.50-211x300.png\" alt=\"\" width=\"150\" height=\"213\" srcset=\"https:\/\/people.unil.ch\/joelwagner\/files\/2015\/06\/Screen-Shot-2016-01-15-at-14.30.50-211x300.png 211w, https:\/\/people.unil.ch\/joelwagner\/files\/2015\/06\/Screen-Shot-2016-01-15-at-14.30.50.png 563w\" sizes=\"auto, (max-width: 150px) 100vw, 150px\" \/><\/td>\n<td style=\"vertical-align: middle\">Study 01<br \/>\n<strong>Trends im\u00a0Schadenmanagement 2015 \/<br \/>\nGestion des Sinistres &#8211; Tendances 2015<br \/>\n<\/strong>(Together with INNOVALUE Management Advisors)<\/p>\n<p>Full\u00a0version, German, October 2015, <a href=\"https:\/\/people.unil.ch\/joelwagner\/files\/2015\/06\/HEC-Lausanne_INNOVALUE_Trends-im-Schadenmanagement-2015.pdf\">Download<\/a><br \/>\nManagement version, German, January\u00a02016,\u00a0<a href=\"https:\/\/people.unil.ch\/joelwagner\/files\/2015\/06\/HEC-Lausanne_INNOVALUE_Trends-im-Schadenmanagement-2016-DE2.pdf\">Download<\/a><br \/>\nManagement version, French, March\u00a02016,\u00a0<a href=\"https:\/\/people.unil.ch\/joelwagner\/files\/2015\/06\/HEC-Lausanne_INNOVALUE_Trends-im-Schadenmanagement-2016-FR.pdf\">Download<\/a><\/td>\n<\/tr>\n<\/tbody>\n<\/table>\n<h3><strong>Survey Series<\/strong><\/h3>\n<table>\n<tbody>\n<tr>\n<td style=\"width: 150px;vertical-align: top\"><img alt=\"\" loading=\"lazy\" decoding=\"async\" class=\"alignnone wp-image-985\" src=\"https:\/\/people.unil.ch\/joelwagner\/files\/2018\/10\/Screen-Shot-2018-10-02-at-10.47.55-216x300.png\" alt=\"\" width=\"150\" height=\"208\" srcset=\"https:\/\/people.unil.ch\/joelwagner\/files\/2018\/10\/Screen-Shot-2018-10-02-at-10.47.55-216x300.png 216w, https:\/\/people.unil.ch\/joelwagner\/files\/2018\/10\/Screen-Shot-2018-10-02-at-10.47.55-768x1065.png 768w, https:\/\/people.unil.ch\/joelwagner\/files\/2018\/10\/Screen-Shot-2018-10-02-at-10.47.55-739x1024.png 739w, https:\/\/people.unil.ch\/joelwagner\/files\/2018\/10\/Screen-Shot-2018-10-02-at-10.47.55-624x865.png 624w, https:\/\/people.unil.ch\/joelwagner\/files\/2018\/10\/Screen-Shot-2018-10-02-at-10.47.55.png 948w\" sizes=\"auto, (max-width: 150px) 100vw, 150px\" \/><\/td>\n<td style=\"vertical-align: middle\">\n<div class=\"layoutArea\">Survey 2018-02 &#8212; 2 October 2018 (2 pages)<br \/>\n<strong>Le r\u00f4le de l&#8217;agent g\u00e9n\u00e9ral, aujourd&#8217;hui et demain<\/strong><br \/>\n(Sondage dans le cadre du Cycle de Conf\u00e9rences 3 \/ 2018)<br \/>\n<a href=\"https:\/\/people.unil.ch\/joelwagner\/files\/2018\/10\/20181002_sondage.pdf\">Download<\/a><\/div>\n<\/td>\n<\/tr>\n<tr>\n<td style=\"width: 150px;vertical-align: top\"><img alt=\"\" loading=\"lazy\" decoding=\"async\" class=\"alignnone wp-image-919\" src=\"https:\/\/people.unil.ch\/joelwagner\/files\/2018\/07\/Screen-Shot-2018-07-15-at-08.37.06-216x300.png\" alt=\"\" width=\"150\" height=\"208\" srcset=\"https:\/\/people.unil.ch\/joelwagner\/files\/2018\/07\/Screen-Shot-2018-07-15-at-08.37.06-216x300.png 216w, https:\/\/people.unil.ch\/joelwagner\/files\/2018\/07\/Screen-Shot-2018-07-15-at-08.37.06-768x1065.png 768w, https:\/\/people.unil.ch\/joelwagner\/files\/2018\/07\/Screen-Shot-2018-07-15-at-08.37.06-738x1024.png 738w, https:\/\/people.unil.ch\/joelwagner\/files\/2018\/07\/Screen-Shot-2018-07-15-at-08.37.06-624x866.png 624w, https:\/\/people.unil.ch\/joelwagner\/files\/2018\/07\/Screen-Shot-2018-07-15-at-08.37.06.png 865w\" sizes=\"auto, (max-width: 150px) 100vw, 150px\" \/><\/td>\n<td style=\"vertical-align: middle\">Survey 2018-01 &#8212; 19 April 2018 (2 pages)<br \/>\n<b>Assurances 2025+ : Quo vadis ?<\/b><br \/>\n(Sondage dans le cadre du Cycle de Conf\u00e9rences 1 \/ 2018)<br \/>\n<a href=\"https:\/\/people.unil.ch\/joelwagner\/files\/2018\/07\/20180419_sondage.pdf\">Download<\/a><\/td>\n<\/tr>\n<tr>\n<td style=\"width: 150px;height: 160px;vertical-align: top\"><img alt=\"\" loading=\"lazy\" decoding=\"async\" class=\"aligncenter wp-image-644\" src=\"https:\/\/people.unil.ch\/joelwagner\/files\/2015\/06\/Screen-Shot-2017-03-13-at-11.30.16-212x300.png\" alt=\"\" width=\"150\" height=\"213\" srcset=\"https:\/\/people.unil.ch\/joelwagner\/files\/2015\/06\/Screen-Shot-2017-03-13-at-11.30.16-212x300.png 212w, https:\/\/people.unil.ch\/joelwagner\/files\/2015\/06\/Screen-Shot-2017-03-13-at-11.30.16.png 564w\" sizes=\"auto, (max-width: 150px) 100vw, 150px\" \/><\/td>\n<td style=\"height: 160px;vertical-align: middle\">Survey 2017-01 &#8212; 15 February\u00a02017 (2 pages)<br \/>\n<strong style=\"font-family: inherit;font-size: inherit\">Une r\u00e9volution (tranquille) dans la distribution : &#8220;Customer Journey&#8221; modifi\u00e9 et cons\u00e9quences pour la gestion<br \/>\n<\/strong><span style=\"font-family: inherit;font-size: inherit\">(Sondage dans le cadre du Cycle de Conf\u00e9rences 1 \/ 2017)<br \/>\n<\/span><a style=\"font-family: inherit;font-size: inherit\" href=\"https:\/\/people.unil.ch\/joelwagner\/files\/2015\/05\/20170215_sondage.pdf\">Download<\/a><\/td>\n<\/tr>\n<tr>\n<td style=\"width: 150px;height: 160px;vertical-align: top\"><img alt=\"\" loading=\"lazy\" decoding=\"async\" class=\"aligncenter wp-image-558\" src=\"https:\/\/people.unil.ch\/joelwagner\/files\/2015\/06\/Screen-Shot-2016-06-27-at-09.52.00-213x300.png\" alt=\"\" width=\"150\" height=\"211\" srcset=\"https:\/\/people.unil.ch\/joelwagner\/files\/2015\/06\/Screen-Shot-2016-06-27-at-09.52.00-213x300.png 213w, https:\/\/people.unil.ch\/joelwagner\/files\/2015\/06\/Screen-Shot-2016-06-27-at-09.52.00.png 568w\" sizes=\"auto, (max-width: 150px) 100vw, 150px\" \/><\/td>\n<td style=\"height: 160px;vertical-align: middle\">Survey 2016-03 &#8212; 28 June\u00a02016 (3 pages)<br \/>\n<strong>Gestion des sinistres : digitalisation, lutte antifraude et gestion des prestataire<\/strong><b>s<\/b><br \/>\n(Sondage dans le cadre du Cycle de Conf\u00e9rences 2 \/ 2016)<br \/>\n<a href=\"https:\/\/people.unil.ch\/joelwagner\/files\/2015\/06\/20160628_sondage.pdf\">Download<\/a><\/td>\n<\/tr>\n<tr>\n<td style=\"width: 150px;height: 160px;vertical-align: top\"><img alt=\"\" loading=\"lazy\" decoding=\"async\" class=\"aligncenter wp-image-550\" src=\"https:\/\/people.unil.ch\/joelwagner\/files\/2015\/06\/Screen-Shot-2016-06-27-at-08.23.52-212x300.png\" alt=\"\" width=\"150\" height=\"212\" srcset=\"https:\/\/people.unil.ch\/joelwagner\/files\/2015\/06\/Screen-Shot-2016-06-27-at-08.23.52-212x300.png 212w, https:\/\/people.unil.ch\/joelwagner\/files\/2015\/06\/Screen-Shot-2016-06-27-at-08.23.52.png 565w\" sizes=\"auto, (max-width: 150px) 100vw, 150px\" \/><\/td>\n<td style=\"height: 160px;vertical-align: middle\">Survey 2016-02 &#8212; 22 March\u00a02016 (2 pages)<br \/>\n<strong>Cyber Risk et\u00a0<\/strong><b>l&#8217;assurance de la part virtuelle de nos vies<\/b><br \/>\n(Sondage dans le cadre du Cycle de Conf\u00e9rences 1 \/ 2016)<br \/>\n<a href=\"https:\/\/people.unil.ch\/joelwagner\/files\/2015\/06\/20160322_sondage.pdf\">Download<\/a><\/td>\n<\/tr>\n<tr>\n<td style=\"width: 150px;height: 160px;vertical-align: top\"><img alt=\"\" loading=\"lazy\" decoding=\"async\" class=\"aligncenter wp-image-382\" src=\"https:\/\/people.unil.ch\/joelwagner\/files\/2015\/06\/Screen-Shot-2016-01-15-at-14.58.15-212x300.png\" alt=\"\" width=\"150\" height=\"213\" srcset=\"https:\/\/people.unil.ch\/joelwagner\/files\/2015\/06\/Screen-Shot-2016-01-15-at-14.58.15-212x300.png 212w, https:\/\/people.unil.ch\/joelwagner\/files\/2015\/06\/Screen-Shot-2016-01-15-at-14.58.15.png 564w\" sizes=\"auto, (max-width: 150px) 100vw, 150px\" \/><\/td>\n<td style=\"height: 160px;vertical-align: middle\">Survey 2016-01 &#8212; 19 January\u00a02016 (2 pages)<br \/>\n<strong><b>Assurance-vie: <\/b><b>moins <\/b><b>de garantie, plus de valeur pour le client?<\/b><b><br \/>\n<\/b><\/strong>(Sondage dans le cadre d&#8217;une conf\u00e9rence de Swiss Life)<\/td>\n<\/tr>\n<tr>\n<td style=\"width: 150px;height: 160px;vertical-align: top\"><img alt=\"\" loading=\"lazy\" decoding=\"async\" class=\"aligncenter wp-image-381\" src=\"https:\/\/people.unil.ch\/joelwagner\/files\/2015\/06\/Screen-Shot-2016-01-15-at-14.57.51-212x300.png\" alt=\"\" width=\"150\" height=\"213\" srcset=\"https:\/\/people.unil.ch\/joelwagner\/files\/2015\/06\/Screen-Shot-2016-01-15-at-14.57.51-212x300.png 212w, https:\/\/people.unil.ch\/joelwagner\/files\/2015\/06\/Screen-Shot-2016-01-15-at-14.57.51.png 564w\" sizes=\"auto, (max-width: 150px) 100vw, 150px\" \/><\/td>\n<td style=\"height: 160px;vertical-align: middle\">Survey 2015-04\u00a0&#8212; 7 October 2015 (2 pages)<br \/>\n<strong>Cyber Risk : un risque ma\u00eetris\u00e9 ?<br \/>\n<\/strong>(Sondage dans le cadre d&#8217;une conf\u00e9rence de Kessler &amp; Co)<\/td>\n<\/tr>\n<tr>\n<td style=\"width: 150px;height: 160px;vertical-align: top\"><img alt=\"\" loading=\"lazy\" decoding=\"async\" class=\"aligncenter wp-image-378\" src=\"https:\/\/people.unil.ch\/joelwagner\/files\/2015\/06\/Screen-Shot-2016-01-15-at-14.54.28-212x300.png\" alt=\"\" width=\"150\" height=\"213\" srcset=\"https:\/\/people.unil.ch\/joelwagner\/files\/2015\/06\/Screen-Shot-2016-01-15-at-14.54.28-212x300.png 212w, https:\/\/people.unil.ch\/joelwagner\/files\/2015\/06\/Screen-Shot-2016-01-15-at-14.54.28.png 564w\" sizes=\"auto, (max-width: 150px) 100vw, 150px\" \/><\/td>\n<td style=\"height: 160px;vertical-align: middle\">Survey 2015-03 &#8212; 5 October 2015 (2 pages)<br \/>\n<strong>Strat\u00e9gies de tarification dans l\u2019assurance automobile<\/strong><br \/>\n(Sondage dans le cadre du Cycle de Conf\u00e9rences 2 \/ 2015)<br \/>\n<a href=\"https:\/\/people.unil.ch\/joelwagner\/files\/2015\/06\/20151005_sondage.pdf\">Download<\/a><\/td>\n<\/tr>\n<tr>\n<td style=\"width: 150px;height: 160px;vertical-align: top\"><img alt=\"\" loading=\"lazy\" decoding=\"async\" class=\"aligncenter wp-image-372\" src=\"https:\/\/people.unil.ch\/joelwagner\/files\/2015\/06\/Screen-Shot-2016-01-15-at-14.44.48-212x300.png\" alt=\"\" width=\"150\" height=\"212\" srcset=\"https:\/\/people.unil.ch\/joelwagner\/files\/2015\/06\/Screen-Shot-2016-01-15-at-14.44.48-212x300.png 212w, https:\/\/people.unil.ch\/joelwagner\/files\/2015\/06\/Screen-Shot-2016-01-15-at-14.44.48.png 565w\" sizes=\"auto, (max-width: 150px) 100vw, 150px\" \/><\/td>\n<td style=\"height: 160px;vertical-align: middle\">Survey 2015-02 &#8212; July\u00a02015 (5 pages)<br \/>\n<strong>Adaptation Strategies to Regulatory Uncertainty Perception and Performance Implications: Evidence from Insurers\u2019 Reactions to Solvency Regulation in Europe<br \/>\n<\/strong>(Joint work with Professor Markus Kreutzer)<strong><br \/>\n<\/strong><a href=\"https:\/\/people.unil.ch\/joelwagner\/files\/2015\/06\/20150729_solvency14.pdf\">Download<\/a><\/td>\n<\/tr>\n<tr>\n<td style=\"width: 120px;height: 160px;vertical-align: top\"><img alt=\"\" loading=\"lazy\" decoding=\"async\" class=\"aligncenter wp-image-371\" src=\"https:\/\/people.unil.ch\/joelwagner\/files\/2015\/06\/Screen-Shot-2016-01-15-at-14.41.44-212x300.png\" alt=\"\" width=\"150\" height=\"213\" srcset=\"https:\/\/people.unil.ch\/joelwagner\/files\/2015\/06\/Screen-Shot-2016-01-15-at-14.41.44-212x300.png 212w, https:\/\/people.unil.ch\/joelwagner\/files\/2015\/06\/Screen-Shot-2016-01-15-at-14.41.44.png 564w\" sizes=\"auto, (max-width: 150px) 100vw, 150px\" \/><\/td>\n<td style=\"height: 160px;vertical-align: middle\">Survey 2015-01 &#8212; 18 June 2015 (2 pages)<br \/>\n<strong>L&#8217;avenir de l&#8217;assurance vie : une mort lente?<\/strong><br \/>\n(Sondage dans le cadre du Cycle de Conf\u00e9rences 1 \/ 2015)<br \/>\n<a href=\"https:\/\/people.unil.ch\/joelwagner\/files\/2015\/05\/20150618_sondage.pdf\">Download<\/a><\/td>\n<\/tr>\n<\/tbody>\n<\/table>\n<p>&nbsp;<\/p>\n","protected":false},"excerpt":{"rendered":"<p>Studies Study 01 Trends im\u00a0Schadenmanagement 2015 \/ Gestion des Sinistres &#8211; Tendances 2015 (Together with INNOVALUE Management Advisors) Full\u00a0version, German, October 2015, Download Management version, German, January\u00a02016,\u00a0Download Management version, French, March\u00a02016,\u00a0Download Survey Series Survey 2018-02 &#8212; 2 October 2018 (2 pages) Le r\u00f4le de l&#8217;agent g\u00e9n\u00e9ral, aujourd&#8217;hui et demain (Sondage dans le cadre du Cycle [&hellip;]<\/p>\n","protected":false},"author":1001018,"featured_media":0,"parent":169,"menu_order":0,"comment_status":"closed","ping_status":"closed","template":"templates\/template-full-width.php","meta":{"_seopress_robots_primary_cat":"","_seopress_titles_title":"","_seopress_titles_desc":"","_seopress_robots_index":"","footnotes":""},"class_list":["post-211","page","type-page","status-publish"],"_links":{"self":[{"href":"https:\/\/people.unil.ch\/joelwagner\/wp-json\/wp\/v2\/pages\/211","targetHints":{"allow":["GET"]}}],"collection":[{"href":"https:\/\/people.unil.ch\/joelwagner\/wp-json\/wp\/v2\/pages"}],"about":[{"href":"https:\/\/people.unil.ch\/joelwagner\/wp-json\/wp\/v2\/types\/page"}],"author":[{"embeddable":true,"href":"https:\/\/people.unil.ch\/joelwagner\/wp-json\/wp\/v2\/users\/1001018"}],"replies":[{"embeddable":true,"href":"https:\/\/people.unil.ch\/joelwagner\/wp-json\/wp\/v2\/comments?post=211"}],"version-history":[{"count":0,"href":"https:\/\/people.unil.ch\/joelwagner\/wp-json\/wp\/v2\/pages\/211\/revisions"}],"up":[{"embeddable":true,"href":"https:\/\/people.unil.ch\/joelwagner\/wp-json\/wp\/v2\/pages\/169"}],"wp:attachment":[{"href":"https:\/\/people.unil.ch\/joelwagner\/wp-json\/wp\/v2\/media?parent=211"}],"curies":[{"name":"wp","href":"https:\/\/api.w.org\/{rel}","templated":true}]}}