{"id":459,"date":"2016-06-16T15:42:51","date_gmt":"2016-06-16T13:42:51","guid":{"rendered":"http:\/\/people.unil.ch\/joelwagner\/?page_id=459"},"modified":"2023-09-11T18:19:05","modified_gmt":"2023-09-11T16:19:05","slug":"talks","status":"publish","type":"page","link":"https:\/\/people.unil.ch\/joelwagner\/talks\/","title":{"rendered":"Talks"},"content":{"rendered":"\n<p class=\"has-text-align-left\">Conference contributions and seminar talks of the research group<\/p>\n\n\n<div class=\"lightweight-accordion\"><details open><summary class=\"lightweight-accordion-title\"><span>2023<\/span><\/summary><div class=\"lightweight-accordion-body\">\n\n<ul>\n<li><strong>Scientific Workshop of the Swiss Academy of Medical Sciences &#8220;Which path(s) for the transformation of the health system?&#8221;, 11 September 2023, Lausanne<\/strong><br>Invited participant (J. Wagner)<\/li>\n<li><strong>27st Asia-Pacific Risk and Insurance Association&nbsp;Annual Conference (APRIA), 30 July \u2013 2 August 2023, Osaka (Japan)<br><\/strong>Contributed talk<\/li>\n<li><strong>26th International Congress on Insurance: Mathematics and Economics (IME), 4 \u2013 7 July 2013, Edinburgh<\/strong><br>Contributed talks<\/li>\n<li><strong>Modelling and Societal Impact of Longevity and Ageing Conference, 25 \u2013 26 May 2023, Amsterdam<\/strong><br>Contributed talk<\/li>\n<li><strong>Jahrestagung Deutscher Verein f\u00fcr Versicherungswissenschaft (DVfVW), 22 \u2013 23 March 2023, Coburg<br>\n<\/strong>Contributed talk<\/li>\n<\/ul>\n\n<\/div><\/details><\/div>\n\n<div class=\"lightweight-accordion\"><details><summary class=\"lightweight-accordion-title\"><span>2022<\/span><\/summary><div class=\"lightweight-accordion-body\">\n\n<ul>\n<li><strong>to be completed&#8230;<\/strong><br>Contributed talk<\/li>\n<li><strong>OECD &#8220;Risks That Matter&#8221; (RTM) Workshop, 11 April 2023, online<\/strong><br>Invited talk<\/li>\n<\/ul>\n\n<\/div><\/details><\/div>\n\n<div class=\"lightweight-accordion\"><details><summary class=\"lightweight-accordion-title\"><span>2021<\/span><\/summary><div class=\"lightweight-accordion-body\">\n\n<ul>\n<li><strong>to be completed&#8230;<\/strong><br>Contributed talk<\/li>\n<\/ul>\n\n<\/div><\/details><\/div>\n\n<div class=\"lightweight-accordion\"><details><summary class=\"lightweight-accordion-title\"><span>2020<\/span><\/summary><div class=\"lightweight-accordion-body\">\n\n<ul>\n<li><strong style=\"font-family: NonBreakingSpaceOverride, 'Hoefler Text', Garamond, 'Times New Roman', serif;font-size: 21px\">15th Pre-ICIS Workshop on Information Security and Privacy, 12 December 2020, India<\/strong><br>\nContributed talk<\/li>\n<\/ul>\n\n<\/div><\/details><\/div>\n\n<div class=\"lightweight-accordion\"><details><summary class=\"lightweight-accordion-title\"><span>2019<\/span><\/summary><div class=\"lightweight-accordion-body\">\n\n<ul>\n<li><strong>Health 2030 &amp; IRGC@EPFL &#8211;&nbsp;Value creation in precision medicine, Expert workshop, 4 \u2013 6 December 2019, Geneva<\/strong><br>\nInvited contributions<\/li>\n<li><strong>Swiss Health Economics Workshop 2019, 13 September 2019, Lucerne<\/strong><br>\nContributed talks<\/li>\n<li><strong>2019 American Risk and Insurance Association Annual Meeting (ARIA), 4 \u2013&nbsp;7 August 2019, San Francisco<br>\n<\/strong>Contributed talk<\/li>\n<li><strong>22nd International Congress on Insurance: Mathematics and Economics (IME), 10 \u2013 12 July 2019, Munich<\/strong><br>\nContributed talks<\/li>\n<li><strong>Insurance Data Science Conference, 14 June 2019, Zurich<br>\n<\/strong>Contributed talk<\/li>\n<li><strong>Cycle de Conf\u00e9rences Interfacultaires,&nbsp;Rencontre FBM-HEC, 20 June 2019, Lausanne<\/strong><br>\nInvited talk: Sant\u00e9 personnalis\u00e9e : m\u00e9gadonn\u00e9es, assurances et co\u00fbts de la sant\u00e9 (J. Wagner)<\/li>\n<li><strong>Conf\u00e9rence de l&#8217;Institut des Actuaires, 27 May 2019, Paris<\/strong><br>\nInvited talk: Soins de longue dur\u00e9e et tables de d\u00e9pendance: nouvelles donn\u00e9es empiriques pour la Suisse (J. Wagner)<\/li>\n<li><strong>Jahrestagung Deutscher Verein f\u00fcr Versicherungswissenschaft (DVfVW), 27 \u2013 28 March 2019, Berlin<br>\n<\/strong>Contributed talks<\/li>\n<\/ul>\n\n<\/div><\/details><\/div>\n\n<div class=\"lightweight-accordion\"><details><summary class=\"lightweight-accordion-title\"><span>2018<\/span><\/summary><div class=\"lightweight-accordion-body\">\n\n<ul>\n<li><strong>Longevity 14 Conference, 20 \u2013 21 September 2018,&nbsp;Amsterdam<br>\n<\/strong>Contributed talk: An Econometric Study on the Duration of Long-Term Care: Main Drivers and Substitution Effect<\/li>\n<li><strong>4th European Actuarial Journal (EAJ) Conference, 9 \u2013 11 September&nbsp;2018, Leuven (Belgium)<\/strong><br>\nContributed talks and session chair (J. Wagner):<br>\n(1) An Econometric Study on the Duration of Long-Term Care: Main Drivers and Substitution Effect<br>\n(2) On the Socio-demographic and Medical Drivers of Long-Term Care Needs in Europe<br>\n(3) Optimizing insurance pricing models in MTPL: what can be learned from artificial intelligence?<\/li>\n<li><strong>2018 American Risk and Insurance Association Annual Meeting (ARIA), 5 \u2013 8 August&nbsp;2018,&nbsp;Chicago<br>\n<\/strong>Contributed talk: Optimizing insurance pricing models in MTPL: what can be learned form artificial intelligence?<\/li>\n<li><strong>31st International Congress of Actuaries (ICA) 2018, 4 \u2013 8 June 2018, Berlin<br>\n<\/strong>Contributed talks:<br>\n(1) Old-age Care Prevalence In Switzerland: Drivers And Future Development<br>\n(2) Long-term Care Models And Dependence Probability Tables By Acuity Level: New Empirical Evidence From Switzerland (J. Wagner)<\/li>\n<li><strong>10th Conference in Actuarial Science &amp; Finance, 30 May \u2013 3 June 2018, Samos (Greece)<br>\n<\/strong>(1) Invited talk: Long-Term Care Prevalence and Actuarial Tables: New Empirical Evidence from Switzerland&nbsp;(J. Wagner)<br>\n(2) Contributed talk:&nbsp;Optimal Asset Allocation in Pension Funds Under Consideration of Higher Moments (presented by P. M\u00fcller)<\/li>\n<li><strong>EMLyon Business School CEFRA Seminar, 26 April 2018, Lyon<br>\n<\/strong>Invited talk: Long-Term Care Prevalence and Actuarial Tables: New Empirical Evidence from Switzerland (J. Wagner)<\/li>\n<li><strong><b>Jahrestagung Deutscher Verein f\u00fcr Versicherungswissenschaft&nbsp;(DVfVW)<\/b>, 21 \u2013 22 March&nbsp;2018,&nbsp;Munich<br>\n<\/strong>Contributed talks:<br>\n(1) Optimal Asset Allocation in Pension Funds Under Consideration of Higher Moments<br>\n(2) Long-term care models and dependence probability tables by acuity level: new empirical evidence from Switzerland<br>\n(3) Informal care, long term-care insurance and intra-family moral hazard: Empirical evidence for Europe<\/li>\n<li><strong>Actuarial and Financial Mathematics Conference 2018, 8 \u2013 9 February 2018, Brussels<\/strong><br>\nContributed talk:&nbsp;Long-term care models and dependence probability tables by acuity level: new empirical evidence from Switzerland<\/li>\n<li><strong>LoLitA (Dynamic models for human <span style=\"text-decoration: underline\">Lo<\/span>ngevity with <span style=\"text-decoration: underline\">Li<\/span>fes<span style=\"text-decoration: underline\">t<\/span>yle <span style=\"text-decoration: underline\">A<\/span>djustments) Closing Conference, 15 \u2013 17 January 2018, Paris<\/strong><br>\nInvited talk: Long-Term Care Prevalence and Actuarial Tables: New Empirical Evidence from Switzerland (J. Wagner)<\/li>\n<li><strong>Western Risk and Insurance Annual Meeting (WRIA), 2&nbsp;\u2013 5&nbsp;January 2018, Las Vegas<\/strong><br>\nContributed talk: On the Calibration of Annuities in Swiss Pension Funds under Consideration of Financial and Biometric Risks (presented by P. M\u00fcller)<\/li>\n<\/ul>\n\n<\/div><\/details><\/div>\n\n<div class=\"lightweight-accordion\"><details><summary class=\"lightweight-accordion-title\"><span>2017<\/span><\/summary><div class=\"lightweight-accordion-body\">\n\n<ul>\n<li><strong>International Actuarial Association (IAA) Life Colloquium 2017, 23 \u2013 24 October 2017, Barcelona<\/strong><br>\nContributed talk:&nbsp;Long-term care models and dependence probability tables by acuity level: new empirical evidence from Switzerland<\/li>\n<li><strong>Third International Conference for Marketing in the Insurance&nbsp;Industry (icmi 2017), 19 October 2017, St. Gallen<\/strong><br>\nContributed talks:<br>\n(1) Duration to Cross-selling in Non-life Insurance: A Statistical Analysis (presented by Y. Staudt)<br>\n(2) Insurance Consumption and Customer Portfolio Characteristics in Multichannel Distribution: New Empirical Evidence (presented by S. Mau)<\/li>\n<li><strong>2017 American Risk and Insurance Association Annual Meeting (ARIA), 6 \u2013 9 August&nbsp;2017,&nbsp;Toronto<br>\n<\/strong>Contributed talks:<br>\n(1) Long-term care models and dependence probability tables by acuity level: new empirical evidence from Switzerland<br>\n(2)&nbsp;What policyholder and contract features determine the evolution of non-life insurance customer relationships? \u2013 A case study analysis<\/li>\n<li><strong>21st Asia-Pacific Risk and Insurance Association&nbsp;Annual Conference (APRIA), 30 July \u2013 2 August&nbsp;2017,&nbsp;Poznan (Poland)<br>\n<\/strong>Contributed talks:<br>\n(1) Long-term care models and dependence probability tables by acuity level: new empirical evidence from Switzerland<br>\n(2)&nbsp;What policyholder and contract features determine the evolution of non-life insurance customer relationships? \u2013 A case study analysis<\/li>\n<li><strong>21st International Congress on&nbsp;Insurance: Mathematics and Economics (IME), 3 \u2013 5 July&nbsp;2017,&nbsp;Vienna<br>\n<\/strong>Contributed talks:<br>\n(1) Stochastic Programming for Asset Allocation in Pension Funds<br>\n(2) Long-term care models and dependence probability tables by acuity level: new empirical evidence from Switzerland<\/li>\n<li><strong>R in Insurance, 8 June 2017,&nbsp;Paris<br>\n<\/strong>Contributed talk: Stochastic Programming for Asset Allocation in Pension Funds (presented by I. Rudnytskyi)<\/li>\n<li><strong>34th International Conference of the French Finance Association (AFFI), 31 May&nbsp;\u2013 2&nbsp;June 2017, Valence&nbsp;(France)<\/strong><br>\nContributed talk: Long-term care models and dependence probability tables by acuity level: new empirical evidence from Switzerland<\/li>\n<li><strong><b>Swiss Risk and Insurance Forum, 15 \u2013 16 May&nbsp;2017, Zurich<br>\n<\/b><\/strong>Invited participant. Asset-Liability Management for Long-Term Insurance Business. (J. Wagner)<\/li>\n<li><strong><b>Jahrestagung Deutscher Verein f\u00fcr Versicherungswissenschaft&nbsp;(DVfVW)<\/b>, 15 \u2013&nbsp;16 March&nbsp;2017,&nbsp;Berlin<br>\n<\/strong>Contributed talks:<br>\n(1) The Impact of Pension Funding Mechanisms on the Stability and Payoff from DC Pension Schemes in Switzerland<br>\n(2)&nbsp;What customer, policy and distribution characteristics drive the development of insurance customer relationships? \u2013 A case study analysis<br>\n(3)&nbsp;Understanding Motor Insurance Business \u2013 Empirical Evidence&nbsp;from Germany<\/li>\n<li><strong>Award Ceremony &#8220;Walter Saxer Versicherungs-Hochschulpreis&#8221;, ETH Risk Center Seminar Series, 7 March 2017,&nbsp;Zurich<\/strong><br>\nInvited talk:&nbsp;Long-term care models and dependence probability tables by acuity level &#8211; new empirical evidence from Switzerland (J. Wagner)<\/li>\n<li><strong>Western Risk and Insurance Annual Meeting (WRIA), 2&nbsp;\u2013 5&nbsp;January 2017, Santa Barbara&nbsp;(U.S.A.)<\/strong><br>\nContributed talk: Optimal Asset Allocation in Pension Funds Under Consideration of Higher Moments (presented by P. M\u00fcller)<\/li>\n<\/ul>\n\n<\/div><\/details><\/div>\n\n<div class=\"lightweight-accordion\"><details><summary class=\"lightweight-accordion-title\"><span>2016<\/span><\/summary><div class=\"lightweight-accordion-body\">\n\n<ul>\n<li><strong>European Group of Risk and Insurance Economists (EGRIE) Conference, 18&nbsp;\u2013 21&nbsp;September 2016, Cyprus<\/strong><br>\nContributed talk:&nbsp;The Impact of Pension Funding Mechanisms on the Stability and Payoff from DC Pension Schemes in Switzerland&nbsp;(presented by P. M\u00fcller)<\/li>\n<li><strong>3rd European Actuarial Journal (EAJ) Conference, 6 \u2013 8&nbsp;September&nbsp;2016, Lyon<\/strong><br>\nContributed talks:<br>\n(1) Modeling&nbsp;long term care insurance with&nbsp;Markov type models: elaboration of&nbsp;dependency&nbsp;tables and actuarial pricing examples for Switzerland<br>\n(2)&nbsp;The Impact of Pension Funding Mechanisms on the Stability and the Payoff from DC Pension Schemes in Switzerland<br>\n(3)&nbsp;What customer, policy and distribution characteristics drive the development of insurance customer relationships? \u2013 A case study analysis<br>\n(4)&nbsp;Impact of Catastrophe Events on Non-life Insurance Companies&#8217; Market Valuation \u2013 an Event Study Analysis<\/li>\n<li><strong>satRday #1 Conference, 3 September 2016, Budapest<\/strong><br>\nContributed talk: estudy2: an R package for the event study in insurance (presented by I. Rudnytskyi)<\/li>\n<li><strong>R in Insurance, 11 June 2016, London<br>\n<\/strong>Contributed talk:&nbsp;estudy2: an R package for the event study in insurance (presented by I. Rudnytskyi)<\/li>\n<li><strong>Second International Congress on Actuarial Science and Quantitative Finance, 15&nbsp;\u2013 18 June 2016, Cartagena (Colombia)<br>\n<\/strong>Contributed talk: Policy Characteristics and Stakeholder Returns in Participating Life Insurance: Which Contracts Can Lead to a Win-Win? (presented by C. Mirza)<\/li>\n<li><strong>Second International Conference for Marketing in the Insurance&nbsp;Industry (icmi 2016), 7 June 2016, Paris<\/strong><br>\nContributed talks:<br>\n(1)&nbsp;What customer, policy and distribution characteristics drive the development of insurance customer relationships? \u2013 A case study analysis (presented by Y. Staudt and J. Wagner)<br>\n(2)&nbsp;Anticipating insurance customers&#8217; next likely purchase events (presented by S. Mau)<\/li>\n<li><b>Mathematical and Statistical Methods for Actuarial Sciences and Finance International Conference (MAF), 30 March<strong>&nbsp;\u2013&nbsp;<\/strong>1 April 2016, Paris<\/b><br>\nContributed talk: On the Adequate Funding Ratio in Occupational Pension Funds from the Insured&#8217;s Perspective (presented by Ph. M\u00fcller)<\/li>\n<li><strong><b>Jahrestagung Deutscher Verein f\u00fcr Versicherungswissenschaft&nbsp;(DVfVW)<\/b>, 10&nbsp;\u2013&nbsp;11 March&nbsp;2016, Vienna<br>\n<\/strong>Contributed talk: Impact of Catastrophe Events on Insurance Companies&#8217; Market Valuation &#8211; an Event Study Analysis&nbsp;(presented by I. Rudnytskyi)<\/li>\n<li><strong>Actuarial and Financial Mathematics Conference (AFMathConf 2016),&nbsp;1 \u2013&nbsp;2 February 2016, Brussels<\/strong><br>\nContributed talk: Risk classification, solvency requirements and pricing revisited: What do we know? (presented by M.-B. Nordfang)<\/li>\n<li><strong>Western Risk and Insurance Annual Meeting (WRIA), 3 \u2013 6 January 2016, Maui&nbsp;(U.S.A.)<\/strong><br>\nContributed talk: On the Optimal Funding in Occupational Pension Funds from the Insured&#8217;s Perspective (presented by Ph. M\u00fcller)<\/li>\n<\/ul>\n\n<\/div><\/details><\/div>\n\n<div class=\"lightweight-accordion\"><details><summary class=\"lightweight-accordion-title\"><span>2015<\/span><\/summary><div class=\"lightweight-accordion-body\">\n\n<ul>\n<li><strong>Swiss Risk and Insurance Forum, 16&nbsp;\u2013 17 November 2015, Zurich<br>\n<\/strong>Co-organizer of the 2015 conference: Old-Age Provision: Past, Present, Future (H. Albrecher (University of Lausanne), P. Embrechts (ETH Zurich), D. Filipovic (EPF Lausanne), P. Koch-Medina (University of Zurich), J. Wagner (University of Lausanne), and S. Schreckenberg (Swiss Re)<\/li>\n<li><b>World Risk and Insurance Economics Congress (WRIEC), 2<strong>&nbsp;\u2013&nbsp;<\/strong>6 August 2015, Munich<\/b><br>\nContributed talks:<br>\n(1)&nbsp;Multichannel Distribution, Customer Characteristics and Consumption in Non-Life Insurance: A Data-Driven Approach (presented by S. Mau)<br>\n(2) Determinants of Research Shopping Behaviour in the Insurance Sector: An Empirical Analysis &nbsp;(presented by S. Mau)<\/li>\n<li><b>Jahrestagung Deutscher Verein f\u00fcr Versicherungswissenschaft (DVfVW), 18&nbsp;\u2013&nbsp;19 March 2015, Berlin<br>\n<\/b>Contributed talk: Von der Recherche zur Kaufentscheidung: Eine empirische&nbsp;Analyse von Research-Shopping in der Versicherungsbranche (presented by S. Mau)<\/li>\n<\/ul>\n\n<\/div><\/details><\/div>\n\n<div class=\"lightweight-accordion\"><details><summary class=\"lightweight-accordion-title\"><span>2014<\/span><\/summary><div class=\"lightweight-accordion-body\">\n\n<ul>\n<li><b>S\u00e9minaires Lyon-Lausanne, 11 December 2014, Lyon<\/b><br>\nInvited talk: Current challenges in life insurance (presented by J. Wagner)<\/li>\n<li><b>2nd European Actuarial Journal (EAJ) Conference, 10-12 September 2014, Vienna<br>\n<\/b>Contributed talk: What Transaction Costs are Acceptable in Life Insurance Products from the Policyholders&#8217; Viewpoint? (presented by J. Wagner)<\/li>\n<\/ul>\n\n<\/div><\/details><\/div>\n\n\n<p>This listing starts from July 2014.&nbsp;A list of earlier contributions is available upon request.<\/p>\n","protected":false},"excerpt":{"rendered":"<p>Conference contributions and seminar talks of the research group This listing starts from July 2014.&nbsp;A list of earlier contributions is available upon request.<\/p>\n","protected":false},"author":1001018,"featured_media":0,"parent":0,"menu_order":0,"comment_status":"closed","ping_status":"closed","template":"templates\/template-full-width.php","meta":{"_seopress_robots_primary_cat":"","_seopress_titles_title":"","_seopress_titles_desc":"","_seopress_robots_index":"","footnotes":""},"class_list":["post-459","page","type-page","status-publish"],"_links":{"self":[{"href":"https:\/\/people.unil.ch\/joelwagner\/wp-json\/wp\/v2\/pages\/459","targetHints":{"allow":["GET"]}}],"collection":[{"href":"https:\/\/people.unil.ch\/joelwagner\/wp-json\/wp\/v2\/pages"}],"about":[{"href":"https:\/\/people.unil.ch\/joelwagner\/wp-json\/wp\/v2\/types\/page"}],"author":[{"embeddable":true,"href":"https:\/\/people.unil.ch\/joelwagner\/wp-json\/wp\/v2\/users\/1001018"}],"replies":[{"embeddable":true,"href":"https:\/\/people.unil.ch\/joelwagner\/wp-json\/wp\/v2\/comments?post=459"}],"version-history":[{"count":0,"href":"https:\/\/people.unil.ch\/joelwagner\/wp-json\/wp\/v2\/pages\/459\/revisions"}],"wp:attachment":[{"href":"https:\/\/people.unil.ch\/joelwagner\/wp-json\/wp\/v2\/media?parent=459"}],"curies":[{"name":"wp","href":"https:\/\/api.w.org\/{rel}","templated":true}]}}