{"id":469,"date":"2016-06-16T15:56:39","date_gmt":"2016-06-16T13:56:39","guid":{"rendered":"http:\/\/people.unil.ch\/joelwagner\/?page_id=469"},"modified":"2026-01-15T09:24:36","modified_gmt":"2026-01-15T08:24:36","slug":"phd-theses","status":"publish","type":"page","link":"https:\/\/people.unil.ch\/joelwagner\/teaching\/phd-theses\/","title":{"rendered":"PhD Theses"},"content":{"rendered":"\n<h3 class=\"wp-block-heading\">Supervised PhD Theses <strong>(with successful defense)<\/strong><\/h3>\n\n\n\n<ol reversed class=\"wp-block-list\">\n<li><strong>Essays on the Housing Situation of Older Adults in Switzerland: Mobility, Care, and Financial Strategies<\/strong><br>PhD thesis of Y. Huggenberger, February 2021 &#8212; February 2025, University of Lausanne (co-supervision with G. Wanzenried)<\/li>\n\n\n\n<li><strong>Three Essays on Modeling Long-Term Care of Institutionalized Elderly in Switzerland<\/strong><br>PhD thesis of A. Shemendyuk, since August 2019 &#8212; June 2024, University of Lausanne<\/li>\n\n\n\n<li><strong>Essays on the Changing Risk Landscape in Smart Homes and the Potential for Risk Prevention<\/strong><br>PhD thesis of R. Iten, August 2020 &#8212; June 2024, University of Lausanne (co-supervision with A. Zeier R\u00f6schmann)<\/li>\n\n\n\n<li><strong>Essays on Population Aging and New Technologies in the Workplace: Current Risks, Consequences, and Perceptions<\/strong><br>PhD thesis of A. Ugarte, August 2019 &#8212; November 2023, University of Lausanne<\/li>\n\n\n\n<li><strong>Selected Essays on Health Decisions and Personalized Medicine<\/strong><br>PhD thesis of V. Kalouguina, August 2018 &#8212; December 2022, University of Lausanne (co-supervision with C. Courbage)<\/li>\n\n\n\n<li><strong>Public-Private Interactions and Intergenerational Phenomena in Long-Term Care Financing<br><\/strong>PhD thesis of G. Montoliu Montes, August 2016 &#8212; November 2020, University of Lausanne (co-supervision with C. Courbage)<\/li>\n\n\n\n<li><strong>Four Essays on the German insurance market<br><\/strong>PhD thesis of L. Maichel-Guggemoos, August 2014 &#8212; January 2020, University of Lausanne<\/li>\n\n\n\n<li><strong>On Customer Relationship Management and Pricing using Machine Learning Techniques in Non-Life Insurance<\/strong><br>PhD thesis of Y. Staudt, May 2015 &#8212; August 2019, University of Lausanne<\/li>\n\n\n\n<li><strong>Essays on Long-Term Care and Insurance Management<\/strong><br>PhD thesis of I. Rudnytskyi, August 2015 &#8212; July 2019, University of Lausanne<\/li>\n\n\n\n<li><strong> Four Essays on Life Insurance, Personalized Medicine and Insurtech<\/strong><br>PhD thesis of C. Mirza, August 2014 &#8212; July 2019, University of Lausanne<\/li>\n\n\n\n<li><strong>Actuarial and Econometric Studies on Long-Term Care in Switzerland<br><\/strong>PhD thesis of M. Fuino, October 2015 &#8212; February 2019, University of Lausanne<\/li>\n\n\n\n<li><strong>Essays on Funding Mechanisms, Asset Allocation and Calibration of Annuities in Swiss Pension Funds<\/strong><br>PhD thesis of Ph. M\u00fcller, August 2014 &#8212; July 2018, University of Lausanne<\/li>\n<\/ol>\n\n\n\n<hr class=\"wp-block-separator has-alpha-channel-opacity\" \/>\n\n\n\n<h3 class=\"wp-block-heading\">Ongoing PhD Theses<\/h3>\n\n\n\n<ul class=\"wp-block-list\">\n<li>PhD thesis of L. Aburto, since August 2022<\/li>\n\n\n\n<li>PhD thesis of A. Beringhs, since August 2023 (co-supervision with G. Wanzenried)<\/li>\n\n\n\n<li>PhD thesis of S. Botteron, since August 2023 (co-supervision with C. Courbage)<\/li>\n\n\n\n<li>PhD thesis of L. Stricker, since February 2024 (co-supervision with A. Zeier R\u00f6schmann)<\/li>\n\n\n\n<li>PhD thesis of L. Lorenz, since August 2024<\/li>\n\n\n\n<li>PhD thesis of I. Cimbru, since August 2024 (co-supervision with A. Zeier R\u00f6schmann)<\/li>\n\n\n\n<li>PhD thesis of S. Lehner, since August 2024  (co-supervision with G. Wanzenried)<\/li>\n\n\n\n<li>PhD thesis of M. Maggi, since August 2024<\/li>\n\n\n\n<li>PhD thesis of T. Dubuis, since August 2025<\/li>\n<\/ul>\n\n\n\n<hr class=\"wp-block-separator has-alpha-channel-opacity\" \/>\n\n\n\n<h3 class=\"wp-block-heading\">Participation in PhD Committees<\/h3>\n\n\n\n<ul class=\"wp-block-list\">\n<li>Contribution \u00e0 l&#8217;analyse des risques de mortalit\u00e9 et de morbidit\u00e9 en assurance \u00e0 l&#8217;aide de donn\u00e9es de sant\u00e9<br>PhD thesis of O. Sorochynskyi, September 2025, University of Lyon (supervisors F. Planchet, C.-Y. Robert)<\/li>\n\n\n\n<li><strong>Towards a Theory of Multivariate Gaussian Extremes<\/strong><br>PhD thesis of P. Ievlev, November 2024, University of Lausanne (supervisor E. Hashorva)<\/li>\n\n\n\n<li><strong>Optimizing the Trade-off between Risk and Profitability in Cryptocurrency Mining and under Misclassification in Insurance<\/strong><br>PhD thesis of D. Finger, January 2024, University of Lausanne (supervisors H. Albrecher and P.-O. Goffard)<\/li>\n\n\n\n<li><strong>Contribution \u00e0 l\u2019\u00e9tude de la pr\u00e9vention en assurance sant\u00e9<br><\/strong>PhD thesis of R. Gauchon, May 2020, University of Lyon (supervisors S. Loisel and J.-L. Rulli\u00e8re)<\/li>\n\n\n\n<li><strong>Optimal Design of Private and Occupational Retirement Plans<br><\/strong>PhD thesis of M. Rach, March 2020, University of Ulm (supervisors A. Chen and H.-J. Zwiesler)<\/li>\n\n\n\n<li><strong>Analyses Prospectives de Mortalit\u00e9&nbsp;: Approches Actuarielle et Biom\u00e9dicale&nbsp;<\/strong><br>PhD thesis of E. Debonneuil, June 2018, University of Lyon (supervisors F. Planchet and S. Loisel)<\/li>\n\n\n\n<li><strong>Exploring the Value of Data-Rich Multichannel Environments for Analytical CRM in the Insurance Sector<\/strong><br>PhD thesis of S. Mau, March 2018, ETH Zurich (supervisor E. Fleisch)<\/li>\n\n\n\n<li><strong>Asset Liability Management and Joint Mortality Modelling in Old-Age Insurance&nbsp;<\/strong><br>PhD thesis of Y. Toukourou, June 2016, University of Lausanne (supervisor F. Dufresne)<\/li>\n<\/ul>\n","protected":false},"excerpt":{"rendered":"<p>Supervised PhD Theses (with successful defense) Ongoing PhD Theses Participation in PhD Committees<\/p>\n","protected":false},"author":1001018,"featured_media":0,"parent":166,"menu_order":0,"comment_status":"closed","ping_status":"closed","template":"templates\/template-full-width.php","meta":{"_seopress_robots_primary_cat":"","_seopress_titles_title":"","_seopress_titles_desc":"","_seopress_robots_index":"","footnotes":""},"class_list":["post-469","page","type-page","status-publish"],"_links":{"self":[{"href":"https:\/\/people.unil.ch\/joelwagner\/wp-json\/wp\/v2\/pages\/469","targetHints":{"allow":["GET"]}}],"collection":[{"href":"https:\/\/people.unil.ch\/joelwagner\/wp-json\/wp\/v2\/pages"}],"about":[{"href":"https:\/\/people.unil.ch\/joelwagner\/wp-json\/wp\/v2\/types\/page"}],"author":[{"embeddable":true,"href":"https:\/\/people.unil.ch\/joelwagner\/wp-json\/wp\/v2\/users\/1001018"}],"replies":[{"embeddable":true,"href":"https:\/\/people.unil.ch\/joelwagner\/wp-json\/wp\/v2\/comments?post=469"}],"version-history":[{"count":3,"href":"https:\/\/people.unil.ch\/joelwagner\/wp-json\/wp\/v2\/pages\/469\/revisions"}],"predecessor-version":[{"id":1912,"href":"https:\/\/people.unil.ch\/joelwagner\/wp-json\/wp\/v2\/pages\/469\/revisions\/1912"}],"up":[{"embeddable":true,"href":"https:\/\/people.unil.ch\/joelwagner\/wp-json\/wp\/v2\/pages\/166"}],"wp:attachment":[{"href":"https:\/\/people.unil.ch\/joelwagner\/wp-json\/wp\/v2\/media?parent=469"}],"curies":[{"name":"wp","href":"https:\/\/api.w.org\/{rel}","templated":true}]}}