{"id":489,"date":"2016-06-17T08:56:21","date_gmt":"2016-06-17T06:56:21","guid":{"rendered":"http:\/\/people.unil.ch\/joelwagner\/?page_id=489"},"modified":"2023-09-11T18:16:31","modified_gmt":"2023-09-11T16:16:31","slug":"practice","status":"publish","type":"page","link":"https:\/\/people.unil.ch\/joelwagner\/talks\/practice\/","title":{"rendered":"Insurance Practice Contributions"},"content":{"rendered":"<div class=\"lightweight-accordion\"><details open><summary class=\"lightweight-accordion-title\"><span>2023<\/span><\/summary><div class=\"lightweight-accordion-body\">\n\n<ul class=\"wp-block-list\">\n<li><strong><strong>Cycle de Conf\u00e9rences en Assurances, 2 \/ 2023, 12 September 2023, Lausanne<\/strong><br><\/strong>Invited talk:&nbsp;Co\u00fbts du syst\u00e8me de sant\u00e9 :&nbsp;multi-morbidit\u00e9, fin de vie, sant\u00e9 personnalis\u00e9e (presented by J. Wagner)<\/li>\n\n\n\n<li><strong>Cycle de Conf\u00e9rences en Assurances, 1 \/ 2023, 12 June 2023, Lausanne<\/strong><br>Invited talk:&nbsp;Num\u00e9risation, digitalisation et transformation des activit\u00e9s d\u2019assurance (presented by J. Wagner)<\/li>\n<\/ul>\n\n<\/div><\/details><\/div>\n\n<div class=\"lightweight-accordion\"><details><summary class=\"lightweight-accordion-title\"><span>2022<\/span><\/summary><div class=\"lightweight-accordion-body\">\n\n<ul class=\"wp-block-list\">\n<li><strong>Cycle de Conf\u00e9rences en Assurances, 2 \/ 2022, 21 November 2022, Lausanne<\/strong><br>Invited talk:&nbsp;D\u00e9veloppement d\u2019une feuille de route vers une assurance (plus) \u00ab verte \u00bb (presented by J. Wagner)<\/li>\n\n\n\n<li><strong>Cycle de Conf\u00e9rences en Assurances, 1 \/ 2022, 21 June 2022, Lausanne<\/strong><br>Invited talk:&nbsp;Les comp\u00e9tences de demain pour le secteur de l\u2019assurance (presented by J. Wagner)<\/li>\n<\/ul>\n\n<\/div><\/details><\/div>\n\n<div class=\"lightweight-accordion\"><details><summary class=\"lightweight-accordion-title\"><span>2020<\/span><\/summary><div class=\"lightweight-accordion-body\">\n\n<ul class=\"wp-block-list\">\n<li><strong>Cycle de Conf\u00e9rences en Assurances, 1 \/ 2020, 23 January 2020, Lausanne<\/strong><br>Invited talks:&nbsp;Digitalisation, donn\u00e9es et assurances : technologies et analyses porteuses de nouvelles opportunit\u00e9s de mod\u00e8les d\u2019affaires ; R\u00e9flexions sur le changement (climatique) dans les assurances vie et non-vie (presented by J. Wagner)<\/li>\n<\/ul>\n\n<\/div><\/details><\/div>\n\n<div class=\"lightweight-accordion\"><details><summary class=\"lightweight-accordion-title\"><span>2019<\/span><\/summary><div class=\"lightweight-accordion-body\">\n\n<ul class=\"wp-block-list\">\n<li><strong>Rencontre Parlementaire (session d&#8217;hiver) de l&#8217;Association Suisse d&#8217;Assurances, 2 December 2019, Berne<\/strong><br>Invited talk: Le financement des soins d\u00e9pendance aux personnes \u00e2g\u00e9es \u2013 enjeux et solutions (presented by J. Wagner)<\/li>\n\n\n\n<li><strong>Retraites Populaires, Forum de la Pr\u00e9voyance, 1 November 2019, Lausanne<\/strong><br>Invited talk: La pr\u00e9voyance \u00e0 l\u2019\u00e8re digitale (presented by J. Wagner)<\/li>\n\n\n\n<li><strong>HEC Executive Education, Swiss Insurance Company Executive Management Training Program, 3 &amp; 11 September 2019, Lausanne<br><\/strong>Module: Globalisation, tendances et d\u00e9fis dans les assurances (presented by J. Wagner)<\/li>\n\n\n\n<li><strong>HEC Executive Education, Swiss Insurance&nbsp;Company Executive Management Training Program, 18 June 2019, Lausanne<br><\/strong>Module: Globalisation, tendances et d\u00e9fis dans les assurances (presented by J. Wagner)<\/li>\n\n\n\n<li><strong>Cycle de Conf\u00e9rences en Assurances, 2 \/ 2019, 11 June 2019, Lausanne<\/strong><br>Invited talk:&nbsp;Le financement des soins d\u00e9pendance aux personnes \u00e2g\u00e9es \u2013 enjeux et solutions (presented by J. Wagner)<\/li>\n\n\n\n<li><strong>Generali, 17 May 2019, Lausanne<\/strong><br>Invited talk: Shifts towards unit-linked products \u2013&nbsp;Nouvelles solutions pour une pr\u00e9voyance vieillesse durable (presented by J. Wagner)<\/li>\n\n\n\n<li><strong>Forum de l&#8217;Economie de la C\u00f4te, 25 March 2019, Rolle<br><\/strong>Invited talk: D\u00e9fis dans le financement de la vieillesse: perspectives sur les retraites et la sant\u00e9 (presented by J. Wagner)<\/li>\n\n\n\n<li><strong>Cycle de Conf\u00e9rences en Assurances, 1 \/ 2019, 12 March 2019, Lausanne<\/strong><br>Invited talk: Quel \u00e9quilibre entre individualisation et solidarit\u00e9 ? \u2013 Un tour d\u2019horizon&nbsp;(presented by J. Wagner)<\/li>\n\n\n\n<li><strong>HEC Executive Education&nbsp;\u00ab Leadership Strat\u00e9gique \u00bb, 22 January 2019, Lausanne<br><\/strong>Module: Cartographie des \u00abInsurtech\u00bb \u2013&nbsp;mod\u00e8les d\u2019affaires et potentiel disruptif (presented by J. Wagner)<\/li>\n<\/ul>\n\n<\/div><\/details><\/div>\n\n<div class=\"lightweight-accordion\"><details><summary class=\"lightweight-accordion-title\"><span>2018<\/span><\/summary><div class=\"lightweight-accordion-body\">\n\n<ul class=\"wp-block-list\">\n<li><strong>Cycle de Conf\u00e9rences en Assurances, 4 \/ 2018, 10 December 2018, Lausanne<\/strong><br>Invited talk: Gestion des actifs dans la pr\u00e9voyance professionnelle&nbsp;(presented by J. Wagner)<\/li>\n\n\n\n<li><strong>HEC Executive Education&nbsp;\u00ab Leadership Strat\u00e9gique \u00bb, 27 November 2018, Lausanne<br><\/strong>Module: Individual projects<\/li>\n\n\n\n<li><strong>Hackathon Vaudoise, 9 \u2013 11 October 2018, St-Sulpice and Lausanne<\/strong><br>Invited jury member: &#8220;\u2026 d\u00e9cryptons ensemble le monde des donn\u00e9es \u2026&#8221;&nbsp;(J. Wagner)<\/li>\n\n\n\n<li><strong>Cycle de Conf\u00e9rences en Assurances, 3 \/ 2018, 2 October 2018, Lausanne<\/strong><br>Invited talk and workshop moderation: Le r\u00f4le de l\u2019agent g\u00e9n\u00e9ral \u2013 R\u00e9flexions sur la base de trois \u00e9tudes d\u2019impact socio-\u00e9conomique (presented by J. Wagner)<\/li>\n\n\n\n<li><strong>F\u00e9d\u00e9ration Suisse des Agents G\u00e9n\u00e9raux d&#8217;Assurances, 2e Journ\u00e9e des Agents G\u00e9n\u00e9raux, 27 September 2018, Zurich<\/strong><br>Invited talk and round table moderation: Le r\u00f4le de l\u2019agent g\u00e9n\u00e9ral, aujourd\u2019hui et demain \u2013 R\u00e9flexions sur la base de trois \u00e9tudes (presented by J. Wagner)<\/li>\n\n\n\n<li><strong>HEC Executive Education&nbsp;\u00ab Leadership Strat\u00e9gique \u00bb, 4 September 2018, Lausanne<br><\/strong>Module: Group projects<\/li>\n\n\n\n<li><strong>HEC Executive Education, Chinese Bank Training Program, 20 August 2018, Lausanne<br><\/strong>Module: Risk Management (presented by J. Wagner)<\/li>\n\n\n\n<li><strong>Cycle de Conf\u00e9rences en Assurances, 2 \/ 2018, 27 June 2018, Lausanne<\/strong><br>Invited talk: Outils pour une tarification actuarielle moderne des produits d\u2019assurance (presented by J. Wagner)<\/li>\n\n\n\n<li><strong>CFA Society Switzerland, Swiss Pensions Conference, 15 May 2018, Geneva<\/strong><br>Invited talk:&nbsp;El\u00e9ments de r\u00e9flexion sur la gestion des actifs dans la pr\u00e9voyance professionnelle (presented by J. Wagner)<\/li>\n\n\n\n<li><strong>Cycle de Conf\u00e9rences en Assurances, 1 \/ 2018, 19 April 2018, Lausanne<\/strong><br>Invited talk and workshop moderation:&nbsp;D\u00e9fis d\u2019aujourd\u2019hui et tendances de demain dans le secteur des assurances (presented by J. Wagner)<\/li>\n\n\n\n<li><strong>Helvetia, Academy of Excellence, 17 April 2018, Lausanne<\/strong><br>Invited talk and workshop moderation:&nbsp;Sant\u00e9 et vitalit\u00e9 durant la vieillesse ou d\u00e9pendance \u2013 combien de capital faut-il ? (presented by J. Wagner)<\/li>\n\n\n\n<li><strong>HEC Executive Education&nbsp;\u00ab Leadership Strat\u00e9gique \u00bb, 23 January 2018, Lausanne<br><\/strong>Module: Tendances et d\u00e9fis du march\u00e9 de l\u2019assurance: Insurance 4.0, digitalisation et disruption&nbsp;(presented by J. Wagner)<\/li>\n<\/ul>\n\n<\/div><\/details><\/div>\n\n<div class=\"lightweight-accordion\"><details><summary class=\"lightweight-accordion-title\"><span>2017<\/span><\/summary><div class=\"lightweight-accordion-body\">\n\n<ul class=\"wp-block-list\">\n<li><strong>Cycle de Conf\u00e9rences en Assurances, 4 \/ 2017, 23 November 2017, Lausanne<\/strong><br>Invited talk: Le march\u00e9 de l\u2019assurance maladie et la tendance vers la sant\u00e9 \u00abpersonnalis\u00e9e \u00bb (presented by J. Wagner)<\/li>\n\n\n\n<li><strong>Association Suisse des Dipl\u00f4m\u00e9s en Assurances (ASDA), AG Section Vaud, 26 October 2017, Lausanne<\/strong><br>Invited talk: Soins-d\u00e9pendance: comprendre les enjeux, pr\u00e9parer des solutions&nbsp;(presented by J. Wagner)<\/li>\n\n\n\n<li><strong>Cycle de Conf\u00e9rences en Assurances, 3 \/ 2017, 30 August 2017, Lausanne<\/strong><br>Invited talk: Cartographie des \u00ab Insurtech \u00bb : mod\u00e8les d\u2019affaires et potentiel disruptif (presented by J. Wagner)<\/li>\n\n\n\n<li><strong>8\u00e8me Forum des Courtiers, Association des Courtiers en Assurances,&nbsp;21 June 2017, Lausanne<\/strong><br>Invited talk:&nbsp;De l\u2019assurance auto vers une assurance de la mobilit\u00e9 : quel avenir ? (presented by J. Wagner)<\/li>\n\n\n\n<li><strong>Cycle de Conf\u00e9rences en Assurances, 2 \/ 2017, 20 June&nbsp;2017, Lausanne<\/strong><br>Invited talk: Lacunes dans les assurances de personnes \u2013 enjeux et solutions (presented by J. Wagner)<\/li>\n\n\n\n<li><strong>HEC Executive Education&nbsp;\u00ab Leadership Strat\u00e9gique \u00bb, 13 June 2017, Lausanne<br><\/strong>Invited module contribution:&nbsp;Tendances et enjeux strat\u00e9giques dans le march\u00e9 suisse (des assurances) (presented by J. Wagner)<\/li>\n\n\n\n<li><strong>30th International Summer School of the Swiss Association of Actuaries, 6&nbsp;\u2013&nbsp;9 June 2017, Lausanne<\/strong><br>Academic director (with A. Braun and H. Schmeiser), topic:&nbsp;Insurance Management &#8211;&nbsp;Trends, Challenges and Solutions<\/li>\n\n\n\n<li><strong>Executive MBA, University of Geneva, 17, 18, 24 and 25 March&nbsp;2017,&nbsp;Geneva<\/strong><br>Invited Professor: Module \u00ab Risk Management \u00bb (presented by J. Wagner)<\/li>\n\n\n\n<li><strong>Cycle de Conf\u00e9rences en Assurances, 1 \/ 2017, 15&nbsp;February 2017, Lausanne<\/strong><br>Invited talk: Du \u00ab client 3.0 \u00bb \u00e0 la gestion multicanal int\u00e9gr\u00e9e&nbsp;(presented by J. Wagner)<\/li>\n\n\n\n<li><strong>Swiss Life, 24 and 25 January 2017, Lausanne and Geneva<br><\/strong>Invited talk: Soins-d\u00e9pendance &#8211;&nbsp;comprendre les enjeux, pr\u00e9parer des solutions<br>(presented by J. Wagner)<\/li>\n<\/ul>\n\n<\/div><\/details><\/div>\n\n<div class=\"lightweight-accordion\"><details><summary class=\"lightweight-accordion-title\"><span>2016<\/span><\/summary><div class=\"lightweight-accordion-body\">\n\n<ul class=\"wp-block-list\">\n<li><strong>Executive Education for a&nbsp;Swiss insurance company, 11 November 2016, Nyon<\/strong><br>\u00ab Insurance Trends \u00bb pour agents g\u00e9n\u00e9raux (presented by J. Wagner)<\/li>\n\n\n\n<li><strong>13th Health and Ageing Conference, The Geneva Association, 3 \u2013 4 November 2016, Hannover<\/strong><br>Invited participant<\/li>\n\n\n\n<li><strong>Executive Education for a&nbsp;Swiss insurance company, 28&nbsp;October 2016, Nyon<\/strong><br>Invited talks: \u00ab Insurance Trends&nbsp;\u00bb &#8211; D\u00e9fis actuels, pr\u00e9voyance, r\u00e9glementation (presented by J. Wagner)<\/li>\n\n\n\n<li><strong>Executive Education for a&nbsp;Swiss insurance company, 30 September&nbsp;2016, Nyon<\/strong><br>Invited talks: \u00ab Insurance Trends&nbsp;\u00bb &#8211; D\u00e9fis actuels, cyber risk, r\u00e9glementation (presented by J. Wagner)<\/li>\n\n\n\n<li><strong>Cycle de Conf\u00e9rences en Assurances, 3 \/ 2016, 1 September&nbsp;2016, Lausanne<\/strong><br>Invited talk:&nbsp;Soins-d\u00e9pendance : comprendre les enjeux, pr\u00e9parer des solutions&nbsp;(presented by J. Wagner)<\/li>\n\n\n\n<li><strong>Cycle de Conf\u00e9rences en Assurances, 2 \/ 2016, 28&nbsp;June 2016, Lausanne<\/strong><br>Invited talk: Tendances dans la gestion des sinistres (presented by J. Wagner)<\/li>\n\n\n\n<li><strong>Cycle de Conf\u00e9rences en Assurances, 1 \/ 2016, 22 March 2016, Lausanne<\/strong><\/li>\n\n\n\n<li>Invited talk: Gestion du Cyber Risk et assurabilit\u00e9&nbsp;(presented by J. Wagner)<\/li>\n\n\n\n<li><strong>Swiss Life, 19 and 20 January 2016, Lausanne and Geneva<br><\/strong>Invited talk: Assurance vie \u2013 moins de garantie, plus de valeur pour le client?&nbsp;(presented by J. Wagner)<\/li>\n\n\n\n<li><strong>Swiss Insurance Association, 18 January 2016, Neuch\u00e2tel<br><\/strong>Invited talk and workshop moderation: Digitalisierung in der Assekuranz: Chancen? Risiken? Herausforderungen!&nbsp;(presented by J. Wagner)<\/li>\n<\/ul>\n\n<\/div><\/details><\/div>\n\n<div class=\"lightweight-accordion\"><details><summary class=\"lightweight-accordion-title\"><span>2015<\/span><\/summary><div class=\"lightweight-accordion-body\">\n\n<ul class=\"wp-block-list\">\n<li><strong>Cycle de Conf\u00e9rences en Assurances, 3 \/ 2015, 2 December 2015, Prangins<\/strong><br>Invited talk: Perspectives sur la pr\u00e9voyance vieillesse&nbsp;(presented by J. Wagner)<\/li>\n\n\n\n<li><strong>Kessler &amp; Co, 7 October 2015, Lausanne<br><\/strong>Invited talk: Cyber Risk \u2013 un risque ma\u00eetris\u00e9 ?&nbsp;(presented by J. Wagner)<\/li>\n\n\n\n<li><strong>Cycle de Conf\u00e9rences en Assurances, 2 \/ 2015, 5 October 2015, Nyon<\/strong><br>Invited talk: Assurance auto \u2013 tendances de march\u00e9 et cons\u00e9quences pour la tarification&nbsp;(presented by J. Wagner)<\/li>\n\n\n\n<li><strong>Executive Education for a&nbsp;Swiss insurance company, 28 August 2015, Nyon<\/strong><br>\u00ab Insurance Trends \u00bb pour agents g\u00e9n\u00e9raux (presented by J. Wagner)<\/li>\n\n\n\n<li><strong>Cycle de Conf\u00e9rences en Assurances, 1 \/ 2015, 18 June 2015, Lausanne<br><\/strong>Invited talk: D\u00e9fis actuels et futurs de l&#8217;assurance vie&nbsp;(presented by J. Wagner)<\/li>\n\n\n\n<li><strong>Journ\u00e9es de la Pr\u00e9voyance, 10 \u2013 12 June 2015, Montreux<br><\/strong>Invited talk: Invalidit\u00e9 en Suisse : un risque ma\u00eetris\u00e9 ?&nbsp;(presented by J. Wagner)<\/li>\n<\/ul>\n\n<\/div><\/details><\/div>\n\n<div class=\"lightweight-accordion\"><details><summary class=\"lightweight-accordion-title\"><span>2014<\/span><\/summary><div class=\"lightweight-accordion-body\">\n\n<ul class=\"wp-block-list\">\n<li><strong>La Mobili\u00e8re, 10 December 2014, Nyon<br><\/strong>Invited talk: Enjeux actuels et futurs de l&#8217;assurance-vie&nbsp;(presented by J. Wagner)<\/li>\n\n\n\n<li><strong>Executive Education for a&nbsp;Swiss insurance company, 14 November 2014, Nyon<br><\/strong>\u00ab Insurance Trends \u00bb pour agents g\u00e9n\u00e9raux (presented by J. Wagner)<\/li>\n\n\n\n<li><strong>1st Anniversary Event MobilarLab at ETHZ, 30 October 2014, Zurich<br><\/strong>Invited talk: Smart consumer \u2013 research collaboration Mobilab and HEC Lausanne&nbsp;(presented by J. Wagner)<\/li>\n\n\n\n<li><strong>CRO Forum 10 Year Anniversary Conference, 26 September 2014, Bologna<br><\/strong>Invited panelist: Risk Management \u2013 Past &amp; Future&nbsp;(presented by J. Wagner)<\/li>\n\n\n\n<li><strong>Supervisory board meeting of a Swiss insurance company, 15 September 2014, Madrid<br><\/strong>Invited talk: Les march\u00e9s d\u2019assurance europ\u00e9ens en 2020: Enjeux strat\u00e9giques et facteurs de succ\u00e8s (presented by J. Wagner)<\/li>\n\n\n\n<li><strong>Annual Meeting of the Swiss Association of Actuaries, 5 September 2014, Davos<br><\/strong>Invited talk: D\u00e9fis dans la pr\u00e9voyance vieillesse et l&#8217;assurance-vie &#8211; 2014, 2020 et au-del\u00e0&nbsp;(presented by J. Wagner)<\/li>\n\n\n\n<li><strong>CIM-HSG St.Galler AssekuranzForum, 5 September 2014, St. Gallen<\/strong><br>Invited module contribution: Die Zukunft des Versicherungsvertriebs&nbsp;(presented by J. Wagner)<\/li>\n<\/ul>\n\n<\/div><\/details><\/div>\n\n\n<p>This listing starts from July 2014. A&nbsp;list of earlier contributions is available upon request.<\/p>\n","protected":false},"excerpt":{"rendered":"<p>This listing starts from July 2014. A&nbsp;list of earlier contributions is available upon request.<\/p>\n","protected":false},"author":1001018,"featured_media":0,"parent":459,"menu_order":0,"comment_status":"closed","ping_status":"closed","template":"templates\/template-full-width.php","meta":{"_seopress_robots_primary_cat":"","_seopress_titles_title":"","_seopress_titles_desc":"","_seopress_robots_index":"","footnotes":""},"class_list":["post-489","page","type-page","status-publish"],"_links":{"self":[{"href":"https:\/\/people.unil.ch\/joelwagner\/wp-json\/wp\/v2\/pages\/489","targetHints":{"allow":["GET"]}}],"collection":[{"href":"https:\/\/people.unil.ch\/joelwagner\/wp-json\/wp\/v2\/pages"}],"about":[{"href":"https:\/\/people.unil.ch\/joelwagner\/wp-json\/wp\/v2\/types\/page"}],"author":[{"embeddable":true,"href":"https:\/\/people.unil.ch\/joelwagner\/wp-json\/wp\/v2\/users\/1001018"}],"replies":[{"embeddable":true,"href":"https:\/\/people.unil.ch\/joelwagner\/wp-json\/wp\/v2\/comments?post=489"}],"version-history":[{"count":0,"href":"https:\/\/people.unil.ch\/joelwagner\/wp-json\/wp\/v2\/pages\/489\/revisions"}],"up":[{"embeddable":true,"href":"https:\/\/people.unil.ch\/joelwagner\/wp-json\/wp\/v2\/pages\/459"}],"wp:attachment":[{"href":"https:\/\/people.unil.ch\/joelwagner\/wp-json\/wp\/v2\/media?parent=489"}],"curies":[{"name":"wp","href":"https:\/\/api.w.org\/{rel}","templated":true}]}}