{"id":537,"date":"2016-06-27T08:10:10","date_gmt":"2016-06-27T06:10:10","guid":{"rendered":"http:\/\/people.unil.ch\/joelwagner\/?page_id=537"},"modified":"2026-01-05T16:40:00","modified_gmt":"2026-01-05T15:40:00","slug":"media","status":"publish","type":"page","link":"https:\/\/people.unil.ch\/joelwagner\/publications\/media\/","title":{"rendered":"Media Appearances"},"content":{"rendered":"<ul>\n<li><strong>Newspaper Paperjam.lu, 19 December 2025<\/strong><br \/>\nInterview: <em>Reasons to financially plan for the Fourth Age now<\/em> (<a href=\"https:\/\/en.paperjam.lu\/article\/reasons-to-financially-plan-for-the-fourth-age-now\" target=\"_blank\" rel=\"noopener\">link<\/a>), <em>Pourquoi pr\u00e9parer financi\u00e8rement le quatri\u00e8me \u00e2ge d\u00e8s maintenant<\/em> (<a href=\"https:\/\/paperjam.lu\/article\/pourquoi-planifier-financierement-le-quatrieme-age-des-maintenant\" target=\"_blank\" rel=\"noopener\">link<\/a>)<\/li>\n<li><strong>Newspaper Paperjam.lu, 11 December 2025<\/strong><br \/>\nQuoted in article: <em>Cross-border insurance: the future of tailor-made<\/em>\u00a0(<a href=\"https:\/\/en.paperjam.lu\/article\/cross-border-insurance-the-future-of-made-to-measure\" target=\"_blank\" rel=\"noopener\">link<\/a>) <em>Assurance cross-border: l\u2019avenir du sur-mesure<\/em> (<a href=\"https:\/\/paperjam.lu\/article\/assurance-cross-border-lavenir-du-sur-mesure\" target=\"_blank\" rel=\"noopener\">link<\/a>)<\/li>\n<li><strong>Paperjam Extra Magazine, Special issue Assurance, 9 December 2025<\/strong><br \/>\nInterview: <em>Why the 80+ care crisis remains unfunded<\/em> (p. 66-69, <a href=\"https:\/\/issuu.com\/maisonmoderne\/docs\/paperjam_extra_assurance\" target=\"_blank\" rel=\"noopener\">link<\/a>)<\/li>\n<li><strong>Paperjam Extra Magazine, Special issue Assurance, 9 December 2025<br \/>\n<\/strong>Quoted in article: <em>Forecast: The future of life<\/em>\u00a0(p. 70, <a href=\"https:\/\/issuu.com\/maisonmoderne\/docs\/paperjam_extra_assurance\" target=\"_blank\" rel=\"noopener\">link<\/a>)<\/li>\n<li><strong>Newspaper Paperjam.lu, 8 July 2025<\/strong><br \/>\nQuoted in article: <em>Insurance Risk Provisions &#8211; Specialised war coverage: going beyond insurance exclusions<\/em> (<a href=\"https:\/\/en.paperjam.lu\/article\/specialised-war-coverage-beyond-exclusion\" target=\"_blank\" rel=\"noopener\">link<\/a>) <em>Provisions pour Risques Assurantiels &#8211; Couverture sp\u00e9cialis\u00e9e des conflits: au-del\u00e0 des exclusions<\/em> (<a href=\"https:\/\/paperjam.lu\/article\/couverture-specialisee-des-conflits-au-dela-des-exclusions\" target=\"_blank\" rel=\"noopener\">link<\/a>)<\/li>\n<li><strong>Journal Droit au logement &#8211; Le journal de l&#8217;Asloca, no. 270, Avril 2025<\/strong><br \/>\nQuoted in article: <em>Femmes seniors face \u00e0 la crise<\/em> (p. 6)<\/li>\n<li><strong>Radio RTS La Premi\u00e8re, 6 March 2020<\/strong><br \/>\nInterview:\u00a0<em>Qui paie la facture des al\u00e9as climatiques ? <\/em>(<a href=\"https:\/\/avisdexperts.ch\/videos\/view\/10930\">link<\/a>)<\/li>\n<li><strong>Magazine Demain (Magazine de la Chambre Vaudoise du Commerce et de l&#8217;Industrie), January 2020<\/strong><br \/>\nQuoted in article:\u00a0<em>La pr\u00e9voyance \u00e0 l\u2019\u00e8re digitale<\/em> (p. 11)<\/li>\n<li><strong>Magazine Bella Vita (Magazine d&#8217;entreprise de Retraites Populaires), no. 58, December 2019<\/strong><br \/>\nQuoted to in\u00a0article: <em>La pr\u00e9voyance \u00e0 l\u2019\u00e8re digitale<\/em>\u00a0(<a href=\"https:\/\/bellavita.retraitespopulaires.ch\/grand-angle\/la-prevoyance-a-l-ere-digitale-3\">link<\/a>)<\/li>\n<li><b>Magazine Pr\u00e9voyance\u00a0Professionnelle Suisse, November 2019<br \/>\n<\/b>Quoted in article: <em>Impact de la digitalisation sur la pr\u00e9voyance\u00a0<\/em>(p. 27)<\/li>\n<li><b>Newspaper\u00a0Agefi, 4 November 2019<br \/>\n<\/b>Quoted in article: <em>La digitalisation fait repenser la relation client<\/em>\u00a0<em>dans le domaine de la pr\u00e9voyance\u00a0<\/em>(p. 5)<\/li>\n<li><strong>Radio RTS La Premi\u00e8re, 30 November 2018<\/strong><br \/>\nInterview:\u00a0<em>Assurances: derri\u00e8re chaque prime se cache un actuaire\u00a0<\/em>(<a href=\"https:\/\/www.rts.ch\/dossiers\/2017\/rassurez-moi\/10033607-assurances-derriere-chaque-prime-se-cache-un-actuaire.html\">link<\/a>)<\/li>\n<li><b>Newspaper\u00a0Agefi, 22 June 2017<br \/>\n<\/b>Quoted in article: <em>Les assurances pour la mobilit\u00e9 seront transform\u00e9es\u00a0<\/em>(p. 4)<\/li>\n<li><strong>Newspaper Le Temps, 22 June 2017<br \/>\n<\/strong>Quoted in article:\u00a0<em>La r\u00e9volution 4.0 gagne le courtage en assurances<\/em> (p. 19)<\/li>\n<li><strong>Newspaper La Libert\u00e9, 2 February\u00a02017<\/strong><br \/>\nQuoted in article:\u00a0<em>Les assureurs \u00e0 l&#8217;\u00e8re num\u00e9rique<\/em> (p. 6)<\/li>\n<li><strong>Newspaper Le Temps, 27 October 2016<\/strong><br \/>\nQuoted in article:\u00a0<em>Primes maladie: quel calcul se\u00a0cache derri\u00e8re les hausses incessantes?<\/em><\/li>\n<li><b>Newspaper Le Temps, 28 June\u00a02016<br \/>\n<\/b>Article by M. Rockinger and J. Wagner: <em>En Suisse, le<\/em><em>s soins et la d\u00e9pendance repr\u00e9sentent un risque syst\u00e9mique<\/em> (<a href=\"https:\/\/www.letemps.ch\/economie\/2016\/06\/27\/soins-dependance-un-risque-systemique\">link<\/a>)<\/li>\n<li><b>Newspaper Le Matin Dimanche, 26\u00a0June 2016<br \/>\n<\/b>Quoted in article: <em>La compensation des risques nivelle les primes d&#8217;assurance-maladie<\/em> (p. 27)<\/li>\n<li><strong>Magazine Echos, suppl\u00e9ment innovation (Journal d\u2019entreprise de la Vaudoise Assurances), no. 169, April 2016<\/strong><br \/>\nReferred to in\u00a0article: <em>Assurance et innovation &#8211; un mariage de raison<\/em> (pp. 9\u201310)<\/li>\n<li><b>Newspaper\u00a0Agefi, 8 October 2015<br \/>\n<\/b>Referred to in article: <em>Le secteur des assurances travaille sur le grand avenir du cyber-risque <\/em>(pp. 1 and 5)<\/li>\n<\/ul>\n<p>All appearances on RTS are available through the platform\u00a0<a href=\"https:\/\/avisdexperts.ch\/experts\/joel_wagner\">Avis d&#8217;experts<\/a>.<\/p>\n","protected":false},"excerpt":{"rendered":"<p>Newspaper Paperjam.lu, 19 December 2025 Interview: Reasons to financially plan for the Fourth Age now (link), Pourquoi pr\u00e9parer financi\u00e8rement le quatri\u00e8me \u00e2ge d\u00e8s maintenant (link) Newspaper Paperjam.lu, 11 December 2025 Quoted in article: Cross-border insurance: the future of tailor-made\u00a0(link) Assurance cross-border: l\u2019avenir du sur-mesure (link) Paperjam Extra Magazine, Special issue Assurance, 9 December 2025 Interview: [&hellip;]<\/p>\n","protected":false},"author":1001018,"featured_media":0,"parent":169,"menu_order":0,"comment_status":"closed","ping_status":"closed","template":"templates\/template-full-width.php","meta":{"_seopress_robots_primary_cat":"","_seopress_titles_title":"","_seopress_titles_desc":"","_seopress_robots_index":"","footnotes":""},"class_list":["post-537","page","type-page","status-publish"],"_links":{"self":[{"href":"https:\/\/people.unil.ch\/joelwagner\/wp-json\/wp\/v2\/pages\/537","targetHints":{"allow":["GET"]}}],"collection":[{"href":"https:\/\/people.unil.ch\/joelwagner\/wp-json\/wp\/v2\/pages"}],"about":[{"href":"https:\/\/people.unil.ch\/joelwagner\/wp-json\/wp\/v2\/types\/page"}],"author":[{"embeddable":true,"href":"https:\/\/people.unil.ch\/joelwagner\/wp-json\/wp\/v2\/users\/1001018"}],"replies":[{"embeddable":true,"href":"https:\/\/people.unil.ch\/joelwagner\/wp-json\/wp\/v2\/comments?post=537"}],"version-history":[{"count":5,"href":"https:\/\/people.unil.ch\/joelwagner\/wp-json\/wp\/v2\/pages\/537\/revisions"}],"predecessor-version":[{"id":1902,"href":"https:\/\/people.unil.ch\/joelwagner\/wp-json\/wp\/v2\/pages\/537\/revisions\/1902"}],"up":[{"embeddable":true,"href":"https:\/\/people.unil.ch\/joelwagner\/wp-json\/wp\/v2\/pages\/169"}],"wp:attachment":[{"href":"https:\/\/people.unil.ch\/joelwagner\/wp-json\/wp\/v2\/media?parent=537"}],"curies":[{"name":"wp","href":"https:\/\/api.w.org\/{rel}","templated":true}]}}