{"id":62,"date":"2015-05-18T17:27:59","date_gmt":"2015-05-18T15:27:59","guid":{"rendered":"http:\/\/people.unil.ch\/joelwagner\/?page_id=62"},"modified":"2023-12-19T18:14:32","modified_gmt":"2023-12-19T17:14:32","slug":"cycle-de-conferences","status":"publish","type":"page","link":"https:\/\/people.unil.ch\/joelwagner\/talks\/cycle-de-conferences\/","title":{"rendered":"Cycle de Conf\u00e9rences en Assurances"},"content":{"rendered":"<p>L\u2019Association Suisse d\u2019Assurances (ASA), en \u00e9troite collaboration avec le Professeur Jo\u00ebl Wagner, organise un cycle de conf\u00e9rences en assurances. Plusieurs fois par ann\u00e9e, un th\u00e8me d\u2019actualit\u00e9 bien pr\u00e9cis sera discut\u00e9 et les derni\u00e8res connaissances du monde acad\u00e9mique seront confront\u00e9es \u00e0 la r\u00e9alit\u00e9 de la pratique. A certaines \u00e9ditions, une compagnie recevra les participants dans ses locaux. Le programme d\u00e9taill\u00e9 et l&#8217;inscription en ligne sont accessibles via le lien suivant <a href=\"https:\/\/www.unil.ch\/dsa\/home\/menuinst\/seminaires--evenements\/conferences-en-assurances.html\">URL<\/a>. Les conf\u00e9rences sont ouvertes \u00e0 tous les professionnels des soci\u00e9t\u00e9s membres ASA. Le nombre de places est limit\u00e9.<\/p>\n<div>\n<hr \/>\n<\/div>\n<p><strong>Conf\u00e9rences 2024<\/strong><\/p>\n<ul>\n<li><strong>22e Conf\u00e9rence 1 \/ 2024 &#8212; &#8230;<\/strong><br \/>\n&#8230;<\/li>\n<\/ul>\n<p><strong>Conf\u00e9rences 2023<\/strong><\/p>\n<ul>\n<li><strong>21e Conf\u00e9rence 2 \/ 2023 &#8212; \u00ab L\u00e9gislation sur la surveillance des assureurs: quelles nouveaut\u00e9s? \u00bb et<br \/>\n\u00ab Sant\u00e9, soins et co\u00fbts \u00bb<\/strong><br \/>\n12 septembre 2023 \u00e0 Lausanne<\/li>\n<li><strong>20e Conf\u00e9rence 1 \/ 2023 &#8212; D\u00e9veloppement de la num\u00e9risation et transformation des activit\u00e9s d&#8217;assurance<\/strong><br \/>\n12 juin 2023 \u00e0 Lausanne<\/li>\n<\/ul>\n<p><strong>Conf\u00e9rences 2022<\/strong><\/p>\n<ul>\n<li><strong>19e Conf\u00e9rence 2 \/ 2022 &#8212; La durabilit\u00e9 dans le secteur de l\u2019assurance<\/strong><br \/>\n21 novembre 2022 \u00e0 Lausanne (Vaudoise Assurances)<\/li>\n<li><strong>18e Conf\u00e9rence 1 \/ 2022 &#8212; \u00ab Skills of the Future \u00bb dans le secteur de l\u2019assurance<\/strong><br \/>\n21 juin 2022 \u00e0 Lausanne<\/li>\n<\/ul>\n<p><strong>Conf\u00e9rence 2020<\/strong><\/p>\n<ul>\n<li><strong>17e Conf\u00e9rence 1 \/ 2020 &#8212; <\/strong><strong>Recherches scientifiques et d\u00e9veloppements du march\u00e9 des assurances : sujets d\u2019actualit\u00e9 visit\u00e9s par des chercheurs de HEC Lausanne<\/strong><br \/>\n23 janvier 2020 \u00e0 Lausanne<\/li>\n<\/ul>\n<p><strong>Conf\u00e9rences 2019<\/strong><\/p>\n<ul>\n<li><strong>16e Conf\u00e9rence 2 \/ 2019 &#8212; Assurances vie, maladie ou sociales : quel(s) outil(s) pour financer la sant\u00e9 et les soins de nos a\u00een\u00e9s ?<br \/>\n<\/strong>11 juin 2019 \u00e0 Lausanne (Groupe Mutuel)<\/li>\n<li><strong>15e Conf\u00e9rence 1 \/ 2019 &#8212; Digitalisation, big data et individualisation : quel sort pour la solidarit\u00e9 dans les assurances ?<\/strong><br \/>\n12 mars 2019 \u00e0 Lausanne<\/li>\n<\/ul>\n<p><strong>Conf\u00e9rences 2018<\/strong><\/p>\n<ul>\n<li><strong>14e Conf\u00e9rence 4 \/ 2018 &#8212; D\u00e9fis dans la pr\u00e9voyance professionnelle : gestion des actifs et nouvelles r\u00e9alit\u00e9s du monde du travail<br \/>\n<\/strong>10 d\u00e9cembre 2018 \u00e0 Lausanne (Retraites Populaires)<\/li>\n<li><strong>13e Conf\u00e9rence 3 \/ 2018 &#8212; Le r\u00f4le de l\u2019agent g\u00e9n\u00e9ral, aujourd\u2019hui et demain<br \/>\n<\/strong>2 octobre 2018 \u00e0 Lausanne<br \/>\n<a href=\"https:\/\/people.unil.ch\/joelwagner\/files\/2018\/09\/Programme_Cycle_3_2018_Final.pdf\">Programme<\/a><\/li>\n<li><strong>12e Conf\u00e9rence 2 \/ 2018 &#8212; Innovations \u00ab intelligentes \u00bb dans la tarification actuarielle et l&#8217;environnement urbain<br \/>\n<\/strong>27 juin 2018 \u00e0 Lausanne (Vaudoise Assurances)<br \/>\n<a href=\"https:\/\/people.unil.ch\/joelwagner\/files\/2018\/07\/Programme_Cycle_2_2018_Final.pdf\">Programme<\/a><\/li>\n<li><strong>11e Conf\u00e9rence 1 \/ 2018 &#8212; Assurances 2025+ : Quo vadis ?<br \/>\n<\/strong>19 avril 2018 \u00e0 Lausanne<br \/>\n<a href=\"https:\/\/people.unil.ch\/joelwagner\/files\/2018\/03\/Programme_Cycle_1_2018_Final.pdf\">Programme<\/a>\u00a0&#8212; <a href=\"https:\/\/people.unil.ch\/joelwagner\/files\/2018\/04\/20180419_sondage.pdf\">R\u00e9sultats du sondage<\/a><\/li>\n<\/ul>\n<p><strong>Conf\u00e9rences 2017<\/strong><\/p>\n<ul>\n<li><strong>10e Conf\u00e9rence 4 \/ 2017 &#8212; Quels services d\u2019assurance maladie pour notre sant\u00e9 future ?<br \/>\n<\/strong>23 novembre 2017 \u00e0 Lausanne (Groupe Mutuel)<br \/>\n<a href=\"https:\/\/people.unil.ch\/joelwagner\/files\/2018\/01\/programme_cycle_4_0.pdf\">Programme<\/a><\/li>\n<li><strong>9e Conf\u00e9rence 3 \/ 2017 &#8212; <b>\u00ab Insurtech \u00bb \u2013 quels d\u00e9fis pour les assureurs traditionnels ?<\/b><br \/>\n<\/strong>30 ao\u00fbt 2017 \u00e0 Lausanne (Vaudoise Assurances)<br \/>\n<a href=\"https:\/\/people.unil.ch\/joelwagner\/files\/2015\/05\/cycleprogramme_3_2017.pdf\">Programme<\/a><\/li>\n<li><strong>8e Conf\u00e9rence 2 \/ 2017 &#8212; <b class=\"\">\u00ab Insurance Gap \u00bb\u00a0\u2013\u00a0quelles solutions pour les assurances de personnes dans un monde en mutation<\/b><br \/>\n<\/strong>20 juin 2017 \u00e0 Lausanne (avec Swiss Life)<br \/>\n<a href=\"https:\/\/people.unil.ch\/joelwagner\/files\/2015\/05\/cycleprogramme_2_2017.pdf\">Programme<\/a><\/li>\n<li><strong>7e Conf\u00e9rence 1 \/ 2017 &#8212; <\/strong><strong>Une r\u00e9volution (tranquille) dans la distribution :\u00a0\u00ab Customer Journey \u00bb modifi\u00e9 et cons\u00e9quences pour la gestion<br \/>\n<\/strong>15 f\u00e9vrier 2017 \u00e0 Lausanne (Vaudoise Assurances)<br \/>\n<a href=\"https:\/\/people.unil.ch\/joelwagner\/files\/2015\/05\/ASA-Conf\u00e9rence-1-2017-Programme.pdf\">Programme<\/a>\u00a0&#8212;\u00a0<a href=\"https:\/\/people.unil.ch\/joelwagner\/files\/2015\/05\/20170215_sondage.pdf\">R\u00e9sultats du sondage<\/a><\/li>\n<\/ul>\n<p><strong>Conf\u00e9rences 2016<\/strong><\/p>\n<ul>\n<li><strong>6e Conf\u00e9rence 3 \/ 2016 &#8212; <b>Soins aux personnes \u00e2g\u00e9es :\u00a0enjeux et solutions<\/b><br \/>\n<\/strong>1er septembre 2016 \u00e0 Lausanne (Groupe Mutuel)<br \/>\n<a href=\"https:\/\/people.unil.ch\/joelwagner\/files\/2015\/05\/ASA-Conf\u00e9rence-3-2016-_Invitation-Programme.pdf\">Programme<\/a><\/li>\n<li><strong>5e Conf\u00e9rence 2 \/ 2016 &#8212; G<b>estion des sinistres : digitalisation, lutte antifraude et gestion des prestataires<\/b><br \/>\n<\/strong>28 juin 2016 \u00e0 Lausanne (Vaudoise Assurances)<br \/>\n<a href=\"https:\/\/people.unil.ch\/joelwagner\/files\/2015\/05\/ASA-Conf\u00e9rence-2-2016-_Invitation-Programme.pdf\">Programme<\/a>\u00a0&#8212;\u00a0<a href=\"https:\/\/people.unil.ch\/joelwagner\/files\/2015\/06\/20160628_sondage.pdf\">R\u00e9sultats du sondage<\/a>\u00a0&#8212;\u00a0<a href=\"https:\/\/people.unil.ch\/joelwagner\/files\/2015\/06\/HEC-Lausanne_INNOVALUE_Trends-im-Schadenmanagement-2016-FR.pdf\">Etude HEC-Innovalue (Management Summary)<\/a><\/li>\n<li><strong>4e Conf\u00e9rence 1 \/ 2016 &#8212; <b>Cyber Risk et l\u2019assurance de la part virtuelle de nos vies\u00a0\u00a0<\/b><br \/>\n<\/strong>22 mars 2016 \u00e0 Lausanne (avec Zurich Assurances)<br \/>\n<a href=\"https:\/\/people.unil.ch\/joelwagner\/files\/2015\/05\/asa_conference_1_2016_cyber_risk.pdf\">Programme<\/a>\u00a0&#8212;\u00a0<a href=\"https:\/\/people.unil.ch\/joelwagner\/files\/2015\/06\/20160322_sondage.pdf\">R\u00e9sultats du sondage<\/a><\/li>\n<\/ul>\n<p><strong>Conf\u00e9rences 2015<\/strong><\/p>\n<ul>\n<li><strong>3e Conf\u00e9rence 3 \/ 2015 &#8212; Pr\u00e9voyance vieillesse : pass\u00e9, pr\u00e9sent, futur<br \/>\n<\/strong>2 d\u00e9cembre 2015 \u00e0 Prangins (avec La Mobili\u00e8re)<br \/>\n<a href=\"https:\/\/people.unil.ch\/joelwagner\/files\/2015\/05\/Programme_final_layout.pdf\">Programme<\/a><\/li>\n<li><strong>2e Conf\u00e9rence 2 \/ 2015 &#8212; Strat\u00e9gies de tarification dans l\u2019assurance automobile<br \/>\n<\/strong>5 octobre 2015 \u00e0 Nyon (Generali Assurances)<br \/>\n<a href=\"https:\/\/people.unil.ch\/joelwagner\/files\/2015\/05\/cycle_de_conferences_en_assurances_2_2015.pdf\">Programme<\/a>\u00a0&#8212;\u00a0<a href=\"https:\/\/people.unil.ch\/joelwagner\/files\/2015\/06\/20151005_sondage.pdf\">R\u00e9sultats du\u00a0sondage<\/a><\/li>\n<li><strong>1\u00e8re Conf\u00e9rence 1 \/ 2015 &#8212; L&#8217;avenir de l&#8217;assurance vie : une mort lente ?<\/strong><br \/>\n18 juin 2015 \u00e0 Lausanne (Vaudoise Assurances)<br \/>\n<a href=\"https:\/\/people.unil.ch\/joelwagner\/files\/2015\/05\/cycle_de_conferences_en_assurances_1_2015.pdf\">Programme<\/a>\u00a0&#8212;\u00a0<a href=\"https:\/\/people.unil.ch\/joelwagner\/files\/2015\/05\/20150618_sondage.pdf\">R\u00e9sultats du\u00a0sondage<\/a><\/li>\n<\/ul>\n","protected":false},"excerpt":{"rendered":"<p>L\u2019Association Suisse d\u2019Assurances (ASA), en \u00e9troite collaboration avec le Professeur Jo\u00ebl Wagner, organise un cycle de conf\u00e9rences en assurances. Plusieurs fois par ann\u00e9e, un th\u00e8me d\u2019actualit\u00e9 bien pr\u00e9cis sera discut\u00e9 et les derni\u00e8res connaissances du monde acad\u00e9mique seront confront\u00e9es \u00e0 la r\u00e9alit\u00e9 de la pratique. A certaines \u00e9ditions, une compagnie recevra les participants dans ses [&hellip;]<\/p>\n","protected":false},"author":1001018,"featured_media":0,"parent":459,"menu_order":0,"comment_status":"closed","ping_status":"closed","template":"","meta":{"_seopress_robots_primary_cat":"","_seopress_titles_title":"","_seopress_titles_desc":"","_seopress_robots_index":"","footnotes":""},"class_list":["post-62","page","type-page","status-publish"],"_links":{"self":[{"href":"https:\/\/people.unil.ch\/joelwagner\/wp-json\/wp\/v2\/pages\/62","targetHints":{"allow":["GET"]}}],"collection":[{"href":"https:\/\/people.unil.ch\/joelwagner\/wp-json\/wp\/v2\/pages"}],"about":[{"href":"https:\/\/people.unil.ch\/joelwagner\/wp-json\/wp\/v2\/types\/page"}],"author":[{"embeddable":true,"href":"https:\/\/people.unil.ch\/joelwagner\/wp-json\/wp\/v2\/users\/1001018"}],"replies":[{"embeddable":true,"href":"https:\/\/people.unil.ch\/joelwagner\/wp-json\/wp\/v2\/comments?post=62"}],"version-history":[{"count":0,"href":"https:\/\/people.unil.ch\/joelwagner\/wp-json\/wp\/v2\/pages\/62\/revisions"}],"up":[{"embeddable":true,"href":"https:\/\/people.unil.ch\/joelwagner\/wp-json\/wp\/v2\/pages\/459"}],"wp:attachment":[{"href":"https:\/\/people.unil.ch\/joelwagner\/wp-json\/wp\/v2\/media?parent=62"}],"curies":[{"name":"wp","href":"https:\/\/api.w.org\/{rel}","templated":true}]}}