{"id":1178,"date":"2025-02-03T15:09:27","date_gmt":"2025-02-03T14:09:27","guid":{"rendered":"https:\/\/people.unil.ch\/kevinhuguenin\/?page_id=1178"},"modified":"2025-10-24T09:54:10","modified_gmt":"2025-10-24T07:54:10","slug":"amro-abdrabo","status":"publish","type":"page","link":"https:\/\/people.unil.ch\/kevinhuguenin\/members\/amro-abdrabo\/","title":{"rendered":"Amro Abdrabo"},"content":{"rendered":"\n<p>Profiles:<br>\n<i class=\"ai ai-orcid\"><\/i> <a href=\"https:\/\/orcid.org\/0009-0001-5789-9331\">0009-0001-5789-9331<\/a>, <i class=\"fab fa-github-square\"><\/i> <a href=\"https:\/\/github.com\/amroabdrabo\">AmroAbdrabo<\/a><\/p>\n<h4>Biography<\/h4>\n<p style=\"text-align: justify\">I am a Ph.D. student at <a href=\"https:\/\/www.hec.unil.ch\/\" target=\"_blank\" rel=\"noopener noreferrer\">UNIL-HEC Lausanne<\/a>, where I am working under the supervision of <a class=\"\" href=\"https:\/\/people.unil.ch\/kevinhuguenin\/members\/kevin-huguenin\/\">Prof. K\u00e9vin Huguenin<\/a>.<\/p>\n<p style=\"text-align: justify\">I earned my <a href=\"https:\/\/ethz.ch\/en\/studies\/master\/degree-programmes\/engineering-sciences\/computer-science.html\">MSc in Computer Science<\/a> from ETH Z\u00fcrich and my <a href=\"https:\/\/www.epfl.ch\/education\/bachelor\/fr\/programmes\/informatique\/\">BSc in Computer Science<\/a> from EPFL.<\/p>\n\n\n<h4>Education<\/h4>\n<p><strong>PhD student<\/strong>, Information Systems, supervised by&nbsp;<a class=\"\" href=\"https:\/\/people.unil.ch\/kevinhuguenin\/members\/kevin-huguenin\/\">Prof. K\u00e9vin Huguenin<\/a>,&nbsp;Faculty of Business and Economics (HEC), University of Lausanne, 2025 &#8211; Present<br>\n<strong>MSc<\/strong>, in Computer Science, ETH Z\u00fcrich, 2020 &#8211; 2024<br>\n<strong>BSc<\/strong>, Computer Science, EPFL, 2017 &#8211; 2020<\/p>\n<h4>Publications<\/h4>\n<div style=\"text-align: justify;font-size: 90%\">\n<p class=\"doc\"><span class=\"doc_authors\">Lev Velykoivanenko, Kavous Salehzadeh Niksirat, Amro Abdrabo, K\u00e9vin Huguenin. <\/span><span class=\"doc_title\"><a class=\"doc_links_hal\" target=\"_blank\" href=\"https:\/\/hal.science\/hal-05291062v1\">Evaluating the Potential of Data-Driven Surveys for Fitness-Tracking Research<\/a><\/span>. <span class=\"doc_booktitle\">In Proceedings of the ACM on Interactive, Mobile, Wearable and Ubiquitous Technologies<\/span>, vol. 9, no 4, Dec 2025. ACM. <a class=\"doc_links_hal\" target=\"_blank\" href=\"https:\/\/dx.doi.org\/10.1145\/3770665\">[doi]<\/a> <span class=\"ART\">Journal<\/span><\/p>\n<\/div>\n\n\n\n<p><\/p>\n","protected":false},"excerpt":{"rendered":"<p>Profiles: 0009-0001-5789-9331, AmroAbdrabo Biography I am a Ph.D. student at UNIL-HEC Lausanne, where I am working under the supervision of Prof. K\u00e9vin Huguenin. I earned my MSc in Computer Science from ETH Z\u00fcrich and my BSc in Computer Science from EPFL. Education PhD student, Information Systems, supervised by&nbsp;Prof. K\u00e9vin Huguenin,&nbsp;Faculty of Business and Economics (HEC), &hellip; <\/p>\n<p class=\"link-more\"><a href=\"https:\/\/people.unil.ch\/kevinhuguenin\/members\/amro-abdrabo\/\" class=\"more-link\">Continue reading<span class=\"screen-reader-text\"> &#8220;Amro Abdrabo&#8221;<\/span><\/a><\/p>\n","protected":false},"author":1001071,"featured_media":0,"parent":142,"menu_order":31,"comment_status":"closed","ping_status":"closed","template":"","meta":{"_seopress_robots_primary_cat":"","_seopress_titles_title":"","_seopress_titles_desc":"","_seopress_robots_index":"","footnotes":""},"class_list":["post-1178","page","type-page","status-publish"],"_links":{"self":[{"href":"https:\/\/people.unil.ch\/kevinhuguenin\/wp-json\/wp\/v2\/pages\/1178","targetHints":{"allow":["GET"]}}],"collection":[{"href":"https:\/\/people.unil.ch\/kevinhuguenin\/wp-json\/wp\/v2\/pages"}],"about":[{"href":"https:\/\/people.unil.ch\/kevinhuguenin\/wp-json\/wp\/v2\/types\/page"}],"author":[{"embeddable":true,"href":"https:\/\/people.unil.ch\/kevinhuguenin\/wp-json\/wp\/v2\/users\/1001071"}],"replies":[{"embeddable":true,"href":"https:\/\/people.unil.ch\/kevinhuguenin\/wp-json\/wp\/v2\/comments?post=1178"}],"version-history":[{"count":5,"href":"https:\/\/people.unil.ch\/kevinhuguenin\/wp-json\/wp\/v2\/pages\/1178\/revisions"}],"predecessor-version":[{"id":1357,"href":"https:\/\/people.unil.ch\/kevinhuguenin\/wp-json\/wp\/v2\/pages\/1178\/revisions\/1357"}],"up":[{"embeddable":true,"href":"https:\/\/people.unil.ch\/kevinhuguenin\/wp-json\/wp\/v2\/pages\/142"}],"wp:attachment":[{"href":"https:\/\/people.unil.ch\/kevinhuguenin\/wp-json\/wp\/v2\/media?parent=1178"}],"curies":[{"name":"wp","href":"https:\/\/api.w.org\/{rel}","templated":true}]}}