{"id":14,"date":"2020-03-30T21:07:51","date_gmt":"2020-03-30T19:07:51","guid":{"rendered":"http:\/\/people.unil.ch\/laureathias\/?page_id=14"},"modified":"2026-04-01T23:43:13","modified_gmt":"2026-04-01T21:43:13","slug":"publications","status":"publish","type":"page","link":"https:\/\/people.unil.ch\/laureathias\/research\/publications\/","title":{"rendered":"Publications"},"content":{"rendered":"<h3>Working Papers<\/h3>\n<p>&#8220;<a href=\"https:\/\/people.unil.ch\/laureathias\/files\/2026\/04\/athias_0426.pdf\" target=\"_blank\" rel=\"noopener\">Why and How: Public-Sphere Persuasion and Institutional Legitimacy<\/a>&#8221;<\/p>\n<p>\u201c<a href=\"https:\/\/people.unil.ch\/laureathias\/files\/2026\/02\/athias_ventelou_jbee.pdf\" target=\"_blank\" rel=\"noopener\">The Heart Has Reasons That Reason Cannot Understand: Private vs Institutional Universalism<\/a>\u201d, with Bruno Ventelou.<\/p>\n<p>&#8220;Common Good on Board: Evidence from Public Hospitals&#8221;, with S. Tinturier.<\/p>\n<p>&#8220;Green Public Procurement: For Greener or for Browner?&#8221;, with L. Fraga de Andrade.<\/p>\n<p>&#8220;For-profit Entry in Public Service Provisions: Towards More or Less Regulation&#8221;, with P. Wicht.<\/p>\n<h3>Peer-reviewed Publications<\/h3>\n<p><a href=\"https:\/\/www.sciencedirect.com\/science\/article\/pii\/S1062976924001054\" target=\"_blank\" rel=\"noopener\">Make or Buy for Public Services: Culture Matters for Efficiency Considerations<\/a> (with P. Wicht), <strong><em>Quarterly Review of Economics <\/em><em>and Finance<\/em><\/strong>, doi: 10.1016\/j.qref.2024.101899, 2024.<\/p>\n<p><a href=\"https:\/\/doi.org\/10.1016\/j.socscimed.2021.114640\" target=\"_blank\" rel=\"noopener\">Demand for Vaccination in Sub-Saharan Africa: The Vertical Legacy of the Slave Trade<\/a> (with M. Macina), <strong><em>Social Science &amp; Medicine<\/em><\/strong> 293, 114640, 2022.<\/p>\n<p style=\"padding-left: 40px\">Media coverage : Featured on the <a href=\"https:\/\/www.nationalaffairs.com\/\/blog\/detail\/findings-a-daily-roundup\/special-places-and-times\">National Affairs Blog<\/a>, on <a href=\"https:\/\/www.defacto.expert\/2022\/07\/15\/confiance-et-demande-de-vaccination-que-nous-enseigne-lhistoire\/?lang=fr\">DeFacto<\/a>. &#8220;C<span class=\"biblio_title\">onfiance et demande de vaccination : que nous enseigne l\u2019histoire ?&#8221;, <span class=\"biblio_dateIssued\">2021\/11\/01<\/span> (<span class=\"biblio_number\">1<\/span>) <span class=\"biblio_size\">3<\/span>, <a href=\"https:\/\/www.unil.ch\/files\/live\/sites\/idheap\/files\/publications\/Policy%20Brief\/Policy_Brief_IDHEAP_novembre.pdf\"><span class=\"biblio_institution\">IDHEAP POLICY BRIEF<\/span><\/a><\/span><\/p>\n<p><a href=\"https:\/\/www.cairn-int.info\/article-E_REI_166_0039--district-heating-networks-legal-norms.htm\">District heating networks, legal norms, and market structure: What role for public authorities?<\/a> (with Pascal Wicht), <em><strong>Revue d&#8217;Economie Industrielle<\/strong><\/em> 166 (2), 39-63, 2019.<\/p>\n<p><a href=\"https:\/\/www.sciencedirect.com\/science\/article\/abs\/pii\/S0965856416302336\">Are Public Private Partnerships that Rigid? And Why? Evidence from Price Provisions in French Toll Road Concession Contracts<\/a> (with St\u00e9phane Saussier), <em><strong>Transportation Research Part A: Policy and Practice<\/strong><\/em> 111, 174-186, 2018.<\/p>\n<p>Effects of Uncertainty and Opportunistic Renegotiations on Bidding Behaviour: Evidence from Toll Road Concessions (with Antonio Nunez), in: <a href=\"https:\/\/mitpress.mit.edu\/books\/economics-infrastructure-provisioning\">The Economics of Infrastructure Provisioning: The Changing Role of the State<\/a>. <em><strong>CESifo Seminar Series<\/strong><\/em>, MIT Press, Cambridge, 285-314, 2015.<\/p>\n<p><a href=\"https:\/\/www.tandfonline.com\/doi\/abs\/10.1080\/03003930.2013.782859\">Local Public-Services Provision under Public Private Partnerships: Contractual Design and Contracting Parties Incentives<\/a>. <em><strong>Local Government Studies<\/strong><\/em> 39(3), 312-331, 2013.<\/p>\n<p><a href=\"https:\/\/www.cairn.info\/revue-economique-2009-4-page-1011.htm\">Responsabilit\u00e9 politique et design contractuel des partenariats public priv\u00e9<\/a>. <em><strong>Revue Economique<\/strong><\/em> 60 (4), 1011-1022, 2009.<\/p>\n<p><a href=\"https:\/\/www.sciencedirect.com\/science\/article\/abs\/pii\/S0165176508002012\">Winner&#8217;s curse in toll road concessions<\/a> (with Antonio Nunez). <em><strong>Economics Letters<\/strong><\/em> 101 (3), 172-174, 2008.<\/p>\n<p><a href=\"https:\/\/www.cairn.info\/revue-economique-2007-3-page-565.htm\">Un Partenariat Public Priv\u00e9 Rigide ou Flexible ? Th\u00e9orie et Application aux Concessions Routi\u00e8res \u00e0 P\u00e9age<\/a> (with St\u00e9phane Saussier). <em><strong>Revue Economique<\/strong><\/em> 58 (3), 565-576, 2007.<\/p>\n<h3>Book Chapters<\/h3>\n<p><a class=\"gsc_oci_title_link\" href=\"https:\/\/link.springer.com\/chapter\/10.1007\/978-3-031-87267-9_14\" target=\"_blank\" rel=\"noopener\" data-clk=\"hl=en&amp;sa=T&amp;ei=CqOcaIeDNY7UieoP8LjBqQg\">Switzerland&#8217;s Housing and Energy Markets: A Review of the Main Issues and Current Policies<\/a> (with A. Legret, O. Sch\u00f6ni), in <em>Housing in Crisis: Policies and Challenges in Europe<\/em>, <span style=\"font-size: 1rem\">Springer Nature, pp. 229-246, 2025.<\/span><\/p>\n<p><a href=\"https:\/\/serval.unil.ch\/resource\/serval:BIB_F4B58D8BF4A6.P001\/REF\">Gouvernance<\/a> (with M. Pasquier), in Soguel N. et al. (eds), <em>Comprendre et concevoir l\u2019administration publique. Le mod\u00e8le IDHEAP, <\/em>EPFL Press, pp. <span class=\"biblio_pages\">121-132,<\/span>\u00a02023.<\/p>\n<p><a href=\"https:\/\/serval.unil.ch\/resource\/serval:BIB_C7A75892D2CE.P001\/REF\">Fonctions essentielles<\/a> (with N. Soguel), in Soguel N. et al. (eds),<em>Comprendre et concevoir l\u2019administration publique. Le mod\u00e8le IDHEAP<\/em><em>, <\/em>EPFL Press, pp. 35-46, 2023.<\/p>\n<p>Public Private Partnerships: A Swiss Perspective (with M. Macina and P. Wicht), in Andreas Ladner et al. (eds), <a href=\"https:\/\/www.palgrave.com\/gp\/book\/9783319923802\"><em>Swiss Public Administration: Making the State Work Successfully<\/em><\/a>, Springer International Publishing, pp. 187-204, 2019.<\/p>\n<p>The Relative Efficiency of Competitive Tendering (with L. Chever) in Saussier St\u00e9phane,\u00a0 de Brux Julie (eds.) <a href=\"https:\/\/www.springer.com\/gp\/book\/9783319680491\"><em>The Economics of Public-Private Partnerships : Theoretical and Empirical Developments<\/em><\/a>, Springer, pp. 113-133, 2018.<\/p>\n<p>Efficacit\u00e9 relative des appels d&#8217;offres concurrentiels (with L. Chever), in S. Saussier (ed), <a href=\"https:\/\/www.deboecksuperieur.com\/ouvrage\/9782807328891-economie-des-partenariats-public-prive\"><em>Economie des Partenariats Public Priv\u00e9<\/em><\/a>, De Boeck, pp. 143-164, 2015.<\/p>\n<p>La contractualisation de service public : une analyse \u00e9conomique, in Ladner Andreas et al. (eds), <a href=\"https:\/\/www.epflpress.org\/produit\/630\/9782880749712\/manuel-d-administration-publique-suisse\"><em>Manuel d\u2019administration publique suisse<\/em><\/a>, Presses Polytechniques et Universitaires Romandes, Lausanne, chap 34, pp. 679-697, 2013<\/p>\n<p>Kontraktualisierung des \u00f6ffentlichen Dienstes: Eine \u00f6konomische Analyse, in Ladner Andreas et al. (eds), <em><a href=\"https:\/\/www.nzz-libro.ch\/9783038239598\/handbuch-der-oeffentlichen-verwaltung-in-der-schweiz\">Handbuch der \u00f6ffentlichen Verwaltung in der Schweiz<\/a>,<\/em> Verlag Neue Z\u00fcrcher Zeitung (NZZ), pp. 679-697, 2013<\/p>\n","protected":false},"excerpt":{"rendered":"<p>Working Papers &#8220;Why and How: Public-Sphere Persuasion and Institutional Legitimacy&#8221; \u201cThe Heart Has Reasons That Reason Cannot Understand: Private vs Institutional Universalism\u201d, with Bruno Ventelou. &#8220;Common Good on Board: Evidence &hellip; <\/p>\n","protected":false},"author":1001100,"featured_media":0,"parent":255,"menu_order":0,"comment_status":"closed","ping_status":"closed","template":"template-builder-fullwidth.php","meta":{"_seopress_robots_primary_cat":"","_seopress_titles_title":"","_seopress_titles_desc":"","_seopress_robots_index":"","footnotes":""},"class_list":["post-14","page","type-page","status-publish"],"_links":{"self":[{"href":"https:\/\/people.unil.ch\/laureathias\/wp-json\/wp\/v2\/pages\/14","targetHints":{"allow":["GET"]}}],"collection":[{"href":"https:\/\/people.unil.ch\/laureathias\/wp-json\/wp\/v2\/pages"}],"about":[{"href":"https:\/\/people.unil.ch\/laureathias\/wp-json\/wp\/v2\/types\/page"}],"author":[{"embeddable":true,"href":"https:\/\/people.unil.ch\/laureathias\/wp-json\/wp\/v2\/users\/1001100"}],"replies":[{"embeddable":true,"href":"https:\/\/people.unil.ch\/laureathias\/wp-json\/wp\/v2\/comments?post=14"}],"version-history":[{"count":5,"href":"https:\/\/people.unil.ch\/laureathias\/wp-json\/wp\/v2\/pages\/14\/revisions"}],"predecessor-version":[{"id":960,"href":"https:\/\/people.unil.ch\/laureathias\/wp-json\/wp\/v2\/pages\/14\/revisions\/960"}],"up":[{"embeddable":true,"href":"https:\/\/people.unil.ch\/laureathias\/wp-json\/wp\/v2\/pages\/255"}],"wp:attachment":[{"href":"https:\/\/people.unil.ch\/laureathias\/wp-json\/wp\/v2\/media?parent=14"}],"curies":[{"name":"wp","href":"https:\/\/api.w.org\/{rel}","templated":true}]}}