{"id":2,"date":"2020-07-31T10:23:31","date_gmt":"2020-07-31T08:23:31","guid":{"rendered":"http:\/\/people.unil.ch\/mariusbrulhart\/?page_id=2"},"modified":"2026-02-23T01:02:13","modified_gmt":"2026-02-23T00:02:13","slug":"page-d-exemple","status":"publish","type":"page","link":"https:\/\/people.unil.ch\/mariusbrulhart\/","title":{"rendered":"Home"},"content":{"rendered":"\n<p>I am a Professor of Economics at HEC Lausanne, University of Lausanne. <\/p>\n\n\n\n<p>My research interests include public economics, regional economics and international trade.<\/p>\n\n\n\n<div class=\"wp-block-columns is-layout-flex wp-container-core-columns-is-layout-9d6595d7 wp-block-columns-is-layout-flex\">\n<div class=\"wp-block-column is-layout-flow wp-block-column-is-layout-flow\" style=\"flex-basis:40%\">\n<p><strong>Current research papers<\/strong><\/p>\n\n\n<ul class=\"wp-block-latest-posts__list wp-block-latest-posts\"><li><a class=\"wp-block-latest-posts__post-title\" href=\"https:\/\/people.unil.ch\/mariusbrulhart\/2026\/03\/price-and-prejudice-housing-rents-reveal-racial-animus\/\">Price and Prejudice: Housing Rents Reveal Racial Animus<\/a><div class=\"wp-block-latest-posts__post-full-content\"><!-- wp:paragraph -->\n<p>with Gian-Paolo Klinke, Andrea Marcucci, Dominic Rohner and Mathias Thoenig. <em>Journal of Urban Economics<\/em>, forthcoming 2026, <a href=\"https:\/\/people.unil.ch\/mariusbrulhart\/files\/2024\/10\/WP_v14.pdf\" data-type=\"link\" data-id=\"https:\/\/people.unil.ch\/mariusbrulhart\/files\/2023\/08\/animus-2.pdf\" target=\"_blank\" rel=\"noreferrer noopener\">See manuscript<\/a><\/p>\n<!-- \/wp:paragraph -->\n\n<!-- wp:paragraph -->\n<p><\/p>\n<!-- \/wp:paragraph --><\/div><\/li>\n<li><a class=\"wp-block-latest-posts__post-title\" href=\"https:\/\/people.unil.ch\/mariusbrulhart\/2026\/03\/unfree-wills-inheritance-rules-bequest-motives-and-wealth-diffusion\/\">Unfree Wills: Inheritance Rules, Bequest Motives, and Wealth Diffusion<\/a><div class=\"wp-block-latest-posts__post-full-content\"><!-- wp:paragraph -->\n<p>with Laia Soler (March 2026). <a href=\"https:\/\/people.unil.ch\/mariusbrulhart\/files\/2026\/03\/wills_main.pdf\">Link (main paper)<\/a> <a href=\"https:\/\/people.unil.ch\/mariusbrulhart\/files\/2026\/03\/wills_suppl.pdf\">Link (appendix)<\/a><\/p>\n<!-- \/wp:paragraph -->\n\n<!-- wp:paragraph -->\n<p><\/p>\n<!-- \/wp:paragraph --><\/div><\/li>\n<li><a class=\"wp-block-latest-posts__post-title\" href=\"https:\/\/people.unil.ch\/mariusbrulhart\/2026\/01\/the-output-cost-of-inheritance\/\">The Output Cost of Inheritance<\/a><div class=\"wp-block-latest-posts__post-full-content\"><!-- wp:paragraph -->\n<p>with Aur\u00e9lien Eyquem, Isabel Z. Mart\u00ednez and Enrico Rubolino (January 2026). <a href=\"https:\/\/people.unil.ch\/mariusbrulhart\/files\/2026\/01\/inheritance-2601.pdf\">Link<\/a><\/p>\n<!-- \/wp:paragraph -->\n\n<!-- wp:paragraph -->\n<p><\/p>\n<!-- \/wp:paragraph --><\/div><\/li>\n<li><a class=\"wp-block-latest-posts__post-title\" href=\"https:\/\/people.unil.ch\/mariusbrulhart\/2024\/12\/who-bears-the-burden-of-local-taxes\/\">Who Bears the Burden of Local Taxes?<\/a><div class=\"wp-block-latest-posts__post-full-content\"><!-- wp:paragraph -->\n<p>with Jayson Danton, Rapha\u00ebl Parchet and J\u00f6rg Schl\u00e4pfer. <em>American Economic Journal: Economic Policy<\/em>, 17(1): 464-505, 2025. <a href=\"https:\/\/people.unil.ch\/mariusbrulhart\/files\/2025\/02\/brulhart-et-al-2025-who-bears-the-burden-of-local-taxes.pdf\">See manuscript <\/a>(<a href=\"https:\/\/people.unil.ch\/mariusbrulhart\/files\/2025\/02\/brulhart-et-al-2025-who-bears-the-burden-of-local-taxes-Online-Appendix.pdf\">online appendix<\/a>; <a href=\"https:\/\/www.openicpsr.org\/openicpsr\/project\/192021\/version\/V1\/view\">replication package (data and code)<\/a>)<\/p>\n<!-- \/wp:paragraph -->\n\n<!-- wp:paragraph -->\n<p><\/p>\n<!-- \/wp:paragraph --><\/div><\/li>\n<li><a class=\"wp-block-latest-posts__post-title\" href=\"https:\/\/people.unil.ch\/mariusbrulhart\/2024\/12\/competition-harmonization-and-redistribution-corporate-taxes-in-switzerland\/\">Competition, Harmonization and Redistribution: Corporate Taxes in Switzerland<\/a><div class=\"wp-block-latest-posts__post-full-content\"><!-- wp:paragraph -->\n<p>with Marko K\u00f6thenb\u00fcrger, Matthias Krapf, Rapha\u00ebl Parchet, Kurt Schmidheiny and David Staubli. In: D.R. Agrawal, J.M. Poterba, O.M. Zidar (eds.)<em> Policy Responses to Tax Competition<\/em>, NBER and University of Chicago Press, 2025. <a href=\"https:\/\/people.unil.ch\/mariusbrulhart\/files\/2025\/10\/10-agrawal-et-al_policyresponsestaxcompetiton.pdf\">See manuscript<\/a>  (<a href=\"https:\/\/people.unil.ch\/mariusbrulhart\/files\/2023\/11\/NBER-WP-31830.pdf\" data-type=\"URL\" data-id=\"https:\/\/people.unil.ch\/mariusbrulhart\/files\/2023\/06\/NBER_Corporate_Tax_Switzerland-25-June-2023-2.pdf\" target=\"_blank\" rel=\"noreferrer noopener\">NBER working paper version<\/a>)<\/p>\n<!-- \/wp:paragraph -->\n\n<!-- wp:paragraph -->\n<p><\/p>\n<!-- \/wp:paragraph --><\/div><\/li>\n<li><a class=\"wp-block-latest-posts__post-title\" href=\"https:\/\/people.unil.ch\/mariusbrulhart\/2024\/12\/let-there-be-light-trade-and-the-development-of-border-regions\/\">And There Was Light: Trade and the Development of Border Regions<\/a><div class=\"wp-block-latest-posts__post-full-content\"><!-- wp:paragraph -->\n<p>with Barth\u00e9l\u00e9my Bonadio and Guillaume Rais (December 2024), <a href=\"https:\/\/people.unil.ch\/mariusbrulhart\/files\/2024\/12\/BBR_Borderlights.pdf\">See manuscript<\/a><\/p>\n<!-- \/wp:paragraph -->\n\n<!-- wp:paragraph -->\n<p><\/p>\n<!-- \/wp:paragraph --><\/div><\/li>\n<li><a class=\"wp-block-latest-posts__post-title\" href=\"https:\/\/people.unil.ch\/mariusbrulhart\/2015\/01\/on-nesting-location-choice-models-correctly-a-reply\/\">On Nesting Location Choice Models Correctly: A Reply<\/a><div class=\"wp-block-latest-posts__post-full-content\"><!-- wp:paragraph -->\n<p>with Kurt Schmidheiny. <a href=\"https:\/\/people.unil.ch\/mariusbrulhart\/files\/2023\/02\/correctlynesting.pdf\" target=\"_blank\" rel=\"noreferrer noopener\">See manuscript<\/a><\/p>\n<!-- \/wp:paragraph --><\/div><\/li>\n<\/ul>\n\n\n<p><\/p>\n<\/div>\n\n\n\n<div class=\"wp-block-column is-layout-flow wp-block-column-is-layout-flow\" style=\"flex-basis:45%\">\n<p><strong>Latest writings<\/strong><\/p>\n\n\n<ul class=\"wp-block-latest-posts__list wp-block-latest-posts\"><li><a class=\"wp-block-latest-posts__post-title\" href=\"https:\/\/people.unil.ch\/mariusbrulhart\/2026\/03\/price-and-prejudice-housing-rents-reveal-racial-animus\/\">Price and Prejudice: Housing Rents Reveal Racial Animus<\/a><div class=\"wp-block-latest-posts__post-full-content\"><!-- wp:paragraph -->\n<p>with Gian-Paolo Klinke, Andrea Marcucci, Dominic Rohner and Mathias Thoenig. <em>Journal of Urban Economics<\/em>, forthcoming 2026, <a href=\"https:\/\/people.unil.ch\/mariusbrulhart\/files\/2024\/10\/WP_v14.pdf\" data-type=\"link\" data-id=\"https:\/\/people.unil.ch\/mariusbrulhart\/files\/2023\/08\/animus-2.pdf\" target=\"_blank\" rel=\"noreferrer noopener\">See manuscript<\/a><\/p>\n<!-- \/wp:paragraph -->\n\n<!-- wp:paragraph -->\n<p><\/p>\n<!-- \/wp:paragraph --><\/div><\/li>\n<li><a class=\"wp-block-latest-posts__post-title\" href=\"https:\/\/people.unil.ch\/mariusbrulhart\/2026\/03\/unfree-wills-inheritance-rules-bequest-motives-and-wealth-diffusion\/\">Unfree Wills: Inheritance Rules, Bequest Motives, and Wealth Diffusion<\/a><div class=\"wp-block-latest-posts__post-full-content\"><!-- wp:paragraph -->\n<p>with Laia Soler (March 2026). <a href=\"https:\/\/people.unil.ch\/mariusbrulhart\/files\/2026\/03\/wills_main.pdf\">Link (main paper)<\/a> <a href=\"https:\/\/people.unil.ch\/mariusbrulhart\/files\/2026\/03\/wills_suppl.pdf\">Link (appendix)<\/a><\/p>\n<!-- \/wp:paragraph -->\n\n<!-- wp:paragraph -->\n<p><\/p>\n<!-- \/wp:paragraph --><\/div><\/li>\n<li><a class=\"wp-block-latest-posts__post-title\" href=\"https:\/\/people.unil.ch\/mariusbrulhart\/2026\/03\/wealth-and-inheritance-in-21st-century-switzerland\/\">Wealth and Inheritance in 21st-Century Switzerland<\/a><div class=\"wp-block-latest-posts__post-full-content\"><!-- wp:paragraph -->\n<p><em>E4S White Paper<\/em>, with Andreas Fuster, Isabel Z. Mart\u00ednez and Falone Moseka (February 2026). <a href=\"https:\/\/people.unil.ch\/mariusbrulhart\/files\/2026\/03\/e4s-white-paper-wealth-and-inheritance-eng-full-final2-002.pdf\">Link (full report)<\/a> <a href=\"https:\/\/e4s.center\/resources\/reports\/wealth-and-inheritance-in-21st-century-switzerland\/\">Link (E4S page)<\/a><\/p>\n<!-- \/wp:paragraph -->\n\n<!-- wp:paragraph -->\n<p><\/p>\n<!-- \/wp:paragraph --><\/div><\/li>\n<li><a class=\"wp-block-latest-posts__post-title\" href=\"https:\/\/people.unil.ch\/mariusbrulhart\/2026\/03\/finanzierung-der-bundes-mehrausgaben-handlungsoptionen\/\">Finanzierung der Bundes-Mehrausgaben: Handlungsoptionen<\/a><div class=\"wp-block-latest-posts__post-full-content\"><!-- wp:paragraph -->\n<p>Pr\u00e4sentation GLP-Bundeshausfraktion, M\u00e4rz 2026. <a href=\"https:\/\/people.unil.ch\/mariusbrulhart\/files\/2026\/03\/handlungsoptionen-mehreinnahmen-2603.pdf\">Link<\/a><\/p>\n<!-- \/wp:paragraph -->\n\n<!-- wp:paragraph -->\n<p><\/p>\n<!-- \/wp:paragraph --><\/div><\/li>\n<li><a class=\"wp-block-latest-posts__post-title\" href=\"https:\/\/people.unil.ch\/mariusbrulhart\/2026\/02\/fortune-privee-et-heritages-en-suisse-au-xxie-siecle\/\">Fortune priv\u00e9e et h\u00e9ritages en Suisse au XXIe si\u00e8cle<\/a><div class=\"wp-block-latest-posts__post-full-content\"><!-- wp:paragraph -->\n<p><em>E4S White Paper <\/em>(r\u00e9sum\u00e9), avec Andreas Fuster, Isabel Z. Mart\u00ednez et Falone Moseka (f\u00e9vrier 2026). <a href=\"https:\/\/e4s.center\/wp-content\/uploads\/2026\/02\/E4S-White-Paper-Wealth-and-Inheritance-FRA-final2.pdf\">Lien<\/a><\/p>\n<!-- \/wp:paragraph -->\n\n<!-- wp:paragraph -->\n<p><\/p>\n<!-- \/wp:paragraph --><\/div><\/li>\n<li><a class=\"wp-block-latest-posts__post-title\" href=\"https:\/\/people.unil.ch\/mariusbrulhart\/2026\/02\/vermogen-und-erbschaften-in-der-schweiz-des-21-jahrhunderts\/\">Verm\u00f6gen und Erbschaften in der Schweiz des 21. Jahrhunderts<\/a><div class=\"wp-block-latest-posts__post-full-content\"><!-- wp:paragraph -->\n<p><em>E4S White Paper<\/em> (Zusammenfassung), mit Andreas Fuster, Isabel Z. Mart\u00ednez und Falone Moseka (Februar 2026). <a href=\"https:\/\/e4s.center\/wp-content\/uploads\/2026\/02\/E4S-White-Paper-Wealth-and-Inheritance-DEU-final2.pdf\">Link<\/a><\/p>\n<!-- \/wp:paragraph -->\n\n<!-- wp:paragraph -->\n<p><\/p>\n<!-- \/wp:paragraph --><\/div><\/li>\n<li><a class=\"wp-block-latest-posts__post-title\" href=\"https:\/\/people.unil.ch\/mariusbrulhart\/2026\/01\/the-output-cost-of-inheritance\/\">The Output Cost of Inheritance<\/a><div class=\"wp-block-latest-posts__post-full-content\"><!-- wp:paragraph -->\n<p>with Aur\u00e9lien Eyquem, Isabel Z. Mart\u00ednez and Enrico Rubolino (January 2026). <a href=\"https:\/\/people.unil.ch\/mariusbrulhart\/files\/2026\/01\/inheritance-2601.pdf\">Link<\/a><\/p>\n<!-- \/wp:paragraph -->\n\n<!-- wp:paragraph -->\n<p><\/p>\n<!-- \/wp:paragraph --><\/div><\/li>\n<li><a class=\"wp-block-latest-posts__post-title\" href=\"https:\/\/people.unil.ch\/mariusbrulhart\/2025\/11\/taxing-inheritance-what-can-we-learn-from-the-swiss-experience\/\">Taxing Inheritance: What Can We Learn from the Swiss Experience?<\/a><div class=\"wp-block-latest-posts__post-full-content\"><!-- wp:paragraph -->\n<p>UBS Center Webcast, University of Zurich. November 2025. <a href=\"https:\/\/people.unil.ch\/mariusbrulhart\/files\/2025\/11\/inheritance-tax-uzh-pres-2511-1.pdf\">Slides<\/a>, <a href=\"https:\/\/www.youtube.com\/live\/zAZ7KPLP0wc?si=tOlTeq3F6LOyOQ5S\" target=\"_blank\" rel=\"noreferrer noopener\">video recording<\/a><\/p>\n<!-- \/wp:paragraph -->\n\n<!-- wp:paragraph -->\n<p><\/p>\n<!-- \/wp:paragraph --><\/div><\/li>\n<li><a class=\"wp-block-latest-posts__post-title\" href=\"https:\/\/people.unil.ch\/mariusbrulhart\/2025\/10\/erbschaften-und-steuern-in-der-schweiz\/\">Erbschaften und Steuern in der Schweiz<\/a><div class=\"wp-block-latest-posts__post-full-content\"><!-- wp:paragraph -->\n<p>Pr\u00e4sentation Die Mitte 60+ Sense, Oktober 2025. <a href=\"https:\/\/people.unil.ch\/mariusbrulhart\/files\/2025\/10\/mitte_60_plus_garmiswil-2510.pdf\">Link<\/a><\/p>\n<!-- \/wp:paragraph -->\n\n<!-- wp:paragraph -->\n<p><\/p>\n<!-- \/wp:paragraph --><\/div><\/li>\n<li><a class=\"wp-block-latest-posts__post-title\" href=\"https:\/\/people.unil.ch\/mariusbrulhart\/2025\/06\/wie-progressiv-ist-die-mehrwertsteuer\/\">Wie progressiv ist die Mehrwertsteuer?<\/a><div class=\"wp-block-latest-posts__post-full-content\"><!-- wp:paragraph -->\n<p>Pr\u00e4sentation SP-Themenkommission Wirtschaft und Finanzen, Juni 2025. <a href=\"https:\/\/people.unil.ch\/mariusbrulhart\/files\/2025\/06\/sp-mwst-2506.pdf\">Link<\/a><\/p>\n<!-- \/wp:paragraph -->\n\n<!-- wp:paragraph -->\n<p><\/p>\n<!-- \/wp:paragraph --><\/div><\/li>\n<li><a class=\"wp-block-latest-posts__post-title\" href=\"https:\/\/people.unil.ch\/mariusbrulhart\/2025\/03\/hausse-des-taxes-detudes-noublions-pas-dadapter-les-bourses\/\">Hausse des taxes d&#8217;\u00e9tudes : n&#8217;oublions pas d&#8217;adapter les bourses&nbsp;!<\/a><div class=\"wp-block-latest-posts__post-full-content\"><!-- wp:paragraph -->\n<p><em>Le Temps<\/em>, mars 2025. <a href=\"https:\/\/people.unil.ch\/mariusbrulhart\/files\/2025\/03\/letemps-taxes-uni-2503.pdf\">Lien<\/a><\/p>\n<!-- \/wp:paragraph -->\n\n<!-- wp:paragraph -->\n<p><\/p>\n<!-- \/wp:paragraph --><\/div><\/li>\n<li><a class=\"wp-block-latest-posts__post-title\" href=\"https:\/\/people.unil.ch\/mariusbrulhart\/2025\/02\/university-tuition-fees-and-student-outcomes-literature-review-from-a-swiss-perspective\/\">University Tuition Fees and Student Outcomes: Literature Review from a Swiss Perspective<\/a><div class=\"wp-block-latest-posts__post-full-content\"><!-- wp:paragraph -->\n<p><em>E4S<\/em>\u00a0<em>White Paper<\/em>, with Rafael Lalive (February 2025). <a href=\"https:\/\/e4s.center\/resources\/reports\/university-tuition-fees-and-student-outcomes-literature-review-from-a-swiss-perspective\/\" target=\"_blank\" rel=\"noreferrer noopener\">Link<\/a><\/p>\n<!-- \/wp:paragraph -->\n\n<!-- wp:paragraph -->\n<p><\/p>\n<!-- \/wp:paragraph --><\/div><\/li>\n<li><a class=\"wp-block-latest-posts__post-title\" href=\"https:\/\/people.unil.ch\/mariusbrulhart\/2025\/01\/juso-erbschaftssteuerinitiative-wirtschaftswissenschaftliche-betrachtung\/\">JUSO-Erbschaftssteuerinitiative: Wirtschaftswissenschaftliche Betrachtung<\/a><div class=\"wp-block-latest-posts__post-full-content\"><!-- wp:paragraph -->\n<p>Pr\u00e4sentation WAK-Nationalratskommission, Januar 2025. <a href=\"https:\/\/people.unil.ch\/mariusbrulhart\/files\/2025\/01\/WAK-N-Juso-ES-Initiative-2501-002.pdf\">Link<\/a><\/p>\n<!-- \/wp:paragraph -->\n\n<!-- wp:paragraph -->\n<p><\/p>\n<!-- \/wp:paragraph --><\/div><\/li>\n<li><a class=\"wp-block-latest-posts__post-title\" href=\"https:\/\/people.unil.ch\/mariusbrulhart\/2024\/12\/impot-federal-sur-les-successions-selon-linitiative-pour-lavenir-substrat-fiscal-et-effets-sur-le-comportement-des-contribuables\/\">Imp\u00f4t f\u00e9d\u00e9ral sur les successions selon \u00ab&nbsp;l\u2019initiative pour l\u2019avenir&nbsp;\u00bb&nbsp;: substrat fiscal et effets sur le comportement des contribuables<\/a><div class=\"wp-block-latest-posts__post-full-content\"><!-- wp:paragraph -->\n<p>\u00c9tude mandat\u00e9e par l&#8217;Administration f\u00e9d\u00e9rale des contributions (version traduite de l&#8217;original allemand), d\u00e9cembre 2024. <a href=\"https:\/\/people.unil.ch\/mariusbrulhart\/files\/2025\/05\/estv-bericht-nachlasssteuer-vf.pdf\">Lien<\/a><\/p>\n<!-- \/wp:paragraph -->\n\n<!-- wp:paragraph -->\n<p><\/p>\n<!-- \/wp:paragraph --><\/div><\/li>\n<li><a class=\"wp-block-latest-posts__post-title\" href=\"https:\/\/people.unil.ch\/mariusbrulhart\/2024\/12\/bundeserbschaftssteuer-gemass-der-initiative-fur-eine-zukunft-steuersubstrat-und-verhaltensreaktionen\/\">Bundeserbschaftssteuer gem\u00e4ss der &#8220;Initiative f\u00fcr eine Zukunft&#8221;: Steuersubstrat und Verhaltensreaktionen<\/a><div class=\"wp-block-latest-posts__post-full-content\"><!-- wp:paragraph -->\n<p>Gutachten f\u00fcr die Eidgen\u00f6ssische Steuerverwaltung, Dezember 2024. <a href=\"https:\/\/people.unil.ch\/mariusbrulhart\/files\/2024\/12\/ESTV-Bericht-Nachlasssteuer.pdf\">Link<\/a><\/p>\n<!-- \/wp:paragraph -->\n\n<!-- wp:paragraph -->\n<p><\/p>\n<!-- \/wp:paragraph --><\/div><\/li>\n<\/ul>\n\n\n<p><\/p>\n<\/div>\n\n\n\n<div class=\"wp-block-column sideblock is-layout-flow wp-block-column-is-layout-flow\" style=\"flex-basis:15%\">\n<div class=\"wp-block-columns is-layout-flex wp-container-core-columns-is-layout-9d6595d7 wp-block-columns-is-layout-flex\">\n<div class=\"wp-block-column is-layout-flow wp-block-column-is-layout-flow\" style=\"flex-basis:100%\">\n<div class=\"wp-block-group\"><div class=\"wp-block-group__inner-container is-layout-flow wp-block-group-is-layout-flow\">\n<div class=\"wp-block-columns are-vertically-aligned-center is-layout-flex wp-container-core-columns-is-layout-9d6595d7 wp-block-columns-is-layout-flex\">\n<div class=\"wp-block-column is-vertically-aligned-center is-layout-flow wp-block-column-is-layout-flow\" style=\"flex-basis:100%\"><div class=\"wp-block-image is-resized is-style-default\">\n<figure class=\"aligncenter size-full\"><img alt=\"\" loading=\"lazy\" decoding=\"async\" width=\"452\" height=\"713\" src=\"https:\/\/people.unil.ch\/mariusbrulhart\/files\/2021\/08\/MB.jpg\" alt=\"\" class=\"wp-image-890\" style=\"width:111px;height:auto\" srcset=\"https:\/\/people.unil.ch\/mariusbrulhart\/files\/2021\/08\/MB.jpg 452w, https:\/\/people.unil.ch\/mariusbrulhart\/files\/2021\/08\/MB-190x300.jpg 190w\" sizes=\"auto, (max-width: 452px) 100vw, 452px\" \/><figcaption class=\"wp-element-caption\"><a rel=\"noreferrer noopener\" href=\"https:\/\/www.unil.ch\/hec\" target=\"_blank\"><\/a><\/figcaption><\/figure>\n<\/div><\/div>\n<\/div>\n<\/div><\/div>\n<\/div>\n<\/div>\n\n\n<div class=\"wp-block-image is-resized\">\n<figure class=\"aligncenter size-large\"><a href=\"https:\/\/www.unil.ch\/hec\/en\/home.html\"><img loading=\"lazy\" decoding=\"async\" width=\"1024\" height=\"551\" src=\"https:\/\/people.unil.ch\/mariusbrulhart\/files\/2026\/02\/logo_hec_blue_rvb-1024x551.png\" alt=\"logo hec blue rvb\" class=\"wp-image-1681\" srcset=\"https:\/\/people.unil.ch\/mariusbrulhart\/files\/2026\/02\/logo_hec_blue_rvb-1024x551.png 1024w, https:\/\/people.unil.ch\/mariusbrulhart\/files\/2026\/02\/logo_hec_blue_rvb-300x161.png 300w, https:\/\/people.unil.ch\/mariusbrulhart\/files\/2026\/02\/logo_hec_blue_rvb-768x413.png 768w, https:\/\/people.unil.ch\/mariusbrulhart\/files\/2026\/02\/logo_hec_blue_rvb-1536x826.png 1536w, https:\/\/people.unil.ch\/mariusbrulhart\/files\/2026\/02\/logo_hec_blue_rvb-2048x1101.png 2048w, https:\/\/people.unil.ch\/mariusbrulhart\/files\/2026\/02\/logo_hec_blue_rvb-540x290.png 540w, https:\/\/people.unil.ch\/mariusbrulhart\/files\/2026\/02\/logo_hec_blue_rvb-1080x581.png 1080w, https:\/\/people.unil.ch\/mariusbrulhart\/files\/2026\/02\/logo_hec_blue_rvb-1980x1065.png 1980w\" sizes=\"auto, (max-width: 1024px) 100vw, 1024px\" \/><\/a><\/figure>\n<\/div>\n\n\n<figure class=\"wp-block-image size-full is-style-default\"><a href=\"https:\/\/sjes.springeropen.com\/\" target=\"_blank\" rel=\" noreferrer noopener\"><img alt=\"\" loading=\"lazy\" decoding=\"async\" width=\"827\" height=\"1000\" src=\"https:\/\/people.unil.ch\/mariusbrulhart\/files\/2025\/02\/image-1.png\" alt=\"\" class=\"wp-image-1497\" srcset=\"https:\/\/people.unil.ch\/mariusbrulhart\/files\/2025\/02\/image-1.png 827w, https:\/\/people.unil.ch\/mariusbrulhart\/files\/2025\/02\/image-1-248x300.png 248w, https:\/\/people.unil.ch\/mariusbrulhart\/files\/2025\/02\/image-1-768x929.png 768w, https:\/\/people.unil.ch\/mariusbrulhart\/files\/2025\/02\/image-1-540x653.png 540w\" sizes=\"auto, (max-width: 827px) 100vw, 827px\" \/><\/a><\/figure>\n<\/div>\n<\/div>\n\n\n\n<p><\/p>\n","protected":false},"excerpt":{"rendered":"<p>I am a Professor of Economics at HEC Lausanne, University of Lausanne. My research interests include public economics, regional economics and international trade. Current research papers Latest writings<\/p>\n","protected":false},"author":1001107,"featured_media":0,"parent":0,"menu_order":0,"comment_status":"closed","ping_status":"open","template":"template-full-width.php","meta":{"_seopress_robots_primary_cat":"","_seopress_titles_title":"","_seopress_titles_desc":"","_seopress_robots_index":"","footnotes":""},"class_list":["post-2","page","type-page","status-publish","has-post-thumbnail"],"_links":{"self":[{"href":"https:\/\/people.unil.ch\/mariusbrulhart\/wp-json\/wp\/v2\/pages\/2","targetHints":{"allow":["GET"]}}],"collection":[{"href":"https:\/\/people.unil.ch\/mariusbrulhart\/wp-json\/wp\/v2\/pages"}],"about":[{"href":"https:\/\/people.unil.ch\/mariusbrulhart\/wp-json\/wp\/v2\/types\/page"}],"author":[{"embeddable":true,"href":"https:\/\/people.unil.ch\/mariusbrulhart\/wp-json\/wp\/v2\/users\/1001107"}],"replies":[{"embeddable":true,"href":"https:\/\/people.unil.ch\/mariusbrulhart\/wp-json\/wp\/v2\/comments?post=2"}],"version-history":[{"count":5,"href":"https:\/\/people.unil.ch\/mariusbrulhart\/wp-json\/wp\/v2\/pages\/2\/revisions"}],"predecessor-version":[{"id":1695,"href":"https:\/\/people.unil.ch\/mariusbrulhart\/wp-json\/wp\/v2\/pages\/2\/revisions\/1695"}],"wp:attachment":[{"href":"https:\/\/people.unil.ch\/mariusbrulhart\/wp-json\/wp\/v2\/media?parent=2"}],"curies":[{"name":"wp","href":"https:\/\/api.w.org\/{rel}","templated":true}]}}