{"id":148,"date":"2024-02-26T22:03:59","date_gmt":"2024-02-26T21:03:59","guid":{"rendered":"https:\/\/people.unil.ch\/mathiashumbert\/?page_id=148"},"modified":"2025-11-19T14:12:19","modified_gmt":"2025-11-19T13:12:19","slug":"talks","status":"publish","type":"page","link":"https:\/\/people.unil.ch\/mathiashumbert\/talks\/","title":{"rendered":"Talks"},"content":{"rendered":"\n<div style=\"height:26px\" aria-hidden=\"true\" class=\"wp-block-spacer\"><\/div>\n\n\n\n<p><strong>Quand l&#8217;IA est-elle utile \u00e0 votre entreprise\/organisation ?, <\/strong><em><em>Demi-journ\u00e9e droit et \u00e9conomie num\u00e9rique<\/em><\/em>, CEDIDAC, Lausanne, September 2025<\/p>\n\n\n\n<p><strong>Traqueurs d&#8217;activit\u00e9 et vie priv\u00e9e : quels risques, quelles solutions ?, <\/strong><em>Journ\u00e9e de la protection des donn\u00e9es<\/em><strong>,<\/strong> Lausanne, January 2024<\/p>\n\n\n\n<p><strong>Machine Learning for Privacy, Privacy for Machine Learning, <\/strong><em>CUSO doctoral seminar<strong>,<\/strong> Neuch\u00e2tel<\/em>, December 2021<\/p>\n\n\n\n<p><strong>Machine Learning for Privacy, Privacy for Machine Learning, <\/strong><em>University of Bern<\/em>, November 2021<\/p>\n\n\n\n<p><strong>Machine Learning for Intrusion Detection Systems: Challenges and Opportunities, <\/strong><em>ZISC Seminar, ETH Zurich<\/em>, April 2021<\/p>\n\n\n\n<p><strong>Analyzing Cybersecurity Risks with and in Machine Learning<\/strong>, <em>ZISC Seminar, ETH Zurich<\/em>, April 2021<\/p>\n\n\n\n<p><strong>Enhancing Privacy in Machine Learning<\/strong>, <em>AI and Security Day, CNRS\/INSA, Toulouse (France)<\/em>, January 2020<\/p>\n\n\n\n<p><strong>Introduction to the CYD Campus and Privacy, CAS on Data Science and Management<\/strong>, <em>University of Lausanne (Executive Education)<\/em>, November 2019<\/p>\n\n\n\n<p><strong>Introduction to Data Privacy<\/strong>, <em>CAS on Data Science and Management, University of Lausanne (Executive Education)<\/em>, February 2019<\/p>\n\n\n\n<p><strong>Towards Privacy-Preserving Data Science for Personalized Health<\/strong>, <em>CADMOS Day, Biotech Campus, Geneva (Switzerland)<\/em>, November 2018<\/p>\n\n\n\n<p><strong>Data Science and Privacy for Personalized Health<\/strong>, <em>Seminar on Digital Health, IUMSP (CHUV), Lausanne (Switzerland)<\/em>, November 2018<\/p>\n\n\n\n<p><strong>Anonymizing Genetic Data: Are We There Yet?<\/strong>, <em>Future Medicine, Berlin (Germany)<\/em>, November 2018<\/p>\n\n\n\n<p><strong>The Swiss Data Science Center: Its Role and Approach to Data Protection<\/strong>, <em>Seminar on Data Science, CHUV, Lausanne (Switzerland)<\/em>, May 2018<\/p>\n\n\n\n<p><strong>Biomedical Data Privacy: Risks and Protection Mechanisms<\/strong>, <em>TechnoArk Conference on the Quantified Self, Sierre (Switzerland)<\/em>, January 2018<\/p>\n\n\n\n<p><strong>Inferring Social Links from Mobility Profiles<\/strong>, <em>University of Lausanne (Switzerland)<\/em>, November 2017<\/p>\n\n\n\n<p><strong>Reconciling Data Science with Privacy: The Case of Biomedical Data<\/strong>, <em>Swiss Data Science Center, Lausanne (Switzerland)<\/em>, December 2016<\/p>\n\n\n\n<p><a href=\"\/\/\/home\/boukha\/Downloads\/presentations\/UniLuxembourg.key\"><strong>New Challenges in Health Data Privacy: The Case of MicroRNA Expressio<em>n<\/em><\/strong><\/a>, <em>University of Luxembourg<\/em>, November 2016<\/p>\n\n\n\n<p><a href=\"\/\/\/home\/boukha\/Downloads\/presentations\/CCS16.key\"><strong>Membership Privacy in MicroRNA-based Studies<\/strong><\/a>, <em>CCS, Vienna (Austria)<\/em>, October 2016<\/p>\n\n\n\n<p><a href=\"\/\/\/home\/boukha\/Downloads\/presentations\/suri16.pdf\" target=\"_blank\" rel=\"noreferrer noopener\"><strong>Privacy in Epigenetics: Temporal Linkability of MicroRNA Expression Profiles<\/strong><\/a>, <em>Summer Research Institute, EPFL (Switzerland)<\/em>, June 2016<\/p>\n\n\n\n<p><strong>Tracking Personal MicroRNA Expression Profiles over Time<\/strong>, <em>EuroS&amp;P, Saarbr\u00fccken (Germany)<\/em>, March 2016<\/p>\n\n\n\n<p><a href=\"\/\/\/home\/boukha\/Downloads\/presentations\/genomic_privacy2.pptx\"><strong>Inference and De-anonymization Attacks against Genomic Privacy<\/strong><\/a>, <em>ETH Z\u00fcrich (Switzerland)<\/em>, October 2015<\/p>\n\n\n\n<p><strong>De-anonymizing Genomic Databases using Phenotypic Traits<\/strong>, <em>PETS, Philadelphia (USA)<\/em>, June 2015<\/p>\n\n\n\n<p><strong>Genomic Privacy : De-anonymization, Inference and Strategies<\/strong>, <em>MPI-SWS\/Saarland University, Saarbr\u00fccken (Germany)<\/em>, June 2015<\/p>\n\n\n\n<p><strong>Genomic Privacy : De-anonymization, Inference and Strategies<\/strong>, <em>CNRS-LAAS, Toulouse (France)<\/em>, June 2015<\/p>\n\n\n\n<p><strong>On Non-cooperative Genomic Privacy<\/strong>, <em>Financial Crypto, San Jose (Porto Rico)<\/em>, January 2015<\/p>\n\n\n\n<p><strong>Interdependent Privacy in the Social and Biological Realms<\/strong>, <em>Cornell Tech, New York City (USA)<\/em>, November 2014<\/p>\n","protected":false},"excerpt":{"rendered":"<p>Quand l&#8217;IA est-elle utile \u00e0 votre entreprise\/organisation ?, Demi-journ\u00e9e droit et \u00e9conomie num\u00e9rique, CEDIDAC, Lausanne, September 2025 Traqueurs d&#8217;activit\u00e9 et vie priv\u00e9e : quels risques, quelles solutions ?,&hellip;<\/p>\n","protected":false},"author":1001164,"featured_media":0,"parent":0,"menu_order":0,"comment_status":"closed","ping_status":"closed","template":"template-full-width.php","meta":{"_seopress_robots_primary_cat":"","_seopress_titles_title":"","_seopress_titles_desc":"","_seopress_robots_index":"","footnotes":""},"class_list":["post-148","page","type-page","status-publish","has-post-thumbnail"],"_links":{"self":[{"href":"https:\/\/people.unil.ch\/mathiashumbert\/wp-json\/wp\/v2\/pages\/148","targetHints":{"allow":["GET"]}}],"collection":[{"href":"https:\/\/people.unil.ch\/mathiashumbert\/wp-json\/wp\/v2\/pages"}],"about":[{"href":"https:\/\/people.unil.ch\/mathiashumbert\/wp-json\/wp\/v2\/types\/page"}],"author":[{"embeddable":true,"href":"https:\/\/people.unil.ch\/mathiashumbert\/wp-json\/wp\/v2\/users\/1001164"}],"replies":[{"embeddable":true,"href":"https:\/\/people.unil.ch\/mathiashumbert\/wp-json\/wp\/v2\/comments?post=148"}],"version-history":[{"count":2,"href":"https:\/\/people.unil.ch\/mathiashumbert\/wp-json\/wp\/v2\/pages\/148\/revisions"}],"predecessor-version":[{"id":612,"href":"https:\/\/people.unil.ch\/mathiashumbert\/wp-json\/wp\/v2\/pages\/148\/revisions\/612"}],"wp:attachment":[{"href":"https:\/\/people.unil.ch\/mathiashumbert\/wp-json\/wp\/v2\/media?parent=148"}],"curies":[{"name":"wp","href":"https:\/\/api.w.org\/{rel}","templated":true}]}}