{"id":149,"date":"2024-02-26T22:04:00","date_gmt":"2024-02-26T21:04:00","guid":{"rendered":"https:\/\/people.unil.ch\/mathiashumbert\/?page_id=149"},"modified":"2024-02-29T13:21:55","modified_gmt":"2024-02-29T12:21:55","slug":"press-coverage","status":"publish","type":"page","link":"https:\/\/people.unil.ch\/mathiashumbert\/press-coverage\/","title":{"rendered":"Press Coverage"},"content":{"rendered":"\n<div style=\"height:47px\" aria-hidden=\"true\" class=\"wp-block-spacer\"><\/div>\n\n\n\n<p><strong>La T\u00e9l\u00e9<\/strong>, <a target=\"_blank\" href=\"https:\/\/latele.ch\/emissions\/radar-vaudois\/radar-vaudois-s-2022-e-104?t=358\" rel=\"noreferrer noopener\">Quand nos claviers nous mettent \u00e0 nu<\/a>, May 31, 2022.<\/p>\n\n\n\n<p><strong>Le Temps<\/strong>, <a target=\"_blank\" href=\"https:\/\/www.letemps.ch\/economie\/lespionnage-nos-claviers-revele-un-chercheur-lausannois\" rel=\"noreferrer noopener\">L\u2019espionnage de nos claviers r\u00e9v\u00e9l\u00e9 par un chercheur lausannois<\/a>, May 16, 2022.<\/p>\n\n\n\n<p><strong>Fortune<\/strong>, <a target=\"_blank\" href=\"https:\/\/fortune.com\/2022\/05\/12\/meta-tiktok-usa-today-fox-news-websites-swiping-data-before-you-click-submit-study\/\" rel=\"noreferrer noopener\">Meta, TikTok and thousands of major websites are found swiping data you enter on forms\u2014even if you don\u2019t hit submit<\/a>, May 12, 2022.<\/p>\n\n\n\n<p><strong>Le Monde<\/strong>, <a target=\"_blank\" href=\"https:\/\/www.lemonde.fr\/pixels\/article\/2022\/05\/12\/des-milliers-de-sites-internet-enregistrent-les-donnees-des-formulaires-avant-meme-que-le-bouton-envoyer-ait-ete-utilise_6125863_4408996.html\" rel=\"noreferrer noopener\">Des milliers de sites Internet enregistrent les donn\u00e9es des formulaires, avant m\u00eame que le bouton \u00ab envoyer \u00bb ait \u00e9t\u00e9 utilis\u00e9<\/a>, May 12, 2022.<\/p>\n\n\n\n<p><strong>Wired<\/strong>, <a target=\"_blank\" href=\"https:\/\/www.wired.com\/story\/leaky-forms-keyloggers-meta-tiktok-pixel-study\/\" rel=\"noreferrer noopener\">Thousands of Popular Websites See What You Type\u2014Before You Hit Submit<\/a>, May 11, 2022.<\/p>\n\n\n\n<p><strong>Temps Pr\u00e9sent (Swiss TV)<\/strong>, <a target=\"_blank\" href=\"https:\/\/www.youtube.com\/watch?v=Ni1UBeU6Qao\" rel=\"noreferrer noopener\">ADN, r\u00e9fl\u00e9chissez avant de cracher<\/a>, June 27, 2019.<\/p>\n\n\n\n<p><strong>Undark Magazine<\/strong>, <a target=\"_blank\" href=\"https:\/\/undark.org\/article\/dna-ancestry-sharing-privacy-23andme\/\" rel=\"noreferrer noopener\">The Promise and Perils of Sharing DNA<\/a>, September 13, 2016.<\/p>\n\n\n\n<p><strong>L&#8217;Humanit\u00e9<\/strong>, <a target=\"_blank\" href=\"https:\/\/www.humanite.fr\/suivi-medical-protection-des-donnees-quels-benefices-quels-dangers-606208\" rel=\"noreferrer noopener\">Suivi m\u00e9dical, protection des donn\u00e9es : quels b\u00e9n\u00e9fices, quels dangers ?<\/a>, May 3, 2016.<\/p>\n","protected":false},"excerpt":{"rendered":"<p>La T\u00e9l\u00e9, Quand nos claviers nous mettent \u00e0 nu, May 31, 2022. Le Temps, L\u2019espionnage de nos claviers r\u00e9v\u00e9l\u00e9 par un chercheur lausannois, May 16, 2022. Fortune, Meta,&hellip;<\/p>\n","protected":false},"author":1001164,"featured_media":0,"parent":0,"menu_order":0,"comment_status":"closed","ping_status":"closed","template":"template-full-width.php","meta":{"_seopress_robots_primary_cat":"","_seopress_titles_title":"","_seopress_titles_desc":"","_seopress_robots_index":"","footnotes":""},"class_list":["post-149","page","type-page","status-publish","has-post-thumbnail"],"_links":{"self":[{"href":"https:\/\/people.unil.ch\/mathiashumbert\/wp-json\/wp\/v2\/pages\/149","targetHints":{"allow":["GET"]}}],"collection":[{"href":"https:\/\/people.unil.ch\/mathiashumbert\/wp-json\/wp\/v2\/pages"}],"about":[{"href":"https:\/\/people.unil.ch\/mathiashumbert\/wp-json\/wp\/v2\/types\/page"}],"author":[{"embeddable":true,"href":"https:\/\/people.unil.ch\/mathiashumbert\/wp-json\/wp\/v2\/users\/1001164"}],"replies":[{"embeddable":true,"href":"https:\/\/people.unil.ch\/mathiashumbert\/wp-json\/wp\/v2\/comments?post=149"}],"version-history":[{"count":0,"href":"https:\/\/people.unil.ch\/mathiashumbert\/wp-json\/wp\/v2\/pages\/149\/revisions"}],"wp:attachment":[{"href":"https:\/\/people.unil.ch\/mathiashumbert\/wp-json\/wp\/v2\/media?parent=149"}],"curies":[{"name":"wp","href":"https:\/\/api.w.org\/{rel}","templated":true}]}}