{"id":82,"date":"2024-02-20T19:13:23","date_gmt":"2024-02-20T18:13:23","guid":{"rendered":"https:\/\/people.unil.ch\/mathiashumbert\/?page_id=82"},"modified":"2025-10-29T00:41:39","modified_gmt":"2025-10-28T23:41:39","slug":"introduction-aux-reseaux","status":"publish","type":"page","link":"https:\/\/people.unil.ch\/mathiashumbert\/introduction-aux-reseaux\/","title":{"rendered":"Introduction aux R\u00e9seaux"},"content":{"rendered":"\n<h2 class=\"wp-block-heading\"><\/h2>\n\n\n\n<h3 class=\"wp-block-heading\">Bachelor \u2013 Semestre d&#8217;Automne<\/h3>\n\n\n\n<h2 class=\"wp-block-heading\"><\/h2>\n\n\n\n<h3 class=\"wp-block-heading\">Objectif<\/h3>\n\n\n\n<p>Ce cours est une introduction aux divers aspects des r\u00e9seaux en g\u00e9n\u00e9ral, et des r\u00e9seaux informatiques en particulier. Le cours couvrira donc aussi bien les technologies r\u00e9seaux sous-jacentes \u00e0 Internet que les aspects plus abstraits des r\u00e9seaux (graphes). A la fin du semestre, les \u00e9tudiants seront capables de comprendre les concepts principaux li\u00e9s aux r\u00e9seaux et \u00e0 Internet. Ils seront de plus capables de comprendre et d&#8217;analyser l&#8217;architecture, les protocoles et les algorithmes li\u00e9s aux r\u00e9seaux informatiques. Ils seront finalement capables de mod\u00e9liser les r\u00e9seaux sous forme math\u00e9matique, de mesurer leurs propri\u00e9t\u00e9s et d&#8217;utiliser leurs algorithmes principaux.<\/p>\n\n\n\n<h3 class=\"wp-block-heading\">Contenu<\/h3>\n\n\n\n<p>Le cours couvrira les sujets suivants :<\/p>\n\n\n\n<ul class=\"wp-block-list\">\n<li>Origines, gouvernance et architecture d&#8217;Internet<\/li>\n\n\n\n<li>Protocoles applicatifs (Web, e-mail, DNS, streaming, &#8230;)<\/li>\n\n\n\n<li>Transport de donn\u00e9es (TCP, UDP)<\/li>\n\n\n\n<li>Adressage et routage (protocoles IP, BGP, OSPF, &#8230;)<\/li>\n\n\n\n<li>S\u00e9curit\u00e9 des r\u00e9seaux et surveillance num\u00e9rique<\/li>\n\n\n\n<li>Mod\u00e8les, propri\u00e9t\u00e9s et algorithmes de r\u00e9seaux<\/li>\n\n\n\n<li>Analyse des r\u00e9seaux et cas d&#8217;application (r\u00e9seaux sociaux, recherche dans les r\u00e9seaux, &#8230;)<\/li>\n<\/ul>\n\n\n\n<h3 class=\"wp-block-heading\">Liens Additionnels<\/h3>\n\n\n\n<p><a href=\"https:\/\/applicationspub.unil.ch\/interpub\/noauth\/php\/Ud\/ficheCours.php?v_enstyid=90188&amp;v_ueid=173&amp;v_etapeid1=35252&amp;v_langue=fr&amp;v_isinterne=\" target=\"_blank\" rel=\"noreferrer noopener\">Fiche de cours<\/a><\/p>\n","protected":false},"excerpt":{"rendered":"<p>Bachelor \u2013 Semestre d&#8217;Automne Objectif Ce cours est une introduction aux divers aspects des r\u00e9seaux en g\u00e9n\u00e9ral, et des r\u00e9seaux informatiques en particulier. Le cours couvrira donc aussi&hellip;<\/p>\n","protected":false},"author":1001164,"featured_media":0,"parent":0,"menu_order":0,"comment_status":"closed","ping_status":"closed","template":"template-full-width.php","meta":{"_seopress_robots_primary_cat":"","_seopress_titles_title":"","_seopress_titles_desc":"","_seopress_robots_index":"","footnotes":""},"class_list":["post-82","page","type-page","status-publish","has-post-thumbnail"],"_links":{"self":[{"href":"https:\/\/people.unil.ch\/mathiashumbert\/wp-json\/wp\/v2\/pages\/82","targetHints":{"allow":["GET"]}}],"collection":[{"href":"https:\/\/people.unil.ch\/mathiashumbert\/wp-json\/wp\/v2\/pages"}],"about":[{"href":"https:\/\/people.unil.ch\/mathiashumbert\/wp-json\/wp\/v2\/types\/page"}],"author":[{"embeddable":true,"href":"https:\/\/people.unil.ch\/mathiashumbert\/wp-json\/wp\/v2\/users\/1001164"}],"replies":[{"embeddable":true,"href":"https:\/\/people.unil.ch\/mathiashumbert\/wp-json\/wp\/v2\/comments?post=82"}],"version-history":[{"count":1,"href":"https:\/\/people.unil.ch\/mathiashumbert\/wp-json\/wp\/v2\/pages\/82\/revisions"}],"predecessor-version":[{"id":603,"href":"https:\/\/people.unil.ch\/mathiashumbert\/wp-json\/wp\/v2\/pages\/82\/revisions\/603"}],"wp:attachment":[{"href":"https:\/\/people.unil.ch\/mathiashumbert\/wp-json\/wp\/v2\/media?parent=82"}],"curies":[{"name":"wp","href":"https:\/\/api.w.org\/{rel}","templated":true}]}}