{"id":23,"date":"2020-02-06T10:00:27","date_gmt":"2020-02-06T09:00:27","guid":{"rendered":"http:\/\/people.unil.ch\/mathiasthoenig\/?page_id=23"},"modified":"2026-04-14T16:50:19","modified_gmt":"2026-04-14T14:50:19","slug":"publications","status":"publish","type":"page","link":"https:\/\/people.unil.ch\/mathiasthoenig\/publications\/","title":{"rendered":"Research"},"content":{"rendered":"<p><strong><span style=\"color: #888888\">Recent Working Papers<\/span><\/strong><\/p>\n<p>Mayer T, M\u00e9jean I. &amp; Thoenig M., 2025, &#8220;The Fragmentation Paradox: De-risking Trade and Global Safety&#8221;, CEPR Working Paper 20564, latest version (november 2025) <a href=\"https:\/\/people.unil.ch\/mathiasthoenig\/files\/2026\/01\/mmt_2025.pdf\">here<\/a> with online Appendix <a href=\"https:\/\/people.unil.ch\/mathiasthoenig\/files\/2026\/01\/mmt_2025_separated_appendix.pdf\">here<\/a>.<\/p>\n<p>Bonadio B., Levchenko A., Rohner D. &amp; Thoenig M., 2024, &#8220;Feeding the Tigers: Remittances and Conflict in Sri Lanka&#8221;, NBER Working Paper 33062. Latest version (January 2026) <a href=\"https:\/\/people.unil.ch\/mathiasthoenig\/files\/2026\/01\/blrt_january_2026.pdf\">here<\/a>.<\/p>\n<p>Colella F, Lalive R., Sakalli S. &amp; Thoenig M., 2019, &#8220;Inference with Arbitrary Clustering&#8221;, IZA Working Paper 12584. Latest version <a href=\"https:\/\/people.unil.ch\/mathiasthoenig\/files\/2020\/04\/CLST_Feb_2020.pdf\">here<\/a>.<\/p>\n<p>Couttenier M., Marcoux J., Mayer T. &amp; Thoenig M., 2022, &#8220;The Gravity of Violence&#8221;, CEPR Working Paper 19527, latest version (<a href=\"https:\/\/people.unil.ch\/mathiasthoenig\/files\/2024\/09\/Master_GoV.pdf\">here<\/a>) and Online Appendix (<a href=\"https:\/\/people.unil.ch\/mathiasthoenig\/files\/2024\/09\/Master_GoV_OA.pdf\">here<\/a>). R&amp;R <strong><em>Journal of Political Economy<\/em><\/strong>.<\/p>\n<p><span style=\"color: #888888\"><strong>Publications<\/strong><\/span><strong>\u00a0<\/strong><\/p>\n<p>Mayer T, M\u00e9jean I. &amp; Thoenig M., 2026, &#8220;Can sanctions deter wars? The Russia-Ukraine Case&#8221;, CEPR Working Paper 21007. Forthcoming <strong><i>American Economic Review<\/i><\/strong>, Papers &amp; Proceedings, <a href=\"https:\/\/people.unil.ch\/mathiasthoenig\/files\/2026\/01\/dp21007.pdf\">here<\/a>.<\/p>\n<p>Eberle\u00a0 U. J., Rohner D. &amp; Thoenig M., <a href=\"https:\/\/people.unil.ch\/mathiasthoenig\/files\/2023\/09\/ERT_17July2023.pdf\">&#8220;Heat and Hate: Climate Security and Farmer-Herder Conflicts in Africa&#8221;<\/a>, <strong><em>Review of Economics and Statistics<\/em><\/strong>, 2025.<\/p>\n<p>Thoenig M., &#8220;<a href=\"https:\/\/people.unil.ch\/mathiasthoenig\/files\/2024\/10\/HB_MT.pdf\">Trade policy in the shadow of war: A quantitative toolkit for geoeconomics<\/a>&#8220;, chapter 8 in O. Dube, M. Morelli, D. Ray (eds), vol.1 of the\u00a0 <strong><em>Handbook of the Economics of Conflict<\/em><\/strong>, North-Holland, 2024, 325-380.<\/p>\n<p>Laurent-Lucchetti J., Rohner D. &amp; Thoenig M.,\u00a0 &#8220;<a href=\"https:\/\/people.unil.ch\/mathiasthoenig\/files\/2020\/02\/LRT_23nov2019_CEPR.pdf\">Ethnic Conflicts and the Informational Dividend of Democracy<\/a>&#8220;, <strong><em>Journal of European Economic Association<\/em><\/strong>, 2024, 22 (1), 73-116.<\/p>\n<p>Couttenier M., Hatte S., Thoenig M. &amp; S. Vlachos, &#8220;<a href=\"https:\/\/people.unil.ch\/mathiasthoenig\/files\/2021\/10\/manuscript.pdf\">The Logic of Fear: Populism and Media Coverage of Immigrant Crimes<\/a>&#8220;, (longer version as <em><a href=\"https:\/\/people.unil.ch\/mathiasthoenig\/files\/2020\/02\/CEPR-DP13496.pdf\">CEPR Working Paper 13496).<\/a><\/em> <strong><em>Review of Economics and Statistics<\/em><\/strong>. 2024, 106(2): 576-585.<\/p>\n<p>Buggle J., Mayer T., Sakalli S. &amp; Thoenig M., &#8220;The Refugee&#8217;s Dilemma:\u00a0 Evidence from Jewish Migration out of Nazi Germany&#8221;.<strong><em> Quarterly Journal of Economics<\/em><\/strong>, 2023, 138 (2), 1273-1345.<\/p>\n<p>Esposito E., Rotesi T., Saia A. &amp; Thoenig M., &#8220;Reconciliation Narratives: The Birth of a Nation after the US Civil War&#8221;, <strong><em>American Economic Review<\/em><\/strong>, 2023<em>, <\/em>113(6), 1461-1504.<\/p>\n<p>Colella F, Lalive R., Sakalli S. &amp; Thoenig M., &#8220;<a href=\"https:\/\/people.unil.ch\/mathiasthoenig\/files\/2023\/04\/stata_journal.pdf\">acreg: Arbitrary correlation regression<\/a>&#8220;. <strong>The Stata Journal<\/strong>, 2023, 1: 119-147<\/p>\n<p><span style=\"font-size: revert\">Algan Y., Malgouyres C., Mayer T., &amp; Thoenig M., \u201c<\/span><a style=\"font-size: revert\" href=\"https:\/\/people.unil.ch\/mathiasthoenig\/files\/2022\/03\/EJ_2022.pdf\">The Economic Incentives of Cultural Transmission: Spatial Evidence from Naming Patterns across France<\/a><span style=\"font-size: revert\">\u201d<\/span><i style=\"font-size: revert\">.\u00a0<em> <strong>Economic Journal<\/strong><\/em><\/i><span style=\"font-size: revert\">, 2022, 132, 437-470.<\/span><\/p>\n<p>Rohner D. &amp; Thoenig M., &#8220;<a href=\"https:\/\/people.unil.ch\/mathiasthoenig\/files\/2022\/03\/annurev-economics-073120-102652.pdf\">The Elusive Peace Dividend of Development Policy: From War Traps to Macro-Complementarities<\/a>&#8220;, CEPR Working Paper 15574.<em> <strong>Annual Review of Economics<\/strong><\/em>, 2021, 13: 111-131.<\/p>\n<p>Bonardi J.P, Bris A., Br\u00fclhart M., Danthine J.P., Jondeau E., Rohner D. &amp; Thoenig M., &#8221; <a href=\"https:\/\/hbr.org\/2020\/05\/the-case-for-reopening-economies-by-sector\" target=\"_blank\" rel=\"nofollow noopener noreferrer\">The Case for Reopening Economies by Sector<\/a>&#8221; <strong><em>Harvard Businesss Review<\/em><\/strong>, 19 May 2020.<\/p>\n<p>Couttenier M., Preotu V., Rohner D., Thoenig M., <a href=\"https:\/\/people.unil.ch\/mathiasthoenig\/files\/2020\/02\/aer.20170263.pdf\">\u201cThe violent Legacy of Victimization: Post-Conflict Evidence on Asylum Seekers, Crimes and Public Policy in Switzerland\u201d<\/a>, <em><strong>American Economic Review, <\/strong>2019, 109(12):4378-4425<strong>.<\/strong> Media coverage : AEA Research Highlights, Atlantico, RTS, Le Monde, Citoyennet\u00e9 active, La vie Economique\/Die Volkswirtschaft<br \/>\n<\/em><\/p>\n<p>Bas M., Mayer T. &amp; Thoenig M., <a href=\"https:\/\/people.unil.ch\/mathiasthoenig\/files\/2017\/12\/2017-bas-mayer-et-thoenig-micro-elasticity-demand-supply-and-heterogeneity-in-trade-elasticity.pdf\">\u201cFrom micro to macro: Demand and supply-side determinants of the trade elasticity\u201d<\/a>,<i><b> Journal of International Economics<\/b>, 2017, 108, 1-19, (Lead article)<\/i><\/p>\n<p style=\"text-align: justify\">Koenig M., Rohner D., Thoenig M. &amp; Zilibotti F., <a href=\"https:\/\/people.unil.ch\/mathiasthoenig\/files\/2017\/12\/ecta1697.pdf\">&#8220;Networks in Conflict Theory and Evidence from the Great War of Africa&#8221;<\/a>, <em><strong>Econometrica<\/strong>, 2017, 85, 1093-1132, <a href=\"https:\/\/people.unil.ch\/mathiasthoenig\/files\/2017\/12\/ECTA13117SUPP.pdf\">Online appendix<\/a>. Media Coverage : RSI Rete Due<\/em><\/p>\n<p style=\"text-align: justify\">Berman N., Couttenier M., Rohner D. &amp; Thoenig M., <a href=\"https:\/\/people.unil.ch\/mathiasthoenig\/files\/2017\/12\/aer.20150774-1.pdf\">\u201cThis Mine is mine! How Minerals Fuel Conflicts in Africa\u201d<\/a>.\u00a0 <em><strong>American Economic Review<\/strong>, 2017, 107, 1564-1610. <a href=\"https:\/\/people.unil.ch\/mathiasthoenig\/files\/2017\/12\/BCRT_Online_appendix.pdf\">online appendix <\/a> Media coverage: The Economist, AEA Research Highlights, Sverige Radio, SWR2, NZZ, Africa Times, Finanz und Wirtschaft, Le Monde, Monthly Review, FranceTV Info<\/em><\/p>\n<p style=\"text-align: justify\">Cacault M. P., Goette L., Lalive R., Thoenig M., 2015, <a href=\"https:\/\/people.unil.ch\/mathiasthoenig\/files\/2015\/01\/fpsyg-06-00729.pdf\">\u201cDo We Harm Others Even if We Don\u2019t Need To?\u201d<\/a>, <em><strong>Frontiers in Psychology, section Evolutionary Psychology and Neuroscience<\/strong>,<\/em> 6(729)<\/p>\n<p style=\"text-align: justify\">Head K., Mayer T. &amp; Thoenig M., 2014, &#8220;<a href=\"https:\/\/people.unil.ch\/mathiasthoenig\/files\/2013\/11\/nopareto_welfare_AERPP_pub.pdf\">Welfare and Trade without Pareto<\/a>&#8220;, <strong><i>American Economic Review<\/i><\/strong>, Papers &amp; Proceedings, 104(5), 310-316. (<a href=\"https:\/\/people.unil.ch\/mathiasthoenig\/files\/2013\/11\/nopareto_online_appendix.pdf\">Online Appendix<\/a>)<\/p>\n<p style=\"text-align: justify\">Maystre A., Olivier J., Thoenig M. &amp; Verdier T., 2014, &#8220;<a href=\"https:\/\/people.unil.ch\/mathiasthoenig\/files\/2013\/11\/MOTV_JIE_Version.pdf\">Product-based cultural change: is the village global ?<\/a>&#8220;, <i><strong>Journal of International Economics<\/strong>, <\/i>92(2), 212-230 (Lead Article).<\/p>\n<p style=\"text-align: justify\">Rohner D., Thoenig M. &amp; Zilibotti F., 2013, &#8220;<a href=\"https:\/\/people.unil.ch\/mathiasthoenig\/files\/2013\/11\/Review-of-Economic-Studies-2013-Rohner-1114-47.pdf\">War Signals: A Theory of Trade, Trust and Conflict<\/a>&#8220;, <i><strong>Review of Economic Studies<\/strong>,<\/i> 80(3), 1114-1147. (<a href=\"https:\/\/people.unil.ch\/mathiasthoenig\/files\/2013\/11\/RTZ_webpage_appendix.pdf\">Online appendix<\/a>)<\/p>\n<p style=\"text-align: justify\">Rohner D., Thoenig M. &amp; Zilibotti F., 2013, &#8220;<a href=\"https:\/\/people.unil.ch\/mathiasthoenig\/files\/2013\/11\/JOEG_OFFPRINT_10.1007_s10887-013-9093-1.pdf\">Seeds of distrust: conflict in Uganda<\/a>&#8220;, <strong><i>Journal of Economic Growth<\/i><\/strong>, <i>18<\/i>(3), 217-252.<\/p>\n<p style=\"text-align: justify\">Martin P., Mayer T. &amp; Thoenig M. (2012), &#8220;<a href=\"https:\/\/people.unil.ch\/mathiasthoenig\/files\/2013\/11\/MMT2012AEJ.pdf\">The Geography of Conflicts and Regional Trade Agreements<\/a>&#8220;, <strong><i>American Economic Journal: Macroeconomics<\/i><\/strong>, <i>4<\/i>(4), 1-35 (Lead Article).<\/p>\n<p style=\"text-align: justify\">Thesmar D. &amp; Thoenig M., 2011, &#8220;<a href=\"https:\/\/people.unil.ch\/mathiasthoenig\/files\/2013\/11\/AEJ_TT.pdf\">Contrasting Trends in Firm Volatility<\/a>&#8220;, <strong><i>American Economic Journal: Macroeconomics<\/i><\/strong>, <i>3<\/i>(4), 143-180. (Online Appendix)<\/p>\n<p style=\"text-align: justify\">Thoenig M. &amp; Verdier T., 2010, &#8220;<a href=\"https:\/\/people.unil.ch\/mathiasthoenig\/files\/2013\/11\/TV_KM_published_version.pdf\">A macroeconomic perspective on knowledge management<\/a>&#8220;, <strong><i>Journal of Economic Growth<\/i><\/strong>, <i>15<\/i>(1), 33-63.<\/p>\n<p style=\"text-align: justify\">Levchenko A., Ranci\u00e8re R. &amp; Thoenig M., 2009, &#8220;<a href=\"https:\/\/people.unil.ch\/mathiasthoenig\/files\/2013\/11\/LRT_JDE.pdf\">Growth and Risk at the Industry-level: The Real Effects of Financial Liberalization<\/a>&#8220;, <strong><i>Journal of Development Economics<\/i><\/strong>, <i>89<\/i>(2), 210-222.<\/p>\n<p style=\"text-align: justify\">Landier A., Thesmar D. &amp; Thoenig M., 2008, &#8220;<a href=\"https:\/\/people.unil.ch\/mathiasthoenig\/files\/2013\/11\/LTT_EconomicPolicy.pdf\">Investigating the Origins of Capitalism-Aversion<\/a>&#8220;,<strong> <i>Economic Policy<\/i><\/strong>, Issue 55 (July).<i><br \/>\n<\/i><br \/>\nMartin P., Mayer T. &amp; Thoenig M., 2008, &#8220;<a href=\"https:\/\/people.unil.ch\/mathiasthoenig\/files\/2013\/11\/MMT_REStud.pdf\">Make Trade not War?<\/a>&#8220;, <strong><i>Review of Economic Studies<\/i><\/strong>, <i>75<\/i>(3).<\/p>\n<p style=\"text-align: justify\">Martin P., Mayer T. &amp; Thoenig M., 2008, &#8220;<a href=\"https:\/\/people.unil.ch\/mathiasthoenig\/files\/2013\/11\/MMT_JEEA-1.pdf\">Civil Wars and International Trade<\/a>&#8220;, <strong><i>Journal of the European Economic Association<\/i><\/strong>, <i>6<\/i>(2-3), 541-550.<\/p>\n<p style=\"text-align: justify\">Olivier J., Thoenig M. &amp; Verdier T., 2008, &#8220;<a href=\"https:\/\/people.unil.ch\/mathiasthoenig\/files\/2013\/11\/JIE_OTV_2008.pdf\">Globalization and the Dynamics of Cultural Identity<\/a>&#8220;, <strong><i>Journal of International Economics<\/i><\/strong>, <i>76<\/i>, 356-370.<\/p>\n<p style=\"text-align: justify\">Thesmar D. &amp; Thoenig M., 2007,\u00a0 &#8220;<a href=\"https:\/\/people.unil.ch\/mathiasthoenig\/files\/2013\/11\/JEEA-Thesmar-Thoenig.pdf\">From Flexibility to Insecurity: How Outsourcing Amplifies Firm Level Uncertainty<\/a>&#8221; <strong><i>Journal of the European Economic Association<\/i><\/strong>, <i>5<\/i>(6), 1161-1202.<\/p>\n<p style=\"text-align: justify\">Askenazy P., Thesmar D. &amp; Thoenig M., 2006, &#8220;<a href=\"https:\/\/people.unil.ch\/mathiasthoenig\/files\/2013\/11\/ATT-EconomicJournal.pdf\">On the Relation between organizational practices and new technologies: the role of time based Competition<\/a>&#8220;, <strong><i>Economic Journal<\/i><\/strong>, 116 (January), 128-154.<\/p>\n<p style=\"text-align: justify\">Thoenig M. &amp; Verdier T., 2003, &#8220;<a href=\"https:\/\/people.unil.ch\/mathiasthoenig\/files\/2013\/11\/AERThoenigVerdier.pdf\">A Theory of Defensive Skill-Biased Innovation and Globalization<\/a>&#8220;, <strong><i>American Economic Review<\/i><\/strong>, <i>93<\/i>(3), 709-728.<\/p>\n<p style=\"text-align: justify\">Thesmar D. &amp; Thoenig M., 2000, &#8220;<a href=\"https:\/\/people.unil.ch\/mathiasthoenig\/files\/2013\/11\/qjethesmarthoenig.pdf\">Creative Destruction and Firm Organization Choice<\/a>&#8220;, <strong><i>Quarterly Journal of Economics<\/i><\/strong>, <i>115<\/i>(4), 1201-1239.<\/p>\n<p><strong style=\"text-align: justify\"><span style=\"color: #808080\">Research Articles in French<\/span><br \/>\n<\/strong><\/p>\n<p>Maurin E., Thesmar D. &amp; Thoenig M., 2003, &#8220;Mondialisation des \u00e9changes et emploi: le r\u00f4le des exportations&#8221;, <strong><i>Economie et Statistiques<\/i><\/strong>, 33-44.<\/p>\n<p>Thoenig M. &amp; Verdier T., 2003, &#8220;Une th\u00e9orie de l&#8217;innovation d\u00e9fensive bias\u00e9e vers le travail qualifi\u00e9&#8221;, <strong><i>Economie et Statistiques<\/i><\/strong>, 19-32.<\/p>\n<p>Thesmar D. &amp; Thoenig M., 1999, &#8220;Choix d&#8217;organisation dans un environnement instable: une analyse macro\u00e9conomique&#8221;, <strong><i>Revue Economique<\/i><\/strong>, <i>50<\/i>(3), 393-403.<\/p>\n<p><span style=\"color: #808080\"><strong>Books<\/strong><\/span><\/p>\n<p style=\"text-align: justify\">Martin P., Mayer T. &amp; Thoenig M., 2006, <i>La mondialisation est-elle un facteur de paix?<\/i>, Editions de la Rue d&#8217;Ulm.<\/p>\n<p style=\"text-align: justify\">Thoenig M. &amp; Verdier T., 2006, The impact of Rules of Origins on Strategic Outsourcing: an IO perspective. In Cadot O., Estevadeordal A., Suwa A. &amp; Verdier T. (Eds.), <i>The Origin of Goods,<\/i> Oxford University Press.<\/p>\n<p><span style=\"color: #808080\"><strong>Unpublished Working Papers<\/strong><\/span><\/p>\n<p>Maurin E., Thesmar D. &amp; Thoenig M., 2002, \u201c<a href=\"https:\/\/people.unil.ch\/mathiasthoenig\/files\/2013\/11\/MTT_dp3406.pdf\">How globalization impacts the labor demand by skill? An export based channel<\/a>\u201d, <em>CEPR Working Paper 3406.<\/em><\/p>\n","protected":false},"excerpt":{"rendered":"<p>Recent Working Papers Mayer T, M\u00e9jean I. &amp; Thoenig M., 2025, &#8220;The Fragmentation Paradox: De-risking Trade and Global Safety&#8221;, CEPR Working Paper 20564, latest version (november 2025) here with online Appendix here. Bonadio B., Levchenko A., Rohner D. &amp; Thoenig M., 2024, &#8220;Feeding the Tigers: Remittances and Conflict in Sri Lanka&#8221;, NBER Working Paper 33062. &hellip; <\/p>\n<p class=\"link-more\"><a href=\"https:\/\/people.unil.ch\/mathiasthoenig\/publications\/\" class=\"more-link\">Continue reading<span class=\"screen-reader-text\"> &#8220;Research&#8221;<\/span><\/a><\/p>\n","protected":false},"author":74,"featured_media":0,"parent":0,"menu_order":1,"comment_status":"closed","ping_status":"closed","template":"","meta":{"_seopress_robots_primary_cat":"","_seopress_titles_title":"","_seopress_titles_desc":"","_seopress_robots_index":"","_seopress_analysis_target_kw":"","footnotes":""},"class_list":["post-23","page","type-page","status-publish"],"_links":{"self":[{"href":"https:\/\/people.unil.ch\/mathiasthoenig\/wp-json\/wp\/v2\/pages\/23","targetHints":{"allow":["GET"]}}],"collection":[{"href":"https:\/\/people.unil.ch\/mathiasthoenig\/wp-json\/wp\/v2\/pages"}],"about":[{"href":"https:\/\/people.unil.ch\/mathiasthoenig\/wp-json\/wp\/v2\/types\/page"}],"author":[{"embeddable":true,"href":"https:\/\/people.unil.ch\/mathiasthoenig\/wp-json\/wp\/v2\/users\/74"}],"replies":[{"embeddable":true,"href":"https:\/\/people.unil.ch\/mathiasthoenig\/wp-json\/wp\/v2\/comments?post=23"}],"version-history":[{"count":5,"href":"https:\/\/people.unil.ch\/mathiasthoenig\/wp-json\/wp\/v2\/pages\/23\/revisions"}],"predecessor-version":[{"id":736,"href":"https:\/\/people.unil.ch\/mathiasthoenig\/wp-json\/wp\/v2\/pages\/23\/revisions\/736"}],"wp:attachment":[{"href":"https:\/\/people.unil.ch\/mathiasthoenig\/wp-json\/wp\/v2\/media?parent=23"}],"curies":[{"name":"wp","href":"https:\/\/api.w.org\/{rel}","templated":true}]}}