{"id":22,"date":"2022-06-19T10:17:18","date_gmt":"2022-06-19T08:17:18","guid":{"rendered":"https:\/\/people.unil.ch\/matthewscully\/?page_id=22"},"modified":"2026-03-25T09:07:27","modified_gmt":"2026-03-25T08:07:27","slug":"contact","status":"publish","type":"page","link":"https:\/\/people.unil.ch\/matthewscully\/contact\/","title":{"rendered":"Contact"},"content":{"rendered":"\n<p><a href=\"https:\/\/www.unil.ch\/angl\/home\/menuinst\/staff\/american-literature\/scully-matthew.html\">Faculty Page<\/a><\/p>\n\n\n\n<p>Ma\u00eetre d&rsquo;enseignement et de recherche (suppl\u00e9ant)<\/p>\n\n\n\n<p>Section d&rsquo;anglais<br>Quartier UNIL-Chamberonne<br>B\u00e2timent Anthropole&nbsp;5120<br>CH &#8211; 1015 Lausanne<br>Phone: 021&nbsp;692&nbsp;44&nbsp;86<\/p>\n\n\n\n<p>Email: matthew.scully@unil.ch<\/p>\n","protected":false},"excerpt":{"rendered":"<p>Faculty Page Ma\u00eetre d&rsquo;enseignement et de recherche (suppl\u00e9ant) Section d&rsquo;anglaisQuartier UNIL-ChamberonneB\u00e2timent Anthropole&nbsp;5120CH &#8211; 1015 LausannePhone: 021&nbsp;692&nbsp;44&nbsp;86 Email: matthew.scully@unil.ch<\/p>\n","protected":false},"author":1001132,"featured_media":0,"parent":0,"menu_order":0,"comment_status":"closed","ping_status":"closed","template":"","meta":{"_seopress_robots_primary_cat":"","_seopress_titles_title":"","_seopress_titles_desc":"","_seopress_robots_index":"","footnotes":""},"class_list":["post-22","page","type-page","status-publish","has-post-thumbnail"],"_links":{"self":[{"href":"https:\/\/people.unil.ch\/matthewscully\/wp-json\/wp\/v2\/pages\/22","targetHints":{"allow":["GET"]}}],"collection":[{"href":"https:\/\/people.unil.ch\/matthewscully\/wp-json\/wp\/v2\/pages"}],"about":[{"href":"https:\/\/people.unil.ch\/matthewscully\/wp-json\/wp\/v2\/types\/page"}],"author":[{"embeddable":true,"href":"https:\/\/people.unil.ch\/matthewscully\/wp-json\/wp\/v2\/users\/1001132"}],"replies":[{"embeddable":true,"href":"https:\/\/people.unil.ch\/matthewscully\/wp-json\/wp\/v2\/comments?post=22"}],"version-history":[{"count":1,"href":"https:\/\/people.unil.ch\/matthewscully\/wp-json\/wp\/v2\/pages\/22\/revisions"}],"predecessor-version":[{"id":172,"href":"https:\/\/people.unil.ch\/matthewscully\/wp-json\/wp\/v2\/pages\/22\/revisions\/172"}],"wp:attachment":[{"href":"https:\/\/people.unil.ch\/matthewscully\/wp-json\/wp\/v2\/media?parent=22"}],"curies":[{"name":"wp","href":"https:\/\/api.w.org\/{rel}","templated":true}]}}