{"id":43,"date":"2022-06-19T12:07:20","date_gmt":"2022-06-19T10:07:20","guid":{"rendered":"https:\/\/people.unil.ch\/matthewscully\/?page_id=43"},"modified":"2026-03-24T21:22:24","modified_gmt":"2026-03-24T20:22:24","slug":"presentations","status":"publish","type":"page","link":"https:\/\/people.unil.ch\/matthewscully\/presentations\/","title":{"rendered":"Presentations"},"content":{"rendered":"\n<p><strong>Guest Lectures and Invited Talks<\/strong><\/p>\n\n\n\n<p>2026: \u00ab\u00a0Democratic Anarchy, Utopia, and the Possibilities of Literature,\u00a0\u00bb Literature, Theater, and the Future of Democracy, L\/T: Centre d&rsquo;\u00e9tudes litt\u00e9raires et th\u00e9\u00e2trales, 19e-21e, UC Louvain, Belgium, March 13.<\/p>\n\n\n\n<p>2025: \u00ab\u00a0The Ethics of Teaching: Trigger Warnings, Cancel Culture, and Cultural Appropriation,\u00a0\u00bb Formation Continue, \u00ab\u00a0Dire\/Interdire dans la litt\u00e9rature et l&rsquo;enseignement,\u00a0\u00bb UNIL\/EPFL, November 21.<\/p>\n\n\n\n<p>2025: \u00ab\u00a0Narratives and Poetics of Desire in Contemporary North American Literature,\u00a0\u00bb Lecture for SCOPE, English Department Student Organization, University of Lausanne, October 28.<\/p>\n\n\n\n<p>2025: Guest Lecture: \u00ab\u00a0New Narratives: Ecological and Democratic Practices,\u00a0\u00bb \u00ab\u00a0Environmental Crisis and Societal Change,\u00a0\u00bb MA Course, taught by Guido Palazzo and Boris Vejdovsky, University of Lausanne\/EPFL, April 10.<\/p>\n\n\n\n<p>2024: Guest Lecture: \u00ab\u00a0Contemporary American Fiction,\u00a0\u00bb BA Course, taught by Patrick Vincent, University of Neuch\u00e2tel, April 30.<\/p>\n\n\n\n<p>2024: \u00ab\u00a0Democratic Anarchy and the Ends of Politics,\u00a0\u00bb Doctoral Workshop in Modern and Contemporary English Studies, CUSO, University of Geneva, March 6.<\/p>\n\n\n\n<p>2023: \u00ab\u00a0On Parasites: Literature and Philosophy,\u00a0\u00bb Doctoral Workshop in Modern and Contemporary English Studies, CUSO, \u00ab\u00a0Philosophy by Other Means,\u00a0\u00bb Robert B. Pippin, University of Geneva, May 15.<\/p>\n\n\n\n<p>2022: \u00ab\u00a0Edgar Allan Poe and the Invention of the Modern Short Story,\u00a0\u00bb Formation Continue, \u00ab\u00a0Less is More\u00a0\u00bb: Unpacking the Short Story as a Literary Genre, University of Lausanne\/EPFL, September 16.<\/p>\n\n\n\n<p>2022: \u201cBetween Two Emancipations: The Politics of Louise Erdrich\u2019s&nbsp;<em>The Night Watchman<\/em>,\u201d English Department Lecture Series, University of Lausanne, March 10.<\/p>\n\n\n\n<p>2020: \u201cJacques Ranci\u00e8re: Art and Emancipation,\u201d ENGL775: Live Contemporary Theorists, Graduate Course, taught by Frances Restuccia, Boston College, English Department, November 4.<\/p>\n\n\n\n<p><strong>Selected Conference Presentations<\/strong><\/p>\n\n\n\n<p>2022: \u201cRetelling a Story to Live: Figures of Emplotment in Colson Whitehead\u2019s&nbsp;<em>The Nickel Boys<\/em>,\u201d&nbsp;<em>Swiss Association for North American Studies<\/em>&nbsp;(SANAS), Fribourg, Switzerland, scheduled for November.<\/p>\n\n\n\n<p>2021: \u201cCombat Literature: Fanon and Himes,\u201d&nbsp;<em>American Studies Association&nbsp;<\/em>(ASA), Virtual Meeting, October.<\/p>\n\n\n\n<p>2021: \u201cTautology and Structure: Reading as Rereading,\u201d&nbsp;<em>American Comparative Literature Association<\/em>&nbsp;(ACLA), Virtual Meeting, April.<\/p>\n\n\n\n<p>2021: \u201cTautological Enumerations and Anagrammatical Blackness,\u201d&nbsp;<em>Modern Language Association<\/em>&nbsp;(MLA), Virtual Meeting, January.<\/p>\n\n\n\n<p>2021: \u201cDemocratic Equality: Nari Ward, Ocean Vuong, and the Politics of Aesthetics,\u201d&nbsp;<em>Modern Language Association<\/em>&nbsp;(MLA), Virtual Meeting, January.<\/p>\n\n\n\n<p>2019: \u201cDemocratic Anarchy: The Politics of Equality and the Asymmetries of Being,\u201d&nbsp;<em>American Comparative Literature Association<\/em>&nbsp;(ACLA), Washington, D.C., March.<\/p>\n\n\n\n<p>2018: \u201cRefractions of the Subject: Identity Politics and Voting,\u201d&nbsp;<em>American Studies Association<\/em>&nbsp;(ASA), Atlanta, GA, November.<\/p>\n\n\n\n<p>2017: \u201cWalter Benjamin and the Destruction of Democracy,\u201d&nbsp;<em>American Comparative Literature Association<\/em>&nbsp;(ACLA), Utrecht, Netherlands, July.<\/p>\n\n\n\n<p>2017: \u201cWilliam Gaddis, Failure, and the Crisis of Representation,\u201d&nbsp;<em>American Literature Association<\/em>&nbsp;(ALA), Boston, MA, May.<\/p>\n\n\n\n<p>2017: \u201cA Safe Harbor between the Self and Other: Community in Toni Morrison\u2019s&nbsp;<em>Sula<\/em>,\u201d&nbsp;<em>The Society for the Study of the Multi-Ethnic Literature of the United States&nbsp;<\/em>(MELUS), Massachusetts Institute of Technology, Cambridge, MA, April.<\/p>\n\n\n\n<p>2015: \u201cWalter Benjamin: Toward an Experience of the Exception,\u201d&nbsp;<em>Modernist Studies Association<\/em>&nbsp;(MSA), Boston, MA, November.<\/p>\n\n\n\n<p>2015: \u201cPlasticity at the Violet Hour:&nbsp;<em>The Waste Land&nbsp;<\/em>and the Problem of Form,\u201d&nbsp;<em>American Comparative Literature Association<\/em>&nbsp;(ACLA), University of Washington, Seattle, WA, March.<\/p>\n\n\n\n<p>2014: \u201cChester Himes, Frantz Fanon, and the Force of Blues Irony: Toward a New Humanism,\u201d&nbsp;<em>Northeast Popular Culture Association<\/em>, Providence, RI, October.<\/p>\n\n\n\n<p>2014: \u201cWallace Stevens\u2019 Infinite Finitude: Negativity as Aesthetic Experience,\u201d&nbsp;<em>Northeast Modern Language Association<\/em>&nbsp;(NeMLA), Harrisburg, PA, April.<\/p>\n\n\n\n<p>2014: \u201cHenry James\u2019 \u2018impotent spectator\u2019: Messianism in \u2018The Jolly Corner,\u2019\u201d&nbsp;<em>American Comparative Literature Association<\/em>&nbsp;(ACLA), New York University, New York, NY, March.<\/p>\n\n\n\n<p>2013: \u201cA Radical Finitude: Recognition and Temporal Experience in T. S. Eliot\u2019s \u2018Marina,\u2019\u201d&nbsp;<em>T. S. Eliot Society<\/em>, Washington University, St. Louis, MO, September.<\/p>\n\n\n\n<p>2013: \u201cRefigured Time and Space in Thomas Pynchon\u2019s&nbsp;<em>Against the Day<\/em>,\u201d&nbsp;<em>American Comparative Literature Association<\/em>&nbsp;(ACLA), University of Toronto, Toronto, Canada, April.<\/p>\n\n\n\n<p>2013: \u201c\u2018Maps and mazes\u2019:&nbsp;<em>The Road<\/em>&nbsp;and (Post-)Modern Time,\u201d&nbsp;<em>Northeast Modern Language Association&nbsp;<\/em>(NeMLA), Boston, MA, March.<\/p>\n\n\n\n<p>2012: \u201c\u2018It\u2019s a Joke\u2019:&nbsp;<em>The Recognitions&nbsp;<\/em>and the Value of Art in Post-WWII America,\u201d&nbsp;<em>American Comparative Literature Association<\/em>&nbsp;(ACLA), Brown University, Providence, RI, March.<\/p>\n\n\n\n<p>2012: \u201c\u2018What is its virtue and power\u2019: Guido Cavalcanti\u2019s Place in T. S. Eliot\u2019s Thought and Poetry,\u201d&nbsp;<em>T. S. Eliot Society<\/em>, Florence, Italy, February.<\/p>\n\n\n\n<p><strong>Conference Panels Chaired and Organized<\/strong><\/p>\n\n\n\n<p>2021: Panel Chair and Organizer, \u201cReading in Theory,\u201d&nbsp;<em>American Comparative Literature Association<\/em>&nbsp;(ACLA), Virtual Meeting, April.<\/p>\n\n\n\n<p>2019: Panel Chair and Organizer, \u201cPolitics and Ontology,\u201d&nbsp;<em>American Comparative Literature Association<\/em>&nbsp;(ACLA), Washington, D.C., March.<\/p>\n\n\n\n<p>2017: Panel Chair and Organizer, \u201cDemocracy and Liberalism in U.S. Literature and Politics,\u201d&nbsp;<em>American Literature Association<\/em>&nbsp;(ALA), Boston, MA, May.<\/p>\n\n\n\n<p>2017: Panel Chair, \u201cImmigration and Identity,\u201d&nbsp;<em>American Literature Association<\/em>&nbsp;(ALA), Boston, MA, May.<\/p>\n\n\n\n<p>2014: Panel Chair and Organizer, \u201cModernism and the (Im)Possible \u2018Time of the Now,\u2019\u201d&nbsp;<em>Northeast Modern Language Association<\/em>&nbsp;(NeMLA), Susquehanna University, Harrisburg, PA, April.<\/p>\n\n\n\n<p>2014: Panel Chair and Organizer, \u201cNew York City: Written, Erased, Rewritten,\u201d&nbsp;<em>American Comparative Literature Association<\/em>&nbsp;(ACLA), New York University, New York, NY, March.<\/p>\n","protected":false},"excerpt":{"rendered":"<p>Guest Lectures and Invited Talks 2026: \u00ab\u00a0Democratic Anarchy, Utopia, and the Possibilities of Literature,\u00a0\u00bb Literature, Theater, and the Future of Democracy, L\/T: Centre d&rsquo;\u00e9tudes litt\u00e9raires et th\u00e9\u00e2trales, 19e-21e,&hellip;<\/p>\n","protected":false},"author":1001132,"featured_media":0,"parent":0,"menu_order":0,"comment_status":"closed","ping_status":"closed","template":"","meta":{"_seopress_robots_primary_cat":"","_seopress_titles_title":"","_seopress_titles_desc":"","_seopress_robots_index":"","footnotes":""},"class_list":["post-43","page","type-page","status-publish","has-post-thumbnail"],"_links":{"self":[{"href":"https:\/\/people.unil.ch\/matthewscully\/wp-json\/wp\/v2\/pages\/43","targetHints":{"allow":["GET"]}}],"collection":[{"href":"https:\/\/people.unil.ch\/matthewscully\/wp-json\/wp\/v2\/pages"}],"about":[{"href":"https:\/\/people.unil.ch\/matthewscully\/wp-json\/wp\/v2\/types\/page"}],"author":[{"embeddable":true,"href":"https:\/\/people.unil.ch\/matthewscully\/wp-json\/wp\/v2\/users\/1001132"}],"replies":[{"embeddable":true,"href":"https:\/\/people.unil.ch\/matthewscully\/wp-json\/wp\/v2\/comments?post=43"}],"version-history":[{"count":1,"href":"https:\/\/people.unil.ch\/matthewscully\/wp-json\/wp\/v2\/pages\/43\/revisions"}],"predecessor-version":[{"id":169,"href":"https:\/\/people.unil.ch\/matthewscully\/wp-json\/wp\/v2\/pages\/43\/revisions\/169"}],"wp:attachment":[{"href":"https:\/\/people.unil.ch\/matthewscully\/wp-json\/wp\/v2\/media?parent=43"}],"curies":[{"name":"wp","href":"https:\/\/api.w.org\/{rel}","templated":true}]}}