{"id":308,"date":"2024-09-09T14:55:47","date_gmt":"2024-09-09T12:55:47","guid":{"rendered":"https:\/\/people.unil.ch\/michaelgratz\/?page_id=308"},"modified":"2025-09-15T12:20:42","modified_gmt":"2025-09-15T10:20:42","slug":"trail-running","status":"publish","type":"page","link":"https:\/\/people.unil.ch\/michaelgratz\/trail-running\/","title":{"rendered":"Trail Running"},"content":{"rendered":"\n<p>Here is a collection of great trail running routes in Switzerland:<\/p>\n\n\n\n<p><strong>1. Monte Boglia (1516m)<\/strong><\/p>\n\n\n\n<p>The Lugano classic.<\/p>\n\n\n\n<p>Route: Lugano Cassarate &#8211; Br\u00e8 sopra Lugano &#8211; Sasso Rosso &#8211; Monte Boglia &#8211; Pian di Scagn &#8211; Alpe Bolla &#8211; Br\u00e8 sopra Lugano &#8211; Lugano Cassarate<\/p>\n\n\n\n<p>Distance: around 22km (1300m up)<\/p>\n\n\n\n<p>Time: 3h30-4h00<\/p>\n\n\n\n<p>Last run: August 2025<\/p>\n\n\n\n<figure class=\"wp-block-image size-large\"><img alt=\"\" loading=\"lazy\" decoding=\"async\" width=\"1024\" height=\"577\" src=\"https:\/\/people.unil.ch\/michaelgratz\/files\/2024\/09\/Boglia-1024x577.jpg\" alt=\"\" class=\"wp-image-311\" srcset=\"https:\/\/people.unil.ch\/michaelgratz\/files\/2024\/09\/Boglia-1024x577.jpg 1024w, https:\/\/people.unil.ch\/michaelgratz\/files\/2024\/09\/Boglia-300x169.jpg 300w, https:\/\/people.unil.ch\/michaelgratz\/files\/2024\/09\/Boglia-768x432.jpg 768w, https:\/\/people.unil.ch\/michaelgratz\/files\/2024\/09\/Boglia-1536x865.jpg 1536w, https:\/\/people.unil.ch\/michaelgratz\/files\/2024\/09\/Boglia.jpg 1920w\" sizes=\"auto, (max-width: 1024px) 100vw, 1024px\" \/><figcaption class=\"wp-element-caption\">View on top of Monte Boglia<\/figcaption><\/figure>\n\n\n\n<p><\/p>\n\n\n\n<p><strong>2. Weissfluh (2843m)<\/strong><\/p>\n\n\n\n<p>An alternative to the magic mountain.<\/p>\n\n\n\n<p>Route: Gotschnagrat &#8211; Casanna &#8211; Parsennfurgga &#8211; Weissfluhjoch &#8211; Weissfluh &#8211; Weissfluhjoch &#8211; Strelapass &#8211; Schatzalp &#8211; Davos<\/p>\n\n\n\n<p>Distance: 17 km (700m up, 1400m down<\/p>\n\n\n\n<p>Time: 3h00<\/p>\n\n\n\n<p>Last run: July 2025<\/p>\n\n\n\n<p><\/p>\n\n\n\n<figure class=\"wp-block-image size-large\"><img alt=\"\" loading=\"lazy\" decoding=\"async\" width=\"1024\" height=\"577\" src=\"https:\/\/people.unil.ch\/michaelgratz\/files\/2024\/09\/davos-1024x577.jpg\" alt=\"\" class=\"wp-image-324\" srcset=\"https:\/\/people.unil.ch\/michaelgratz\/files\/2024\/09\/davos-1024x577.jpg 1024w, https:\/\/people.unil.ch\/michaelgratz\/files\/2024\/09\/davos-300x169.jpg 300w, https:\/\/people.unil.ch\/michaelgratz\/files\/2024\/09\/davos-768x432.jpg 768w, https:\/\/people.unil.ch\/michaelgratz\/files\/2024\/09\/davos-1536x865.jpg 1536w, https:\/\/people.unil.ch\/michaelgratz\/files\/2024\/09\/davos.jpg 1920w\" sizes=\"auto, (max-width: 1024px) 100vw, 1024px\" \/><figcaption class=\"wp-element-caption\">View on the way from Weissflujoch to Strelapass<\/figcaption><\/figure>\n\n\n\n<p><\/p>\n\n\n\n<p><strong>3. Le Mol\u00e9son (2002m) and Teysachaux (1909m) <\/strong><\/p>\n\n\n\n<p>A traverse in the Pr\u00e9alpes.<\/p>\n\n\n\n<p>Route: Mol\u00e9son-sur-Gruy\u00e8re &#8211; Le Mol\u00e9son &#8211; Belles Rayes &#8211; Teysachaux &#8211; Les Paccots &#8211; Ch\u00e2tel-St-Denis<\/p>\n\n\n\n<p>Distance: 18.5km (1100m up, 1400m down)<\/p>\n\n\n\n<p>Time: 3h45<\/p>\n\n\n\n<p>Last run: June 2024<\/p>\n\n\n\n<figure class=\"wp-block-image size-large\"><img alt=\"\" loading=\"lazy\" decoding=\"async\" width=\"1024\" height=\"577\" src=\"https:\/\/people.unil.ch\/michaelgratz\/files\/2024\/09\/moleson-1024x577.jpg\" alt=\"\" class=\"wp-image-319\" srcset=\"https:\/\/people.unil.ch\/michaelgratz\/files\/2024\/09\/moleson-1024x577.jpg 1024w, https:\/\/people.unil.ch\/michaelgratz\/files\/2024\/09\/moleson-300x169.jpg 300w, https:\/\/people.unil.ch\/michaelgratz\/files\/2024\/09\/moleson-768x432.jpg 768w, https:\/\/people.unil.ch\/michaelgratz\/files\/2024\/09\/moleson-1536x865.jpg 1536w, https:\/\/people.unil.ch\/michaelgratz\/files\/2024\/09\/moleson.jpg 1920w\" sizes=\"auto, (max-width: 1024px) 100vw, 1024px\" \/><figcaption class=\"wp-element-caption\">View from Le Mol\u00e9son to Teysachaux<\/figcaption><\/figure>\n\n\n\n<p><\/p>\n\n\n\n<p><strong>4. Rochers de Naye (2042m)<\/strong><\/p>\n\n\n\n<p>Above Montreux.<\/p>\n\n\n\n<p>Route: Montreux &#8211; Haut-de-Caux &#8211; Rochers de Naye &#8211; Col de Chaude &#8211; Villeneuve<\/p>\n\n\n\n<p>Distance: 25km (1600m up, 1600m down)<\/p>\n\n\n\n<p>Time: 4h45<\/p>\n\n\n\n<p>Last run: June 2024<\/p>\n\n\n\n<figure class=\"wp-block-image size-large\"><img alt=\"\" loading=\"lazy\" decoding=\"async\" width=\"1024\" height=\"577\" src=\"https:\/\/people.unil.ch\/michaelgratz\/files\/2024\/09\/chaude-1024x577.jpg\" alt=\"\" class=\"wp-image-330\" srcset=\"https:\/\/people.unil.ch\/michaelgratz\/files\/2024\/09\/chaude-1024x577.jpg 1024w, https:\/\/people.unil.ch\/michaelgratz\/files\/2024\/09\/chaude-300x169.jpg 300w, https:\/\/people.unil.ch\/michaelgratz\/files\/2024\/09\/chaude-768x432.jpg 768w, https:\/\/people.unil.ch\/michaelgratz\/files\/2024\/09\/chaude-1536x865.jpg 1536w, https:\/\/people.unil.ch\/michaelgratz\/files\/2024\/09\/chaude.jpg 1920w\" sizes=\"auto, (max-width: 1024px) 100vw, 1024px\" \/><figcaption class=\"wp-element-caption\">Between Rochers de Naye and Col de Chaude<\/figcaption><\/figure>\n\n\n\n<p><\/p>\n\n\n\n<p><strong>5. Wispile-Lauenensee-Tungelpass-Wasserngrat<\/strong><\/p>\n\n\n\n<p>A long but beautiful run above Gstaad.<\/p>\n\n\n\n<p>Route: Wispile &#8211; Chrine &#8211; Louwenesee &#8211; Alp Stierentungel &#8211; Tungelpass &#8211; St\u00fcblenipass &#8211; Tr\u00fcrlisbergpass &#8211; Turnelssattel &#8211; Wasserngrat<\/p>\n\n\n\n<p>Distance: 26 km (1400m up, 1400m down)<\/p>\n\n\n\n<p>Time: 4h30<\/p>\n\n\n\n<p>Last run: August 2022<\/p>\n\n\n\n<figure class=\"wp-block-image size-large\"><img alt=\"\" loading=\"lazy\" decoding=\"async\" width=\"1024\" height=\"768\" src=\"https:\/\/people.unil.ch\/michaelgratz\/files\/2024\/09\/gstaad-1024x768.jpg\" alt=\"\" class=\"wp-image-336\" srcset=\"https:\/\/people.unil.ch\/michaelgratz\/files\/2024\/09\/gstaad-1024x768.jpg 1024w, https:\/\/people.unil.ch\/michaelgratz\/files\/2024\/09\/gstaad-300x225.jpg 300w, https:\/\/people.unil.ch\/michaelgratz\/files\/2024\/09\/gstaad-768x576.jpg 768w, https:\/\/people.unil.ch\/michaelgratz\/files\/2024\/09\/gstaad-1536x1152.jpg 1536w, https:\/\/people.unil.ch\/michaelgratz\/files\/2024\/09\/gstaad.jpg 1600w\" sizes=\"auto, (max-width: 1024px) 100vw, 1024px\" \/><figcaption class=\"wp-element-caption\">Between St\u00fcblenipass and Tr\u00fctlisbergpass<\/figcaption><\/figure>\n\n\n\n<p><\/p>\n\n\n\n<p><strong>6. Pas de Lovenex (1850m)<\/strong><\/p>\n\n\n\n<p>A classic, with a view back to Vevey on the other side of the lake. <\/p>\n\n\n\n<p>Route: Miex Le Flon &#8211; Col de Taney &#8211; Lac de Taney &#8211; Pas de Lovenex &#8211; Le Grand Pr\u00e9 &#8211; Fr\u00eeta &#8211; St-Gingolph<\/p>\n\n\n\n<p>Distance: 20 km (1200m up, 1900m down)<\/p>\n\n\n\n<p>Time: 3h30<\/p>\n\n\n\n<p>Last run: September 2025<\/p>\n\n\n\n<figure class=\"wp-block-image size-large\"><img alt=\"\" loading=\"lazy\" decoding=\"async\" width=\"1024\" height=\"768\" src=\"https:\/\/people.unil.ch\/michaelgratz\/files\/2024\/09\/taney-1024x768.jpg\" alt=\"\" class=\"wp-image-338\" srcset=\"https:\/\/people.unil.ch\/michaelgratz\/files\/2024\/09\/taney-1024x768.jpg 1024w, https:\/\/people.unil.ch\/michaelgratz\/files\/2024\/09\/taney-300x225.jpg 300w, https:\/\/people.unil.ch\/michaelgratz\/files\/2024\/09\/taney-768x576.jpg 768w, https:\/\/people.unil.ch\/michaelgratz\/files\/2024\/09\/taney.jpg 1225w\" sizes=\"auto, (max-width: 1024px) 100vw, 1024px\" \/><figcaption class=\"wp-element-caption\">Lac de Taney, as seen from Pas de Lovenex<\/figcaption><\/figure>\n","protected":false},"excerpt":{"rendered":"<p>Here is a collection of great trail running routes in Switzerland: 1. Monte Boglia (1516m) The Lugano classic. Route: Lugano Cassarate &#8211; Br\u00e8 sopra Lugano &#8211; Sasso Rosso &#8211; Monte Boglia &#8211; Pian di Scagn &#8211; Alpe Bolla &#8211; Br\u00e8<\/p>\n","protected":false},"author":1001097,"featured_media":0,"parent":0,"menu_order":0,"comment_status":"closed","ping_status":"closed","template":"","meta":{"_seopress_robots_primary_cat":"","_seopress_titles_title":"","_seopress_titles_desc":"","_seopress_robots_index":"","footnotes":""},"class_list":["post-308","page","type-page","status-publish"],"_links":{"self":[{"href":"https:\/\/people.unil.ch\/michaelgratz\/wp-json\/wp\/v2\/pages\/308","targetHints":{"allow":["GET"]}}],"collection":[{"href":"https:\/\/people.unil.ch\/michaelgratz\/wp-json\/wp\/v2\/pages"}],"about":[{"href":"https:\/\/people.unil.ch\/michaelgratz\/wp-json\/wp\/v2\/types\/page"}],"author":[{"embeddable":true,"href":"https:\/\/people.unil.ch\/michaelgratz\/wp-json\/wp\/v2\/users\/1001097"}],"replies":[{"embeddable":true,"href":"https:\/\/people.unil.ch\/michaelgratz\/wp-json\/wp\/v2\/comments?post=308"}],"version-history":[{"count":4,"href":"https:\/\/people.unil.ch\/michaelgratz\/wp-json\/wp\/v2\/pages\/308\/revisions"}],"predecessor-version":[{"id":420,"href":"https:\/\/people.unil.ch\/michaelgratz\/wp-json\/wp\/v2\/pages\/308\/revisions\/420"}],"wp:attachment":[{"href":"https:\/\/people.unil.ch\/michaelgratz\/wp-json\/wp\/v2\/media?parent=308"}],"curies":[{"name":"wp","href":"https:\/\/api.w.org\/{rel}","templated":true}]}}