{"id":14,"date":"2021-09-29T16:48:13","date_gmt":"2021-09-29T14:48:13","guid":{"rendered":"https:\/\/people.unil.ch\/michalisvlachos\/?page_id=14"},"modified":"2025-09-19T07:23:01","modified_gmt":"2025-09-19T05:23:01","slug":"theses","status":"publish","type":"page","link":"https:\/\/people.unil.ch\/michalisvlachos\/theses\/","title":{"rendered":"Theses"},"content":{"rendered":"\n<p><\/p>\n\n\n\n<p>I have supervised the following theses:<\/p>\n\n\n\n<h2 class=\"wp-block-heading\">Master&#8217;s Theses<\/h2>\n\n\n\n<ol class=\"wp-block-list\">\n<li>Anis Louati (2025). Stock Picking with Machine Learning Methods using Technical Indicators<\/li>\n\n\n\n<li>Denizcan Saring\u00fcl (2025). Enhancing LLMs with Retrieval-Augmented Generation Techniques to Improve Accessibility of Complex Texts<\/li>\n\n\n\n<li>Laurent Sierro (2025). Sentiment and Emotion Analysis on Social Media: A Comparative Study of Transformer Models, Ensemble Techniques, and Few-Shot Prompting<\/li>\n\n\n\n<li>Dimitri Roulin (2025). Large Language Models for Personalized Language Learning through Video<\/li>\n\n\n\n<li>Nguyen Huynh (2025). Forecasting Daily Customer Demand in Independent Restaurants: A Machine Learning Approach Applied to Vietnamese Restaurant in Switzerland<\/li>\n\n\n\n<li>Pierre Devillers (2025). Leveraging Visualization-Oriented Natural Language Interfaces for Enhanced Data Interaction and Visualization in the Financial Sector<\/li>\n\n\n\n<li>Abderrazak Sa\u00efb (2025). Developing Automated Solutions for Histology Processes: Enhancing Efficiency and Data Management at Labcorp Geneva<\/li>\n\n\n\n<li>Nabil Ajiach (2025). Automating the ZPSI Report Workflow: A Case Study on SAP-Python-Power BI Integration for Supply Chain Dashboard Optimization<\/li>\n\n\n\n<li>Feryel Ben Rhaiem (2024). PrivacyBot: Advanced LLM-Powered RAG Techniques to Enhance User Privacy Literacy<\/li>\n\n\n\n<li>Agon Husejni (2023). The impact of the COVID-19 lockdown on air pollution in Switzerland A region-by-region comparative analysis<\/li>\n\n\n\n<li>Reza Jabbir (2023). Cr\u00e9ation d&#8217;un logiciel d&#8217;aide \u00e0 la d\u00e9cision dans le croisement de r\u00e9sultats statistiques pour la caract\u00e9risation de donn\u00e9es g\u00e9or\u00e9f\u00e9renc\u00e9es \u00e0 variables multiples.<\/li>\n\n\n\n<li>Alexis Erne (2022). Predicting Intelligence from Video: A Deep Learning Approach<\/li>\n\n\n\n<li>Lo\u00efc Rouiller Monay (2022). Used Boats Price Prediction Using Machine Learning Techniques<\/li>\n\n\n\n<li>Frederic Spycher (2022). Learning-Based Approaches to Improve Bibliographic Record Linkage<\/li>\n\n\n\n<li>Inessa Khaneeva (2022). Designing A Dashboard With A User-Centered Approach To Improve Compliance Of Document Management Systems<\/li>\n\n\n\n<li>Pau Gallardo Campos (2021). Replicating Portfolios: a machine learning approach to replicate AXA\u2019s liabilities under Solvency II<\/li>\n\n\n\n<li>Marija Krsteska (2021). Outlier detection in business data and application in the Data Quality framework at Philip Morris International<\/li>\n\n\n\n<li>Samuel Lew (2021) Analysis of process logs using data mining techniques: detecting device failure in a Swiss MedTech start-up<\/li>\n\n\n\n<li>Alejandro Caballero (2020). Data Standards for Master Data<\/li>\n<\/ol>\n\n\n\n<h2 class=\"wp-block-heading\">PhD Theses<\/h2>\n\n\n\n<ul class=\"wp-block-list\">\n<li>Ahmad Ajalloeian (2023). Advanced in Interpretable Machine Learning: Applications, Analytics, Robustness<\/li>\n\n\n\n<li>Marcus Basalla (2023). Opportunities and Challenges of Data Analytics in IS Research (co-supervisor, University of Liechtenstein)<\/li>\n\n\n\n<li>Joshua Handali (2022). Human and Artificial Intelligence Systems\u00a0\u2013\u00a0Transfer of Knowledge (co-supervisor, University of Liechtenstein)<\/li>\n\n\n\n<li>Martin Fadler (2021). Transforming Into A Data-Driven Enterprise: Essays On Managing Big Data &amp; Analytics (Jury de PhD th\u00e8se)<\/li>\n\n\n\n<li>Cl\u00e9ment Labadie (2021). Essays On Data Democratization &amp; Protection In The Data-Driven Enterprise (Jury de PhD th\u00e8se)<\/li>\n\n\n\n<li>Vaibhav Kulkarni (2019). Modeling, Predicting and Capturing Human Mobility.<\/li>\n\n\n\n<li>Kirell Benzi (2016), EPFL, Signal Processing Group. Network Science: from recommender systems to spatio-temporal dynamics<\/li>\n\n\n\n<li>Razen Al-Harbi (2016), KAUST, InfoCloud Group. Accelerating SPARQL Queries and Analytics on RDF Data<\/li>\n\n\n\n<li>Francesco Fusco (2012), ETH Zurich. Dissertation No. 20474. High-Speed Indexing and Archival of Network Measurement Data<\/li>\n<\/ul>\n\n\n\n<p><\/p>\n","protected":false},"excerpt":{"rendered":"<p>I have supervised the following theses: Master&#8217;s Theses PhD Theses<\/p>\n","protected":false},"author":1001112,"featured_media":0,"parent":0,"menu_order":1,"comment_status":"closed","ping_status":"closed","template":"","meta":{"_seopress_robots_primary_cat":"","_seopress_titles_title":"","_seopress_titles_desc":"","_seopress_robots_index":"","footnotes":""},"class_list":["post-14","page","type-page","status-publish"],"_links":{"self":[{"href":"https:\/\/people.unil.ch\/michalisvlachos\/wp-json\/wp\/v2\/pages\/14","targetHints":{"allow":["GET"]}}],"collection":[{"href":"https:\/\/people.unil.ch\/michalisvlachos\/wp-json\/wp\/v2\/pages"}],"about":[{"href":"https:\/\/people.unil.ch\/michalisvlachos\/wp-json\/wp\/v2\/types\/page"}],"author":[{"embeddable":true,"href":"https:\/\/people.unil.ch\/michalisvlachos\/wp-json\/wp\/v2\/users\/1001112"}],"replies":[{"embeddable":true,"href":"https:\/\/people.unil.ch\/michalisvlachos\/wp-json\/wp\/v2\/comments?post=14"}],"version-history":[{"count":3,"href":"https:\/\/people.unil.ch\/michalisvlachos\/wp-json\/wp\/v2\/pages\/14\/revisions"}],"predecessor-version":[{"id":225,"href":"https:\/\/people.unil.ch\/michalisvlachos\/wp-json\/wp\/v2\/pages\/14\/revisions\/225"}],"wp:attachment":[{"href":"https:\/\/people.unil.ch\/michalisvlachos\/wp-json\/wp\/v2\/media?parent=14"}],"curies":[{"name":"wp","href":"https:\/\/api.w.org\/{rel}","templated":true}]}}