{"id":16,"date":"2015-08-20T10:17:12","date_gmt":"2015-08-20T08:17:12","guid":{"rendered":"http:\/\/people.unil.ch\/monicacastillolluch\/?page_id=16"},"modified":"2015-09-05T15:56:52","modified_gmt":"2015-09-05T13:56:52","slug":"enlaces","status":"publish","type":"page","link":"https:\/\/people.unil.ch\/monicacastillolluch\/enlaces\/","title":{"rendered":"Enlaces"},"content":{"rendered":"<p>P\u00e1gina en construcci\u00f3n<\/p>\n<p>En la web del <strong>Hispanic Seminary of Medieval Studies<\/strong> de la Universidad de Wisconsin-Madison est\u00e1 accesible:<\/p>\n<ul>\n<li>un repertorio de fueros en formato electr\u00f3nico:\u00a0<em><a href=\"https:\/\/www.hispanicseminary.org\/t&amp;c\/lex\/index-es.htm\">Textos legales espa\u00f1oles. Digital Library of Old Spanish Texts<\/a><\/em><\/li>\n<li>una bibliograf\u00eda\u00a0de estudios l\u00e9xicos relacionados con fueros medievales:\u00a0<em><a href=\"https:\/\/www.hispanicseminary.org\/lsmst\/files\/13-11.htm\">Lexical Studies of Medieval Spanish Texts<\/a><\/em><\/li>\n<\/ul>\n<p>En el portal <strong>Andr\u00e9s de Poza<\/strong> de la Universidad de Deusto se ofrecen en l\u00ednea los textos de algunos <a href=\"https:\/\/andresdepoza.com\/catalogo\/textos-notariales\/\">documentos notariales<\/a>, entre los que se incluyen fueros<\/p>\n<p>En el portal de <strong>Fueros de Bizkaia<\/strong> <a href=\"https:\/\/foruondarea.net\">Foru Ondarea<\/a> se puede consultar una edici\u00f3n m\u00faltiple alineada\u00a0del Fuero nuevo de Vizcaya<\/p>\n","protected":false},"excerpt":{"rendered":"<p>P\u00e1gina en construcci\u00f3n En la web del Hispanic Seminary of Medieval Studies de la Universidad de Wisconsin-Madison est\u00e1 accesible: un repertorio de fueros en formato electr\u00f3nico:\u00a0Textos legales espa\u00f1oles. Digital Library of Old Spanish Texts una bibliograf\u00eda\u00a0de estudios l\u00e9xicos relacionados con fueros medievales:\u00a0Lexical Studies of Medieval Spanish Texts En el portal Andr\u00e9s de Poza de la &hellip; <\/p>\n<p class=\"link-more\"><a href=\"https:\/\/people.unil.ch\/monicacastillolluch\/enlaces\/\" class=\"more-link\">Continuer la lecture<span class=\"screen-reader-text\"> de &laquo;&nbsp;Enlaces&nbsp;&raquo;<\/span><\/a><\/p>\n","protected":false},"author":1001019,"featured_media":0,"parent":0,"menu_order":0,"comment_status":"closed","ping_status":"closed","template":"","meta":{"_seopress_robots_primary_cat":"","_seopress_titles_title":"","_seopress_titles_desc":"","_seopress_robots_index":"","footnotes":""},"class_list":["post-16","page","type-page","status-publish"],"_links":{"self":[{"href":"https:\/\/people.unil.ch\/monicacastillolluch\/wp-json\/wp\/v2\/pages\/16","targetHints":{"allow":["GET"]}}],"collection":[{"href":"https:\/\/people.unil.ch\/monicacastillolluch\/wp-json\/wp\/v2\/pages"}],"about":[{"href":"https:\/\/people.unil.ch\/monicacastillolluch\/wp-json\/wp\/v2\/types\/page"}],"author":[{"embeddable":true,"href":"https:\/\/people.unil.ch\/monicacastillolluch\/wp-json\/wp\/v2\/users\/1001019"}],"replies":[{"embeddable":true,"href":"https:\/\/people.unil.ch\/monicacastillolluch\/wp-json\/wp\/v2\/comments?post=16"}],"version-history":[{"count":0,"href":"https:\/\/people.unil.ch\/monicacastillolluch\/wp-json\/wp\/v2\/pages\/16\/revisions"}],"wp:attachment":[{"href":"https:\/\/people.unil.ch\/monicacastillolluch\/wp-json\/wp\/v2\/media?parent=16"}],"curies":[{"name":"wp","href":"https:\/\/api.w.org\/{rel}","templated":true}]}}