{"id":160,"date":"2015-09-04T10:44:34","date_gmt":"2015-09-04T08:44:34","guid":{"rendered":"http:\/\/people.unil.ch\/monicacastillolluch\/?page_id=160"},"modified":"2015-09-07T14:33:20","modified_gmt":"2015-09-07T12:33:20","slug":"fuero-de-alfambra","status":"publish","type":"page","link":"https:\/\/people.unil.ch\/monicacastillolluch\/indice-de-fueros\/fuero-de-alfambra\/","title":{"rendered":"Fuero de Alfambra"},"content":{"rendered":"<h3>Edici\u00f3n<\/h3>\n<ul>\n<li>Albareda y Herrera, Manuel (1926), <em>Fuero de Alfambra<\/em>, Madrid, Tip. de la Rev. de Archivos, Bibliotecas y Museos.<\/li>\n<\/ul>\n<p><a href=\"https:\/\/people.unil.ch\/monicacastillolluch\/files\/2015\/09\/DSC_0001-2.jpg\" target=\"_blank\"><img loading=\"lazy\" decoding=\"async\" class=\"aligncenter wp-image-341\" src=\"https:\/\/people.unil.ch\/monicacastillolluch\/files\/2015\/09\/DSC_0001-2-200x300.jpg\" alt=\"Fuero de Alfambra, ed. de Albareda y Herrera\" width=\"120\" height=\"180\" srcset=\"https:\/\/people.unil.ch\/monicacastillolluch\/files\/2015\/09\/DSC_0001-2-200x300.jpg 200w, https:\/\/people.unil.ch\/monicacastillolluch\/files\/2015\/09\/DSC_0001-2.jpg 532w\" sizes=\"auto, (max-width: 120px) 100vw, 120px\" \/><\/a><\/p>\n<ul>\n<li>Se trata de una tesis, como se dice en el colof\u00f3n del libro, le\u00edda el 8 de marzo de 1922, con Rafael Ure\u00f1a como presidente del tribunal.<\/li>\n<\/ul>\n<p>No aparece en CORDE<\/p>\n<p>[P\u00e1gina en construcci\u00f3n]<\/p>\n","protected":false},"excerpt":{"rendered":"<p>Edici\u00f3n Albareda y Herrera, Manuel (1926), Fuero de Alfambra, Madrid, Tip. de la Rev. de Archivos, Bibliotecas y Museos. Se trata de una tesis, como se dice en el colof\u00f3n del libro, le\u00edda el 8 de marzo de 1922, con Rafael Ure\u00f1a como presidente del tribunal. No aparece en CORDE [P\u00e1gina en construcci\u00f3n]<\/p>\n","protected":false},"author":1001019,"featured_media":0,"parent":10,"menu_order":0,"comment_status":"closed","ping_status":"closed","template":"","meta":{"_seopress_robots_primary_cat":"","_seopress_titles_title":"","_seopress_titles_desc":"","_seopress_robots_index":"","footnotes":""},"class_list":["post-160","page","type-page","status-publish"],"_links":{"self":[{"href":"https:\/\/people.unil.ch\/monicacastillolluch\/wp-json\/wp\/v2\/pages\/160","targetHints":{"allow":["GET"]}}],"collection":[{"href":"https:\/\/people.unil.ch\/monicacastillolluch\/wp-json\/wp\/v2\/pages"}],"about":[{"href":"https:\/\/people.unil.ch\/monicacastillolluch\/wp-json\/wp\/v2\/types\/page"}],"author":[{"embeddable":true,"href":"https:\/\/people.unil.ch\/monicacastillolluch\/wp-json\/wp\/v2\/users\/1001019"}],"replies":[{"embeddable":true,"href":"https:\/\/people.unil.ch\/monicacastillolluch\/wp-json\/wp\/v2\/comments?post=160"}],"version-history":[{"count":0,"href":"https:\/\/people.unil.ch\/monicacastillolluch\/wp-json\/wp\/v2\/pages\/160\/revisions"}],"up":[{"embeddable":true,"href":"https:\/\/people.unil.ch\/monicacastillolluch\/wp-json\/wp\/v2\/pages\/10"}],"wp:attachment":[{"href":"https:\/\/people.unil.ch\/monicacastillolluch\/wp-json\/wp\/v2\/media?parent=160"}],"curies":[{"name":"wp","href":"https:\/\/api.w.org\/{rel}","templated":true}]}}