{"id":171,"date":"2015-09-04T11:04:59","date_gmt":"2015-09-04T09:04:59","guid":{"rendered":"http:\/\/people.unil.ch\/monicacastillolluch\/?page_id=171"},"modified":"2022-11-22T22:58:14","modified_gmt":"2022-11-22T21:58:14","slug":"fuero-de-caceres","status":"publish","type":"page","link":"https:\/\/people.unil.ch\/monicacastillolluch\/indice-de-fueros\/fuero-de-caceres\/","title":{"rendered":"Fuero de C\u00e1ceres"},"content":{"rendered":"<h3>Ediciones<\/h3>\n<ul>\n<li>Ulloa y Golf\u00edn, Pedro, <em>Compilaci\u00f3n de privilegios y documentos relativos \u00e1 la ciudad de C\u00e1ceres a finales del siglo XVII<\/em> (\u00bf1679?) [noticia en Ure\u00f1a y Bonilla 1907: X, que juzgan que \u201cadolece de numerosos defectos\u201d].<\/li>\n<\/ul>\n<ul>\n<li>Lumbreras Valiente, Pedro (1974), <em>Los fueros municipales de C\u00e1ceres: su derecho p\u00fablico<\/em>, C\u00e1ceres, Ayuntamiento de C\u00e1ceres.\u00a0(Lumbreras Valiente, 1916-2004, historiador del derecho extreme\u00f1o y alfons\u00ed).<\/li>\n<\/ul>\n<ul>\n<li>Muro Castillo, Matilde et al. (1998), <em>El Fuero de C\u00e1ceres. Edici\u00f3n cr\u00edtica y facsimilar<\/em>, C\u00e1ceres, Ayuntamiento de C\u00e1ceres \/ Caja Duero [2\u00aa edici\u00f3n revisada] [edici\u00f3n colectiva de profesores de la Universidad de Extremadura y la edici\u00f3n a cargo de la historiadora medievalista M\u00aa Dolores Garc\u00eda Oliva].<\/li>\n<\/ul>\n<h3>Manuscrito<\/h3>\n<p>Archivo Municipal de C\u00e1ceres, hermoso c\u00f3dice con el fuero latino (fol 1-6v) y el romanceado (6v4-93v) de letra francesa de fines del XIII (noticia de Ure\u00f1a y Bonilla 1907: XIV-XV).<\/p>\n<h3>Dataci\u00f3n<\/h3>\n<p>(<em>apud<\/em> Lumbreras Valiente 1990: 19):<\/p>\n<p>Fuero Latino promulgado por Alfonso IX de Le\u00f3n el 23\/4\/1229; los romanceados \u201cde los que s\u00f3lo, por v\u00eda de deducci\u00f3n, es dable conjeturar, aproximadamente, las fechas de sus respectivos otorgamientos, circunstancia que no debe sorprender si se toma en cuenta que la mayor\u00eda de tales privilegios fueron adaptaciones de otros anteriores formados por aluvi\u00f3n\u201d.<\/p>\n<p>Fecha de escritura (seg\u00fan CORDE): c. 1234-1275.<\/p>\n<h3>Acceso web<\/h3>\n<p><a href=\"https:\/\/www.ayto-caceres.es\/ciudad\/los-fueros-de-caceres\" target=\"_blank\" rel=\"noopener\">P\u00e1gina web del Ayuntamiento de C\u00e1ceres<\/a><\/p>\n<h3>En CORDE<\/h3>\n<p>Lumbreras Valiente, Pedro (1974), <em>Los fueros municipales de C\u00e1ceres: su derecho p\u00fablico<\/em>, C\u00e1ceres, Ayuntamiento de C\u00e1ceres.<\/p>\n<h3>Estudios ling\u00fc\u00edsticos<\/h3>\n<p>Lumbreras Valiente, Pedro (1990), <em>Los fueros municipales de C\u00e1ceres: su derecho privado<\/em>, C\u00e1ceres, Instituci\u00f3n Cultural \u201cEl Brocense\u201d. [Vocabulario de voces medievales (bajo lat\u00edn y romance) (p. 185-233). M\u00e1s que un glosario de voces del Fuero de C\u00e1ceres, pues registra las variantes de estas voces en otros fueros \/ obras (legales) medievales, o las voces alternativas: <em>andadores<\/em> en FC\u00e1ceres, pero <em>apparitores<\/em> en FTeruel y <em>quoestores<\/em> \/ <em>apparitores<\/em> en el latino de Cuenca].<\/p>\n<p><a href=\"https:\/\/people.unil.ch\/monicacastillolluch\/files\/2015\/09\/20150907_145004.jpg\" target=\"_blank\" rel=\"noopener\"><img loading=\"lazy\" decoding=\"async\" class=\"aligncenter wp-image-344 size-medium\" src=\"https:\/\/people.unil.ch\/monicacastillolluch\/files\/2015\/09\/20150907_145004-211x300.jpg\" alt=\"Fuero de C\u00e1ceres, Lumbreras Valiente\" width=\"211\" height=\"300\" srcset=\"https:\/\/people.unil.ch\/monicacastillolluch\/files\/2015\/09\/20150907_145004-211x300.jpg 211w, https:\/\/people.unil.ch\/monicacastillolluch\/files\/2015\/09\/20150907_145004.jpg 562w\" sizes=\"auto, (max-width: 211px) 100vw, 211px\" \/><\/a><\/p>\n<p>Salvador Plans, Antonio (2012), \u201cLa documentaci\u00f3n medieval romance en Extremadura\u201d, en Montero Cartelle, Emilio (ed.), <em>Actas del VIII Congreso Internacional de Historia de la Lengua Espa\u00f1ola<\/em>, I, p 293-298.<\/p>\n<h3>Estudios hist\u00f3rico-jur\u00eddicos<\/h3>\n<p>Lumbreras Valiente, Pedro (1974), <em>Los fueros municipales de C\u00e1ceres: su derecho p\u00fablico<\/em>, C\u00e1ceres, Ayuntamiento de C\u00e1ceres.<\/p>\n<p>Lumbreras Valiente, Pedro (1990), <em>Los fueros municipales de C\u00e1ceres: su derecho privado<\/em>, C\u00e1ceres,\u00a0 Instituci\u00f3n Cultural \u201cEl Brocense\u201d. Vocabulario (p. 185-233).<\/p>\n","protected":false},"excerpt":{"rendered":"<p>Ediciones Ulloa y Golf\u00edn, Pedro, Compilaci\u00f3n de privilegios y documentos relativos \u00e1 la ciudad de C\u00e1ceres a finales del siglo XVII (\u00bf1679?) [noticia en Ure\u00f1a y Bonilla 1907: X, que juzgan que \u201cadolece de numerosos defectos\u201d]. Lumbreras Valiente, Pedro (1974), Los fueros municipales de C\u00e1ceres: su derecho p\u00fablico, C\u00e1ceres, Ayuntamiento de C\u00e1ceres.\u00a0(Lumbreras Valiente, 1916-2004, historiador &hellip; <\/p>\n<p class=\"link-more\"><a href=\"https:\/\/people.unil.ch\/monicacastillolluch\/indice-de-fueros\/fuero-de-caceres\/\" class=\"more-link\">Continuer la lecture<span class=\"screen-reader-text\"> de &laquo;&nbsp;Fuero de C\u00e1ceres&nbsp;&raquo;<\/span><\/a><\/p>\n","protected":false},"author":1001019,"featured_media":0,"parent":10,"menu_order":0,"comment_status":"closed","ping_status":"closed","template":"","meta":{"_seopress_robots_primary_cat":"","_seopress_titles_title":"","_seopress_titles_desc":"","_seopress_robots_index":"","footnotes":""},"class_list":["post-171","page","type-page","status-publish"],"_links":{"self":[{"href":"https:\/\/people.unil.ch\/monicacastillolluch\/wp-json\/wp\/v2\/pages\/171","targetHints":{"allow":["GET"]}}],"collection":[{"href":"https:\/\/people.unil.ch\/monicacastillolluch\/wp-json\/wp\/v2\/pages"}],"about":[{"href":"https:\/\/people.unil.ch\/monicacastillolluch\/wp-json\/wp\/v2\/types\/page"}],"author":[{"embeddable":true,"href":"https:\/\/people.unil.ch\/monicacastillolluch\/wp-json\/wp\/v2\/users\/1001019"}],"replies":[{"embeddable":true,"href":"https:\/\/people.unil.ch\/monicacastillolluch\/wp-json\/wp\/v2\/comments?post=171"}],"version-history":[{"count":0,"href":"https:\/\/people.unil.ch\/monicacastillolluch\/wp-json\/wp\/v2\/pages\/171\/revisions"}],"up":[{"embeddable":true,"href":"https:\/\/people.unil.ch\/monicacastillolluch\/wp-json\/wp\/v2\/pages\/10"}],"wp:attachment":[{"href":"https:\/\/people.unil.ch\/monicacastillolluch\/wp-json\/wp\/v2\/media?parent=171"}],"curies":[{"name":"wp","href":"https:\/\/api.w.org\/{rel}","templated":true}]}}