{"id":184,"date":"2015-09-04T11:39:32","date_gmt":"2015-09-04T09:39:32","guid":{"rendered":"http:\/\/people.unil.ch\/monicacastillolluch\/?page_id=184"},"modified":"2021-01-25T10:44:57","modified_gmt":"2021-01-25T09:44:57","slug":"fuero-de-guadalajara","status":"publish","type":"page","link":"https:\/\/people.unil.ch\/monicacastillolluch\/indice-de-fueros\/fuero-de-guadalajara\/","title":{"rendered":"Fuero de Guadalajara"},"content":{"rendered":"<h3>Edici\u00f3n<\/h3>\n<p>Dos textos diferentes: 1133 y 1219<\/p>\n<p><strong>Del fuero otorgado en 1133 por Alfonso VII<\/strong><\/p>\n<ul>\n<li>Mu\u00f1oz Romero, Tom\u00e1s (1847), <em>Colecci\u00f3n de fueros municipales y cartas pueblas de los reinos de Castilla, Le\u00f3n, Corona de Arag\u00f3n y Navarra,<\/em> Madrid,\u00a0Imprenta Alonso,\u00a0p.<em>\u00a0<\/em>507-511.<\/li>\n<\/ul>\n<ul>\n<li>cf. ediciones posteriores en Rosso Jim\u00e9nez (1998: 18, n. 28)<\/li>\n<\/ul>\n<p><strong>Del fuero firmado por Fernando III en 1219<\/strong><\/p>\n<ul>\n<li>Keniston, Hayward (1924), <em>Fuero de Guadalajara (1219)<\/em>, Princeton \/ Par\u00eds, Princeton University Press, Les Presses Universitaires de France. [mss. A y C, criticada posteriormente por Galo S\u00e1nchez y otros especialistas, cf. Rosso Jim\u00e9nez]<\/li>\n<\/ul>\n<ul>\n<li>Layna Serrano, F. (1942), <em>Historia de Guadalajara y sus Mendozas en los siglos XV y XVI<\/em>, Madrid, CSIC.\u00a0[ms. B]<\/li>\n<\/ul>\n<ul>\n<li>Gonz\u00e1lez, Julio (1980), <em>Reinado y diplomas de Fernando III<\/em>, C\u00f3rdoba, Monte de Piedad y Caja de ahorros de C\u00f3rdoba.\u00a0[ms. B]<\/li>\n<\/ul>\n<ul>\n<li>Rosso Jim\u00e9nez, Mar\u00eda \u00c1ngel (1998), <em>Estudio ling\u00fc\u00edstico del Fuero de Guadalajara (1219)<\/em>, Universidad de M\u00e1laga, tesis doctoral [mss. A, B y C].<span style=\"color: #339966\">\u00a0<span style=\"color: #33cccc\"><a style=\"color: #33cccc\" href=\"https:\/\/www.biblioteca.uma.es\/bbldoc\/tesisuma\/1\">Edici\u00f3n de referencia<\/a><\/span><\/span><\/li>\n<\/ul>\n<h3>Manuscritos<\/h3>\n<p><strong>Del fuero de 1219<\/strong><\/p>\n<p>A, B y C, descritos en Rosso Jim\u00e9nez (1998)<\/p>\n<p>Keniston solo conoce A y C: \u201cThe <em>Fuero de Guadalajara<\/em> of 1219 is preserved in two manuscripts\u201d:<\/p>\n<p>La descripci\u00f3n de Keniston que se reproduce a continuaci\u00f3n es incompleta y no acierta en todos los detalles. <span style=\"text-decoration: underline\">Debe consultarse Rosso Jim\u00e9nez (1998) para una\u00a0descripci\u00f3n actualizada<\/span>.<\/p>\n<p>\u2022 ms. C, de la Library of Cornell University, de la 2\u00aa mitad del XV.<\/p>\n<p>\u2022 ms. E, X, ii, 19 del Escorial, tambi\u00e9n de la 2\u00aa mitad del XV.<\/p>\n<p>En el contenido, los dos mss. son casi id\u00e9nticos, ambos empiezan con la f\u00f3rmula latina, el texto del fuero se da en romance y finalizan con las f\u00f3rmulas latinas. Diferencias menores (alguna adici\u00f3n en E, pero en este faltan las firmas de las partes confirmantes).<\/p>\n<p>Bas\u00e1ndose en algunos errores comunes, Keniston (1924: VIII) concluye que \u201cboth are originally derived from the same <em>romanceamiento<\/em>, probably of the thirteenth century, and not individual translations of the original Latin text\u201d.<\/p>\n<p>En su edici\u00f3n reproduce el facs\u00edmil de C completo y de E los primeros y \u00faltimo folios.<\/p>\n<p>Le parece que C ha conservado mejor la lengua del s. XIII, raz\u00f3n por la cual basa su edici\u00f3n en este ms. Aporta algunas correcciones a C bas\u00e1ndose en E o bien en otros documentos que maneja y tratan de los mismos temas: \u201cin a few cases the editor has ventured to adopt readings not found in either manuscript, on the authority of other documents dealing with the same material\u201d (!)<\/p>\n<p>Actualiza la graf\u00eda (u\/v, r\/rr) y no se\u00f1ala los desarrollos de abreviaturas.<\/p>\n<p>Se ofrecen las variantes de E que afectan al sentido o al \u201csonido\u201d, pero no a la graf\u00eda.<\/p>\n<p>Por lo que dice (Keniston 1924: X-XI), el ms. C es oriental, pero parece no aceptarlo \u201cIn a text so eminently Castilian it is interesting to find two forms which are usually regarded as typically Aragonese\u201d (Keniston 1924: XI): <em>ensenble<\/em> \/ <em>troa<\/em>. Pero \u00e9l mismo da unas cuantas m\u00e1s: formas apocopadas, <em>exir<\/em>, <em>demandidiere<\/em>, todas presentes en C y no en E, que es castellano y concretamente andaluz, pues usa s por z. Pero esto no est\u00e1 claramente dicho.<\/p>\n<h3>En CORDE<\/h3>\n<p>Texto de 1133, a partir de la edici\u00f3n de\u00a0Mu\u00f1oz Romero (1847)<\/p>\n<p>Se presta a confusi\u00f3n con el texto de 1219, pues no se precisa este detalle.<\/p>\n<h3>\u00a0Estudios ling\u00fc\u00edsticos<\/h3>\n<ul>\n<li>Rosso Jim\u00e9nez, Miguel \u00c1ngel (1998),\u00a0<em>Estudio ling\u00fc\u00edstico del Fuero de Guadalajara (1219)<\/em>, Universidad de M\u00e1laga, tesis doctoral\u00a0[mss. A, B y C]<\/li>\n<\/ul>\n","protected":false},"excerpt":{"rendered":"<p>Edici\u00f3n Dos textos diferentes: 1133 y 1219 Del fuero otorgado en 1133 por Alfonso VII Mu\u00f1oz Romero, Tom\u00e1s (1847), Colecci\u00f3n de fueros municipales y cartas pueblas de los reinos de Castilla, Le\u00f3n, Corona de Arag\u00f3n y Navarra, Madrid,\u00a0Imprenta Alonso,\u00a0p.\u00a0507-511. cf. ediciones posteriores en Rosso Jim\u00e9nez (1998: 18, n. 28) Del fuero firmado por Fernando III &hellip; <\/p>\n<p class=\"link-more\"><a href=\"https:\/\/people.unil.ch\/monicacastillolluch\/indice-de-fueros\/fuero-de-guadalajara\/\" class=\"more-link\">Continuer la lecture<span class=\"screen-reader-text\"> de &laquo;&nbsp;Fuero de Guadalajara&nbsp;&raquo;<\/span><\/a><\/p>\n","protected":false},"author":1001019,"featured_media":0,"parent":10,"menu_order":0,"comment_status":"closed","ping_status":"closed","template":"","meta":{"_seopress_robots_primary_cat":"","_seopress_titles_title":"","_seopress_titles_desc":"","_seopress_robots_index":"","footnotes":""},"class_list":["post-184","page","type-page","status-publish"],"_links":{"self":[{"href":"https:\/\/people.unil.ch\/monicacastillolluch\/wp-json\/wp\/v2\/pages\/184","targetHints":{"allow":["GET"]}}],"collection":[{"href":"https:\/\/people.unil.ch\/monicacastillolluch\/wp-json\/wp\/v2\/pages"}],"about":[{"href":"https:\/\/people.unil.ch\/monicacastillolluch\/wp-json\/wp\/v2\/types\/page"}],"author":[{"embeddable":true,"href":"https:\/\/people.unil.ch\/monicacastillolluch\/wp-json\/wp\/v2\/users\/1001019"}],"replies":[{"embeddable":true,"href":"https:\/\/people.unil.ch\/monicacastillolluch\/wp-json\/wp\/v2\/comments?post=184"}],"version-history":[{"count":0,"href":"https:\/\/people.unil.ch\/monicacastillolluch\/wp-json\/wp\/v2\/pages\/184\/revisions"}],"up":[{"embeddable":true,"href":"https:\/\/people.unil.ch\/monicacastillolluch\/wp-json\/wp\/v2\/pages\/10"}],"wp:attachment":[{"href":"https:\/\/people.unil.ch\/monicacastillolluch\/wp-json\/wp\/v2\/media?parent=184"}],"curies":[{"name":"wp","href":"https:\/\/api.w.org\/{rel}","templated":true}]}}