{"id":209,"date":"2015-09-04T15:43:41","date_gmt":"2015-09-04T13:43:41","guid":{"rendered":"http:\/\/people.unil.ch\/monicacastillolluch\/?page_id=209"},"modified":"2015-09-06T18:10:23","modified_gmt":"2015-09-06T16:10:23","slug":"fuero-de-sabiote","status":"publish","type":"page","link":"https:\/\/people.unil.ch\/monicacastillolluch\/indice-de-fueros\/fuero-de-sabiote\/","title":{"rendered":"Fuero de Sabiote"},"content":{"rendered":"<h3>Edici\u00f3n<\/h3>\n<ul>\n<li>Porras Arboledas, Pedro Andr\u00e9s (1994), \u00ab\u00a0Fuero de Sabiote\u00a0\u00bb, en <em>Cuadernos de Historia del Derecho,<\/em> n\u00b0 1.23-441, Madrid, Editorial Complutense.<\/li>\n<\/ul>\n<h3>Acceso web<\/h3>\n<p><a href=\"https:\/\/revistas.ucm.es\/index.php\/CUHD\/article\/view\/CUHD9494110243A\/20664\" target=\"_blank\">Edici\u00f3n de Porras Arboledas<\/a><\/p>\n<p>&nbsp;<\/p>\n<p>[P\u00e1gina en construcci\u00f3n]<\/p>\n<p>&nbsp;<\/p>\n","protected":false},"excerpt":{"rendered":"<p>Edici\u00f3n Porras Arboledas, Pedro Andr\u00e9s (1994), \u00ab\u00a0Fuero de Sabiote\u00a0\u00bb, en Cuadernos de Historia del Derecho, n\u00b0 1.23-441, Madrid, Editorial Complutense. Acceso web Edici\u00f3n de Porras Arboledas &nbsp; [P\u00e1gina en construcci\u00f3n] &nbsp;<\/p>\n","protected":false},"author":1001019,"featured_media":0,"parent":10,"menu_order":0,"comment_status":"closed","ping_status":"closed","template":"","meta":{"_seopress_robots_primary_cat":"","_seopress_titles_title":"","_seopress_titles_desc":"","_seopress_robots_index":"","footnotes":""},"class_list":["post-209","page","type-page","status-publish"],"_links":{"self":[{"href":"https:\/\/people.unil.ch\/monicacastillolluch\/wp-json\/wp\/v2\/pages\/209","targetHints":{"allow":["GET"]}}],"collection":[{"href":"https:\/\/people.unil.ch\/monicacastillolluch\/wp-json\/wp\/v2\/pages"}],"about":[{"href":"https:\/\/people.unil.ch\/monicacastillolluch\/wp-json\/wp\/v2\/types\/page"}],"author":[{"embeddable":true,"href":"https:\/\/people.unil.ch\/monicacastillolluch\/wp-json\/wp\/v2\/users\/1001019"}],"replies":[{"embeddable":true,"href":"https:\/\/people.unil.ch\/monicacastillolluch\/wp-json\/wp\/v2\/comments?post=209"}],"version-history":[{"count":0,"href":"https:\/\/people.unil.ch\/monicacastillolluch\/wp-json\/wp\/v2\/pages\/209\/revisions"}],"up":[{"embeddable":true,"href":"https:\/\/people.unil.ch\/monicacastillolluch\/wp-json\/wp\/v2\/pages\/10"}],"wp:attachment":[{"href":"https:\/\/people.unil.ch\/monicacastillolluch\/wp-json\/wp\/v2\/media?parent=209"}],"curies":[{"name":"wp","href":"https:\/\/api.w.org\/{rel}","templated":true}]}}