{"id":21,"date":"2015-08-20T10:23:37","date_gmt":"2015-08-20T08:23:37","guid":{"rendered":"http:\/\/people.unil.ch\/monicacastillolluch\/?page_id=21"},"modified":"2015-09-06T18:02:28","modified_gmt":"2015-09-06T16:02:28","slug":"fuero-de-alba-de-tormes","status":"publish","type":"page","link":"https:\/\/people.unil.ch\/monicacastillolluch\/indice-de-fueros\/fuero-de-alba-de-tormes\/","title":{"rendered":"Fuero de Alba de Tormes"},"content":{"rendered":"<h3>Ediciones<\/h3>\n<ul>\n<li>Castro, Am\u00e9rico y On\u00eds, Federico (1916),\u00a0<em>Fueros leoneses de Zamora, Salamanca, Ledesma y Alba de Tormes<\/em>, Madrid, Centro de Estudios hist\u00f3ricos.\u00a0(Castro es\u00a0quien edita el FAl)<\/li>\n<\/ul>\n<h3>Manuscrito<\/h3>\n<p>\u00danico: Archivo Hist\u00f3rico Municipal de Alba de Tormes<\/p>\n<p>\u00ab\u00a0La letra es francesa y uniforme, de transici\u00f3n entre los siglos XIII y XIV\u00a0\u00bb (Castro 1916: 289)<\/p>\n<p>Copiado a finales del XIII o comienzos del XIV\u00a0 (Alvar 1968: 127, n. 294)<\/p>\n<h3>Dataci\u00f3n<\/h3>\n<p>Ms.: \u00ab\u00a0La letra es francesa y uniforme, de transici\u00f3n entre los siglos XIII y XIV\u00a0\u00bb (Castro 1916: 289)<\/p>\n<p>Ms. copiado a finales del XIII o comienzos del XIV (Alvar 1968: 127, n. 294)<\/p>\n<p>HSMS Specific Production Date: 1250-1350<\/p>\n<h3>Acceso web<\/h3>\n<p><a href=\"https:\/\/www.hispanicseminary.org\/t&amp;c\/lex\/index-en.htm\" target=\"_blank\">Transcripci\u00f3n HSMS.<\/a><\/p>\n<p><a href=\"https:\/\/archive.org\/stream\/fuerosleonesesde01cast#page\/6\/mode\/2up\" target=\"_blank\">Edici\u00f3n de Castro\/On\u00eds (1916).<\/a><\/p>\n<h3>En CORDE<\/h3>\n<p>Castro, Am\u00e9rico y On\u00eds, Federico (1916),\u00a0<em>Fueros leoneses de Zamora, Salamanca, Ledesma y Alba de Tormes<\/em>, Madrid, Centro de Estudios hist\u00f3ricos.<\/p>\n<p>Fecha de escritura: 1279 (corresponde a la fecha de un privilegio de Alfonso X a\u00f1adido despu\u00e9s del fuero, \u00bfpero ese privilegio era original o copia?)<\/p>\n<h3>Estudios ling\u00fc\u00edsticos<\/h3>\n<p>Castro y Onis (1916) en la primera p\u00e1gina de presentaci\u00f3n de su edici\u00f3n anunciaban que \u00ab\u00a0El segundo tomo contendr\u00e1 estudios gramaticales, l\u00e9xicos y de aquellas antig\u00fcedades jur\u00eddicas e hist\u00f3ricas m\u00e1s importantes para la comprensi\u00f3n de los textos\u00a0\u00bb. No llegaron a publicar un segundo tomo y los estudios gramaticales y l\u00e9xicos han corrido a cargo de otros autores:<\/p>\n<p>Alvar, Manuel (1968),\u00a0<em>El fuero de Salamanca. Ling\u00fc\u00edstica e Historia<\/em>, Granada, CSIC y Universidad de Granada. [estudio basado\u00a0en la ed. de Castro y On\u00eds 1916; estudio de los diferentes mss. del FSalamanca, pero tambi\u00e9n de los otros tres fueros leoneses de la edici\u00f3n de Castro y On\u00eds. Alvar (1968: 176, 178) caracteriza la lengua del FAlba por su castellanizaci\u00f3n muy intensa, constatable en el futuro de subjuntivo y otras formas verbales.]<\/p>\n<p>Carrasco, Pilar \/ Carrasco, In\u00e9s (1997),\u00a0<em>Estudio l\u00e9xico-sem\u00e1ntico de los fueros leoneses de Zamora, Salamanca, Ledesma y Alba de Tormes. Concordancias lematizadas<\/em>, 2 vols., Granada, Universidad de Granada.<\/p>\n<h3><\/h3>\n","protected":false},"excerpt":{"rendered":"<p>Ediciones Castro, Am\u00e9rico y On\u00eds, Federico (1916),\u00a0Fueros leoneses de Zamora, Salamanca, Ledesma y Alba de Tormes, Madrid, Centro de Estudios hist\u00f3ricos.\u00a0(Castro es\u00a0quien edita el FAl) Manuscrito \u00danico: Archivo Hist\u00f3rico Municipal de Alba de Tormes \u00ab\u00a0La letra es francesa y uniforme, de transici\u00f3n entre los siglos XIII y XIV\u00a0\u00bb (Castro 1916: 289) Copiado a finales del &hellip; <\/p>\n<p class=\"link-more\"><a href=\"https:\/\/people.unil.ch\/monicacastillolluch\/indice-de-fueros\/fuero-de-alba-de-tormes\/\" class=\"more-link\">Continuer la lecture<span class=\"screen-reader-text\"> de &laquo;&nbsp;Fuero de Alba de Tormes&nbsp;&raquo;<\/span><\/a><\/p>\n","protected":false},"author":1001019,"featured_media":0,"parent":10,"menu_order":0,"comment_status":"closed","ping_status":"closed","template":"","meta":{"_seopress_robots_primary_cat":"","_seopress_titles_title":"","_seopress_titles_desc":"","_seopress_robots_index":"","footnotes":""},"class_list":["post-21","page","type-page","status-publish"],"_links":{"self":[{"href":"https:\/\/people.unil.ch\/monicacastillolluch\/wp-json\/wp\/v2\/pages\/21","targetHints":{"allow":["GET"]}}],"collection":[{"href":"https:\/\/people.unil.ch\/monicacastillolluch\/wp-json\/wp\/v2\/pages"}],"about":[{"href":"https:\/\/people.unil.ch\/monicacastillolluch\/wp-json\/wp\/v2\/types\/page"}],"author":[{"embeddable":true,"href":"https:\/\/people.unil.ch\/monicacastillolluch\/wp-json\/wp\/v2\/users\/1001019"}],"replies":[{"embeddable":true,"href":"https:\/\/people.unil.ch\/monicacastillolluch\/wp-json\/wp\/v2\/comments?post=21"}],"version-history":[{"count":0,"href":"https:\/\/people.unil.ch\/monicacastillolluch\/wp-json\/wp\/v2\/pages\/21\/revisions"}],"up":[{"embeddable":true,"href":"https:\/\/people.unil.ch\/monicacastillolluch\/wp-json\/wp\/v2\/pages\/10"}],"wp:attachment":[{"href":"https:\/\/people.unil.ch\/monicacastillolluch\/wp-json\/wp\/v2\/media?parent=21"}],"curies":[{"name":"wp","href":"https:\/\/api.w.org\/{rel}","templated":true}]}}