{"id":228,"date":"2015-09-04T16:23:11","date_gmt":"2015-09-04T14:23:11","guid":{"rendered":"http:\/\/people.unil.ch\/monicacastillolluch\/?page_id=228"},"modified":"2015-09-07T12:03:49","modified_gmt":"2015-09-07T10:03:49","slug":"fuero-de-teruel","status":"publish","type":"page","link":"https:\/\/people.unil.ch\/monicacastillolluch\/indice-de-fueros\/fuero-de-teruel\/","title":{"rendered":"Fuero de Teruel"},"content":{"rendered":"<h3>Ediciones<\/h3>\n<ul>\n<li>Gorosch, Max (1950), <em>El Fuero de Teruel<\/em>, Sotckholm, Almqvist &amp; Wiksells Boktryckeri.<\/li>\n<\/ul>\n<ul>\n<li>Casta\u00f1\u00e9 Llin\u00e1s, Jos\u00e9 (1991), <em>El Fuero de Teruel<\/em>. <em>Edici\u00f3n Cr\u00edtica con introducci\u00f3n y traducci\u00f3n<\/em> [Pretende \u201c1) fijar el texto que el Fuero primitivo ha ofrecido a los c\u00f3dices turolense, matritense y al fragmentario de Albarrac\u00edn, es decir, hacer una edici\u00f3n cr\u00edtica del texto del Forum Turolii, utilizando, l\u00f3gicamente, las copias que de \u00e9ste conservamos y 2) hacer su traducci\u00f3n para que el cuerpo foral pueda tener una difusi\u00f3n m\u00e1s amplia entre un mayor n\u00famero de personas, queriendo significar con \u00e9sta un paso adelante con respecto a la versi\u00f3n romanceada del texto latino (p. 13)]<\/li>\n<\/ul>\n<ul>\n<li>Barrero Garc\u00eda, Ana (1979), <em>El Fuero de Teruel: su historia, proceso de formaci\u00f3n y reconstrucci\u00f3n cr\u00edtica de sus fuentes<\/em>, Instituto de Estudios Turolenses, Madrid.<\/li>\n<\/ul>\n<p><a href=\"https:\/\/people.unil.ch\/monicacastillolluch\/files\/2015\/09\/IMG_3421.jpg\" target=\"_blank\"><img loading=\"lazy\" decoding=\"async\" class=\"aligncenter wp-image-315 size-medium\" src=\"https:\/\/people.unil.ch\/monicacastillolluch\/files\/2015\/09\/IMG_3421-300x158.jpg\" alt=\"IMG_3421\" width=\"300\" height=\"158\" srcset=\"https:\/\/people.unil.ch\/monicacastillolluch\/files\/2015\/09\/IMG_3421-300x158.jpg 300w, https:\/\/people.unil.ch\/monicacastillolluch\/files\/2015\/09\/IMG_3421-1024x538.jpg 1024w, https:\/\/people.unil.ch\/monicacastillolluch\/files\/2015\/09\/IMG_3421-624x328.jpg 624w, https:\/\/people.unil.ch\/monicacastillolluch\/files\/2015\/09\/IMG_3421.jpg 1200w\" sizes=\"auto, (max-width: 300px) 100vw, 300px\" \/><\/a><\/p>\n<p>[P\u00e1gina en construcci\u00f3n]<\/p>\n","protected":false},"excerpt":{"rendered":"<p>Ediciones Gorosch, Max (1950), El Fuero de Teruel, Sotckholm, Almqvist &amp; Wiksells Boktryckeri. Casta\u00f1\u00e9 Llin\u00e1s, Jos\u00e9 (1991), El Fuero de Teruel. Edici\u00f3n Cr\u00edtica con introducci\u00f3n y traducci\u00f3n [Pretende \u201c1) fijar el texto que el Fuero primitivo ha ofrecido a los c\u00f3dices turolense, matritense y al fragmentario de Albarrac\u00edn, es decir, hacer una edici\u00f3n cr\u00edtica del &hellip; <\/p>\n<p class=\"link-more\"><a href=\"https:\/\/people.unil.ch\/monicacastillolluch\/indice-de-fueros\/fuero-de-teruel\/\" class=\"more-link\">Continuer la lecture<span class=\"screen-reader-text\"> de &laquo;&nbsp;Fuero de Teruel&nbsp;&raquo;<\/span><\/a><\/p>\n","protected":false},"author":1001019,"featured_media":0,"parent":10,"menu_order":0,"comment_status":"closed","ping_status":"closed","template":"","meta":{"_seopress_robots_primary_cat":"","_seopress_titles_title":"","_seopress_titles_desc":"","_seopress_robots_index":"","footnotes":""},"class_list":["post-228","page","type-page","status-publish"],"_links":{"self":[{"href":"https:\/\/people.unil.ch\/monicacastillolluch\/wp-json\/wp\/v2\/pages\/228","targetHints":{"allow":["GET"]}}],"collection":[{"href":"https:\/\/people.unil.ch\/monicacastillolluch\/wp-json\/wp\/v2\/pages"}],"about":[{"href":"https:\/\/people.unil.ch\/monicacastillolluch\/wp-json\/wp\/v2\/types\/page"}],"author":[{"embeddable":true,"href":"https:\/\/people.unil.ch\/monicacastillolluch\/wp-json\/wp\/v2\/users\/1001019"}],"replies":[{"embeddable":true,"href":"https:\/\/people.unil.ch\/monicacastillolluch\/wp-json\/wp\/v2\/comments?post=228"}],"version-history":[{"count":0,"href":"https:\/\/people.unil.ch\/monicacastillolluch\/wp-json\/wp\/v2\/pages\/228\/revisions"}],"up":[{"embeddable":true,"href":"https:\/\/people.unil.ch\/monicacastillolluch\/wp-json\/wp\/v2\/pages\/10"}],"wp:attachment":[{"href":"https:\/\/people.unil.ch\/monicacastillolluch\/wp-json\/wp\/v2\/media?parent=228"}],"curies":[{"name":"wp","href":"https:\/\/api.w.org\/{rel}","templated":true}]}}