{"id":234,"date":"2015-09-04T16:33:54","date_gmt":"2015-09-04T14:33:54","guid":{"rendered":"http:\/\/people.unil.ch\/monicacastillolluch\/?page_id=234"},"modified":"2019-12-06T19:24:50","modified_gmt":"2019-12-06T18:24:50","slug":"fuero-de-usagre","status":"publish","type":"page","link":"https:\/\/people.unil.ch\/monicacastillolluch\/indice-de-fueros\/fuero-de-usagre\/","title":{"rendered":"Fuero de Usagre"},"content":{"rendered":"<p>Emparentado con el de C\u00e1ceres (deriva de \u00e9l).<\/p>\n<h3>Ediciones<\/h3>\n<ul>\n<li>Vignau, Vicente (1883), <em>Fuero de Usagre<\/em>, edici\u00f3n de las 117 primeras leyes en <em>Revista de Archivos, Bibliotecas y Museos<\/em>, 2\u00aa \u00e9poca, tomo IX, a\u00f1o 1883, n\u00fameros 5-11.<\/li>\n<\/ul>\n<ul>\n<li>Ure\u00f1a y Smenjaud, Rafael de y Bonilla y San Mart\u00edn, Adolfo (1907), <em>Fuero de Usagre (siglo XIII). Anotado con las variantes del de C\u00e1ceres<\/em>, Madrid, Hijos de Reus, editores.<\/li>\n<\/ul>\n<p>Se trata de una edici\u00f3n de variantes: \u00ab\u00a0Por eso hemos considerado oportuno se\u00f1alar, cuidadosamente, las variantes que ambos Fueros presentan [C\u00e1ceres y Usagre], y relacionar, en sendos y detallados <em>Indices<\/em>, los Cap\u00edtulos que integran su contenido, comprendiendo adem\u00e1s en los <em>Ap\u00e9ndices,<\/em> una reproducci\u00f3n del <em>Fuero latino de C\u00e1ceres<\/em> y los cap\u00edtulos del romanceado, no transcritos en el de Usagre.\u00a0\u00bb (Ure\u00f1a y Bonilla 1907: XI).<\/p>\n<h3>Manuscrito<\/h3>\n<p>1 solo: Archivo Hist\u00f3rico Nacional (915B). Disponible en <a href=\"https:\/\/pares.mcu.es\/ParesBusquedas\/servlets\/Control_servlet?accion=3&amp;txt_id_desc_ud=2610090&amp;fromagenda=N\">PARES<\/a><\/p>\n<h3>Dataci\u00f3n<\/h3>\n<p>ms. \u201cletra francesa de fines del siglo XIII\u201d (Ure\u00f1a y Bonilla 1907: XI)<\/p>\n<p>Hoja de papel del s. XVIII antes de la hoja de guarda que dice lo siguiente: \u201cFuero dado \u00e1 los pobladores y vecinos de la villa de Usagre por la Orden de Santiago y su Maestre D. Pelay Correa que obtuvo esta dignidad desde el a\u00f1o 1242 hasta el de 1275.\u201d (Ure\u00f1a y Bonilla 1907: XII).<\/p>\n<p>\u201cEste fuero fu\u00e9 otorgado \u00e1 la villa de Usagre por el Maestre D. Pelay Correa y la Orden de Santiago de 1242 al 1275, per\u00edodo en que aqu\u00e9l obtuvo el Maestrazgo. Don Pelay Correa, Maestre de la Orden de Ucl\u00e9s, como le nombra la Cr\u00f3nica general, fu\u00e9\u00a0 un personaje de gran importancia pol\u00edtica durante el reinado de Fernando III el Santo.\u201d (Ure\u00f1a y Bonilla 1907: XIII).<\/p>\n<h3>En CORDE<\/h3>\n<p>Ure\u00f1a y Smenjaud, Rafael de y Bonilla y San Mart\u00edn, Adolfo (1907), <em>Fuero de Usagre (siglo XIII). Anotado con las variantes del de C\u00e1ceres<\/em>, Madrid, Hijos de Reus, editores.<\/p>\n<h3>Estudios ling\u00fc\u00edsticos<\/h3>\n<p>Salvador Plans, Antonio (2012), \u201cLa documentaci\u00f3n medieval romance en Extremadura\u201d, en Montero Cartelle, Emilio (ed.), <em>Actas del VIII Congreso Internacional de Historia de la Lengua Espa\u00f1ola<\/em>, I, p 293-298.<\/p>\n<h3>Por determinar<\/h3>\n<p>La dataci\u00f3n m\u00e1s precisa del ms.<\/p>\n<p>La particularidad de mezcla lat\u00edn \/ romance.<\/p>\n<p>Fecha de escritura: 1242-1275 \u00bf?<\/p>\n<p>&nbsp;<\/p>\n","protected":false},"excerpt":{"rendered":"<p>Emparentado con el de C\u00e1ceres (deriva de \u00e9l). Ediciones Vignau, Vicente (1883), Fuero de Usagre, edici\u00f3n de las 117 primeras leyes en Revista de Archivos, Bibliotecas y Museos, 2\u00aa \u00e9poca, tomo IX, a\u00f1o 1883, n\u00fameros 5-11. Ure\u00f1a y Smenjaud, Rafael de y Bonilla y San Mart\u00edn, Adolfo (1907), Fuero de Usagre (siglo XIII). Anotado con &hellip; <\/p>\n<p class=\"link-more\"><a href=\"https:\/\/people.unil.ch\/monicacastillolluch\/indice-de-fueros\/fuero-de-usagre\/\" class=\"more-link\">Continuer la lecture<span class=\"screen-reader-text\"> de &laquo;&nbsp;Fuero de Usagre&nbsp;&raquo;<\/span><\/a><\/p>\n","protected":false},"author":1001019,"featured_media":0,"parent":10,"menu_order":0,"comment_status":"closed","ping_status":"closed","template":"","meta":{"_seopress_robots_primary_cat":"","_seopress_titles_title":"","_seopress_titles_desc":"","_seopress_robots_index":"","footnotes":""},"class_list":["post-234","page","type-page","status-publish"],"_links":{"self":[{"href":"https:\/\/people.unil.ch\/monicacastillolluch\/wp-json\/wp\/v2\/pages\/234","targetHints":{"allow":["GET"]}}],"collection":[{"href":"https:\/\/people.unil.ch\/monicacastillolluch\/wp-json\/wp\/v2\/pages"}],"about":[{"href":"https:\/\/people.unil.ch\/monicacastillolluch\/wp-json\/wp\/v2\/types\/page"}],"author":[{"embeddable":true,"href":"https:\/\/people.unil.ch\/monicacastillolluch\/wp-json\/wp\/v2\/users\/1001019"}],"replies":[{"embeddable":true,"href":"https:\/\/people.unil.ch\/monicacastillolluch\/wp-json\/wp\/v2\/comments?post=234"}],"version-history":[{"count":0,"href":"https:\/\/people.unil.ch\/monicacastillolluch\/wp-json\/wp\/v2\/pages\/234\/revisions"}],"up":[{"embeddable":true,"href":"https:\/\/people.unil.ch\/monicacastillolluch\/wp-json\/wp\/v2\/pages\/10"}],"wp:attachment":[{"href":"https:\/\/people.unil.ch\/monicacastillolluch\/wp-json\/wp\/v2\/media?parent=234"}],"curies":[{"name":"wp","href":"https:\/\/api.w.org\/{rel}","templated":true}]}}