{"id":239,"date":"2015-09-04T16:37:40","date_gmt":"2015-09-04T14:37:40","guid":{"rendered":"http:\/\/people.unil.ch\/monicacastillolluch\/?page_id=239"},"modified":"2019-07-22T18:27:19","modified_gmt":"2019-07-22T16:27:19","slug":"fuero-de-zorita","status":"publish","type":"page","link":"https:\/\/people.unil.ch\/monicacastillolluch\/indice-de-fueros\/fuero-de-zorita\/","title":{"rendered":"Fuero de Zorita"},"content":{"rendered":"<h3>Edici\u00f3n<\/h3>\n<ul>\n<li><a href=\"https:\/\/people.unil.ch\/monicacastillolluch\/files\/2015\/08\/IMG_3430.jpg\" target=\"_blank\" rel=\"noopener noreferrer\"><img loading=\"lazy\" decoding=\"async\" class=\"alignright wp-image-317\" src=\"https:\/\/people.unil.ch\/monicacastillolluch\/files\/2015\/08\/IMG_3430-225x300.jpg\" alt=\"Fuero de Zorita, ed. de Ure\u00f1a\" width=\"176\" height=\"235\" srcset=\"https:\/\/people.unil.ch\/monicacastillolluch\/files\/2015\/08\/IMG_3430-225x300.jpg 225w, https:\/\/people.unil.ch\/monicacastillolluch\/files\/2015\/08\/IMG_3430.jpg 600w\" sizes=\"auto, (max-width: 176px) 100vw, 176px\" \/><\/a>Ure\u00f1a y Smenjaud, Rafael de (1911), <em>El Fuero de Zorita de los Canes, seg\u00fan el c\u00f3dice 247 de la Biblioteca Nacional (s. XIII al XIV) y sus relaciones con el fuero latino de Cuenca y el romanceado de Alc\u00e1zar<\/em>, Madrid, Establecimiento tipogr\u00e1fico de Fortanet.<\/li>\n<\/ul>\n<h3>Manuscrito<\/h3>\n<p>\u00danico: BNE 247.<\/p>\n<h3>Dataci\u00f3n<\/h3>\n<p>Otorgado en su forma romanceada y extensa por Fernando III (Ure\u00f1a 1911: VI).<\/p>\n<p>Francisco Gimeno (1985: 122) da por hecho que \u00ab\u00a0el traslado del Fuero de Zorita de los Canes en romance castellano (1218) parece anunciar la empresa conjunta de Fernando III y Juan D\u00edaz, canciller de Castilla, hacia la extensi\u00f3n del romance en los documentos reales\u00a0\u00bb.<\/p>\n<p>[Francisco Gimeno (1985), \u00ab\u00a0Caracterizaci\u00f3n socioling\u00fc\u00edstica del &lsquo;Libro de los primitivos privilegios de Alicanre de Alfonso el Sabio'\u00a0\u00bb, <em>Studia historica in honorem Vicente Mart\u00ednez Morell\u00e1<\/em>, Alicante, 119-142]<\/p>\n<h3>En CORDE<\/h3>\n<p>Ure\u00f1a y Smenjaud, Rafael de (1911), <em>El Fuero de Zorita de los Canes, seg\u00fan el c\u00f3dice 247 de la Biblioteca Nacional (s. XIII al XIV) y sus relaciones con el fuero latino de Cuenca y el romanceado de Alc\u00e1zar<\/em>, Madrid, Establecimiento tipogr\u00e1fico de Fortanet.<\/p>\n<p>Fecha de escritura: 1218-c1250.<\/p>\n<h3>Acceso web<\/h3>\n<p><a href=\"https:\/\/archive.org\/details\/elfuerodezoritad44ure\" target=\"_blank\" rel=\"noopener noreferrer\">Edici\u00f3n de Ure\u00f1a<\/a>.<\/p>\n<p>&nbsp;<\/p>\n<p>[P\u00e1gina en construcci\u00f3n]<\/p>\n<p>&nbsp;<\/p>\n","protected":false},"excerpt":{"rendered":"<p>Edici\u00f3n Ure\u00f1a y Smenjaud, Rafael de (1911), El Fuero de Zorita de los Canes, seg\u00fan el c\u00f3dice 247 de la Biblioteca Nacional (s. XIII al XIV) y sus relaciones con el fuero latino de Cuenca y el romanceado de Alc\u00e1zar, Madrid, Establecimiento tipogr\u00e1fico de Fortanet. Manuscrito \u00danico: BNE 247. Dataci\u00f3n Otorgado en su forma romanceada &hellip; <\/p>\n<p class=\"link-more\"><a href=\"https:\/\/people.unil.ch\/monicacastillolluch\/indice-de-fueros\/fuero-de-zorita\/\" class=\"more-link\">Continuer la lecture<span class=\"screen-reader-text\"> de &laquo;&nbsp;Fuero de Zorita&nbsp;&raquo;<\/span><\/a><\/p>\n","protected":false},"author":1001019,"featured_media":0,"parent":10,"menu_order":0,"comment_status":"closed","ping_status":"closed","template":"","meta":{"_seopress_robots_primary_cat":"","_seopress_titles_title":"","_seopress_titles_desc":"","_seopress_robots_index":"","footnotes":""},"class_list":["post-239","page","type-page","status-publish"],"_links":{"self":[{"href":"https:\/\/people.unil.ch\/monicacastillolluch\/wp-json\/wp\/v2\/pages\/239","targetHints":{"allow":["GET"]}}],"collection":[{"href":"https:\/\/people.unil.ch\/monicacastillolluch\/wp-json\/wp\/v2\/pages"}],"about":[{"href":"https:\/\/people.unil.ch\/monicacastillolluch\/wp-json\/wp\/v2\/types\/page"}],"author":[{"embeddable":true,"href":"https:\/\/people.unil.ch\/monicacastillolluch\/wp-json\/wp\/v2\/users\/1001019"}],"replies":[{"embeddable":true,"href":"https:\/\/people.unil.ch\/monicacastillolluch\/wp-json\/wp\/v2\/comments?post=239"}],"version-history":[{"count":0,"href":"https:\/\/people.unil.ch\/monicacastillolluch\/wp-json\/wp\/v2\/pages\/239\/revisions"}],"up":[{"embeddable":true,"href":"https:\/\/people.unil.ch\/monicacastillolluch\/wp-json\/wp\/v2\/pages\/10"}],"wp:attachment":[{"href":"https:\/\/people.unil.ch\/monicacastillolluch\/wp-json\/wp\/v2\/media?parent=239"}],"curies":[{"name":"wp","href":"https:\/\/api.w.org\/{rel}","templated":true}]}}