{"id":54,"date":"2015-08-20T10:52:37","date_gmt":"2015-08-20T08:52:37","guid":{"rendered":"http:\/\/people.unil.ch\/monicacastillolluch\/?page_id=54"},"modified":"2015-09-06T18:09:05","modified_gmt":"2015-09-06T16:09:05","slug":"fuero-de-molina-de-aragon","status":"publish","type":"page","link":"https:\/\/people.unil.ch\/monicacastillolluch\/indice-de-fueros\/fuero-de-molina-de-aragon\/","title":{"rendered":"Fuero de Molina de Arag\u00f3n"},"content":{"rendered":"<h3>Ediciones<\/h3>\n<ul>\n<li>Llorente, Juan Antonio (1806-1808), <em>Noticias hist\u00f3ricas de las tres provincias vascongadas<\/em>, 5 tomos, Madrid, Imprenta Real (en el tomo IV, de 1808, p. 112 y ss. se transcribe el Fuero de Molina conforme a la copia hecha, en 1474, por Francisco D\u00edaz.<\/li>\n<\/ul>\n<ul>\n<li>Apoderados de la Casa Com\u00fan (1884), <em>Carta privilegio de Molina y su antiguo Se\u00f1or\u00edo<\/em>, Madrid, Imprenta y estereotipia de El Liberal [versi\u00f3n modernizada y con erratas que critica Sancho Izquierdo].<\/li>\n<\/ul>\n<ul>\n<li>Perruca D\u00edaz, Mariano (1891), <em>Historia de Molina y de su noble y muy leal Se\u00f1or\u00edo<\/em>, Teruel, Imprenta de La Concordia (se transcribe el Fuero conforme a la copia que dice exist\u00eda en el Archivo Parroquial)<\/li>\n<\/ul>\n<p>(Estas tres noticias <i>apud<\/i>\u00a0Sancho Izquierdo 1916: 49)<\/p>\n<ul>\n<li>Sancho Izquierdo, Miguel (1916), <em>El fuero de Molina de Arag\u00f3n<\/em>, Madrid, Librer\u00eda general de Victoriano Su\u00e1rez.\u00a0<span style=\"color: #339966\">? Edici\u00f3n de referencia<\/span><\/li>\n<\/ul>\n<p><a href=\"https:\/\/people.unil.ch\/monicacastillolluch\/files\/2015\/08\/ed_fmol.jpg\"><img loading=\"lazy\" decoding=\"async\" class=\"aligncenter size-medium wp-image-146\" src=\"https:\/\/people.unil.ch\/monicacastillolluch\/files\/2015\/08\/ed_fmol-300x206.jpg\" alt=\"ed_fmol\" width=\"300\" height=\"206\" srcset=\"https:\/\/people.unil.ch\/monicacastillolluch\/files\/2015\/08\/ed_fmol-300x206.jpg 300w, https:\/\/people.unil.ch\/monicacastillolluch\/files\/2015\/08\/ed_fmol-1024x703.jpg 1024w, https:\/\/people.unil.ch\/monicacastillolluch\/files\/2015\/08\/ed_fmol-624x428.jpg 624w, https:\/\/people.unil.ch\/monicacastillolluch\/files\/2015\/08\/ed_fmol.jpg 1165w\" sizes=\"auto, (max-width: 300px) 100vw, 300px\" \/><\/a><\/p>\n<p>Sancho Izquierdo era doctor en Derecho<\/p>\n<h3>Denominaciones<\/h3>\n<ol>\n<li>Fuero de Molina<\/li>\n<li>Fuero de los Caballeros<\/li>\n<li>Fuero de Molina de Arag\u00f3n<\/li>\n<\/ol>\n<h3>Manuscritos<\/h3>\n<p>Varios mss., que Sancho Izquierdo (1916: 42-47) describe (cf. <a href=\"https:\/\/people.unil.ch\/monicacastillolluch\/files\/2015\/08\/descripcion_mss_Sancho_Izquierdo.pdf\" target=\"_blank\">pdf<\/a>).<\/p>\n<p>Sancho Izquierdo edita dos: M, del Archivo municipal de Molina, \u201ccontiene una copia romanceada \u2014seguramente la m\u00e1s antigua\u2014 de dicho Fuero\u201d (Sancho Izquierdo 1916: 42), con letra, seg\u00fan \u00e9l, \u201cde la segunda mitad del s. XIII\u201d (Sancho Izquierdo 1916: 42) y B, copia de 1474: \u201cversi\u00f3n hecha en 1474, por Francisco D\u00edaz, de este Fuero al castellano, y existente en la Biblioteca Real [Bibl. Real. 2-K-8]\u201d (Sancho Izquierdo 1916: 44).<\/p>\n<h3>Dataci\u00f3n<\/h3>\n<p>Confirmaci\u00f3n del fuero: 1154 (seguramente latino)<\/p>\n<p>Corde: 1272-1283 [no queda muy claro en la edici\u00f3n de Sancho Izquierdo (1916: 39): si con estas fechas se refiere al testimonio o al texto: \u201chay que referir la \u00e9poca en que la versi\u00f3n del Fuero se hizo, al espacio que media entre ambas fechas: de 1271 a 1283\u201d; pero de todos modos la letra indica finales del XIII o principios del XIV.<\/p>\n<p>El fuero habr\u00eda sido hecho y otorgado por el conde Marrich (que muri\u00f3 en 1167) a Molina.<\/p>\n<p>&nbsp;<\/p>\n<p>&nbsp;<\/p>\n<h3><\/h3>\n","protected":false},"excerpt":{"rendered":"<p>Ediciones Llorente, Juan Antonio (1806-1808), Noticias hist\u00f3ricas de las tres provincias vascongadas, 5 tomos, Madrid, Imprenta Real (en el tomo IV, de 1808, p. 112 y ss. se transcribe el Fuero de Molina conforme a la copia hecha, en 1474, por Francisco D\u00edaz. Apoderados de la Casa Com\u00fan (1884), Carta privilegio de Molina y su &hellip; <\/p>\n<p class=\"link-more\"><a href=\"https:\/\/people.unil.ch\/monicacastillolluch\/indice-de-fueros\/fuero-de-molina-de-aragon\/\" class=\"more-link\">Continuer la lecture<span class=\"screen-reader-text\"> de &laquo;&nbsp;Fuero de Molina de Arag\u00f3n&nbsp;&raquo;<\/span><\/a><\/p>\n","protected":false},"author":1001019,"featured_media":0,"parent":10,"menu_order":0,"comment_status":"closed","ping_status":"closed","template":"","meta":{"_seopress_robots_primary_cat":"","_seopress_titles_title":"","_seopress_titles_desc":"","_seopress_robots_index":"","footnotes":""},"class_list":["post-54","page","type-page","status-publish"],"_links":{"self":[{"href":"https:\/\/people.unil.ch\/monicacastillolluch\/wp-json\/wp\/v2\/pages\/54","targetHints":{"allow":["GET"]}}],"collection":[{"href":"https:\/\/people.unil.ch\/monicacastillolluch\/wp-json\/wp\/v2\/pages"}],"about":[{"href":"https:\/\/people.unil.ch\/monicacastillolluch\/wp-json\/wp\/v2\/types\/page"}],"author":[{"embeddable":true,"href":"https:\/\/people.unil.ch\/monicacastillolluch\/wp-json\/wp\/v2\/users\/1001019"}],"replies":[{"embeddable":true,"href":"https:\/\/people.unil.ch\/monicacastillolluch\/wp-json\/wp\/v2\/comments?post=54"}],"version-history":[{"count":0,"href":"https:\/\/people.unil.ch\/monicacastillolluch\/wp-json\/wp\/v2\/pages\/54\/revisions"}],"up":[{"embeddable":true,"href":"https:\/\/people.unil.ch\/monicacastillolluch\/wp-json\/wp\/v2\/pages\/10"}],"wp:attachment":[{"href":"https:\/\/people.unil.ch\/monicacastillolluch\/wp-json\/wp\/v2\/media?parent=54"}],"curies":[{"name":"wp","href":"https:\/\/api.w.org\/{rel}","templated":true}]}}