{"id":6,"date":"2015-08-20T10:15:48","date_gmt":"2015-08-20T08:15:48","guid":{"rendered":"http:\/\/people.unil.ch\/monicacastillolluch\/?page_id=6"},"modified":"2019-04-24T18:41:11","modified_gmt":"2019-04-24T16:41:11","slug":"inicio","status":"publish","type":"page","link":"https:\/\/people.unil.ch\/monicacastillolluch\/","title":{"rendered":"Inicio"},"content":{"rendered":"<p>Bienvenidos a esta web. Su objetivo es ofrecer a los historiadores de la lengua espa\u00f1ola un conjunto de informaciones filol\u00f3gicas, ling\u00fc\u00edsticas y bibliogr\u00e1ficas \u00fatiles para el estudio ling\u00fc\u00edstico de los fueros romances peninsulares del siglo XIII.<\/p>\n<p>Se ir\u00e1n incorporando contenidos y recursos a esta p\u00e1gina progresivamente.<\/p>\n<p>\u00a1Gracias por su inter\u00e9s!<\/p>\n","protected":false},"excerpt":{"rendered":"<p>Bienvenidos a esta web. Su objetivo es ofrecer a los historiadores de la lengua espa\u00f1ola un conjunto de informaciones filol\u00f3gicas, ling\u00fc\u00edsticas y bibliogr\u00e1ficas \u00fatiles para el estudio ling\u00fc\u00edstico de los fueros romances peninsulares del siglo XIII. Se ir\u00e1n incorporando contenidos y recursos a esta p\u00e1gina progresivamente. \u00a1Gracias por su inter\u00e9s!<\/p>\n","protected":false},"author":1001019,"featured_media":0,"parent":0,"menu_order":0,"comment_status":"closed","ping_status":"closed","template":"","meta":{"_seopress_robots_primary_cat":"","_seopress_titles_title":"","_seopress_titles_desc":"","_seopress_robots_index":"","footnotes":""},"class_list":["post-6","page","type-page","status-publish"],"_links":{"self":[{"href":"https:\/\/people.unil.ch\/monicacastillolluch\/wp-json\/wp\/v2\/pages\/6","targetHints":{"allow":["GET"]}}],"collection":[{"href":"https:\/\/people.unil.ch\/monicacastillolluch\/wp-json\/wp\/v2\/pages"}],"about":[{"href":"https:\/\/people.unil.ch\/monicacastillolluch\/wp-json\/wp\/v2\/types\/page"}],"author":[{"embeddable":true,"href":"https:\/\/people.unil.ch\/monicacastillolluch\/wp-json\/wp\/v2\/users\/1001019"}],"replies":[{"embeddable":true,"href":"https:\/\/people.unil.ch\/monicacastillolluch\/wp-json\/wp\/v2\/comments?post=6"}],"version-history":[{"count":0,"href":"https:\/\/people.unil.ch\/monicacastillolluch\/wp-json\/wp\/v2\/pages\/6\/revisions"}],"wp:attachment":[{"href":"https:\/\/people.unil.ch\/monicacastillolluch\/wp-json\/wp\/v2\/media?parent=6"}],"curies":[{"name":"wp","href":"https:\/\/api.w.org\/{rel}","templated":true}]}}