{"id":101,"date":"2014-10-07T19:37:23","date_gmt":"2014-10-07T17:37:23","guid":{"rendered":"http:\/\/people.unil.ch\/monikasalzbrunn\/?page_id=101"},"modified":"2014-10-07T19:37:23","modified_gmt":"2014-10-07T17:37:23","slug":"research-reports","status":"publish","type":"page","link":"https:\/\/people.unil.ch\/monikasalzbrunn\/publications\/research-reports\/","title":{"rendered":"Research reports"},"content":{"rendered":"<p style=\"text-align: justify\">2011: City Report Paris. Amsterdam: POPADIVCIT Project (Popular Arts, Diversity\u00a0and Cultural Policies in Post-Migration Urban Settings), IMISCOE Standing Committee<\/p>\n<p style=\"text-align: justify\">2011: City Report Lausanne. Amsterdam: POPADIVCIT Project (Popular Arts, Diversity\u00a0and Cultural Policies in Post-Migration Urban Settings), IMISCOE Standing Committee<\/p>\n<p style=\"text-align: justify\">2011: City Report Cologne. Amsterdam: POPADIVCIT Project (Popular Arts, Diversity\u00a0and Cultural Policies in Post-Migration Urban Settings), IMISCOE Standing Committee.<\/p>\n<p style=\"text-align: justify\">2010: Gender &amp; Migration between Research and Policies. Recommendations for improving coordination between Research and Policy\u00a0: the French case. GEMMA Project Gender and Migration (FP 7).<\/p>\n<p style=\"text-align: justify\">2009: SWOT Analysis France. GEMMA Project Gender and Migration (FP 7).<\/p>\n<p style=\"text-align: justify\">2008 (with\u00a0Bernard Dinh, Mirjana Morokvasic-M\u00fcller, Swanie Potot): From implicit to explicit utilitarianism: A Historical and Conceptual Approach of French Migration Policy. Report for the IDEA Research project (FP 6). Universit\u00e9 Paris-X\/CNRS.<\/p>\n<p style=\"text-align: justify\">2007 (with Arnaud Rohmer, C\u00e9cile van de Velde): Jeunes fran\u00e7ais, jeunes allemands: quels parcours vers l\u2019emploi?, Note de veille 47. Paris: Premier Ministre\/Centre d\u2019Analyse Strat\u00e9gique.<\/p>\n<p style=\"text-align: justify\">2006: Migrants\u2019 transnational practices in Western Europe: Senegalese in France. Research report, European Science Foundation. Project on &#8216;Transnational Practices&#8217;, directed by Gianni d\u2019Amato and Thomas Faist.<\/p>\n<p style=\"text-align: justify\">2000: Globalisierung und Lokalisierung gesellschaftlicher Transformationsprozesse in Senegal durch internationale Netzwerke islamischer Bruderschaften, in: G\u00fcnther Schlee (ed.), Abschlussbericht an die DFG. Graduiertenkolleg Entwicklungssoziologie und Sozialanthropologie &#8216;<em>Markt, Staat, Ethnizit\u00e4t \u2013 Die Handhabung von Verschiedenheit. Multikulturalit\u00e4t, pluriethnische Systeme, Wirtschaftsr\u00e4ume und poltische Arenen<\/em>&#8216;. Halle: Max-Planck-Institut f\u00fcr ethnologische Forschung\/Max-Planck-Institute for Social Anthropology, pp. 113-120.<\/p>\n<p style=\"text-align: justify\">1998: Current Trends in French Sociology of Development. Development Theories, Socio-cultural Dimensions of Market Expansion, The Role of Development Experts in French Development Cooperation, References on Statistics about French Development Cooperation, Chosen Francophone Research Institutes, Documentation Services and Libraries. A Bibliography with Summaries. Bielefeld: Sociology of Development Research Centre, 37 p.<\/p>\n<p style=\"text-align: justify\">1995: Religion und \u2018Tradition\u2019 &#8211; Bauernorganisationen und islamische Bruderschaften im Transformationsproze\u00df im Senegal, in: Gudrun Lachenmann et al.:\u00a0<em>Abschlu\u00dfbericht Lehrforschung Westafrika<\/em>\u00a0(WS 1993\/94-WS 1994\/95). Thema: Transformationsprozesse in Westafrika. Bielefeld: Universit\u00e4t Bielefeld, Fakult\u00e4t f\u00fcr Soziologie, Forschungsschwerpunkt Entwicklungssoziologie, pp. 422-484.<\/p>\n<p style=\"text-align: justify\">1995: Religion et \u2018Tradition\u2019 &#8211; organisations paysannes et confr\u00e9ries islamiques dans le processus de transformation au S\u00e9n\u00e9gal. Paris\/Bielefeld: Centre de Recherche en Sociologie de D\u00e9veloppement,\u00a0pp. 422-484.<\/p>\n","protected":false},"excerpt":{"rendered":"<p>2011: City Report Paris. Amsterdam: POPADIVCIT Project (Popular Arts, Diversity\u00a0and Cultural Policies in Post-Migration Urban Settings), IMISCOE Standing Committee 2011: City Report Lausanne. Amsterdam: POPADIVCIT Project (Popular Arts, Diversity\u00a0and Cultural Policies in Post-Migration Urban Settings), IMISCOE Standing Committee 2011: City Report Cologne. Amsterdam: POPADIVCIT Project (Popular Arts, Diversity\u00a0and Cultural Policies in Post-Migration Urban Settings), IMISCOE &hellip; <\/p>\n<p class=\"link-more\"><a href=\"https:\/\/people.unil.ch\/monikasalzbrunn\/publications\/research-reports\/\" class=\"more-link\">Continue reading<span class=\"screen-reader-text\"> &#8220;Research reports&#8221;<\/span><\/a><\/p>\n","protected":false},"author":1001008,"featured_media":0,"parent":15,"menu_order":7,"comment_status":"closed","ping_status":"closed","template":"","meta":{"_seopress_robots_primary_cat":"","_seopress_titles_title":"","_seopress_titles_desc":"","_seopress_robots_index":"","footnotes":""},"class_list":["post-101","page","type-page","status-publish"],"_links":{"self":[{"href":"https:\/\/people.unil.ch\/monikasalzbrunn\/wp-json\/wp\/v2\/pages\/101","targetHints":{"allow":["GET"]}}],"collection":[{"href":"https:\/\/people.unil.ch\/monikasalzbrunn\/wp-json\/wp\/v2\/pages"}],"about":[{"href":"https:\/\/people.unil.ch\/monikasalzbrunn\/wp-json\/wp\/v2\/types\/page"}],"author":[{"embeddable":true,"href":"https:\/\/people.unil.ch\/monikasalzbrunn\/wp-json\/wp\/v2\/users\/1001008"}],"replies":[{"embeddable":true,"href":"https:\/\/people.unil.ch\/monikasalzbrunn\/wp-json\/wp\/v2\/comments?post=101"}],"version-history":[{"count":0,"href":"https:\/\/people.unil.ch\/monikasalzbrunn\/wp-json\/wp\/v2\/pages\/101\/revisions"}],"up":[{"embeddable":true,"href":"https:\/\/people.unil.ch\/monikasalzbrunn\/wp-json\/wp\/v2\/pages\/15"}],"wp:attachment":[{"href":"https:\/\/people.unil.ch\/monikasalzbrunn\/wp-json\/wp\/v2\/media?parent=101"}],"curies":[{"name":"wp","href":"https:\/\/api.w.org\/{rel}","templated":true}]}}