{"id":103,"date":"2014-10-07T19:38:09","date_gmt":"2014-10-07T17:38:09","guid":{"rendered":"http:\/\/people.unil.ch\/monikasalzbrunn\/?page_id=103"},"modified":"2014-10-07T19:38:09","modified_gmt":"2014-10-07T17:38:09","slug":"reviews","status":"publish","type":"page","link":"https:\/\/people.unil.ch\/monikasalzbrunn\/publications\/reviews\/","title":{"rendered":"Reviews"},"content":{"rendered":"<p style=\"text-align: justify\">2005: Paul Stoller: Money Has No Smell. The Africanization of New York City. Chicago\/London, The University of Chicago Press, 2002, 222 p, in\u00a0<em>l\u2019Homme<\/em>, 173, pp. 231-233.<\/p>\n<p style=\"text-align: justify\">2001: Brigitte Reinwald: Der Reichtum der Frauen. Leben und Arbeit der weiblichen Bev\u00f6lkerung im Siin\/Senegal unter dem Einflu\u00df der franz\u00f6sischen Kolonisation. M\u00fcnster 1995: Lit, in\u00a0<em>Cahiers d&#8217;Etudes africaines<\/em>, 161, XLI-1, pp.223-225.<\/p>\n<p style=\"text-align: justify\">1996: Leonardo Villal\u00f3n: Islamic Society and State Power in Senegal. Cambridge 1995: Cambridge University Press, in:\u00a0<em>Cahiers d\u2019Etudes africaines<\/em>, 143, XXXVI-3, pp. 543-545.<\/p>\n<p style=\"text-align: justify\">1995: Fran\u00e7oise Gaspard, Farhad Khosrov-Khavar: Le foulard et la R\u00e9publique. Paris 1995: La D\u00e9couverte, in:\u00a0<em>Bulletin de l\u2019APAD<\/em>\u00a0No. 10, pp. 83-85. Dt. Fassung: 1996, in: IFF-Info No.18, pp. 36-38.<\/p>\n<p style=\"text-align: justify\">1994: Jo\u00ebl Vernet (ed.): Pays du Sahel. Du Tchad au S\u00e9n\u00e9gal, du Mali au Niger. Paris, Autrement, S\u00e9rie Monde, H.S. No. 72, Janvier 1994, in:\u00a0<em>Bulletin de l\u2019APAD<\/em>, No. 8, D\u00e9cembre, p.112.<\/p>\n","protected":false},"excerpt":{"rendered":"<p>2005: Paul Stoller: Money Has No Smell. The Africanization of New York City. Chicago\/London, The University of Chicago Press, 2002, 222 p, in\u00a0l\u2019Homme, 173, pp. 231-233. 2001: Brigitte Reinwald: Der Reichtum der Frauen. Leben und Arbeit der weiblichen Bev\u00f6lkerung im Siin\/Senegal unter dem Einflu\u00df der franz\u00f6sischen Kolonisation. M\u00fcnster 1995: Lit, in\u00a0Cahiers d&#8217;Etudes africaines, 161, XLI-1, &hellip; <\/p>\n<p class=\"link-more\"><a href=\"https:\/\/people.unil.ch\/monikasalzbrunn\/publications\/reviews\/\" class=\"more-link\">Continue reading<span class=\"screen-reader-text\"> &#8220;Reviews&#8221;<\/span><\/a><\/p>\n","protected":false},"author":1001008,"featured_media":0,"parent":15,"menu_order":8,"comment_status":"closed","ping_status":"closed","template":"","meta":{"_seopress_robots_primary_cat":"","_seopress_titles_title":"","_seopress_titles_desc":"","_seopress_robots_index":"","footnotes":""},"class_list":["post-103","page","type-page","status-publish"],"_links":{"self":[{"href":"https:\/\/people.unil.ch\/monikasalzbrunn\/wp-json\/wp\/v2\/pages\/103","targetHints":{"allow":["GET"]}}],"collection":[{"href":"https:\/\/people.unil.ch\/monikasalzbrunn\/wp-json\/wp\/v2\/pages"}],"about":[{"href":"https:\/\/people.unil.ch\/monikasalzbrunn\/wp-json\/wp\/v2\/types\/page"}],"author":[{"embeddable":true,"href":"https:\/\/people.unil.ch\/monikasalzbrunn\/wp-json\/wp\/v2\/users\/1001008"}],"replies":[{"embeddable":true,"href":"https:\/\/people.unil.ch\/monikasalzbrunn\/wp-json\/wp\/v2\/comments?post=103"}],"version-history":[{"count":0,"href":"https:\/\/people.unil.ch\/monikasalzbrunn\/wp-json\/wp\/v2\/pages\/103\/revisions"}],"up":[{"embeddable":true,"href":"https:\/\/people.unil.ch\/monikasalzbrunn\/wp-json\/wp\/v2\/pages\/15"}],"wp:attachment":[{"href":"https:\/\/people.unil.ch\/monikasalzbrunn\/wp-json\/wp\/v2\/media?parent=103"}],"curies":[{"name":"wp","href":"https:\/\/api.w.org\/{rel}","templated":true}]}}