{"id":105,"date":"2014-10-07T19:38:50","date_gmt":"2014-10-07T17:38:50","guid":{"rendered":"http:\/\/people.unil.ch\/monikasalzbrunn\/?page_id=105"},"modified":"2023-06-21T19:14:53","modified_gmt":"2023-06-21T17:14:53","slug":"research-valorization","status":"publish","type":"page","link":"https:\/\/people.unil.ch\/monikasalzbrunn\/publications\/research-valorization\/","title":{"rendered":"Research valorization and dissemination"},"content":{"rendered":"<p>2023 : TV5 Monde\/RTS Objectif Monde Hebdo : Panama, on a travers\u00e9 l\u2019enfer vert. 10 juin. <a href=\"https:\/\/www.tv5monde.com\/emissions\/episode\/objectif-monde-lhebdo-panama-on-a-traverse-l-enfer-vert\">https:\/\/www.tv5monde.com\/emissions\/episode\/objectif-monde-lhebdo-panama-on-a-traverse-l-enfer-vert<\/a><\/p>\n<p><a href=\"https:\/\/www.rts.ch\/play\/tv\/objectif-monde-lhebdo\/video\/panama--on-a-traverse-lenfer-vert?urn=urn:rts:video:14075550\">https:\/\/www.rts.ch\/play\/tv\/objectif-monde-lhebdo\/video\/panama&#8211;on-a-traverse-lenfer-vert?urn=urn:rts:video:14075550<\/a><\/p>\n<p>2023\u00a0: 150 ans du Carnaval de Nice &#8211; Retours de colloque. <a href=\"https:\/\/audioblog.arteradio.com\/blog\/153992\/podcast\/200246\/34-150-ans-du-carnaval-de-nice-retours-de-colloque\">Emission ETHNO-VIBRO &#8211; Audio Blog ArteRadio &#8211; 15.03.2023 (Annie Sidro, Laurent-Sebastien Fournier, Monika Salzbrunn, Federica Moretti et Ana\u00efs Vaillant.<\/a> <a href=\"https:\/\/audioblog.arteradio.com\/blog\/153992\/podcast\/200246\/34-150-ans-du-carnaval-de-nice-retours-de-colloque\">https:\/\/audioblog.arteradio.com\/blog\/153992\/podcast\/200246\/34-150-ans-du-carnaval-de-nice-retours-de-colloque<\/a><\/p>\n<p>2021\u00a0: Femmes de sciences. Portrait de Monika Salzbrunn dans l\u2019exposition interactive organis\u00e9e par le Service de M\u00e9diation Culturelle de l\u2019Unil. <a href=\"https:\/\/wp.unil.ch\/dehautelutte\/1044-2\/\">https:\/\/wp.unil.ch\/dehautelutte\/1044-2\/<\/a><\/p>\n<p>2021\u00a0: Femmes de sciences\u00a0: Travail p\u00e9dagogique de Monika Salzbrunn avec des \u00e9l\u00e8ves du Coll\u00e8ge de l\u2019Elys\u00e9e sur l\u2019anthropologue Edith Turner, pour le Service de M\u00e9diation Culturelle de l\u2019Unil. <a href=\"https:\/\/wp.unil.ch\/dehautelutte\/edith-turner\/\">https:\/\/wp.unil.ch\/dehautelutte\/edith-turner\/<\/a><\/p>\n<p>17 f\u00e9vrier 2021\u00a0: Monika Salzbrunn est l\u2019invit\u00e9e de l\u2019\u00e9mission \u00ab\u00a0Brouhaha\u00a0\u00bb consacr\u00e9e au carnaval. [En ligne] https:\/\/www.rts.ch\/play\/radio\/brouhaha\/audio\/le-carnaval?id=11946320<\/p>\n<p>6 octobre 2019: <strong>&#8220;Diversit\u00e4tssensibilit\u00e4t in der Kulturpolitik&#8221;<\/strong>, Web-Talk organis\u00e9 par\u00a0Kulturpolitische Gesellschaft (en allemand). [En ligne] https:\/\/www.youtube.com\/watch?v=dDwzszLeY3c&amp;list=PLnYMRojixOEQqVzNLS8BNwrn2mDD0XZBW<\/p>\n<p>Printemps 2019: <strong>&#8220;Die Religi\u00f6sit\u00e4t nimmt ab, die Debatte dar\u00fcber zu&#8221;<\/strong>\u00a0Gesunde Stadt &#8211; Fr\u00fcling 2019 (en allemand). [En ligne] https:\/\/www.unil.ch\/issr\/files\/live\/sites\/issr\/files\/shared\/2._Chercheurs\/Salzbrunn_Monika\/Medias\/11_Gesunde_Stadt_2_16.pdf<\/p>\n<p>1er mars 2017: <strong>&#8220;Les territoires de la f\u00eate.\u00a0De la satire carnavalesque \u00e0 la revendication : quand la f\u00eate devient politique&#8221;<\/strong>, Emission France Culture avec Monika Salzbrunn, Didier Lestrade et Chiara Cinquin. [En ligne]<br \/>\nhttps:\/\/www.franceculture.fr\/emissions\/culturesmonde\/les-territoires-de-la-fete-24-de-la-satire-carnavalesque-la-revendication<\/p>\n<p>17 novembre 2016: <strong>\u00ab\u00a0Minorites religieuses et citoyennete: juifs et musulmans dans la cite hier et aujourd&#8217;hui \u00bb<\/strong>, Table ronde organis\u00e9e \u00e0 l\u2019Universit\u00e9 de Lausanne. Avec les contributions de Jacques Ehrenfreund, Monika Salzbrunn, Philippe Gonzalez. Mod\u00e9ration Alain Kaufmann. [En ligne] https:\/\/www.youtube.com\/watch?v=cdehhJhcUUQ<\/p>\n<p>3 octobre 2016: <strong>\u00ab L\u2019islam (in)visible en ville? \u00bb<\/strong>, \u00e9mission Versus\/Penser, RTS, avec Barbara Dellwo<br \/>\nhttps:\/\/www.rts.ch\/play\/radio\/versus-penser\/audio\/lislam-invisible-en-ville?id=8025802<\/p>\n<p>Septembre 2016: <strong>Films de pr\u00e9sentation du projet ARTIVISM (ERC). <\/strong>[En ligne] Fran\u00e7ais\u00a0:<br \/>\n<strong>https:\/\/www.unil.ch\/euresearch\/home\/menuguid\/euresearch-videos-fr\/monika-salzbrunn.html <\/strong>Anglais: https:\/\/www.unil.ch\/euresearch\/home\/menuguid\/euresearch-videos-eng\/monika-salzbrunn.html<\/p>\n<p>17 septembre 2016: <strong>\u00ab Burqa: ce qu\u2019en pensent les femmes \u00bb<\/strong>, \u00e9mission \u00ab Faut pas croire \u00bb, RTS. [En ligne] https:\/\/www.rts.ch\/religion\/faut-pas-croire\/8023350-burqa-ce-qu-en-pensent-les-femmes.html<\/p>\n<p>13 septembre 2016: <strong>\u00ab Islam (in)visible en ville &#8211; Appartenances et engagements dans l&#8217;espace urbain \u00bb<\/strong>, \u00e9mission de Radio Django, 13 septembre 2016 avec Barbara Dellwo. [En ligne]<br \/>\n<audio class=\"wp-audio-shortcode\" id=\"audio-105-1\" preload=\"none\" style=\"width: 100%;\" controls=\"controls\"><source type=\"audio\/mpeg\" src=\"https:\/\/www.django.fm\/wp-content\/uploads\/2016\/09\/coloque-Islam-UNIL.mp3?_=1\" \/><a href=\"https:\/\/www.django.fm\/wp-content\/uploads\/2016\/09\/coloque-Islam-UNIL.mp3\">https:\/\/www.django.fm\/wp-content\/uploads\/2016\/09\/coloque-Islam-UNIL.mp3<\/a><\/audio><\/p>\n<p>9 octobre 2015: <strong>&#8220;Limiter l\u2019accueil aux chr\u00e9tiens est un net recul&#8221;<\/strong>, <em>Le Courrier<\/em>, 9 octobre 2015. [En ligne] https:\/\/lecourrier.ch\/2015\/10\/09\/limiter-laccueil-aux-chretiens-est-un-net-recul\/<\/p>\n<p>28 avril 2015: &#8220;<strong>Musulmane et citoyenne<\/strong>&#8220;, \u00e9mission &#8220;Babylone&#8221;, RTS, Espace 2. Intervention de Monika Salzbrunn. [En ligne]<br \/>\nhttps:\/\/www.rts.ch\/play\/radio\/le-labo\/audio\/musulmane-et-citoyenne?id=6699246<\/p>\n<p>27 avril 2015: &#8220;<strong>Salaam la Suisse<\/strong>&#8220;, \u00e9mission &#8220;A vue d&#8217;esprit&#8221;, RTS, La Premi\u00e8re. Intervention de Monika Salzbrunn. [En ligne]<br \/>\nhttps:\/\/www.rts.ch\/dossiers\/l-islam-en-suisse\/6738823-salaam-la-suisse-a-vue-desprit.html<\/p>\n<p>Septembre 2014: &#8220;Un regard aff\u00fbt\u00e9 sur la diversit\u00e9. A table avec Monika Salzbrunn, anthropologue et sociologue, professeure ordinaire \u00e0 la facult\u00e9 de th\u00e9ologie et de sciences des religions&#8221;. <em>Allez savoir <\/em>[En ligne], p. 66. https:\/\/www3.unil.ch\/wpmu\/allezsavoir\/un-regard-affute-sur-la-diversite\/<\/p>\n<p>18.11.2013: &#8220;Monika Salzbrunn on Religion, Migration, Diaspora&#8221;. <em>Religious Studies Project<\/em> [En ligne], https:\/\/www.religiousstudiesproject.com\/podcast\/monika-salzbrunn-on-religion-migration-and-diaspora\/<\/p>\n<p style=\"text-align: justify\">27.-31.8.12 &#8220;Asyle, au nom de l\u2019autre&#8221;. La sociologue Monika Salzbrunn, professeure ordinaire \u00e0 l\u2019universit\u00e9 de Lausanne, s\u2019exprime sur les aspects sociologiques de l\u2019asyle. A programme by\u00a0Gabrielle Desarzens. A vue d\u2019esprit, Radio Suisse Romande.<\/p>\n<p style=\"text-align: justify\">2.5.2011 &#8220;Le terrain, un antidote aux pr\u00e9jug\u00e9s. Monika Salzbrunn l\u00e8ve le voile sur les pratiques de l\u2019islam et les migrations&#8221;. Uniscope no. 563, 2 mai-29 mai 2011, pp. 6-7.<\/p>\n<p style=\"text-align: justify\">13.12.2010 UNIL &#8220;Les cours sur l\u2019islam trouvent leur public. Monika Salzbrunn, nomm\u00e9e professeure ordinaire \u00e0 la Facult\u00e9 de th\u00e9ologie et de sciences des religions, vient de rejoindre l\u2019Universit\u00e9 de Lausanne (UNIL)&#8221;. Protestinfo.\u00a0https:\/\/www.protestinfo.ch\/201012095453\/les-cours-sur-lislam-a-luniversite-de-lausanne-font-le-plein<\/p>\n<p style=\"text-align: justify\">02.05.2010 &#8220;Quand les religions bougent. L&#8217;Eglise Catholique vient de publier son annuaire statistique. On y d\u00e9couvre que le nombre de catholiques augmente en Afrique et&#8230; stagne en Europe. Qu\u2019en est-il des mouvements protestants et de l\u2019Islam? Et quelles sont les \u2018migrations\u2019 religieuses que l\u2019on observe sur la mappemonde? Hautes Fr\u00e9quences fait le point en compagnie de Monika Salzbrunn, professeur ordinaire en religions, migration et diasporas \u00e0 l\u2019Universit\u00e9 de Lausanne. &#8221; By Gabrielle Desarzens<\/p>\n<p style=\"text-align: justify\">20.2.2009 &#8220;Die deutsche Soziologin Monika Salzbrunn spricht \u00fcber Karneval in Paris und K\u00f6ln&#8221;. A programme by\u00a0Barbara Schmickler. RFI German Edition.<\/p>\n<p style=\"text-align: justify\">3.3.2008 Globalisierungskritik, wie weiter? Antwort#37, in: Berliner Gazette, Logbuch, https:\/\/www.berlinergazette.de\/?p=626#more-626<\/p>\n<p style=\"text-align: justify\">18.1.2008 &#8220;Jugendliche und Jugendpolitik in Deutschland und Frankreich. Die Soziologin Monika Salzbrunn ist Studiogast bei der deutschen Redaktion von Radio France Internationale\u201c (Les jeunesses et les politiques de la jeunesse en France et en Allemagne. La sociologue Monika Salzbrunn est l\u2019invit\u00e9e de la r\u00e9daction allemande de RFI), 18-19h.<\/p>\n<p style=\"text-align: justify\">17.12.2007 &#8220;Die Zukunft der Sozialwissenschaften in Deutschland und Frankreich. Interview mit Monika Salzbrunn aus Anlass des geplanten Umzugs der EHESS&#8221;. (&#8220;L\u2019avenir des sciences sociales en France et en Allemagne. Interview avec Monika Salzbrunn \u00e0 propos du d\u00e9m\u00e9nagement pr\u00e9vu de l\u2019EHESS&#8221;). RFI German Edition.\u00a0A programme by\u00a0Joachim Lippold.<\/p>\n<p style=\"text-align: justify\">11.12.2006 &#8220;Muslims in France&#8221;, interview with Monika Salzbrunn for The Media Line, Jerusalem.<\/p>\n<p style=\"text-align: justify\">25.\u201429.4.2005 \u201cReligions africaines en Europe\u201d, 5 interviews with\u00a0Monika Salzbrunn and Sandra Fancello, a programme by\u00a0Jacques Mouriquand for\u00a0Radio Suisse Romande, A vue d\u2019esprit, Espace 2, Lausanne. &lt;www.rsr.ch&gt;<\/p>\n","protected":false},"excerpt":{"rendered":"<p>2023 : TV5 Monde\/RTS Objectif Monde Hebdo : Panama, on a travers\u00e9 l\u2019enfer vert. 10 juin. https:\/\/www.tv5monde.com\/emissions\/episode\/objectif-monde-lhebdo-panama-on-a-traverse-l-enfer-vert https:\/\/www.rts.ch\/play\/tv\/objectif-monde-lhebdo\/video\/panama&#8211;on-a-traverse-lenfer-vert?urn=urn:rts:video:14075550 2023\u00a0: 150 ans du Carnaval de Nice &#8211; Retours de colloque. Emission ETHNO-VIBRO &#8211; Audio Blog ArteRadio &#8211; 15.03.2023 (Annie Sidro, Laurent-Sebastien Fournier, Monika Salzbrunn, Federica Moretti et Ana\u00efs Vaillant. https:\/\/audioblog.arteradio.com\/blog\/153992\/podcast\/200246\/34-150-ans-du-carnaval-de-nice-retours-de-colloque 2021\u00a0: Femmes de sciences. Portrait de &hellip; <\/p>\n<p class=\"link-more\"><a href=\"https:\/\/people.unil.ch\/monikasalzbrunn\/publications\/research-valorization\/\" class=\"more-link\">Continue reading<span class=\"screen-reader-text\"> &#8220;Research valorization and dissemination&#8221;<\/span><\/a><\/p>\n","protected":false},"author":1001008,"featured_media":0,"parent":15,"menu_order":9,"comment_status":"closed","ping_status":"closed","template":"","meta":{"_seopress_robots_primary_cat":"","_seopress_titles_title":"","_seopress_titles_desc":"","_seopress_robots_index":"","footnotes":""},"class_list":["post-105","page","type-page","status-publish"],"_links":{"self":[{"href":"https:\/\/people.unil.ch\/monikasalzbrunn\/wp-json\/wp\/v2\/pages\/105","targetHints":{"allow":["GET"]}}],"collection":[{"href":"https:\/\/people.unil.ch\/monikasalzbrunn\/wp-json\/wp\/v2\/pages"}],"about":[{"href":"https:\/\/people.unil.ch\/monikasalzbrunn\/wp-json\/wp\/v2\/types\/page"}],"author":[{"embeddable":true,"href":"https:\/\/people.unil.ch\/monikasalzbrunn\/wp-json\/wp\/v2\/users\/1001008"}],"replies":[{"embeddable":true,"href":"https:\/\/people.unil.ch\/monikasalzbrunn\/wp-json\/wp\/v2\/comments?post=105"}],"version-history":[{"count":0,"href":"https:\/\/people.unil.ch\/monikasalzbrunn\/wp-json\/wp\/v2\/pages\/105\/revisions"}],"up":[{"embeddable":true,"href":"https:\/\/people.unil.ch\/monikasalzbrunn\/wp-json\/wp\/v2\/pages\/15"}],"wp:attachment":[{"href":"https:\/\/people.unil.ch\/monikasalzbrunn\/wp-json\/wp\/v2\/media?parent=105"}],"curies":[{"name":"wp","href":"https:\/\/api.w.org\/{rel}","templated":true}]}}