{"id":107,"date":"2014-10-07T19:39:27","date_gmt":"2014-10-07T17:39:27","guid":{"rendered":"http:\/\/people.unil.ch\/monikasalzbrunn\/?page_id=107"},"modified":"2014-10-07T19:39:27","modified_gmt":"2014-10-07T17:39:27","slug":"translations-german-french","status":"publish","type":"page","link":"https:\/\/people.unil.ch\/monikasalzbrunn\/publications\/translations-german-french\/","title":{"rendered":"Translations (German-French)"},"content":{"rendered":"<p style=\"text-align: justify\">2007: &#8220;Quelle dimension sociale pour le projet politique europ\u00e9en? Contribution et pistes d\u2019actions. fran\u00e7ais-allemand&#8221;\/&#8221;Welche soziale Dimension f\u00fcr das politische Projekt Europas? Beitrag und Aktionsans\u00e4tze. Deutsch-Franz\u00f6sisch&#8221;. La documentation fran\u00e7aise, Coll. Report and documents, Centre d\u2019analyse strat\u00e9gique, Premier Ministre, 40 p.<\/p>\n<p style=\"text-align: justify\">1999: CD-Rom &#8220;100 \u00e9v\u00e9nements cl\u00e9s de l\u2019histoire&#8221; for the agency 3i<\/p>\n<p style=\"text-align: justify\">1995: Political programme\u00a0&#8220;Les Politides&#8221;<\/p>\n","protected":false},"excerpt":{"rendered":"<p>2007: &#8220;Quelle dimension sociale pour le projet politique europ\u00e9en? Contribution et pistes d\u2019actions. fran\u00e7ais-allemand&#8221;\/&#8221;Welche soziale Dimension f\u00fcr das politische Projekt Europas? Beitrag und Aktionsans\u00e4tze. Deutsch-Franz\u00f6sisch&#8221;. La documentation fran\u00e7aise, Coll. Report and documents, Centre d\u2019analyse strat\u00e9gique, Premier Ministre, 40 p. 1999: CD-Rom &#8220;100 \u00e9v\u00e9nements cl\u00e9s de l\u2019histoire&#8221; for the agency 3i 1995: Political programme\u00a0&#8220;Les Politides&#8221;<\/p>\n","protected":false},"author":1001008,"featured_media":0,"parent":15,"menu_order":10,"comment_status":"closed","ping_status":"closed","template":"","meta":{"_seopress_robots_primary_cat":"","_seopress_titles_title":"","_seopress_titles_desc":"","_seopress_robots_index":"","footnotes":""},"class_list":["post-107","page","type-page","status-publish"],"_links":{"self":[{"href":"https:\/\/people.unil.ch\/monikasalzbrunn\/wp-json\/wp\/v2\/pages\/107","targetHints":{"allow":["GET"]}}],"collection":[{"href":"https:\/\/people.unil.ch\/monikasalzbrunn\/wp-json\/wp\/v2\/pages"}],"about":[{"href":"https:\/\/people.unil.ch\/monikasalzbrunn\/wp-json\/wp\/v2\/types\/page"}],"author":[{"embeddable":true,"href":"https:\/\/people.unil.ch\/monikasalzbrunn\/wp-json\/wp\/v2\/users\/1001008"}],"replies":[{"embeddable":true,"href":"https:\/\/people.unil.ch\/monikasalzbrunn\/wp-json\/wp\/v2\/comments?post=107"}],"version-history":[{"count":0,"href":"https:\/\/people.unil.ch\/monikasalzbrunn\/wp-json\/wp\/v2\/pages\/107\/revisions"}],"up":[{"embeddable":true,"href":"https:\/\/people.unil.ch\/monikasalzbrunn\/wp-json\/wp\/v2\/pages\/15"}],"wp:attachment":[{"href":"https:\/\/people.unil.ch\/monikasalzbrunn\/wp-json\/wp\/v2\/media?parent=107"}],"curies":[{"name":"wp","href":"https:\/\/api.w.org\/{rel}","templated":true}]}}